
{"id":3719,"date":"2026-03-05T11:16:41","date_gmt":"2026-03-05T10:16:41","guid":{"rendered":"http:\/\/scf.se\/forbundet\/?page_id=3719"},"modified":"2026-03-06T17:00:57","modified_gmt":"2026-03-06T16:00:57","slug":"byte-av-licenstillhorighet","status":"publish","type":"page","link":"https:\/\/scf.se\/forbundet\/byte-av-licenstillhorighet\/","title":{"rendered":"Byte av licenstillh\u00f6righet"},"content":{"rendered":"<p>Du kan som cyklist kan byta licenstillh\u00f6righet en g\u00e5ng per \u00e5r utan kostnad. Det g\u00f6rs genom att kontakta <a href=\"mailto:kansli@scf.se\">kansli@scf.se<\/a>.<\/p>\n<hr \/>\n<p>\u00d6vriga licensfr\u00e5gor kontakta\u00a0<a href=\"mailto:kansli@scf.se\">kansli@scf.se<\/a>.<\/p>\n","protected":false},"excerpt":{"rendered":"<p>Du kan som cyklist kan byta licenstillh\u00f6righet en g\u00e5ng per \u00e5r utan kostnad. Det g\u00f6rs genom att kontakta kansli@scf.se. \u00d6vriga licensfr\u00e5gor kontakta\u00a0kansli@scf.se.<\/p>\n","protected":false},"author":32,"featured_media":0,"parent":0,"menu_order":0,"comment_status":"closed","ping_status":"closed","template":"","meta":{"_acf_changed":false,"footnotes":""},"class_list":["post-3719","page","type-page","status-publish","hentry"],"acf":[],"_links":{"self":[{"href":"https:\/\/scf.se\/forbundet\/wp-json\/wp\/v2\/pages\/3719","targetHints":{"allow":["GET"]}}],"collection":[{"href":"https:\/\/scf.se\/forbundet\/wp-json\/wp\/v2\/pages"}],"about":[{"href":"https:\/\/scf.se\/forbundet\/wp-json\/wp\/v2\/types\/page"}],"author":[{"embeddable":true,"href":"https:\/\/scf.se\/forbundet\/wp-json\/wp\/v2\/users\/32"}],"replies":[{"embeddable":true,"href":"https:\/\/scf.se\/forbundet\/wp-json\/wp\/v2\/comments?post=3719"}],"version-history":[{"count":3,"href":"https:\/\/scf.se\/forbundet\/wp-json\/wp\/v2\/pages\/3719\/revisions"}],"predecessor-version":[{"id":11734,"href":"https:\/\/scf.se\/forbundet\/wp-json\/wp\/v2\/pages\/3719\/revisions\/11734"}],"wp:attachment":[{"href":"https:\/\/scf.se\/forbundet\/wp-json\/wp\/v2\/media?parent=3719"}],"curies":[{"name":"wp","href":"https:\/\/api.w.org\/{rel}","templated":true}]}}