
{"id":365,"date":"2024-11-20T13:16:31","date_gmt":"2024-11-20T12:16:31","guid":{"rendered":"http:\/\/svenskcykel.grandpublic.se\/forbundet\/?page_id=365"},"modified":"2026-04-14T09:31:32","modified_gmt":"2026-04-14T07:31:32","slug":"vi-ar-svenska-cykelforbundet","status":"publish","type":"page","link":"https:\/\/scf.se\/forbundet\/om-forbundet\/vi-ar-svenska-cykelforbundet\/","title":{"rendered":"Vi \u00e4r Svenska Cykelf\u00f6rbundet"},"content":{"rendered":"<blockquote><p>ALLA som p\u00e5 n\u00e5got vis \u00e4r engagerade i cykelsporten, som elitcyklist, som tr\u00e4nare, som administrat\u00f6r, som styrelsemedlem, som f\u00f6r\u00e4lder, som engagerad i en grengrupp, som medlem i en f\u00f6rening, som anst\u00e4lld p\u00e5 kansliet\u2026 Vi \u00e4r alla Svenska Cykelf\u00f6rbundet!<\/p><\/blockquote>\n<p>Svenska Cykelf\u00f6rbundet (SCF) bildades den 18 februari 1900 och \u00e4r ett av landets \u00e4ldsta specialidrottsf\u00f6rbund. Vid bildandet och fram till 1938 var namnet <em>Svenska Velocipedf\u00f6rbundet<\/em> och intr\u00e4de till RF gjordes 1904.<\/p>\n<p>F\u00f6rbundet best\u00e5r av <a href=\"https:\/\/scf.se\/forbundet\/om-forbundet\/distriktforbunden\/\"><em><strong>20 distriktsf\u00f6rbund<\/strong><\/em><\/a> och cirka 450 f\u00f6reningar f\u00f6rdelade i hela landet som bedriver cykelsport inom de nio grenarna <strong>bancykel, BMX, cykelcross, E-cycling, gravel, mountainbike, landsv\u00e4g, paracykel <\/strong>och<strong> trial<\/strong>.<\/p>\n<p>Den senaste grengruppen, gravel, bildades 2023. Inom MTB finns det tre delgrengrupper, XCO (inklusive XCC och XCE), XCM och gravity.<\/p>\n<p>F\u00f6rbundet har till uppgift <em>&#8221;att fr\u00e4mja och administrera cykelidrotten i Sverige p\u00e5 s\u00e5dant s\u00e4tt att den st\u00e5r i \u00f6verensst\u00e4mmelse med idrottsr\u00f6relsens verksamhetsid\u00e9 enligt Sveriges Riksidrottsf\u00f6rbunds (RF) stadgar samt att f\u00f6retr\u00e4da denna idrott i utlandet&#8221;<\/em>.\u00a0(ur SCF:s stadgar)<\/p>\n<p>F\u00f6rbundets beslutande organ \u00e4r f\u00f6rbundsstyrelsen samt det \u00e5rliga F\u00f6rbundsm\u00f6tet som \u00e4ger rum i mars varje \u00e5r. Som medlem har man m\u00e5nga m\u00f6jligheter att vara med och p\u00e5verka SCF:s verksamhet. Ett s\u00e4tt \u00e4r att delta i den lokala\u00a0 f\u00f6reningens \u00e5rsm\u00f6te och d\u00e4r utnyttja sina demokratiska r\u00e4ttigheter. F\u00f6reningar och distriktsf\u00f6rbund utg\u00f6r F\u00f6rbundsm\u00f6tet som i sin tur v\u00e4ljer F\u00f6rbundsstyrelsen. Styrelsen leder Cykelf\u00f6rbundets verksamhet enligt plan och budget n\u00e4r f\u00f6rbundsm\u00f6tet inte \u00e4r samlat.<\/p>\n<p>Alla som \u00e4r medlemmar i en idrottsf\u00f6rening omfattas av Riksidrottsf\u00f6rbundets (RF) stadgar och antidopingreglemente. Varje enskild idrottare \u00e4r sj\u00e4lv ansvarig att k\u00e4nna till och f\u00f6lja <em><strong><a href=\"https:\/\/scf.se\/forbundet\/tavlingsverksamhet\/antidoping\/\">dopingreglerna<\/a><\/strong><\/em>.<\/p>\n<p>Svenska Cykelf\u00f6rbundet \u00e4r anslutet till <a href=\"http:\/\/www.rf.se\" target=\"_blank\" rel=\"noopener noreferrer\"><em><strong>Sveriges Riksidrottsf\u00f6rbund (RF)<\/strong><\/em><br \/>\n<\/a><\/p>\n<h3>Cykelsporten internationellt, medlemsorganisationer:<\/h3>\n<ul>\n<li><a href=\"http:\/\/uci.ch\" target=\"_blank\" rel=\"noopener noreferrer\"><em><strong>Internationella Cykelf\u00f6rbundet (UCI)<\/strong><\/em><\/a><\/li>\n<li><em><strong><a href=\"http:\/\/uec.ch\/en\/\" target=\"_blank\" rel=\"noopener noreferrer\">Europeiska Cykelf\u00f6rbundet (UEC<\/a>)<\/strong><\/em><\/li>\n<li><a href=\"https:\/\/www.nordiccycling.org\/\"><em><strong>Nordic Cycling<\/strong><\/em><\/a><\/li>\n<\/ul>\n","protected":false},"excerpt":{"rendered":"<p>ALLA som p\u00e5 n\u00e5got vis \u00e4r engagerade i cykelsporten, som elitcyklist, som tr\u00e4nare, som administrat\u00f6r, som styrelsemedlem, som f\u00f6r\u00e4lder, som engagerad i en grengrupp, som medlem i en f\u00f6rening, som anst\u00e4lld p\u00e5 kansliet\u2026 Vi \u00e4r alla Svenska Cykelf\u00f6rbundet! Svenska Cykelf\u00f6rbundet (SCF) bildades den 18 februari 1900 och \u00e4r ett av landets \u00e4ldsta specialidrottsf\u00f6rbund. Vid<a href=\"https:\/\/scf.se\/forbundet\/om-forbundet\/vi-ar-svenska-cykelforbundet\/\" class=\"news-card__more\"> &#8230;<\/a><\/p>\n","protected":false},"author":32,"featured_media":0,"parent":24,"menu_order":0,"comment_status":"closed","ping_status":"closed","template":"","meta":{"_acf_changed":false,"footnotes":""},"class_list":["post-365","page","type-page","status-publish","hentry"],"acf":[],"_links":{"self":[{"href":"https:\/\/scf.se\/forbundet\/wp-json\/wp\/v2\/pages\/365","targetHints":{"allow":["GET"]}}],"collection":[{"href":"https:\/\/scf.se\/forbundet\/wp-json\/wp\/v2\/pages"}],"about":[{"href":"https:\/\/scf.se\/forbundet\/wp-json\/wp\/v2\/types\/page"}],"author":[{"embeddable":true,"href":"https:\/\/scf.se\/forbundet\/wp-json\/wp\/v2\/users\/32"}],"replies":[{"embeddable":true,"href":"https:\/\/scf.se\/forbundet\/wp-json\/wp\/v2\/comments?post=365"}],"version-history":[{"count":7,"href":"https:\/\/scf.se\/forbundet\/wp-json\/wp\/v2\/pages\/365\/revisions"}],"predecessor-version":[{"id":12054,"href":"https:\/\/scf.se\/forbundet\/wp-json\/wp\/v2\/pages\/365\/revisions\/12054"}],"up":[{"embeddable":true,"href":"https:\/\/scf.se\/forbundet\/wp-json\/wp\/v2\/pages\/24"}],"wp:attachment":[{"href":"https:\/\/scf.se\/forbundet\/wp-json\/wp\/v2\/media?parent=365"}],"curies":[{"name":"wp","href":"https:\/\/api.w.org\/{rel}","templated":true}]}}