
{"id":3546,"date":"2026-03-05T10:40:55","date_gmt":"2026-03-05T09:40:55","guid":{"rendered":"http:\/\/scf.se\/forbundet\/?page_id=3546"},"modified":"2026-03-09T09:33:17","modified_gmt":"2026-03-09T08:33:17","slug":"cyklist","status":"publish","type":"page","link":"https:\/\/scf.se\/forbundet\/cyklist\/","title":{"rendered":"Cyklist"},"content":{"rendered":"<p>H\u00e4r samlar vi l\u00e4nkar till de omr\u00e5den som vi d\u00e5 och d\u00e5 f\u00e5r fr\u00e5gor om &#8211; licenser, anm\u00e4lan, t\u00e4vlingskalender, resultat, chip, dispenser, t\u00e4vlingsregler och hur man tar steget in i cykelsporten. Och mycket mer!<\/p>\n<hr \/>\n<h4><a href=\"https:\/\/www.rf.se\/om-riksidrottsforbundet\/hitta-inom-idrottsrorelsen\">Hitta en f\u00f6rening n\u00e4ra dig!<\/a><\/h4>\n<p>Via l\u00e4nken ovan kan du s\u00f6ka i RF:s databas av f\u00f6reningar anslutna till de olika Specialidrottsf\u00f6rbunden, exempelvis Cykelf\u00f6rbundet.<\/p>\n<h4><a href=\"https:\/\/scf.se\/forbundet\/tavlingsverksamhet\/arrangera-tavling\/nytt-fran-uci\/\">UCI ID<\/a><\/h4>\n<p>UCI-ID \u00e4r ett<strong>\u00a0 personligt ID-nummer<\/strong>,<strong>\u00a0<\/strong>en unik elvasiffrig kod som kommer att vara knuten till din personliga t\u00e4vlingslicens. UCI-ID ska alltid anv\u00e4ndas vid anm\u00e4lan till t\u00e4vling och st\u00e5r p\u00e5 din licens. Motions- E-cycling- och Eng\u00e5ngslicens har inget UCI-ID.<\/p>\n<h4><a href=\"https:\/\/scf.se\/licenser\"><strong>Licenser<\/strong><\/a><\/h4>\n<p>En \u00e5rslicens \u00e4r en ID-handling som ber\u00e4ttigar dig att delta p\u00e5 t\u00e4vlingar sanktionerade av SCF och\/eller UCI. Med licensen f\u00f6ljer \u00e4ven en f\u00f6rs\u00e4kring. Samtliga licenser k\u00f6ps numera p\u00e5 <a href=\"http:\/\/licens.scf.se\">licens.scf.se<\/a>. L\u00e4s mer om de olika licenserna p\u00e5 <a href=\"https:\/\/scf.se\/licenser\">scf.se\/licenser<\/a>.<\/p>\n<h4><a href=\"https:\/\/scf.se\/licenser\">Licenspriser<\/a><\/h4>\n<p>Licensavgiften baseras p\u00e5 licenskategorier. I licensavgiften ing\u00e5r bland annat <a href=\"https:\/\/scf.se\/forbundet\/tavlingsverksamhet\/tavlingslicens-chip-och-forsakringar\/forsakringar\/\">olycksfallsf\u00f6rs\u00e4kring<\/a> samt attraktiva erbjudanden fr\u00e5n v\u00e5ra partners i Cardskipper-appen.<\/p>\n<h4><a href=\"https:\/\/indta.sportstiming.se\/\"><strong>IndTA &#8211; gamla Swecyclingonline<\/strong><\/a><\/h4>\n<p>Cykelf\u00f6rbundets gamla sanktionskalender och licensportal (fram till mars 2026) heter IndTA. IndTA kommer finnas kvar ett tag f\u00f6r att cyklister, arrang\u00f6rer, mm ska kunna komma \u00e5t sin historik. H\u00e4r finner du gamla Swecyclingonline:<a href=\"https:\/\/indta.sportstiming.se\/\">\u00a0indta.sportstiming.se<\/a><\/p>\n<h4><a href=\"https:\/\/scf.se\/forbundet\/byte-av-licenstillhorighet\/\">Byte av licenstillh\u00f6righet<\/a><\/h4>\n<p>Du kan som cyklist byta licenstillh\u00f6righet, addera grenar, byta f\u00f6rening p\u00e5 licens och team genom att kontakta <a href=\"mailto:kansli@scf.se\">kansli@scf.se<\/a>.<\/p>\n<blockquote><p>Tips! <a href=\"https:\/\/scf.se\/licenser\">H\u00e4r finns svar p\u00e5 vanliga fr\u00e5gor g\u00e4llande licenser<\/a><\/p><\/blockquote>\n<h4><a href=\"https:\/\/scf.se\/forbundet\/transponder-chip\/\">Transponder (Chip)<\/a><\/h4>\n<p>SWE Cup och SM-arrangemang i mountainbike XCO\/XCC, landsv\u00e4g och cykelcross genomf\u00f6rs med personlig transponder som monteras p\u00e5 cykeln. Transpondern heter <strong>ProChip Flex\u00a0<\/strong>och best\u00e4lls online.<b>\u00a0<\/b><\/p>\n<h4><a href=\"https:\/\/scf.se\/forbundet\/dispensansokan\/\">Dispens<\/a><\/h4>\n<p>Dispens kan ges till t\u00e4vlingslicensierade cyklister f\u00f6r deltagande i ej sanktionerat lopp eller f\u00f6r t\u00e4vlan i annan klass. L\u00e4s mer om dispenser <a href=\"https:\/\/scf.se\/forbundet\/dispensansokan\/\">h\u00e4r<\/a>.<\/p>\n<h4><a href=\"https:\/\/scf.se\/forbundet\/sanktion\/\">Sanktionerade lopp<\/a><\/h4>\n<p>T\u00e4vlingslicensierade cyklister f\u00e5r endast st\u00e4lla upp i lopp som \u00e4r sanktionerade av UCI, Svenska Cykelf\u00f6rbundet eller annat internationellt cykelf\u00f6rbund ansluten till UCI. L\u00e4s mer om vad som g\u00e4ller och hur du hittar alla svenska sanktionerade lopp <a href=\"https:\/\/scf.se\/forbundet\/sanktion\/\">h\u00e4r<\/a>.<\/p>\n<h4><a href=\"https:\/\/scf.se\/forbundet\/swecyclingonline-cyklist\/\">Swecyclingonline &#8211; cyklist<\/a><\/h4>\n<p>Swecyclingonline \u00e4r SCF:s officiella sanktions- och arrangemangskalender. H\u00e4r hittar du alla lopp som har, eller s\u00f6ker sanktion, vilket \u00e4r s\u00e4rskilt viktigt f\u00f6r dig med t\u00e4vlingslicens.<\/p>\n<h4><a href=\"http:\/\/Licens.scf.se\">Licens.scf.se<\/a><\/h4>\n<p>SCF:s nya licensportal d\u00e4r samtliga licenser tecknas.<\/p>\n<h4><a href=\"https:\/\/scf.se\/forbundet\/2756-2\/\">Byte av f\u00f6rening\u00a0<\/a><\/h4>\n<p>F\u00f6r att byta f\u00f6rening och licenstillh\u00f6righet r\u00e4cker det numera med ett medgivande fr\u00e5n den f\u00f6rening som l\u00e4mnas och att man \u00e4r registrerad som aktiv medlem i den nya f\u00f6reningens medlemsregister i IdrottOnline. Kontakta kansliet om du vill byta f\u00f6reningstillh\u00f6righet p\u00e5 din licens.<\/p>\n<h4><a href=\"https:\/\/scf.se\/forbundet\/tavlingsverksamhet\/tavlingsregler\/\">T\u00e4vlingsregler<\/a><\/h4>\n<p>Syftet med v\u00e5ra regler \u00e4r att man ska kunna t\u00e4vla s\u00e4kert\u00a0och\u00a0p\u00e5 lika\u00a0villkor. SCF har ett\u00a0regelverk som\u00a0f\u00f6ljer det\u00a0internationella cykelf\u00f6rbundets (UCI) regelverk,\u00a0dock med n\u00e5gra nationella anpassningar. De svenska t\u00e4vlingsreglerna uppdateras en g\u00e5ng per \u00e5r\u00a0 under mars m\u00e5nad samt \u00e4r uppdelat i flera delar f\u00f6r att vara l\u00e4ttanpassat.<\/p>\n<h4><a href=\"https:\/\/scf.se\/forbundet\/cyklist\/kora-motionslopp\/\"><strong>Motionslopp<\/strong><\/a><\/h4>\n<p>Svenska Cykelf\u00f6rbundet sanktionerar idag m\u00e5nga av de motionslopp som arrangeras i Sverige. Det ger dig som har t\u00e4vlingslicens r\u00e4tt att delta. En cyklist med t\u00e4vlingslicens kopplad till UCI som deltar i ett osanktionerat lopp riskerar annars p\u00e5f\u00f6ljder. Du kan enkelt kontrollera om ett motionslopp har sanktionerat sitt lopp genom att s\u00e4kerst\u00e4lla att loppet finns i arrangemangskalendern <a href=\"http:\/\/www.swecyclingonline.se\/\">swecyclingonline<\/a><\/p>\n<h4><a href=\"https:\/\/scf.se\/forbundet\/tavlingsverksamhet\/antidoping\/\">Antidoping<\/a><\/h4>\n<p>Svenska Cykelf\u00f6rbundet arbetar aktivt med antidoping genom en tillsatt kommitt\u00e9 som l\u00f6pande reviderar SCF Antidopingprogram i enlighet med Antidoping Sveriges riktlinjer.<\/p>\n<blockquote><p>Tips! Kontakta<a href=\"https:\/\/www.antidoping.se\/\"> Antidoping Sverige<\/a> direkt f\u00f6r svarar p\u00e5 era specifika fr\u00e5gor<\/p><\/blockquote>\n<p>&nbsp;<\/p>\n<hr \/>\n<p><strong>N\u00e5gra viktiga sidor f\u00f6r dig som cyklist\u00a0<\/strong><\/p>\n<ul>\n<li><a href=\"https:\/\/www.uci.org\/\">UCI &#8211; Union Cycliste Internationale<\/a><\/li>\n<li><a href=\"http:\/\/www.uec.ch\/\">UEC &#8211; Union Europ\u00e9enne de Cycliste<\/a><\/li>\n<\/ul>\n","protected":false},"excerpt":{"rendered":"<p>H\u00e4r samlar vi l\u00e4nkar till de omr\u00e5den som vi d\u00e5 och d\u00e5 f\u00e5r fr\u00e5gor om &#8211; licenser, anm\u00e4lan, t\u00e4vlingskalender, resultat, chip, dispenser, t\u00e4vlingsregler och hur man tar steget in i cykelsporten. Och mycket mer! Hitta en f\u00f6rening n\u00e4ra dig! Via l\u00e4nken ovan kan du s\u00f6ka i RF:s databas av f\u00f6reningar anslutna till de olika<a href=\"https:\/\/scf.se\/forbundet\/cyklist\/\" class=\"news-card__more\"> &#8230;<\/a><\/p>\n","protected":false},"author":32,"featured_media":0,"parent":0,"menu_order":0,"comment_status":"closed","ping_status":"closed","template":"","meta":{"_acf_changed":false,"footnotes":""},"class_list":["post-3546","page","type-page","status-publish","hentry"],"acf":[],"_links":{"self":[{"href":"https:\/\/scf.se\/forbundet\/wp-json\/wp\/v2\/pages\/3546","targetHints":{"allow":["GET"]}}],"collection":[{"href":"https:\/\/scf.se\/forbundet\/wp-json\/wp\/v2\/pages"}],"about":[{"href":"https:\/\/scf.se\/forbundet\/wp-json\/wp\/v2\/types\/page"}],"author":[{"embeddable":true,"href":"https:\/\/scf.se\/forbundet\/wp-json\/wp\/v2\/users\/32"}],"replies":[{"embeddable":true,"href":"https:\/\/scf.se\/forbundet\/wp-json\/wp\/v2\/comments?post=3546"}],"version-history":[{"count":15,"href":"https:\/\/scf.se\/forbundet\/wp-json\/wp\/v2\/pages\/3546\/revisions"}],"predecessor-version":[{"id":11751,"href":"https:\/\/scf.se\/forbundet\/wp-json\/wp\/v2\/pages\/3546\/revisions\/11751"}],"wp:attachment":[{"href":"https:\/\/scf.se\/forbundet\/wp-json\/wp\/v2\/media?parent=3546"}],"curies":[{"name":"wp","href":"https:\/\/api.w.org\/{rel}","templated":true}]}}