
{"id":3539,"date":"2026-03-24T08:36:29","date_gmt":"2026-03-24T07:36:29","guid":{"rendered":"http:\/\/scf.se\/forbundet\/?page_id=3539"},"modified":"2026-04-14T08:01:02","modified_gmt":"2026-04-14T06:01:02","slug":"nya-foreningar","status":"publish","type":"page","link":"https:\/\/scf.se\/forbundet\/borja-cykla\/bilda-forening\/nya-foreningar\/","title":{"rendered":"V\u00e4lkommen som del av SCF"},"content":{"rendered":"<p>Vi \u00e4r glada \u00f6ver att ni vill vara en del av svensk cykelsport genom ert medlemskap i Svenska Cykelf\u00f6rbundet!<\/p>\n<p>F\u00f6r att era klubbmedlemmar p\u00e5 ett korrekt s\u00e4tt ska kunna delta i t\u00e4vlingsverksamhet, ta del av de erbjudanden som ert medlemskap i SCF inneb\u00e4r, samt finnas med i statistiken som RF m\u00e4ter, finns n\u00e5gra saker ni som f\u00f6rening beh\u00f6ver s\u00e4kerst\u00e4lla.<\/p>\n<ol>\n<li>Att ni l\u00f6pande h\u00e5ller era kontaktuppgifter samt medlemsregister i <strong>IdrottOnline<\/strong> uppdaterat med korrekta roller, e-postadress och telefonnummer. Instruktion f\u00f6r hur f\u00f6reningen l\u00e4gger in medlemmar i IdrottOnline finner ni l\u00e4ngre ner p\u00e5 sidan.<\/li>\n<li>Att ni har lagt in licenskontrollanter i SCF:s <strong>licensportal,<\/strong>\u00a0<a href=\"http:\/\/licens.scf.se\">licens.scf.se<\/a>. Mer info finns l\u00e4ngre ner.<\/li>\n<\/ol>\n<p>Som f\u00f6rening ansvarar ni f\u00f6r att ni har r\u00e4tt information och roller f\u00f6r era medlemmar i medlemsregistret IdrottOnline (IO), det finns vissa uppgifter som \u00e4r n\u00f6dv\u00e4ndiga f\u00f6r att f\u00e5 in korrekt statistik kommer in till RF. RF i sin tur anv\u00e4nder statistiken vid bland annat f\u00f6rdelning av de statliga anslagen mellan de olika Specialidrottsf\u00f6rbunden.<\/p>\n<p>I samband med f\u00f6reningens intr\u00e4de fick ni information fr\u00e5n RF (Riksidrottsf\u00f6rbundet) om hur ni kommer ig\u00e5ng med f\u00f6reningens egna sidor i <a href=\"http:\/\/idrottonline.se\">IdrottOnline<\/a>. <a href=\"https:\/\/www.rf.se\/formular-it\/aktiveringsformular\">H\u00e4r<\/a> ans\u00f6ker ni om aktivering av er IdrottOnline-sida.<\/p>\n<p>Den nya versionen av sanktions- och arrangemangskalendern <a href=\"http:\/\/www.swecyclingonline.se\">Swecyclingonline.se<\/a> har precis lanserats. D\u00e4r sk\u00f6ter cyklister anm\u00e4lningar till t\u00e4vlingar samt s\u00e4kerst\u00e4ller att t\u00e4vlingar och motionslopp har sanktion s\u00e5 att de kan delta s\u00e4kert och r\u00e4ttvist. Med andra ord \u00e4r det d\u00e4r ni som f\u00f6rening l\u00e4gger in era lopp. Ett lopp l\u00e4ggs upp genom att f\u00f6reningen g\u00e5r in p\u00e5 sin sida i licensportalen och klickar p\u00e5 knappen &#8221;Skapa nytt lopp&#8221;.<\/p>\n<p>Ta del av nedan checklista f\u00f6r att komma ig\u00e5ng med verksamheten. H\u00f6r av er till oss om ni har fr\u00e5gor kring detta, kansli@scf.se eller per telefon tisdagar och torsdagar mellan kl. 10-12.<\/p>\n<p><strong>Checklista f\u00f6r nya f\u00f6reningar<\/strong><\/p>\n<ol>\n<li><strong>Registrera <\/strong>era medlemmar i <strong>IdrottOnline<\/strong>. S\u00e4kerst\u00e4ll att ni lagt in b\u00e5de mejladress och telefonnummer till medlemmarna.<\/li>\n<li>S\u00e4kerst\u00e4ll att <strong>medlemmarna har r\u00e4tt roller i IdrottOnline<\/strong>. Detta g\u00f6rs s\u00e5 att vi och RF har r\u00e4tt statistik p\u00e5 v\u00e5ra medlemmars medlemmar. S\u00e5 h\u00e4r g\u00f6r ni detta:\n<ul>\n<li>F\u00f6reningsadministrat\u00f6ren loggar in i IdrottOnline (IO).<\/li>\n<li>Klicka p\u00e5 \u201dPersoner\u201d till v\u00e4nster.<\/li>\n<li>L\u00e4mna s\u00f6krutan tom och klicka p\u00e5 \u201dS\u00f6k\u201d.<\/li>\n<li>Kryssa i rutan l\u00e4ngst till v\u00e4nster i raden med filter f\u00f6r att markera alla.<\/li>\n<li>Kryssa ur de som ska\u00a0inte\u00a0ska ha rollerna \u201dMedlem i f\u00f6rening\u201d och \u201dCykelut\u00f6vare\u201d.<\/li>\n<li>Klicka p\u00e5 \u201d\u00c4ndra markerade\u201d s\u00e5 dyker en ruta upp som heter \u201dV\u00e4lj roller\u201d.<\/li>\n<li>Under \u201dFiltrera roller\u201d, \u00e4ndra fr\u00e5n \u201dF\u00f6rening\u201d till \u201dCykel\u201d.<\/li>\n<li>Kryssa i valen \u201dMedlem i f\u00f6rening\u201d\u00a0och\u00a0\u201dCykelut\u00f6vare\u201d.<\/li>\n<li>Klicka p\u00e5 bl\u00e5a \u201dV\u00e4lj\u201d-knappen uppe eller nere till h\u00f6ger.<\/li>\n<li>Nu dyker ofta en ny ruta upp som heter \u201dRedigera Person\u201d.<\/li>\n<li>Klicka p\u00e5 bl\u00e5a \u201dSpara\u201d-knappen.<\/li>\n<li>Klart.<\/li>\n<\/ul>\n<\/li>\n<li>Support i <em>IdrottOnline<\/em> f\u00e5r ni genom <a href=\"http:\/\/idrottonline.se\/servicecenter\"><strong>IdrottOnline<\/strong>.<\/a>\u00a0D\u00e4r finns manualer f\u00f6r i stort sett allt att ladda ner.<\/li>\n<li>Licenser tecknas av era medlemmar i licensportalen, <strong><a href=\"http:\/\/licens.scf.se\">licens.scf.se<\/a><\/strong>.<\/li>\n<li>Er f\u00f6rening har en <strong>egen sida i licensportalen <\/strong>d\u00e4r f\u00f6reningen anger 1-2 licenskontrollanter. N\u00e4r n\u00e5gon tecknar en licens och anger er f\u00f6rening f\u00e5r licenskontrollanterna ett mejl med information och instruktion om vad detta inneb\u00e4r. Har ni inte f\u00e5tt en l\u00e4nk fr\u00e5n oss till er sida, kontakta oss p\u00e5 <a href=\"kansli@scf.se\">kansli@scf.se<\/a> s\u00e5 skickar vi er sida som ni sj\u00e4lva fyller i.<\/li>\n<li>F\u00f6r att l\u00e4gga upp ett lopp i Swecyclingonline s\u00e5 klickar ni p\u00e5 knappen &#8221;Skapa nytt lopp&#8221; som finns p\u00e5 f\u00f6reningens sida i licensportalen. H\u00e4r finns instruktioner f\u00f6r hur ni g\u00e5r tillv\u00e4ga: <a href=\"https:\/\/scf.se\/forbundet\/swecyclingonline-arrangor\/\">Swecyclingonline &#8211; arrang\u00f6r &#8211; F\u00f6rbundet &#8211; Svenska Cykelf\u00f6rbundet<\/a><\/li>\n<li><strong>F\u00f6reningstr\u00f6ja<\/strong> &#8211; Vid nationella t\u00e4vlingar i Sverige s\u00e5 \u00e4r t\u00e4vlande p\u00e5 landsv\u00e4g och cykelcross skyldiga att b\u00e4ra sin f\u00f6renings, av SCF godk\u00e4nda f\u00f6reningstr\u00f6ja. L\u00e4s mer om hur ni f\u00e5r er tr\u00f6ja godk\u00e4nd h\u00e4r: <a href=\"https:\/\/scf.se\/forbundet\/tavlingsverksamhet\/godkanda-foreningstrojor\/\">Godk\u00e4nda f\u00f6reningstr\u00f6jor &#8211; F\u00f6rbundet &#8211; Svenska Cykelf\u00f6rbundet<\/a><\/li>\n<li><a href=\"https:\/\/scf.se\/forbundet\/gdpr-eus-nya-dataskyddsforordning\/\">GDPR<\/a> &#8211; viktigt att t\u00e4nka p\u00e5.<\/li>\n<li><strong>Informera<\/strong>\u00a0g\u00e4rna era era medlemmar om:\n<ul>\n<li><a href=\"http:\/\/licens.scf.se\">Var man tecknar en licens<\/a><\/li>\n<li>Att de cyklister som har en t\u00e4vlingslicens omfattas av <a href=\"https:\/\/scf.se\/forbundet\/tavlingsverksamhet\/forsakringar\/\">SCF:s licensf\u00f6rs\u00e4kring.<\/a><\/li>\n<li>Att f\u00f6rbundets officiella hemsida \u00e4r <a href=\"http:\/\/www.scf.se\">www.scf.se<\/a>. D\u00e4r finns bland annat information om hur de ans\u00f6ker om licens, regelverk, l\u00e4nk till kalendern och erbjudanden.<\/li>\n<\/ul>\n<\/li>\n<\/ol>\n<p style=\"margin-top: 24px;\">H\u00e5ll er uppdaterade om nyheter, utbildningar, aktivitetsst\u00f6d, t\u00e4vlingskalender och licenser och de viktiga satsningarna p\u00e5 barn och ungdomar via v\u00e5r hemsida, scf.se och i v\u00e5ra sociala medier\u00a0<a href=\"https:\/\/www.facebook.com\/swecycling\/\">#swecycling<\/a>\u00a0och\u00a0<a href=\"https:\/\/www.facebook.com\/svenskacykelforbundet\/\">#svenskacykelforbundet.<\/a><\/p>\n<h3><strong>Vad \u00e4r vad?<\/strong><\/h3>\n<ul>\n<li><strong>IdrottOnline<\/strong> (Riksidrottsf\u00f6rbundets IT-l\u00f6sning f\u00f6r svensk idrott). H\u00e4r registrerar f\u00f6reningen sina medlemmar och ger dem r\u00e4tt roller f\u00f6r att f\u00e5 in r\u00e4tt statistik till RF. RF i sin tur anv\u00e4nder statistiken bland annat vid f\u00f6rdelning av de statliga anslagen mellan de olika Specialidrottsf\u00f6rbunden. OBS: Kommer ers\u00e4ttas av <strong>Idrottsarenan<\/strong> under 2026.<\/li>\n<li><strong>Licens.scf.se<\/strong> F\u00f6rbundets nya licensportal<\/li>\n<li><strong>Sportstiming <\/strong>F\u00f6rbundets nya t\u00e4vlingsadministrativa leverant\u00f6r av licensmodul och arrangemangs- och sanktionskalender.<\/li>\n<li><strong>www.swecyclingonline.se<\/strong> Dom\u00e4nen d\u00e4r f\u00f6rbundets befintliga sanktions och arrangemangskalender finns. Kommer att peka om till nya kalendern n\u00e4r den lanseras.<\/li>\n<li><b>www.scf.se <\/b>Svenska Cykelf\u00f6rbundets officiella hemsida.<\/li>\n<li><strong>Cardskipper<\/strong> Det digitala licenskortet f\u00f6r alla med en \u00e5rslicens. H\u00e4r f\u00e5r ocks\u00e5 den licensierade ta del av en m\u00e4ngd f\u00f6rm\u00e5ner och rabatter.<\/li>\n<li><strong>F\u00f6rs\u00e4kringar<\/strong> Som medlem hos RF och SCF finns vissa f\u00f6rs\u00e4kringar som ing\u00e5r. L\u00e4s mer om ert och era medlemmars f\u00f6rs\u00e4kringsskydd fr\u00e5n Folksam och Gjensidige <a href=\"https:\/\/scf.se\/forbundet\/tavlingsverksamhet\/forsakringar\/\">h\u00e4r<\/a>.<\/li>\n<li><strong>Utbildningar<\/strong> Som medlem hos SCF finns ett g\u00e4ng utbildningar som ofta \u00e4r helt subventionerade f\u00f6r er som f\u00f6rening. L\u00e4s mer om v\u00e5ra digitala utbildningar <a href=\"https:\/\/scf.se\/forbundet\/svenska-cykelforbundets-onlineutbildningar\/\">h\u00e4r<\/a>.<\/li>\n<\/ul>\n","protected":false},"excerpt":{"rendered":"<p>Vi \u00e4r glada \u00f6ver att ni vill vara en del av svensk cykelsport genom ert medlemskap i Svenska Cykelf\u00f6rbundet! F\u00f6r att era klubbmedlemmar p\u00e5 ett korrekt s\u00e4tt ska kunna delta i t\u00e4vlingsverksamhet, ta del av de erbjudanden som ert medlemskap i SCF inneb\u00e4r, samt finnas med i statistiken som RF m\u00e4ter, finns n\u00e5gra saker<a href=\"https:\/\/scf.se\/forbundet\/borja-cykla\/bilda-forening\/nya-foreningar\/\" class=\"news-card__more\"> &#8230;<\/a><\/p>\n","protected":false},"author":32,"featured_media":0,"parent":34,"menu_order":0,"comment_status":"closed","ping_status":"closed","template":"","meta":{"_acf_changed":false,"footnotes":""},"class_list":["post-3539","page","type-page","status-publish","hentry"],"acf":[],"_links":{"self":[{"href":"https:\/\/scf.se\/forbundet\/wp-json\/wp\/v2\/pages\/3539","targetHints":{"allow":["GET"]}}],"collection":[{"href":"https:\/\/scf.se\/forbundet\/wp-json\/wp\/v2\/pages"}],"about":[{"href":"https:\/\/scf.se\/forbundet\/wp-json\/wp\/v2\/types\/page"}],"author":[{"embeddable":true,"href":"https:\/\/scf.se\/forbundet\/wp-json\/wp\/v2\/users\/32"}],"replies":[{"embeddable":true,"href":"https:\/\/scf.se\/forbundet\/wp-json\/wp\/v2\/comments?post=3539"}],"version-history":[{"count":27,"href":"https:\/\/scf.se\/forbundet\/wp-json\/wp\/v2\/pages\/3539\/revisions"}],"predecessor-version":[{"id":12050,"href":"https:\/\/scf.se\/forbundet\/wp-json\/wp\/v2\/pages\/3539\/revisions\/12050"}],"up":[{"embeddable":true,"href":"https:\/\/scf.se\/forbundet\/wp-json\/wp\/v2\/pages\/34"}],"wp:attachment":[{"href":"https:\/\/scf.se\/forbundet\/wp-json\/wp\/v2\/media?parent=3539"}],"curies":[{"name":"wp","href":"https:\/\/api.w.org\/{rel}","templated":true}]}}