
{"id":34,"date":"2025-03-01T15:35:29","date_gmt":"2025-03-01T14:35:29","guid":{"rendered":"http:\/\/svenskcykel.grandpublic.se\/forbundet\/?page_id=34"},"modified":"2026-04-17T10:20:39","modified_gmt":"2026-04-17T08:20:39","slug":"bilda-forening","status":"publish","type":"page","link":"https:\/\/scf.se\/forbundet\/borja-cykla\/bilda-forening\/","title":{"rendered":"Bilda f\u00f6rening"},"content":{"rendered":"<h3>Ans\u00f6ka om medlemskap i Svenska Cykelf\u00f6rbundet<\/h3>\r\n<p>\u00c4r ni ett g\u00e4ng som vill starta f\u00f6rening, eller \u00e4r ni redan en f\u00f6rening som vill bedriva verksamhet inom cykelsporten?<\/p>\r\n<p>Information om hur ni g\u00e5r tillv\u00e4ga f\u00f6r att bilda f\u00f6rening och\/eller ans\u00f6ka om medlemskap i SCF finns p\u00e5 Riksidrottsf\u00f6rbundets hemsida, <a href=\"https:\/\/www.rf.se\/bidragochstod\/bildaidrottsforening\/\" target=\"_blank\" rel=\"noopener noreferrer\">rf.se<\/a>\u00a0<\/p>\r\n<p>Nedan n\u00e5gra saker att t\u00e4nka p\u00e5 innan ni ans\u00f6ker om medlemskap via f\u00f6ljande l\u00e4nk <a href=\"https:\/\/www.rf.se\/bidragochstod\/bildaidrottsforening\/\">Riksidrottsf\u00f6rbundets information.<\/a><\/p>\r\n<p>V\u00e4lkomna till Cykelf\u00f6rbundet!<\/p>\r\n<hr \/>\r\n<h3>\u00c4r ni redan en RF-ansluten f\u00f6rening och vill bli medlemmar i Svenska Cykelf\u00f6rbundet?<\/h3>\r\n<p><a href=\"https:\/\/www.rf.se\/bidragochstod\/bildaidrottsforening\/ansokanommedlemskapisf\/\" target=\"_blank\" rel=\"noopener noreferrer\">H\u00e4r\u00a0<\/a>finns ans\u00f6kningsformul\u00e4r f\u00f6r medlemskap i ett specialf\u00f6rbund (SF).\u00a0 F\u00f6lj instruktionerna.<\/p>\r\n<blockquote>\r\n<p>OBS! Bifoga stadgar och ett \u00e5rsm\u00f6tesprotokoll d\u00e4r det framg\u00e5r att ni \u00f6nskar ansluta er till SCF.<\/p>\r\n<\/blockquote>\r\n<hr \/>\r\n<h3>Ska ni bilda NY f\u00f6rening och ansluta er till SCF?<\/h3>\r\n<p>Nedan villkor ska vara uppfyllda f\u00f6r att kunna ans\u00f6ka om medlemskap.\u00a0<\/p>\r\n<ol>\r\n<li>F\u00f6reningsnamnet f\u00f6ljer namnreglerna\u00a0f\u00f6r ideell idrottsf\u00f6rening?\u00a0<\/li>\r\n<li>F\u00f6reningen erbjuder verksamhet som Cykelf\u00f6rbundet bedriver.<\/li>\r\n<li>F\u00f6reningen f\u00f6ljer de best\u00e4mmelser som finns f\u00f6r att ans\u00f6ka om medlemskap i ett specialidrottsf\u00f6rbund (SF).\u00a0<\/li>\r\n<li>F\u00f6reningen har, vid ett \u00e5rsm\u00f6te antagit stadgar som f\u00f6ljer RF:s riktlinjer, till hj\u00e4lp har RF:s en stadgemall.<\/li>\r\n<li>F\u00f6reningen har eller ska ans\u00f6ka om ett organisationsnummer (kan g\u00f6ras i samband med den digitala ans\u00f6kan hos <a href=\"http:\/\/www.skatteverket.se\/foretagorganisationer\/foreningar\/ideellaforeningar\/starta\/organisationsnummer.4.70ac421612e2a997f85800028550.html?q=ans%C3%B6kan+om+organisationsnummer\">Skatteverket<\/a>. Organisationsnummer \u00e4r obligatoriskt, se best\u00e4mmelser enligt punkt 3.<\/li>\r\n<li>Sj\u00e4lva ans\u00f6kan utf\u00f6rs elektroniskt.<\/li>\r\n<li><strong>F\u00f6reningens stadgar och ett protokoll fr\u00e5n \u00e5rsm\u00f6te, d\u00e4r det framg\u00e5r att f\u00f6reningen beslutat g\u00e5 med i Cykelf\u00f6rbundet<\/strong> <strong>skall bifogas ans\u00f6kan.<\/strong><\/li>\r\n<li>N\u00e4r ovan \u00e4r gjort granskar SCF ans\u00f6kan (g\u00f6rs i slutet av varje m\u00e5nad).\u00a0<\/li>\r\n<li>Efter at SCF godk\u00e4nt medlemskapet l\u00e4mnar vi \u00f6ver till RF att godk\u00e4nna ans\u00f6kan.\u00a0<\/li>\r\n<li>RF skickar ut information om intr\u00e4de och om IdrottOnline till f\u00f6reningen och informeras samtidigt SCF kansli och ber\u00f6rt distriktsf\u00f6rbund om intr\u00e4det.\u00a0<\/li>\r\n<\/ol>\r\n<p>N\u00e4r ni tilldelats organisationsnummer och ans\u00f6kt om <a href=\"https:\/\/www.rf.se\/formular-it\/aktiveringsformular\">IdrottOnline-sida<\/a> kan ni <strong><a href=\"https:\/\/scf.se\/forbundet\/tavlingsverksamhet\/swe-cycling-online\/foreningsadministrator\/\">aktivera integrationen<\/a><\/strong> fr\u00e5n IdrottOnline till IndTA, s\u00e5 att era medlemmar kan ans\u00f6ka om licens och anm\u00e4la sig till t\u00e4vlingar i Swecyclingonline. Dessutom beh\u00f6ver ni s\u00e4kerst\u00e4lla att era medlemmar har <strong><a href=\"https:\/\/scf.se\/forbundet\/andringar-i-roller-inom-idrottonline-paverkar-bade-scf-och-foreningarna\/\">r\u00e4tt roller<\/a><\/strong> f\u00f6r att kunna logga in och v\u00e4lja just er f\u00f6rening vid tecknande av t\u00e4vlingslicens.<\/p>\r\n<p>Nya f\u00f6reningar faktureras medlemskapet l\u00f6pande under \u00e5ret, se aktuell \u00e5rsavgift nedan.<\/p>\r\n<hr \/>\r\n<h3>\u00c5rsavgift f\u00f6r f\u00f6reningar till SCF<\/h3>\r\n<p>F\u00f6r \u00e5r 2026 \u00e4r avgiften 3&#8217;500 SEK. Samtliga SCF-anslutna f\u00f6reningar faktureras i regel varje \u00e5r i Q1, med betalningsvillkor 30 dagar. Observera att \u00e5rsavgiften ska betalas till bankgirot som st\u00e5r p\u00e5 fakturan, inte SCF:s bankgiro. Vid felaktig betalning tillkommer i regel en p\u00e5minnelseavgift som SCF ej kan avskriva.<\/p>\r\n<hr \/>\r\n<h3>Beg\u00e4ra uttr\u00e4de<\/h3>\r\n<p>Om ni \u00f6nskar uttr\u00e4da ur Svenska Cykelf\u00f6rbundet ber vi er skriftligen meddela detta genom att mejla in ett <strong>styrelseprotokoll <\/strong>till SCF kansli, kansli@scf.se, d\u00e4r det framg\u00e5r att ni \u00f6nskar avsluta medlemskapet. <strong>F\u00f6rening som ej beg\u00e4rt uttr\u00e4de innan fakturadagen \u00e4r skyldig att betala f\u00f6r medlemskapet \u00e4ven om uttr\u00e4de beg\u00e4rs i efterhand.<\/strong><\/p>\r\n<hr \/>\r\n<h3>F\u00f6reningen upph\u00f6r<\/h3>\r\n<p>Om f\u00f6reningen upph\u00f6r ska det i protokollet framg\u00e5 hur eventuella skulder\/tillg\u00e5ngar hanteras, l\u00e4s mer om detta p\u00e5 <a href=\"https:\/\/www4.skatteverket.se\/rattsligvagledning\/edition\/2018.11\/1743.html\">Skatteverket.se<\/a>. N\u00e4sta steg \u00e4r att f\u00f6rbundsstyrelsen godk\u00e4nner er ans\u00f6kan om uttr\u00e4de. Slutligen \u00e4r det RF som godk\u00e4nner f\u00f6rbundsstyrelsens beslut.<\/p>\r\n<hr \/><hr \/>\r\n<h3>Villkor f\u00f6r medlemskap i SCF<\/h3>\r\n<p>Enligt RF:s stadgar Kap 8, 1\u00a7.<\/p>\r\n<p>1 \u00a7<br \/><strong>Medlemskap i specialidrottsf\u00f6rbund (SF)<\/strong><br \/>Ideell f\u00f6rening, som best\u00e5r av enbart fysiska personer, f\u00e5r efter skriftlig ans\u00f6kan upptas som medlem i\u00a0SF om nedanst\u00e5ende villkor \u00e4r uppfyllda.<\/p>\r\n<ol>\r\n<li>Ans\u00f6kningen om medlemskap \u00e4r uppr\u00e4ttad enligt RF:s anvisningar, vilket \u00e4ven inneb\u00e4r uppgift om\u00a0f\u00f6reningens organisationsnummer, och \u00e4r \u00e5tf\u00f6ljd av f\u00f6reningens stadgar, vilka ska uppr\u00e4ttas p\u00e5\u00a0grundval av RF:s stadgemall f\u00f6r idrottsf\u00f6reningar. Om en s\u00f6kande f\u00f6rening bedriver idrottslig\u00a0verksamhet endast som en del av annan huvudsaklig verksamhet, och d\u00e4rf\u00f6r inte har stadgar som\u00a0anknyter till RF:s stadgemall, \u00e4r det tillr\u00e4ckligt att f\u00f6reningen skriftligen f\u00f6rbinder sig att i sin\u00a0idrottsliga verksamhet till\u00e4mpa de regler som \u00e4r vedertagna inom idrottsr\u00f6relsen och p\u00e5 vilka RF:s<br \/>stadgar bygger.<\/li>\r\n<li>F\u00f6reningen bedriver s\u00e5dan idrottslig verksamhet som administreras av det SF till vilken ans\u00f6kan\u00a0ges in samt \u00e4ven i \u00f6vrigt uppfyller de s\u00e4rskilda villkor f\u00f6r medlemskap som SF uppst\u00e4ller i sina\u00a0stadgar.<\/li>\r\n<li>F\u00f6reningen har f\u00f6rbundit sig att i sin idrottsliga verksamhet f\u00f6lja RF:s och respektive SF:s stadgar,\u00a0t\u00e4vlingsregler och beslut fattade av \u00f6verordnat idrottsorgan.<\/li>\r\n<li>F\u00f6reningens namn inte \u00e4r ol\u00e4mpligt eller kan f\u00f6rv\u00e4xlas med en till RF redan ansluten f\u00f6rening.<\/li>\r\n<li>F\u00f6reningen har betalat de avgifter som SF i vederb\u00f6rlig ordning kan ha best\u00e4mt.<\/li>\r\n<\/ol>\r\n<p>L\u00e4mnar SF f\u00f6renings ans\u00f6kan utan bifall, f\u00e5r f\u00f6reningen \u00f6verklaga beslutet hos RIN enligt reglerna i 15 kap.<\/p>\r\n<p>Medlemskap i SF inneb\u00e4r samtidigt att f\u00f6reningen blir medlem i SDF och DF.<\/p>\r\n","protected":false},"excerpt":{"rendered":"<p>Ans\u00f6ka om medlemskap i Svenska Cykelf\u00f6rbundet \u00c4r ni ett g\u00e4ng som vill starta f\u00f6rening, eller \u00e4r ni redan en f\u00f6rening som vill bedriva verksamhet inom cykelsporten? Information om hur ni g\u00e5r tillv\u00e4ga f\u00f6r att bilda f\u00f6rening och\/eller ans\u00f6ka om medlemskap i SCF finns p\u00e5 Riksidrottsf\u00f6rbundets hemsida, rf.se\u00a0 Nedan n\u00e5gra saker att t\u00e4nka p\u00e5 innan<a href=\"https:\/\/scf.se\/forbundet\/borja-cykla\/bilda-forening\/\" class=\"news-card__more\"> &#8230;<\/a><\/p>\n","protected":false},"author":32,"featured_media":0,"parent":30,"menu_order":0,"comment_status":"closed","ping_status":"closed","template":"","meta":{"_acf_changed":false,"footnotes":""},"class_list":["post-34","page","type-page","status-publish","hentry"],"acf":[],"_links":{"self":[{"href":"https:\/\/scf.se\/forbundet\/wp-json\/wp\/v2\/pages\/34","targetHints":{"allow":["GET"]}}],"collection":[{"href":"https:\/\/scf.se\/forbundet\/wp-json\/wp\/v2\/pages"}],"about":[{"href":"https:\/\/scf.se\/forbundet\/wp-json\/wp\/v2\/types\/page"}],"author":[{"embeddable":true,"href":"https:\/\/scf.se\/forbundet\/wp-json\/wp\/v2\/users\/32"}],"replies":[{"embeddable":true,"href":"https:\/\/scf.se\/forbundet\/wp-json\/wp\/v2\/comments?post=34"}],"version-history":[{"count":12,"href":"https:\/\/scf.se\/forbundet\/wp-json\/wp\/v2\/pages\/34\/revisions"}],"predecessor-version":[{"id":12068,"href":"https:\/\/scf.se\/forbundet\/wp-json\/wp\/v2\/pages\/34\/revisions\/12068"}],"up":[{"embeddable":true,"href":"https:\/\/scf.se\/forbundet\/wp-json\/wp\/v2\/pages\/30"}],"wp:attachment":[{"href":"https:\/\/scf.se\/forbundet\/wp-json\/wp\/v2\/media?parent=34"}],"curies":[{"name":"wp","href":"https:\/\/api.w.org\/{rel}","templated":true}]}}