
{"id":287,"date":"2025-09-30T09:11:07","date_gmt":"2025-09-30T07:11:07","guid":{"rendered":"http:\/\/svenskcykel.grandpublic.se\/forbundet\/?page_id=287"},"modified":"2026-04-14T10:56:55","modified_gmt":"2026-04-14T08:56:55","slug":"sponsorer","status":"publish","type":"page","link":"https:\/\/scf.se\/forbundet\/sponsorer\/","title":{"rendered":"Sponsorer och samarbetspartners"},"content":{"rendered":"<blockquote><p>Svenska Cykelf\u00f6rbundet \u00e4r stolta \u00f6ver att presentera v\u00e5ra samarbetspartners. Tack vare dessa fantastiska f\u00f6retag kan v\u00e5ra cyklister oftare ta sig l\u00e4ngre ut i v\u00e4rlden. Tack!<\/p><\/blockquote>\n<a href=\"https:\/\/scf.se\/forbundet\/wp-content\/uploads\/sites\/9\/2025\/09\/Sponsorplatta2025.jpg\"><img loading=\"lazy\" decoding=\"async\" class=\"alignnone size-full wp-image-10951\" src=\"https:\/\/scf.se\/forbundet\/wp-content\/uploads\/sites\/9\/2025\/09\/Sponsorplatta2025.jpg\" alt=\"\" width=\"1600\" height=\"1021\" srcset=\"https:\/\/scf.se\/forbundet\/wp-content\/uploads\/sites\/9\/2025\/09\/Sponsorplatta2025.jpg 1600w, https:\/\/scf.se\/forbundet\/wp-content\/uploads\/sites\/9\/2025\/09\/Sponsorplatta2025-300x191.jpg 300w, https:\/\/scf.se\/forbundet\/wp-content\/uploads\/sites\/9\/2025\/09\/Sponsorplatta2025-1024x653.jpg 1024w, https:\/\/scf.se\/forbundet\/wp-content\/uploads\/sites\/9\/2025\/09\/Sponsorplatta2025-768x490.jpg 768w, https:\/\/scf.se\/forbundet\/wp-content\/uploads\/sites\/9\/2025\/09\/Sponsorplatta2025-1536x980.jpg 1536w\" sizes=\"auto, (max-width: 1600px) 100vw, 1600px\" \/><\/a>\n<p>\u00d6vergripande sponsorer:<\/p>\n<ul>\n<li><a href=\"https:\/\/scf.se\/forbundet\/gjensidige-sverige-blir-ny-forsakringspartner-for-svenska-cykelforbundet\/\">Gjensidige<\/a> &#8211; F\u00f6rs\u00e4kringar<\/li>\n<li><a style=\"line-height: 1.5;\" href=\"https:\/\/scf.se\/forbundet\/sponsorer\/sportson\/\" target=\"_blank\" rel=\"noopener noreferrer\">Sportson<\/a> &#8211; Sportbutiker med 10% rabatt i Cardskipper-appen f\u00f6r alla licensierade cyklister<\/li>\n<li><a href=\"https:\/\/scf.se\/forbundet\/kladtillverkaren-ccn-sports-blir-ny-samarbetspartner-till-scf\/\">CCN Sports<\/a> &#8211; Cykelkl\u00e4der<\/li>\n<li><a href=\"https:\/\/scf.se\/forbundet\/sponsorer\/enervit\/\">Enervit<\/a> &#8211; Energiprodukter med ett unikt erbjudande till SWE Cycling fans<\/li>\n<li><a href=\"https:\/\/scf.se\/forbundet\/sponsorer\/apollo-sports\/\">Apollo Sports<\/a> &#8211; Resor till orter\/hotell med sportprofil<\/li>\n<li><a href=\"https:\/\/tershine.se\/\">tershine<\/a> &#8211; Tv\u00e4ttprodukter f\u00f6r cyklar, bilar, mm<\/li>\n<li><a href=\"https:\/\/scf.se\/forbundet\/ny-samarbetspartner-asgard-sweden-erbjuder-sakra-forvaringslosningar\/\">Asgard Sweden<\/a> &#8211; S\u00e4kra f\u00f6rvaringsl\u00f6sningar f\u00f6r cyklister<\/li>\n<li>Elite Hotels of Sweden &#8211; hotellkedja<\/li>\n<li>Radflex &#8211; S\u00e4kerhetsreflektorer<\/li>\n<li>Bauhaus &#8211; Byggvaruhus<\/li>\n<li>Lactigo &#8211; \u00c5terh\u00e4mtningsgel<\/li>\n<li>Wahoo &#8211; Trainers<\/li>\n<li>Ridley &#8211; Cyklar<\/li>\n<\/ul>\n<p>Grenspecifika sponsorer finns \u00e4ven p\u00e5 respektive sida p\u00e5 scf.se.<\/p>\n<p>Vill du eller ditt f\u00f6retag synas eller jobba med Svenska Cykelf\u00f6rbundet? V\u00e4lkommen att kontakta oss f\u00f6r ett f\u00f6ruts\u00e4ttningsl\u00f6st m\u00f6te.<\/p>\n<ul>\n<li><a href=\"mailto:kansli@scf.se\">kansli@scf.se <\/a><\/li>\n<\/ul>\n<p>&nbsp;<\/p>\n","protected":false},"excerpt":{"rendered":"<p>Svenska Cykelf\u00f6rbundet \u00e4r stolta \u00f6ver att presentera v\u00e5ra samarbetspartners. Tack vare dessa fantastiska f\u00f6retag kan v\u00e5ra cyklister oftare ta sig l\u00e4ngre ut i v\u00e4rlden. Tack! \u00d6vergripande sponsorer: Gjensidige &#8211; F\u00f6rs\u00e4kringar Sportson &#8211; Sportbutiker med 10% rabatt i Cardskipper-appen f\u00f6r alla licensierade cyklister CCN Sports &#8211; Cykelkl\u00e4der Enervit &#8211; Energiprodukter med ett unikt erbjudande till<a href=\"https:\/\/scf.se\/forbundet\/sponsorer\/\" class=\"news-card__more\"> &#8230;<\/a><\/p>\n","protected":false},"author":32,"featured_media":5090,"parent":0,"menu_order":0,"comment_status":"closed","ping_status":"closed","template":"","meta":{"_acf_changed":false,"footnotes":""},"class_list":["post-287","page","type-page","status-publish","hentry"],"acf":[],"_links":{"self":[{"href":"https:\/\/scf.se\/forbundet\/wp-json\/wp\/v2\/pages\/287","targetHints":{"allow":["GET"]}}],"collection":[{"href":"https:\/\/scf.se\/forbundet\/wp-json\/wp\/v2\/pages"}],"about":[{"href":"https:\/\/scf.se\/forbundet\/wp-json\/wp\/v2\/types\/page"}],"author":[{"embeddable":true,"href":"https:\/\/scf.se\/forbundet\/wp-json\/wp\/v2\/users\/32"}],"replies":[{"embeddable":true,"href":"https:\/\/scf.se\/forbundet\/wp-json\/wp\/v2\/comments?post=287"}],"version-history":[{"count":10,"href":"https:\/\/scf.se\/forbundet\/wp-json\/wp\/v2\/pages\/287\/revisions"}],"predecessor-version":[{"id":12058,"href":"https:\/\/scf.se\/forbundet\/wp-json\/wp\/v2\/pages\/287\/revisions\/12058"}],"wp:featuredmedia":[{"embeddable":true,"href":"https:\/\/scf.se\/forbundet\/wp-json\/wp\/v2\/media\/5090"}],"wp:attachment":[{"href":"https:\/\/scf.se\/forbundet\/wp-json\/wp\/v2\/media?parent=287"}],"curies":[{"name":"wp","href":"https:\/\/api.w.org\/{rel}","templated":true}]}}