
{"id":2697,"date":"2018-08-30T09:14:51","date_gmt":"2018-08-30T07:14:51","guid":{"rendered":"http:\/\/scf.se\/forbundet\/?page_id=2697"},"modified":"2019-05-03T13:56:50","modified_gmt":"2019-05-03T11:56:50","slug":"scf-utveckling-2019","status":"publish","type":"page","link":"https:\/\/scf.se\/forbundet\/om-forbundet\/visionen\/scf-utveckling-2019\/","title":{"rendered":"Utveckling SCF 2019 och fram\u00e5t"},"content":{"rendered":"<h3>2019<\/h3>\n<p><strong>S\u00e4ker cykling 2.0<\/strong><\/p>\n<p>Inledning av samarbete mellan Folksam, SCF samt samtliga\u00a0arrang\u00f6rer sanktionerade av SCF. Efter genomf\u00f6rt lopp beh\u00f6ver arrang\u00f6ren skicka ut en enk\u00e4t framtagen tillsammans med Folksam till samtliga deltagare. M\u00e5let \u00e4r att f\u00e5 \u00f6kad information och f\u00f6rst\u00e5else kring incidenter, olyckor, risker, mm. L\u00e5ngsiktigt skall detta leda till s\u00e4krare arrangemang med f\u00e4rre olyckor.<\/p>\n<ul>\n<li><strong>Motionskalender<\/strong><\/li>\n<\/ul>\n<p>Ta fram och utveckla en kalender p\u00e5 eller vid sidan av SCF\u2019s plattform med samtliga lopp kopplade till SCF.<\/p>\n<ul>\n<li><strong>St\u00e4rka motionskommitt\u00e9en ekonomiskt<\/strong><\/li>\n<\/ul>\n<p>\u00d6kade ekonomiska medel f\u00f6r arbetet i <a href=\"https:\/\/scf.se\/forbundet\/motionskommitten\/\">motionskommitt\u00e9en.<\/a><\/p>\n<ul>\n<li><strong>Inleda arbetet med en utvecklingsgrupp f\u00f6r arrang\u00f6rer<\/strong>\n<ul>\n<li>Genom \u00f6kat samarbete mellan f\u00f6rbundet och v\u00e5ra st\u00f6rre arrang\u00f6rer skapa m\u00f6jligheter att ett arrangemang till \u201dn\u00e4sta niv\u00e5\u201d. Exempelvis vara ett st\u00f6d till V\u00e4tternrundan f\u00f6r att skapa och genomf\u00f6ra en t\u00e4vlingsklass som \u00e4r intressant f\u00f6r SVT. M\u00f6jligheterna \u00e4r f\u00f6rst\u00e5s inte begr\u00e4nsade till detta.<\/li>\n<li>Skapa en \u201derfarenhetspool\u201d med underlag, formuleringar, praxis kring att s\u00f6ka tillst\u00e5nd. M\u00e5nga arrang\u00f6rer upplever det som v\u00e4ldigt kr\u00e5ngligt och sv\u00e5rt att s\u00f6ka tillst\u00e5nd. H\u00e4r ser vi ett akut behov av att st\u00e4rka upp med st\u00f6d fr\u00e5n f\u00f6rbundet.<\/li>\n<\/ul>\n<\/li>\n<\/ul>\n<h3>2020<\/h3>\n<ul>\n<li><strong>Inf\u00f6rande av sakf\u00f6rs\u00e4kring<\/strong><\/li>\n<\/ul>\n<p>M\u00f6jlighet att f\u00f6rs\u00e4kra sin cykel och annan utrustning som skadats under exempelvis ett motionslopp.<\/p>\n<ul>\n<li><strong>Lansering av interaktiv s\u00e4kerhetsutbildning f\u00f6r cyklister (om inte redan 2019)<\/strong><\/li>\n<\/ul>\n<p>Detta arbete har redan inletts och omfattar fler delar. M\u00e5let \u00e4r att bland annat skapa s\u00e4krare beteenden och d\u00e4rmed skapa en \u00f6kad attraktion f\u00f6r cykelsporten.<\/p>\n<p><em>Andra m\u00f6jligheter<\/em><\/p>\n<ul>\n<li><strong>Styrgrupp i tillst\u00e5nds- och hanteringsfr\u00e5gor gentemot L\u00e4nsstyrelsen och Trafikverket<\/strong><\/li>\n<li><strong>Landslagsrepresentation p\u00e5 nationella cykellopp f\u00f6r \u00f6kat intresse av media och allm\u00e4nheten<\/strong><\/li>\n<li><strong>M\u00f6tesplats svensk cykel<\/strong>\n<ul>\n<li>Skapa en plattform och ett forum f\u00f6r cyklister fr\u00e5n hela Sverige kopplat till f\u00f6rbundet, dess arrang\u00f6rer och dess klubbar. Syftet \u00e4r att st\u00e4rka och m\u00f6jligg\u00f6ra en ut\u00f6kad kontakt\/relation till cykelsporten.<\/li>\n<\/ul>\n<\/li>\n<li><strong>Nyttja f\u00f6rbundets roll i det Nordiska Cykelf\u00f6rbundet<\/strong>\n<ul>\n<li>Attrahera deltagare fr\u00e5n dessa l\u00e4nder.<\/li>\n<\/ul>\n<\/li>\n<\/ul>\n","protected":false},"excerpt":{"rendered":"<p>2019 S\u00e4ker cykling 2.0 Inledning av samarbete mellan Folksam, SCF samt samtliga\u00a0arrang\u00f6rer sanktionerade av SCF. Efter genomf\u00f6rt lopp beh\u00f6ver arrang\u00f6ren skicka ut en enk\u00e4t framtagen tillsammans med Folksam till samtliga deltagare. M\u00e5let \u00e4r att f\u00e5 \u00f6kad information och f\u00f6rst\u00e5else kring incidenter, olyckor, risker, mm. L\u00e5ngsiktigt skall detta leda till s\u00e4krare arrangemang med f\u00e4rre olyckor.<a href=\"https:\/\/scf.se\/forbundet\/om-forbundet\/visionen\/scf-utveckling-2019\/\" class=\"news-card__more\"> &#8230;<\/a><\/p>\n","protected":false},"author":2,"featured_media":0,"parent":205,"menu_order":0,"comment_status":"closed","ping_status":"closed","template":"","meta":{"_acf_changed":false,"footnotes":""},"class_list":["post-2697","page","type-page","status-publish","hentry"],"acf":[],"_links":{"self":[{"href":"https:\/\/scf.se\/forbundet\/wp-json\/wp\/v2\/pages\/2697","targetHints":{"allow":["GET"]}}],"collection":[{"href":"https:\/\/scf.se\/forbundet\/wp-json\/wp\/v2\/pages"}],"about":[{"href":"https:\/\/scf.se\/forbundet\/wp-json\/wp\/v2\/types\/page"}],"author":[{"embeddable":true,"href":"https:\/\/scf.se\/forbundet\/wp-json\/wp\/v2\/users\/2"}],"replies":[{"embeddable":true,"href":"https:\/\/scf.se\/forbundet\/wp-json\/wp\/v2\/comments?post=2697"}],"version-history":[{"count":0,"href":"https:\/\/scf.se\/forbundet\/wp-json\/wp\/v2\/pages\/2697\/revisions"}],"up":[{"embeddable":true,"href":"https:\/\/scf.se\/forbundet\/wp-json\/wp\/v2\/pages\/205"}],"wp:attachment":[{"href":"https:\/\/scf.se\/forbundet\/wp-json\/wp\/v2\/media?parent=2697"}],"curies":[{"name":"wp","href":"https:\/\/api.w.org\/{rel}","templated":true}]}}