
{"id":2653,"date":"2018-05-29T11:16:59","date_gmt":"2018-05-29T09:16:59","guid":{"rendered":"http:\/\/scf.se\/forbundet\/?page_id=2653"},"modified":"2019-05-16T10:33:00","modified_gmt":"2019-05-16T08:33:00","slug":"tavla","status":"publish","type":"page","link":"https:\/\/scf.se\/forbundet\/tavla\/","title":{"rendered":"T\u00e4vla"},"content":{"rendered":"<p>\u00c4r du intresserad av att b\u00f6rja t\u00e4vla inom cykel? H\u00e4r finns n\u00e5gra tips p\u00e5 vad som du beh\u00f6ver t\u00e4nka p\u00e5 innan du och din cykel st\u00e4ller er p\u00e5 startlinjen.<\/p>\n<blockquote><p><em>\u00c4r du redan startklar och s\u00f6ker information om ditt UCI-ID, hur du skaffar licens, chip och f\u00f6rs\u00e4kringar kan du g\u00e5\u00a0<a href=\"https:\/\/scf.se\/forbundet\/tavlingsverksamhet\/tavlingslicens-chip-och-forsakringar\/\">direkt hit.<\/a><\/em><\/p><\/blockquote>\n<hr \/>\n<h3>T\u00e4vlingsintresserad?<\/h3>\n<ol>\n<li>Du beh\u00f6ver f\u00f6rst och fr\u00e4mst vara medlem i en f\u00f6rening som \u00e4r ansluten till Svenska Cykelf\u00f6rbundet. Har du ingen f\u00f6rening? <a href=\"https:\/\/scf.se\/forbundet\/borja-cykla\/\">H\u00e4r n\u00e5gra tips<\/a><\/li>\n<li>N\u00e4r du har ditt medlemskap klart \u00e4r det dags att aktivera din profil p\u00e5 Swe Cycling Online (SCOL). <a href=\"https:\/\/scf.se\/forbundet\/tavlingsverksamhet\/swe-cycling-online\/swe-cycling-online-cyklist\/\">Skapa profil i Swe Cycling Online<\/a><\/li>\n<li>N\u00e4r du v\u00e4l kommit in i SCOL beh\u00f6ver du ett UCI ID, det \u00e4r ett ID-nummer inom cykelv\u00e4rlden. <a href=\"https:\/\/scf.se\/forbundet\/tavlingsverksamhet\/arrangera-tavling\/nytt-fran-uci\/\">Du fyller i dina uppgifter vida denna sida.<\/a> Det tar ca 5-10 dagar f\u00f6r att det att aktiveras i SCOL.<\/li>\n<li>Under tiden UCI ID aktiveras i SCOL och beh\u00f6ver du fundera igenom vilken licenstyp just du ska ha samt passa p\u00e5 att g\u00f6ra Antidopingutbildningen. Denna \u00e4r obligatorisk f\u00f6r de som \u00e4r 17\u00e5r och upp\u00e5t. <a href=\"https:\/\/scf.se\/forbundet\/tavlingsverksamhet\/antidoping\/ren-vinnare\/\">Antidopingutbildning<\/a><\/li>\n<li>Det \u00e4r ocks\u00e5 h\u00f6g till att<a href=\"https:\/\/scf.se\/forbundet\/transponder-chip\/\"> Best\u00e4lla transponder (chip)<\/a>,<\/li>\n<li>N\u00e4r du f\u00e5tt ditt UCI ID kan du fullf\u00f6lja ans\u00f6kan av licens p\u00e5 din sida i SCOL.<a href=\"https:\/\/scf.se\/forbundet\/tavlingsverksamhet\/tavlingslicens-chip-och-forsakringar\/\"> Hur du best\u00e4ller licens hittar du h\u00e4r<\/a>. N\u00e4r din licens \u00e4r aktiverad kan du d\u00e4refter b\u00f6rja anm\u00e4la dig till t\u00e4vlingarna i <a href=\"http:\/\/swecyclingonline.se\">T\u00e4vlingskalendern<\/a><\/li>\n<li>Innan du st\u00e4ller dig p\u00e5 startlinjen \u00e4r det bra att du \u00e4r v\u00e4l f\u00f6rberedd p\u00e5 de regler som g\u00e4ller vid t\u00e4vling i respektive gren, sl\u00e4ng d\u00e4rf\u00f6r ett \u00f6ga p\u00e5 v\u00e5ra <a href=\"https:\/\/scf.se\/forbundet\/tavlingsverksamhet\/tavlingsregler\/\">t\u00e4vlingsregler<\/a><\/li>\n<\/ol>\n<p><strong>Vi \u00f6nskar dig ett stort lycka till, cykla fort men s\u00e4kert!<\/strong><\/p>\n","protected":false},"excerpt":{"rendered":"<p>\u00c4r du intresserad av att b\u00f6rja t\u00e4vla inom cykel? H\u00e4r finns n\u00e5gra tips p\u00e5 vad som du beh\u00f6ver t\u00e4nka p\u00e5 innan du och din cykel st\u00e4ller er p\u00e5 startlinjen. \u00c4r du redan startklar och s\u00f6ker information om ditt UCI-ID, hur du skaffar licens, chip och f\u00f6rs\u00e4kringar kan du g\u00e5\u00a0direkt hit. T\u00e4vlingsintresserad? Du beh\u00f6ver f\u00f6rst<a href=\"https:\/\/scf.se\/forbundet\/tavla\/\" class=\"news-card__more\"> &#8230;<\/a><\/p>\n","protected":false},"author":2,"featured_media":0,"parent":0,"menu_order":0,"comment_status":"closed","ping_status":"closed","template":"","meta":{"_acf_changed":false,"footnotes":""},"class_list":["post-2653","page","type-page","status-publish","hentry"],"acf":[],"_links":{"self":[{"href":"https:\/\/scf.se\/forbundet\/wp-json\/wp\/v2\/pages\/2653","targetHints":{"allow":["GET"]}}],"collection":[{"href":"https:\/\/scf.se\/forbundet\/wp-json\/wp\/v2\/pages"}],"about":[{"href":"https:\/\/scf.se\/forbundet\/wp-json\/wp\/v2\/types\/page"}],"author":[{"embeddable":true,"href":"https:\/\/scf.se\/forbundet\/wp-json\/wp\/v2\/users\/2"}],"replies":[{"embeddable":true,"href":"https:\/\/scf.se\/forbundet\/wp-json\/wp\/v2\/comments?post=2653"}],"version-history":[{"count":0,"href":"https:\/\/scf.se\/forbundet\/wp-json\/wp\/v2\/pages\/2653\/revisions"}],"wp:attachment":[{"href":"https:\/\/scf.se\/forbundet\/wp-json\/wp\/v2\/media?parent=2653"}],"curies":[{"name":"wp","href":"https:\/\/api.w.org\/{rel}","templated":true}]}}