
{"id":2412,"date":"2017-11-29T10:31:39","date_gmt":"2017-11-29T09:31:39","guid":{"rendered":"http:\/\/scf.se\/forbundet\/?page_id=2412"},"modified":"2019-07-03T10:54:15","modified_gmt":"2019-07-03T08:54:15","slug":"tavlingsorganisation","status":"publish","type":"page","link":"https:\/\/scf.se\/forbundet\/tavlingsorganisation\/","title":{"rendered":"T\u00e4vlingsorganisation"},"content":{"rendered":"<p><em>Sidan \u00e4r under uppdatering&#8230;<\/em><\/p>\n<ol>\n<li>T\u00e4vlingsledning \/ Projektledning\n<ul>\n<li>Projektledare<\/li>\n<li>T\u00e4vlingsledare*<\/li>\n<li>Funktion\u00e4rsansvarig<\/li>\n<li>Informationsansvarig<\/li>\n<li>Pressansvarig<\/li>\n<\/ul>\n<\/li>\n<li>\u00a0Bana\n<ul>\n<li>Banchef *<\/li>\n<li>Bangrupp<\/li>\n<\/ul>\n<\/li>\n<li>S\u00e4kerhet\n<ul>\n<li>Flaggvakter<\/li>\n<li><a href=\"https:\/\/scf.se\/forbundet\/tavlingsverksamhet\/arrangera-tavling\/frivillig-vardpersonal\/\">Sjukv\u00e5rdsansvarig<\/a>*.<\/li>\n<\/ul>\n<\/li>\n<li>Arena\n<ul>\n<li>Arenaansvarig<\/li>\n<li>Ljud<\/li>\n<li>Sambandsansvarig<\/li>\n<li>Antidoping<\/li>\n<li>Parkering<\/li>\n<li>Publik<\/li>\n<\/ul>\n<\/li>\n<li>Sekretariat \/ Tidtagning\n<ul>\n<li>Sekretariat<\/li>\n<li>Tidtagningsansvarig*<\/li>\n<li>Startchef<\/li>\n<li>Anm\u00e4lningsansvarig<\/li>\n<li>Ceremoniansvarig<\/li>\n<li>Speaker<\/li>\n<\/ul>\n<\/li>\n<li>Ekonomi och marknad\n<ul>\n<li>Ekonomiansvarig*<\/li>\n<li>Sponsoransvarig \/Sponsorgrupp<\/li>\n<li>Marknadsansvarig \/grupp<\/li>\n<li>F\u00f6rs\u00e4ljning (kiosk, grill, kaffe osv)<\/li>\n<\/ul>\n<\/li>\n<\/ol>\n<p>* Stj\u00e4rnmarkerade roller \u00e4r minimikrav f\u00f6r att ans\u00f6ka om sanktion. En och samma person kan ha flera olika roller.<\/p>\n<p><em>Listan ska kompletteras med rollbeskrivningar &#8211; arbete p\u00e5g\u00e5r med detta.<\/em><\/p>\n","protected":false},"excerpt":{"rendered":"<p>Sidan \u00e4r under uppdatering&#8230; T\u00e4vlingsledning \/ Projektledning Projektledare T\u00e4vlingsledare* Funktion\u00e4rsansvarig Informationsansvarig Pressansvarig \u00a0Bana Banchef * Bangrupp S\u00e4kerhet Flaggvakter Sjukv\u00e5rdsansvarig*. Arena Arenaansvarig Ljud Sambandsansvarig Antidoping Parkering Publik Sekretariat \/ Tidtagning Sekretariat Tidtagningsansvarig* Startchef Anm\u00e4lningsansvarig Ceremoniansvarig Speaker Ekonomi och marknad Ekonomiansvarig* Sponsoransvarig \/Sponsorgrupp Marknadsansvarig \/grupp F\u00f6rs\u00e4ljning (kiosk, grill, kaffe osv) * Stj\u00e4rnmarkerade roller \u00e4r minimikrav f\u00f6r<a href=\"https:\/\/scf.se\/forbundet\/tavlingsorganisation\/\" class=\"news-card__more\"> &#8230;<\/a><\/p>\n","protected":false},"author":2,"featured_media":0,"parent":0,"menu_order":0,"comment_status":"closed","ping_status":"closed","template":"","meta":{"_acf_changed":false,"footnotes":""},"class_list":["post-2412","page","type-page","status-publish","hentry"],"acf":[],"_links":{"self":[{"href":"https:\/\/scf.se\/forbundet\/wp-json\/wp\/v2\/pages\/2412","targetHints":{"allow":["GET"]}}],"collection":[{"href":"https:\/\/scf.se\/forbundet\/wp-json\/wp\/v2\/pages"}],"about":[{"href":"https:\/\/scf.se\/forbundet\/wp-json\/wp\/v2\/types\/page"}],"author":[{"embeddable":true,"href":"https:\/\/scf.se\/forbundet\/wp-json\/wp\/v2\/users\/2"}],"replies":[{"embeddable":true,"href":"https:\/\/scf.se\/forbundet\/wp-json\/wp\/v2\/comments?post=2412"}],"version-history":[{"count":0,"href":"https:\/\/scf.se\/forbundet\/wp-json\/wp\/v2\/pages\/2412\/revisions"}],"wp:attachment":[{"href":"https:\/\/scf.se\/forbundet\/wp-json\/wp\/v2\/media?parent=2412"}],"curies":[{"name":"wp","href":"https:\/\/api.w.org\/{rel}","templated":true}]}}