
{"id":2378,"date":"2017-11-09T12:40:54","date_gmt":"2017-11-09T11:40:54","guid":{"rendered":"http:\/\/scf.se\/forbundet\/?page_id=2378"},"modified":"2019-01-24T15:43:42","modified_gmt":"2019-01-24T14:43:42","slug":"varfor-kommissarie","status":"publish","type":"page","link":"https:\/\/scf.se\/forbundet\/tavlingsverksamhet\/arrangera-tavling\/varfor-kommissarie\/","title":{"rendered":"Tilldelning av kommissarie"},"content":{"rendered":"<p>Cykelsportens domare &#8211; kommissarier &#8211; ska bland annat se till att cykelt\u00e4vlingar genomf\u00f6rs under s\u00e4kra f\u00f6rh\u00e5llanden, att det r\u00e5der sportslig r\u00e4ttvisa och att reglerna efterlevs. Kommissarierna \u00e4r ocks\u00e5 de som kan utd\u00f6ma sanktioner i de fall reglerna inte efterlevs.<\/p>\n<h3>Hur tilldelas kommissarie till t\u00e4vlingsarrangemanget?<\/h3>\n<ul>\n<li>Vid <em>UCI-sanktionerad t\u00e4vling<\/em> \u00e4r det UCI som utser chefskommissarie. \u00d6vriga kommissarier utses av SCF:s kommissariekommitt\u00e9.<\/li>\n<li><em>SM och SWE Cup<\/em> &#8211; SCF:s kommissariekommitt\u00e9 utser kommissarie i samband med sanktionsans\u00f6kan.<\/li>\n<li><em>Nationella t\u00e4vlingar, distriktst\u00e4vlingar och ned\u00e5t<\/em>\u00a0&#8211; distriktsf\u00f6rbundet sanktionerar och utser kommissarie (g\u00e4ller from 2018 och\u00a0kan variera mellan de olika distrikten).<\/li>\n<\/ul>\n<h3>Om det inte finns en ledig kommissarie?<\/h3>\n<p>Det r\u00e5der brist p\u00e5 utbildade kommissarier och cykelsverige beh\u00f6ver fler! Kommissariekommitt\u00e9n arrangerar kurser! Anm\u00e4l intresse till\u00a0<a href=\"mailto:kommissarie@scf.se\">kommissarie@scf.se<\/a>.<\/p>\n<p><a href=\"https:\/\/scf.se\/forbundet\/tavlingsverksamhet\/kommissarier\/\">Mer om kommissarierollen<\/a><\/p>\n","protected":false},"excerpt":{"rendered":"<p>Cykelsportens domare &#8211; kommissarier &#8211; ska bland annat se till att cykelt\u00e4vlingar genomf\u00f6rs under s\u00e4kra f\u00f6rh\u00e5llanden, att det r\u00e5der sportslig r\u00e4ttvisa och att reglerna efterlevs. Kommissarierna \u00e4r ocks\u00e5 de som kan utd\u00f6ma sanktioner i de fall reglerna inte efterlevs. Hur tilldelas kommissarie till t\u00e4vlingsarrangemanget? Vid UCI-sanktionerad t\u00e4vling \u00e4r det UCI som utser chefskommissarie. \u00d6vriga<a href=\"https:\/\/scf.se\/forbundet\/tavlingsverksamhet\/arrangera-tavling\/varfor-kommissarie\/\" class=\"news-card__more\"> &#8230;<\/a><\/p>\n","protected":false},"author":2,"featured_media":0,"parent":64,"menu_order":0,"comment_status":"closed","ping_status":"closed","template":"","meta":{"_acf_changed":false,"footnotes":""},"class_list":["post-2378","page","type-page","status-publish","hentry"],"acf":[],"_links":{"self":[{"href":"https:\/\/scf.se\/forbundet\/wp-json\/wp\/v2\/pages\/2378","targetHints":{"allow":["GET"]}}],"collection":[{"href":"https:\/\/scf.se\/forbundet\/wp-json\/wp\/v2\/pages"}],"about":[{"href":"https:\/\/scf.se\/forbundet\/wp-json\/wp\/v2\/types\/page"}],"author":[{"embeddable":true,"href":"https:\/\/scf.se\/forbundet\/wp-json\/wp\/v2\/users\/2"}],"replies":[{"embeddable":true,"href":"https:\/\/scf.se\/forbundet\/wp-json\/wp\/v2\/comments?post=2378"}],"version-history":[{"count":0,"href":"https:\/\/scf.se\/forbundet\/wp-json\/wp\/v2\/pages\/2378\/revisions"}],"up":[{"embeddable":true,"href":"https:\/\/scf.se\/forbundet\/wp-json\/wp\/v2\/pages\/64"}],"wp:attachment":[{"href":"https:\/\/scf.se\/forbundet\/wp-json\/wp\/v2\/media?parent=2378"}],"curies":[{"name":"wp","href":"https:\/\/api.w.org\/{rel}","templated":true}]}}