
{"id":2316,"date":"2025-07-07T06:44:13","date_gmt":"2025-07-07T04:44:13","guid":{"rendered":"http:\/\/scf.se\/forbundet\/?page_id=2316"},"modified":"2025-09-05T09:05:00","modified_gmt":"2025-09-05T07:05:00","slug":"dispensansokan","status":"publish","type":"page","link":"https:\/\/scf.se\/forbundet\/dispensansokan\/","title":{"rendered":"Dispensans\u00f6kan"},"content":{"rendered":"<h3>Dispensans\u00f6kan f\u00f6r t\u00e4vlande i annan klass \u00e4n sin licenstillh\u00f6righet<em>.<\/em><\/h3>\n<p>En dispensans\u00f6kan f\u00f6r att t\u00e4vla i annan klass \u00e4n sin licenstillh\u00f6righet ska fyllas i av f\u00f6reningen och s\u00e4ndas till f\u00f6rbundskapten i respektive gren i s\u00e5 god tid som m\u00f6jligt innan t\u00e4vling, g\u00e4rna en m\u00e5nad innan sista anm\u00e4lningsdatum. Handl\u00e4ggningen kan ta tid d\u00e5 f\u00f6rbundskaptenerna ofta \u00e4r ute p\u00e5 uppdrag och kan ha sv\u00e5rt att administrera ans\u00f6kningar med kort framf\u00f6rh\u00e5llning.\u00a0Kontaktuppgifter till f\u00f6rbundskaptener hittar du <a href=\"https:\/\/scf.se\/forbundet\/kontakt\/\">h\u00e4r<\/a>.<\/p>\n<p><a href=\"https:\/\/scf.se\/forbundet\/wp-content\/uploads\/sites\/9\/2025\/07\/Formular-for-dispensansokan.docx\">Formul\u00e4r f\u00f6r dispensans\u00f6kan<\/a><\/p>\n<p>&nbsp;<\/p>\n<h3><strong>Dispensans\u00f6kan f\u00f6r deltagande i icke SCF sanktionerad t\u00e4vling\/arrangemang<\/strong><\/h3>\n<p>Enligt RF:s stadgar Kapitel 8, paragraf 4, g\u00e4ller f\u00f6ljande f\u00f6r medlem i f\u00f6rening ansluten till RF (oavsett idrott):<\/p>\n<p><em>&#8221;\u00c4r arrang\u00f6r av t\u00e4vling eller uppvisning inte ansluten till SF som administrerar ifr\u00e5gavarande idrottsgren, f\u00e5r medlem delta endast om SF (Specialidrottsf\u00f6rbund) godk\u00e4nt deltagandet i t\u00e4vlingen eller uppvisningen.&#8221;.\u00a0<\/em><\/p>\n<p>Enligt SCF:s t\u00e4vlingsregler Del 1, paragraf \u00a0<a name=\"_Toc3598494\"><\/a>\u00a7 3 F\u00f6rbjudna t\u00e4vlingar, 1.2.019 f\u00e5r cyklister med UCI licens inte delta i lopp som ej \u00e4r sanktionerat av det internationella (UCI) eller nationella f\u00f6rbundet (SCF).<\/p>\n<p>Enligt SCF:s stadgar, Kapitel 8, paragraf 4, <em>F\u00f6reningsmedlems deltagande i den idrottsliga verksamheten<\/em>, g\u00e4ller: <em>\u00c4r arrang\u00f6ren inte ansluten till Svenska Cykelf\u00f6rbundet f\u00e5r medlemmen delta endast om f\u00f6rbundet har godk\u00e4nt deltagandet.<\/em><\/p>\n<p>T\u00e4vlingslicensierad cyklist kan s\u00f6ka dispens f\u00f6r att f\u00e5 delta i ett icke SCF sanktionerad t\u00e4vling\/arrangemang. Formul\u00e4r finns l\u00e4ngre ner p\u00e5 denna sida. Kostnad f\u00f6r varje enskild dispensans\u00f6kan \u00e4r 300:- som ska betalas in i samband med att dispensans\u00f6kan mejlas in till kansli@scf.se, t\u00e4vlingsansvarige och f\u00f6rbundskaptenen i den aktuella grenen. Kontaktuppgifter till t\u00e4vlingsansvarige och f\u00f6rbundskaptener hittar du <a href=\"https:\/\/scf.se\/forbundet\/kontakt\/\">h\u00e4r<\/a>.<\/p>\n<p>Betalning sker till SCF:s Bankgiro: 309-1345, ange &#8221;Dispensans\u00f6kan, F\u00f6rnamn, Efternamn&#8221;. En dispensans\u00f6kan hanteras f\u00f6rst efter att betalning \u00e4r genomf\u00f6rd.<\/p>\n<p>Utan dispens har den t\u00e4vlingslicensierade cyklisten inte heller n\u00e5gon g\u00e4llande olycksfallsf\u00f6rs\u00e4kring (fr\u00e5n SCF) vid deltagande i det osanktionerade loppet.<\/p>\n<p>Observera att endast cyklister med t\u00e4vlingslicens kopplad till UCI beh\u00f6ver s\u00f6ka dispens f\u00f6r deltagande i av SCF icke sanktionerade arrangemang. S\u00e5ledes beh\u00f6ver cyklister med Motionslicens inte s\u00f6ka dispens f\u00f6r icke sanktionerat arrangemang.<\/p>\n","protected":false},"excerpt":{"rendered":"<p>Dispensans\u00f6kan f\u00f6r t\u00e4vlande i annan klass \u00e4n sin licenstillh\u00f6righet. En dispensans\u00f6kan f\u00f6r att t\u00e4vla i annan klass \u00e4n sin licenstillh\u00f6righet ska fyllas i av f\u00f6reningen och s\u00e4ndas till f\u00f6rbundskapten i respektive gren i s\u00e5 god tid som m\u00f6jligt innan t\u00e4vling, g\u00e4rna en m\u00e5nad innan sista anm\u00e4lningsdatum. Handl\u00e4ggningen kan ta tid d\u00e5 f\u00f6rbundskaptenerna ofta \u00e4r<a href=\"https:\/\/scf.se\/forbundet\/dispensansokan\/\" class=\"news-card__more\"> &#8230;<\/a><\/p>\n","protected":false},"author":32,"featured_media":0,"parent":0,"menu_order":0,"comment_status":"closed","ping_status":"closed","template":"","meta":{"_acf_changed":false,"footnotes":""},"class_list":["post-2316","page","type-page","status-publish","hentry"],"acf":[],"_links":{"self":[{"href":"https:\/\/scf.se\/forbundet\/wp-json\/wp\/v2\/pages\/2316","targetHints":{"allow":["GET"]}}],"collection":[{"href":"https:\/\/scf.se\/forbundet\/wp-json\/wp\/v2\/pages"}],"about":[{"href":"https:\/\/scf.se\/forbundet\/wp-json\/wp\/v2\/types\/page"}],"author":[{"embeddable":true,"href":"https:\/\/scf.se\/forbundet\/wp-json\/wp\/v2\/users\/32"}],"replies":[{"embeddable":true,"href":"https:\/\/scf.se\/forbundet\/wp-json\/wp\/v2\/comments?post=2316"}],"version-history":[{"count":10,"href":"https:\/\/scf.se\/forbundet\/wp-json\/wp\/v2\/pages\/2316\/revisions"}],"predecessor-version":[{"id":10863,"href":"https:\/\/scf.se\/forbundet\/wp-json\/wp\/v2\/pages\/2316\/revisions\/10863"}],"wp:attachment":[{"href":"https:\/\/scf.se\/forbundet\/wp-json\/wp\/v2\/media?parent=2316"}],"curies":[{"name":"wp","href":"https:\/\/api.w.org\/{rel}","templated":true}]}}