
{"id":2252,"date":"2023-02-28T12:05:57","date_gmt":"2023-02-28T11:05:57","guid":{"rendered":"http:\/\/scf.se\/forbundet\/?page_id=2252"},"modified":"2026-03-28T09:47:02","modified_gmt":"2026-03-28T08:47:02","slug":"transponder-chip","status":"publish","type":"page","link":"https:\/\/scf.se\/forbundet\/transponder-chip\/","title":{"rendered":"Transponder (chip)"},"content":{"rendered":"<p>SWE Cup och SM-arrangemang i mountainbike, landsv\u00e4g och cykelcross genomf\u00f6rs med personlig transponder som monteras p\u00e5 cykeln.\u00a0Transpondern heter\u00a0<strong>ProChip Flex <\/strong>och best\u00e4lls online.<b>\u00a0<\/b><\/p>\n<p>Du kan v\u00e4lja att abonnera transpondern i ett, tv\u00e5 eller fem \u00e5r. N\u00e4r du har aktiverat\u00a0transpondern f\u00e5r du ett meddelande fr\u00e5n Mylaps n\u00e4r det \u00e4r dags att f\u00f6rnya abonnemanget.<\/p>\n<h3>S\u00e5 h\u00e4r best\u00e4ller du och aktiverar transpondern:<\/h3>\n<ol>\n<li><a href=\"https:\/\/nghtrading.se\/product-category\/active-sports\/\"><em><strong>Best\u00e4ll transpondern ProChip FLEX och tillbeh\u00f6r H\u00c4R!<\/strong><\/em><\/a><\/li>\n<li>F\u00e4st transpondern p\u00e5 framgaffeln.<\/li>\n<li><strong>Aktivera transpondern<\/strong> p\u00e5 Mylaps.com, d\u00e5 blir du meddelad n\u00e4r abonnemanget tar slut och det \u00e4r dags att f\u00f6rnya det.<em><strong>\u00a0<\/strong><\/em><a href=\"https:\/\/scf.se\/forbundet\/tavlingsverksamhet\/aktivera-transponder\/\"><em><strong>Instruktioner hittar du H\u00c4R!<\/strong><\/em><\/a><\/li>\n<li>Vid problem g\u00e5r det bra att kontakta MyLaps support. P\u00e5\u00a0<a href=\"http:\/\/support.mylaps.com\/index.php\/emea_eng\/Websites\/B2C\/run\/support#_ga=2.243058945.2002355634.1502706513-987677880.1494231371\">mylaps.com<\/a>\u00a0finns \u00e4ven en Q&amp;A g\u00e4llande de fr\u00e5gor som kan uppst\u00e5 kring abonnemangen och tekniken.<br \/>\nKontaktuppgifter till MyLaps kundsupport:<br \/>\nmail:\u00a0<a href=\"mailto:tech.support@mylaps.com\">tech.support@mylaps.com<\/a>\u00a0eller tfn:\u00a0+31 237 600 200.<\/li>\n<li>Registrera ditt chipnummer vid varje anm\u00e4lan p\u00e5 Sportstiming.<\/li>\n<\/ol>\n<h3>Kom ih\u00e5g!<\/h3>\n<ul>\n<li><a href=\"https:\/\/scf.se\/forbundet\/tavlingsverksamhet\/aktivera-transponder\/\"><strong>Aktivera ditt chip!<\/strong><\/a> G\u00f6r detta i god tid innan t\u00e4vling. S\u00e4rskilt viktigt om du har ett helt nytt eller har tagit \u00f6ver en transponder som haft ett 1-\u00e5rs abonnemang. Det slutar att fungera p\u00e5 dagen exakt efter ett \u00e5r.<\/li>\n<li><strong>Registrera ditt chipnummer<\/strong> i din profil p\u00e5 SweCyclingOnline. Men kom ih\u00e5g att ta bort det fr\u00e5n profilen om chipet \u00f6verl\u00e4mnas till annan person!<\/li>\n<li>Du som har ett chip som \u00e4r fyra \u00e5r eller mer (runda) &#8211; var beredd p\u00e5 att batteritiden n\u00e4rmar sig sitt slut. Kolla med t\u00e4vlingsarrang\u00f6ren hur och n\u00e4r du kan kolla detta p\u00e5 plats p\u00e5 t\u00e4vlingen om du \u00e4r os\u00e4ker.<\/li>\n<li>F\u00f6r de nyare transpondarna (flexchip) g\u00e5r det att kolla via\u00a0 ProChip FLEX Manager (internet), <a href=\"https:\/\/static.mylaps.com\/media\/2013_01%20ProChip%20FLEX%20QR%20Manual_v2.pdf#_ga=2.142583985.224098162.1523875708-1464509860.1517298724\">f\u00f6lj denna l\u00e4nk.<\/a><\/li>\n<\/ul>\n<h3><strong>F\u00f6r t\u00e4vlingsarrang\u00f6rer:<\/strong><\/h3>\n<p><a href=\"https:\/\/scf.se\/forbundet\/tavlingsverksamhet\/arrangera-tavling\/cykelresultat-och-chipsystemet\/\">Information om programvaran som hanterar chipsystem och t\u00e4vlingsresultat<\/a><\/p>\n","protected":false},"excerpt":{"rendered":"<p>SWE Cup och SM-arrangemang i mountainbike, landsv\u00e4g och cykelcross genomf\u00f6rs med personlig transponder som monteras p\u00e5 cykeln.\u00a0Transpondern heter\u00a0ProChip Flex och best\u00e4lls online.\u00a0 Du kan v\u00e4lja att abonnera transpondern i ett, tv\u00e5 eller fem \u00e5r. N\u00e4r du har aktiverat\u00a0transpondern f\u00e5r du ett meddelande fr\u00e5n Mylaps n\u00e4r det \u00e4r dags att f\u00f6rnya abonnemanget. S\u00e5 h\u00e4r best\u00e4ller<a href=\"https:\/\/scf.se\/forbundet\/transponder-chip\/\" class=\"news-card__more\"> &#8230;<\/a><\/p>\n","protected":false},"author":32,"featured_media":0,"parent":0,"menu_order":0,"comment_status":"closed","ping_status":"closed","template":"","meta":{"_acf_changed":false,"footnotes":""},"class_list":["post-2252","page","type-page","status-publish","hentry"],"acf":[],"_links":{"self":[{"href":"https:\/\/scf.se\/forbundet\/wp-json\/wp\/v2\/pages\/2252","targetHints":{"allow":["GET"]}}],"collection":[{"href":"https:\/\/scf.se\/forbundet\/wp-json\/wp\/v2\/pages"}],"about":[{"href":"https:\/\/scf.se\/forbundet\/wp-json\/wp\/v2\/types\/page"}],"author":[{"embeddable":true,"href":"https:\/\/scf.se\/forbundet\/wp-json\/wp\/v2\/users\/32"}],"replies":[{"embeddable":true,"href":"https:\/\/scf.se\/forbundet\/wp-json\/wp\/v2\/comments?post=2252"}],"version-history":[{"count":2,"href":"https:\/\/scf.se\/forbundet\/wp-json\/wp\/v2\/pages\/2252\/revisions"}],"predecessor-version":[{"id":11969,"href":"https:\/\/scf.se\/forbundet\/wp-json\/wp\/v2\/pages\/2252\/revisions\/11969"}],"wp:attachment":[{"href":"https:\/\/scf.se\/forbundet\/wp-json\/wp\/v2\/media?parent=2252"}],"curies":[{"name":"wp","href":"https:\/\/api.w.org\/{rel}","templated":true}]}}