
{"id":2230,"date":"2023-02-28T12:01:37","date_gmt":"2023-02-28T11:01:37","guid":{"rendered":"http:\/\/scf.se\/forbundet\/?page_id=2230"},"modified":"2023-03-17T08:14:04","modified_gmt":"2023-03-17T07:14:04","slug":"aktivera-transponder","status":"publish","type":"page","link":"https:\/\/scf.se\/forbundet\/tavlingsverksamhet\/aktivera-transponder\/","title":{"rendered":"Aktivera transponder"},"content":{"rendered":"<p>F\u00f6r att aktivera din transponder ska du g\u00e5 in p\u00e5 MyLaps hemsida. D\u00e4r skapar du ett MyLaps-konto och aktiverar din transponder d\u00e4rifr\u00e5n. Se till att du har r\u00e4tt drivrutin innan du b\u00f6rjar med detta! Du kan ladda ner drivrutinen via l\u00e4nken h\u00e4r innan du aktiverar transpondern. <a href=\"https:\/\/www.mylaps.com\/support\/software-firmware\/\">https:\/\/www.mylaps.com\/support\/software-firmware\/<\/a><\/p>\n<p>F\u00f6r att skapa ett MyLaps konto g\u00e5r du in p\u00e5 l\u00e4nken: <a href=\"http:\/\/www.mylaps.com\/en\">http:\/\/www.mylaps.com\/en<\/a> och v\u00e4ljer LOGIN i h\u00f6gra h\u00f6rnet, sedan v\u00e4ljer du login (r\u00f6da knappen) och slutligen SIGN UP i det h\u00f6gra h\u00f6rnet.<\/p>\n<h3>Hur f\u00f6rl\u00e4nger jag transponderns giltighetstid?<\/h3>\n<ul>\n<li><a href=\"https:\/\/nghtrading.se\/product-category\/active-sports\/\"><em><strong>G\u00e5 till ProChip FLEX h\u00e4r, klicka sedan p\u00e5 abonnemang!<\/strong><\/em><\/a><\/li>\n<li>V\u00e4lj antal \u00e5r som du \u00f6nskar aktivera din transponder. (1, 2 eller 5 \u00e5r).<\/li>\n<li>Du kommer att bli p\u00e5mind n\u00e4r det \u00e4r dags att reaktivera transpondern n\u00e4r abonnemanget \u00e4r slut.<\/li>\n<li>Ange ditt transpondernummer och dina personliga uppgifter.<\/li>\n<li>Betala<\/li>\n<li>Aktivera f\u00f6rl\u00e4ngningen av abonnemanget.<\/li>\n<\/ul>\n<h3>Aktivera reaktivering av transponder<\/h3>\n<ul>\n<li>Ladda ner och installera FLEX Manager Software<\/li>\n<li>S\u00e4tt in din transponder i din PS via USB porten.<\/li>\n<li>Aktivera f\u00f6rl\u00e4ngningen\u00a0som du k\u00f6pt ovan.<\/li>\n<\/ul>\n<p>OBS! De gamla runda transpondern\u00a0ska inte reaktiveras (AMB ProChip). Om du \u00e4r os\u00e4ker p\u00e5 om transpondern\u00a0fungerar kan du kontrollera detta vid inskrivningen p\u00e5 t\u00e4vlingen eller m\u00e5lflaket.<\/p>\n<hr \/>\n<blockquote><p>Kom ih\u00e5g att ocks\u00e5 registrera transpondern\u00a0p\u00e5 din personliga sida i SweCyclingOnline, s\u00e5 att t\u00e4vlingsarrang\u00f6rerna f\u00e5r information till tidtagningen.<\/p><\/blockquote>\n<hr \/>\n<h3>Hur placerar jag transpondern p\u00e5 cykeln?<\/h3>\n<p>Chipet ska sitta p\u00e5 framgaffeln s\u00e5 l\u00e5ngt ner som m\u00f6jligt, se bilden nedan.<\/p>\n<p>F\u00f6r Cyclo Cross b\u00f6r du ha den p\u00e5 benet vid ankeln d\u00e5 du f\u00e5r byta cykel under t\u00e4vlingen. Anv\u00e4nd d\u00e5 det medskickade kardborrebandet. Har du den p\u00e5 cykel s\u00e5 blir det inga tider om du har bytt cykel. Det \u00e4r ok att ha chipet under strumpan eller byxan.<\/p>\n<div id=\"attachment_2232\" class=\"wp-caption alignnone\" ><a href=\"https:\/\/scf.se\/forbundet\/wp-content\/uploads\/sites\/9\/2017\/06\/Placering-Chip.jpg\"><img loading=\"lazy\" decoding=\"async\" class=\"size-full wp-image-2232\" src=\"https:\/\/scf.se\/forbundet\/wp-content\/uploads\/sites\/9\/2017\/06\/Placering-Chip.jpg\" alt=\"S\u00e5 h\u00e4r placeras transpondern\" width=\"465\" height=\"309\" srcset=\"https:\/\/scf.se\/forbundet\/wp-content\/uploads\/sites\/9\/2017\/06\/Placering-Chip.jpg 465w, https:\/\/scf.se\/forbundet\/wp-content\/uploads\/sites\/9\/2017\/06\/Placering-Chip-300x199.jpg 300w\" sizes=\"auto, (max-width: 465px) 100vw, 465px\" \/><\/a><p class=\"wp-caption-text\">S\u00e5 h\u00e4r placeras transpondern<\/p><\/div>\n","protected":false},"excerpt":{"rendered":"<p>F\u00f6r att aktivera din transponder ska du g\u00e5 in p\u00e5 MyLaps hemsida. D\u00e4r skapar du ett MyLaps-konto och aktiverar din transponder d\u00e4rifr\u00e5n. Se till att du har r\u00e4tt drivrutin innan du b\u00f6rjar med detta! Du kan ladda ner drivrutinen via l\u00e4nken h\u00e4r innan du aktiverar transpondern. https:\/\/www.mylaps.com\/support\/software-firmware\/ F\u00f6r att skapa ett MyLaps konto g\u00e5r<a href=\"https:\/\/scf.se\/forbundet\/tavlingsverksamhet\/aktivera-transponder\/\" class=\"news-card__more\"> &#8230;<\/a><\/p>\n","protected":false},"author":2,"featured_media":0,"parent":96,"menu_order":0,"comment_status":"closed","ping_status":"closed","template":"","meta":{"_acf_changed":false,"footnotes":""},"class_list":["post-2230","page","type-page","status-publish","hentry"],"acf":[],"_links":{"self":[{"href":"https:\/\/scf.se\/forbundet\/wp-json\/wp\/v2\/pages\/2230","targetHints":{"allow":["GET"]}}],"collection":[{"href":"https:\/\/scf.se\/forbundet\/wp-json\/wp\/v2\/pages"}],"about":[{"href":"https:\/\/scf.se\/forbundet\/wp-json\/wp\/v2\/types\/page"}],"author":[{"embeddable":true,"href":"https:\/\/scf.se\/forbundet\/wp-json\/wp\/v2\/users\/2"}],"replies":[{"embeddable":true,"href":"https:\/\/scf.se\/forbundet\/wp-json\/wp\/v2\/comments?post=2230"}],"version-history":[{"count":0,"href":"https:\/\/scf.se\/forbundet\/wp-json\/wp\/v2\/pages\/2230\/revisions"}],"up":[{"embeddable":true,"href":"https:\/\/scf.se\/forbundet\/wp-json\/wp\/v2\/pages\/96"}],"wp:attachment":[{"href":"https:\/\/scf.se\/forbundet\/wp-json\/wp\/v2\/media?parent=2230"}],"curies":[{"name":"wp","href":"https:\/\/api.w.org\/{rel}","templated":true}]}}