
{"id":2199,"date":"2017-05-03T12:05:54","date_gmt":"2017-05-03T10:05:54","guid":{"rendered":"http:\/\/scf.se\/forbundet\/?page_id=2199"},"modified":"2017-05-03T12:06:14","modified_gmt":"2017-05-03T10:06:14","slug":"thomas-backteman","status":"publish","type":"page","link":"https:\/\/scf.se\/forbundet\/om-forbundet\/styrelsen\/thomas-backteman\/","title":{"rendered":"Thomas Backteman, ledamot"},"content":{"rendered":"<blockquote><p>Om\u00a0man vill att det ska h\u00e4nda n\u00e5got s\u00e5 m\u00e5ste man vara med och se till att det\u00a0blir s\u00e5. Det g\u00e5r inte att lita p\u00e5 att andra ska fixa det. D\u00e4rf\u00f6r var det enkelt att tacka ja till styrelseuppdraget i Svenska Cykelf\u00f6rbundet. Det k\u00e4nns som ett hedersuppdrag eftersom det \u00e4r s\u00e5 otroligt roligt med cykel!<\/p><\/blockquote>\n<a href=\"https:\/\/scf.se\/forbundet\/wp-content\/uploads\/sites\/9\/2017\/05\/Thomas-Backteman-profil-1-e1493804622769.jpg\"><img loading=\"lazy\" decoding=\"async\" class=\"alignnone size-post-small wp-image-2202\" src=\"https:\/\/scf.se\/forbundet\/wp-content\/uploads\/sites\/9\/2017\/05\/Thomas-Backteman-profil-1-e1493804622769-740x462.jpg\" alt=\"Thomas Backteman profil\" width=\"740\" height=\"462\" \/><\/a>\n<p>Thomas \u00e4r redan aktiv i cykelsverige, p\u00e5 lokal niv\u00e5 som ordf\u00f6rande i Stockholms CK och p\u00e5 distriktsniv\u00e5\u00a0i Stockholms Cykelf\u00f6rbund. Till vardags \u00e4r han seniorkonsult inom strategisk\u00a0kommunikation och har tidigare variit kommunikationsdirekt\u00f6r p\u00e5 Swedbank. Valdes av f\u00f6rbundsm\u00f6tet till styrelsledamot 2017 f\u00f6r en tid av tv\u00e5 \u00e5r. H\u00e4r \u00e4r lite fakta om Thomas:<\/p>\n<p><strong>D\u00e4rf\u00f6r \u00e4r cykel en bra sport att satsa p\u00e5:<br \/>\n<\/strong>Det \u00e4r en sport som g\u00f6r att man kan idrotta hela livet!<\/p>\n<p><strong>F\u00f6rebild?<\/strong><br \/>\nMin estniska mormor<\/p>\n<p><strong>Det h\u00e4r \u00e4r svensk cykel i framtiden:<\/strong><br \/>\nSommars\u00e4songens skidor och en t\u00e4vlingssport som st\u00e5r sig v\u00e4l internationellt.<\/p>\n<p><strong>Dold talang:<br \/>\n<\/strong>Jakt \u00e4r ett stort intresse och jag \u00e4r r\u00e4tt s\u00e5 bra p\u00e5 att skjuta hagelgev\u00e4r.<\/p>\n<p><strong>Hit skulle jag vilja \u00e5ka:<\/strong><br \/>\nAustralien<\/p>\n<p><strong>Favoritcitat:<\/strong><\/p>\n<blockquote><p>Det blir aldrig l\u00e4ttare, det g\u00e5r bara snabbare.<\/p><\/blockquote>\n<p>Thomas n\u00e5r du via epost: <a href=\"mailto:thomas.backteman@scf.se\">thomas.backteman@scf.se<\/a>.<\/p>\n","protected":false},"excerpt":{"rendered":"<p>Om\u00a0man vill att det ska h\u00e4nda n\u00e5got s\u00e5 m\u00e5ste man vara med och se till att det\u00a0blir s\u00e5. Det g\u00e5r inte att lita p\u00e5 att andra ska fixa det. D\u00e4rf\u00f6r var det enkelt att tacka ja till styrelseuppdraget i Svenska Cykelf\u00f6rbundet. Det k\u00e4nns som ett hedersuppdrag eftersom det \u00e4r s\u00e5 otroligt roligt med cykel!<a href=\"https:\/\/scf.se\/forbundet\/om-forbundet\/styrelsen\/thomas-backteman\/\" class=\"news-card__more\"> &#8230;<\/a><\/p>\n","protected":false},"author":2,"featured_media":0,"parent":111,"menu_order":0,"comment_status":"closed","ping_status":"closed","template":"","meta":{"_acf_changed":false,"footnotes":""},"class_list":["post-2199","page","type-page","status-publish","hentry"],"acf":[],"_links":{"self":[{"href":"https:\/\/scf.se\/forbundet\/wp-json\/wp\/v2\/pages\/2199","targetHints":{"allow":["GET"]}}],"collection":[{"href":"https:\/\/scf.se\/forbundet\/wp-json\/wp\/v2\/pages"}],"about":[{"href":"https:\/\/scf.se\/forbundet\/wp-json\/wp\/v2\/types\/page"}],"author":[{"embeddable":true,"href":"https:\/\/scf.se\/forbundet\/wp-json\/wp\/v2\/users\/2"}],"replies":[{"embeddable":true,"href":"https:\/\/scf.se\/forbundet\/wp-json\/wp\/v2\/comments?post=2199"}],"version-history":[{"count":0,"href":"https:\/\/scf.se\/forbundet\/wp-json\/wp\/v2\/pages\/2199\/revisions"}],"up":[{"embeddable":true,"href":"https:\/\/scf.se\/forbundet\/wp-json\/wp\/v2\/pages\/111"}],"wp:attachment":[{"href":"https:\/\/scf.se\/forbundet\/wp-json\/wp\/v2\/media?parent=2199"}],"curies":[{"name":"wp","href":"https:\/\/api.w.org\/{rel}","templated":true}]}}