
{"id":2156,"date":"2017-04-13T09:58:37","date_gmt":"2017-04-13T07:58:37","guid":{"rendered":"http:\/\/scf.se\/forbundet\/?page_id=2156"},"modified":"2020-12-08T10:29:19","modified_gmt":"2020-12-08T09:29:19","slug":"stod-till-landslagscyklister","status":"publish","type":"page","link":"https:\/\/scf.se\/forbundet\/erbjudanden\/stod-till-landslagscyklister\/","title":{"rendered":"St\u00f6d till landslagscyklister"},"content":{"rendered":"<p>F\u00f6rbundets styrelse har ing\u00e5tt samarbete med n\u00e5gra akt\u00f6rer som ska kunna hj\u00e4lpa v\u00e5ra landslagscyklister att f\u00e5 en tryggad tillvaro under och efter karri\u00e4ren som elitidrottare. V\u00e5ra samarbetspartners kan bland annat hj\u00e4lpa till med avtalsgranskning, r\u00e5dgivning kring pensionssparande och st\u00f6d inf\u00f6r n\u00e4sta steg i karri\u00e4ren. H\u00e4r f\u00f6ljer n\u00e5gra exempel p\u00e5 vad du som \u00e4r senior landslagscyklist kan f\u00e5 hj\u00e4lp med.<\/p>\n<h3>Pensionsr\u00e5dgivning<\/h3>\n<p>Detta med att spara en slant f\u00f6r framtida bruk kan vara n\u00e5got man inte t\u00e4nker p\u00e5 men ack s\u00e5 viktigt det \u00e4r. Vill du tr\u00e4ffa en r\u00e5dgivare som ocks\u00e5 har erfarenhet av eget idrottande f\u00f6r att prata om detta s\u00e5 \u00e4r det bara att ringa. Vi kommer i f\u00f6rsta hand att rekommendera Skandias r\u00e5dgivare.<\/p>\n<h3>Avtalsgranskning<\/h3>\n<p>Vill du ha hj\u00e4lp med att n\u00e5gon oberoende avtalsjurist g\u00e5r igenom ditt avtal innan du skriver p\u00e5, kontakta SCF kansli s\u00e5 rekommenderar vi n\u00e5gon som vi har samarbete med.<\/p>\n<h3>Karri\u00e4rv\u00e4xling<\/h3>\n<p>Om man har varit landslagscyklist och man b\u00f6rjar se slutet p\u00e5 sin karri\u00e4r s\u00e5 kan det uppst\u00e5 en massa fr\u00e5gor p\u00e5 hur man skall agera. Vi har tidigare erbjudit hj\u00e4lp med karri\u00e4rsv\u00e4xling vi ett f\u00f6retag som tyv\u00e4rr nu inte erbjuder den tj\u00e4nsten l\u00e4ngre. Dock kan vi konstatera att inom styrelsen och dess kontaktn\u00e4t finns ett stort antal personer med erfarenhet fr\u00e5n n\u00e4ringslivet s\u00e5v\u00e4l som utbildningsv\u00e4sendet. Dessa kan vara bra bollplank n\u00e4r man t\u00e4nker p\u00e5 n\u00e4sta steg i livet. L\u00e5ter de intressant \u00e4r det bara kontakta kansliet eller v\u00e5r ordf\u00f6rande.<\/p>\n","protected":false},"excerpt":{"rendered":"<p>F\u00f6rbundets styrelse har ing\u00e5tt samarbete med n\u00e5gra akt\u00f6rer som ska kunna hj\u00e4lpa v\u00e5ra landslagscyklister att f\u00e5 en tryggad tillvaro under och efter karri\u00e4ren som elitidrottare. V\u00e5ra samarbetspartners kan bland annat hj\u00e4lpa till med avtalsgranskning, r\u00e5dgivning kring pensionssparande och st\u00f6d inf\u00f6r n\u00e4sta steg i karri\u00e4ren. H\u00e4r f\u00f6ljer n\u00e5gra exempel p\u00e5 vad du som \u00e4r senior<a href=\"https:\/\/scf.se\/forbundet\/erbjudanden\/stod-till-landslagscyklister\/\" class=\"news-card__more\"> &#8230;<\/a><\/p>\n","protected":false},"author":2,"featured_media":0,"parent":119,"menu_order":0,"comment_status":"closed","ping_status":"closed","template":"","meta":{"_acf_changed":false,"footnotes":""},"class_list":["post-2156","page","type-page","status-publish","hentry"],"acf":[],"_links":{"self":[{"href":"https:\/\/scf.se\/forbundet\/wp-json\/wp\/v2\/pages\/2156","targetHints":{"allow":["GET"]}}],"collection":[{"href":"https:\/\/scf.se\/forbundet\/wp-json\/wp\/v2\/pages"}],"about":[{"href":"https:\/\/scf.se\/forbundet\/wp-json\/wp\/v2\/types\/page"}],"author":[{"embeddable":true,"href":"https:\/\/scf.se\/forbundet\/wp-json\/wp\/v2\/users\/2"}],"replies":[{"embeddable":true,"href":"https:\/\/scf.se\/forbundet\/wp-json\/wp\/v2\/comments?post=2156"}],"version-history":[{"count":0,"href":"https:\/\/scf.se\/forbundet\/wp-json\/wp\/v2\/pages\/2156\/revisions"}],"up":[{"embeddable":true,"href":"https:\/\/scf.se\/forbundet\/wp-json\/wp\/v2\/pages\/119"}],"wp:attachment":[{"href":"https:\/\/scf.se\/forbundet\/wp-json\/wp\/v2\/media?parent=2156"}],"curies":[{"name":"wp","href":"https:\/\/api.w.org\/{rel}","templated":true}]}}