
{"id":2083,"date":"2024-02-16T12:50:29","date_gmt":"2024-02-16T11:50:29","guid":{"rendered":"http:\/\/scf.se\/forbundet\/?page_id=2083"},"modified":"2025-09-03T15:08:38","modified_gmt":"2025-09-03T13:08:38","slug":"riu-och-evl","status":"publish","type":"page","link":"https:\/\/scf.se\/forbundet\/utbildning\/riu-och-evl\/","title":{"rendered":"Eftergymnasiala utbildningar med cykel eller idrott som inriktning"},"content":{"rendered":"<h2>Satsa p\u00e5 dubbla karri\u00e4rer \u2013 cykel och utbildning!<\/h2>\n<p>Arbetet med elitidrottsv\u00e4nliga l\u00e4ros\u00e4ten och Riksidrottsuniversitet forts\u00e4tter och p\u00e5 n\u00e5gra av skolorna studerar enskilda cyklister:<\/p>\n<h2><strong>Dala Sports Academy Elit<\/strong><\/h2>\n<p><strong>Dala Sports Academy Elit \u00e4r en <\/strong><strong>elitidrottsmilj\u00f6 med s\u00e4te i Falun och Borl\u00e4nge. Sedan starten 1985 har aktiva som varit en del av verksamheten tagit fler \u00e4n 315 medaljer p\u00e5 OS, VM och EM. Verksamheten drivs av RF-SISU Dalarna i n\u00e4ra samarbete med specialidrottsf\u00f6rbunden f\u00f6r de sex idrotterna som ing\u00e5r i verksamheten.<\/strong><strong>\u00a0<\/strong><\/p>\n<p>I elitmilj\u00f6n finner ni idrottare fr\u00e5n hela v\u00e4rlden och m\u00e5nga av dem tillh\u00f6r landslagsniv\u00e5n s\u00e5v\u00e4l som yttersta v\u00e4rldseliten i sin idrott. Gemensamt f\u00f6r idrottarna i v\u00e5r milj\u00f6 \u00e4r att de valt att satsa fullt ut p\u00e5 sitt idrottande, oavsett om de v\u00e4ljer att kombinera denna satsning med arbete, studier eller som heltidsproffs. Syftet med Dala Sports Academy Elit \u00e4r att erbjuda dessa idrottare en v\u00e4lsmord elitmilj\u00f6 som stimulerar dem i den dagliga tr\u00e4ningen.<\/p>\n<ul>\n<li><strong><a href=\"https:\/\/www.rfsisu.se\/Dalarna\/Viarbetarmed\/DalaSportsAcademyElit\/\">Mer information om Dala Sports Academy Elit H\u00c4R!<\/a><\/strong><\/li>\n<\/ul>\n<h2><strong>Cykel p\u00e5 Dala Sports Academy Elit<\/strong><\/h2>\n<p>Byggda MTB-banor i v\u00e4rldsklass, m\u00e4ngder med stigar, ett l\u00e5gt trafikerat v\u00e4gn\u00e4t, Sveriges enda inomhusvelodrom samt en BMX-bana inomhus. I Falun och Borl\u00e4nge finns goda f\u00f6ruts\u00e4ttningar f\u00f6r att bedriva cykling \u00e5ret runt. Dessutom erbjuds goda f\u00f6ruts\u00e4ttningar f\u00f6r alternativ tr\u00e4ning t ex: styrketr\u00e4ning, simning, skid\u00e5kning och l\u00f6pning d\u00e4r m\u00e5nga aktiviteter bara ligger ett stenkast fr\u00e5n varandra. H\u00e4r finns n\u00e4rheten som g\u00f6r det enkelt att f\u00e5 vardagen att g\u00e5 ihop som idrottare!<\/p>\n<p>Den dagliga verksamheten p\u00e5 Dala Sports Academy Elit Cykel best\u00e5r av ett antal tr\u00e4ningspass per vecka som alla \u00e4r noga planerade av erk\u00e4nt duktiga elitidrottstr\u00e4nare med bred kunskap och erfarenhet inom sina respektive idrotter, vilket s\u00e4kerst\u00e4ller h\u00f6g kvalit\u00e9 och m\u00f6jlighet till utveckling f\u00f6r v\u00e5ra aktiva. Ut\u00f6ver gemensamma tr\u00e4ningar ges \u00e4ven ett antal idrottare i milj\u00f6n varje \u00e5r m\u00f6jlighet till individuell tr\u00e4ningsplanering och coachning, \u00e4ven det i samarbete med v\u00e5ra elitidrottstr\u00e4nare.<\/p>\n<h3><strong>Framg\u00e5ngsrika cyklister i elitmilj\u00f6n genom \u00e5ren<\/strong><\/h3>\n<p>Cyklister i Dala Sports Academy Elit som minst tagit medalj p\u00e5 senior-SM niv\u00e5: Jakob S\u00f6derqvist, Oliver Zwar, Ben Zwar, Oliwer Kangas, Emil Johansson, Vilgot Lindh, Jenny Rissveds, Ida Jansson, Zakarias Johansen, Simon Carlsson, Frida Knutsson, Fredrik Ericsson, Jens Westergren, Michael Stevensson, Lars Bleckur, Christoffer Stevensson, Niklas Wallner, Sara Penton, Hanna Nilsson, Alina Johansson, Johan Wid\u00e9n, Linn Gustafzzon, Martin Setterberg, Emil Linde, Daniel Swanbeck, Henrik Jansson, Jennie Stenerhag, Antonia Gr\u00f6ndal, Ebba Grankvist, Elina Davidsson och David Eriksson.<\/p>\n<h3>F\u00f6r mer information om Dala Sports Academy Elit cykel<\/h3>\n<ul>\n<li><a href=\"https:\/\/www.rfsisu.se\/Dalarna\/Viarbetarmed\/DalaSportsAcademyElit\/Idrotterna\/Cykel\/\"><strong>RF SISU Dalarnas informationssida H\u00c4R!<\/strong><\/a><\/li>\n<li><a href=\"https:\/\/scf.se\/forbundet\/wp-content\/uploads\/sites\/9\/2022\/05\/forutsattningar-dsa-elit-2022-2023-1.pdf\"><strong><span id=\"page275R_mcid5\" class=\"markedContent\"><span dir=\"ltr\" role=\"presentation\">F\u00f6ruts\u00e4ttningar Dala Sports Academy Elit 2022\/2023 H\u00c4R!<\/span><\/span><\/strong><\/a><\/li>\n<\/ul>\n<p>&nbsp;<\/p>\n<hr \/>\n<h3><strong>Gymnastik- och idrottsh\u00f6gskolan<\/strong><\/h3>\n<p class=\"ingress\">Gymnastik- och idrottsh\u00f6gskolan, GIH, \u00e4r v\u00e4rldens \u00e4ldsta idrottsh\u00f6gskola. L\u00e4ros\u00e4tet ligger vid Stockholms Stadion och \u00e4r Sveriges fr\u00e4msta kunskapscentrum f\u00f6r idrott, fysisk aktivitet och h\u00e4lsa. H\u00e4r utbildas l\u00e4rare i idrott och h\u00e4lsa, tr\u00e4nare, h\u00e4lsopedagoger, sport managers, idrottsvetare och forskare.<\/p>\n<p><a href=\"https:\/\/www.gih.se\/Utbildning\/Sa-fungerar-hogskolestudier\/Innan-du-borjar-lasa\/Elitidrott-och-studier\/\">GIH &#8211; Elitidrott och studier<\/a><\/p>\n<p><a href=\"https:\/\/www.gih.se\/Global\/2_utbildning\/BILDER\/Riksidrottsuniversitet\/Broschyr.pdf\">Broschyr.pdf (gih.se)<\/a><\/p>\n<p><a href=\"https:\/\/www.gih.se\/SAMVERKAN\/Riksidrottsuniversitet-Stockholm\/\">GIH &#8211; Riksidrottsuniversitet Stockholm<\/a><\/p>\n<p><strong>GIH har \u00f6ppet hus den 11 mars 2021<\/strong><\/p>\n<p><a href=\"https:\/\/gih.se\/kampanj\/oppet-hus\/\">https:\/\/gih.se\/kampanj\/oppet-hus\/<\/a>.<\/p>\n<hr \/>\n<h3><strong>Riksdrottsuniversitetet KTH<\/strong><\/h3>\n<p>KTH \u00e4r ett Riksidrottsuniversitet (RIU) tillsammans med gymnastik- och idrottsh\u00f6gskolan (GIH) och bildar RIU-Stockholm. P\u00e5 KTH ska det vara m\u00f6jligt att samtidigt b\u00e5de studera och elitidrotta. P\u00e5 KTH bedrivs ocks\u00e5 v\u00e4rldsledande forskning inom m\u00e5nga teknikomr\u00e5den som \u00e4r intressant f\u00f6r svensk idrott.<\/p>\n<p><a href=\"https:\/\/www.kth.se\/om\/akademi\/riksidrottsuniversitetet-1.774413\">Riksidrottsuniversitetet | KTH<\/a><\/p>\n<p><strong>KTH har \u00f6ppet hus den 20 mars 2021<\/strong><\/p>\n<p><a href=\"https:\/\/www.kth.se\/utbildning\/traffakth\/oppet-hus\/oppet-hus-1.558794\">https:\/\/www.kth.se\/utbildning\/traffakth\/oppet-hus\/oppet-hus-1.558794<\/a><\/p>\n<p>&nbsp;<\/p>\n<h3><\/h3>\n","protected":false},"excerpt":{"rendered":"<p>Satsa p\u00e5 dubbla karri\u00e4rer \u2013 cykel och utbildning! Arbetet med elitidrottsv\u00e4nliga l\u00e4ros\u00e4ten och Riksidrottsuniversitet forts\u00e4tter och p\u00e5 n\u00e5gra av skolorna studerar enskilda cyklister: Dala Sports Academy Elit Dala Sports Academy Elit \u00e4r en elitidrottsmilj\u00f6 med s\u00e4te i Falun och Borl\u00e4nge. Sedan starten 1985 har aktiva som varit en del av verksamheten tagit fler \u00e4n<a href=\"https:\/\/scf.se\/forbundet\/utbildning\/riu-och-evl\/\" class=\"news-card__more\"> &#8230;<\/a><\/p>\n","protected":false},"author":32,"featured_media":0,"parent":4245,"menu_order":0,"comment_status":"closed","ping_status":"closed","template":"","meta":{"_acf_changed":false,"footnotes":""},"class_list":["post-2083","page","type-page","status-publish","hentry"],"acf":[],"_links":{"self":[{"href":"https:\/\/scf.se\/forbundet\/wp-json\/wp\/v2\/pages\/2083","targetHints":{"allow":["GET"]}}],"collection":[{"href":"https:\/\/scf.se\/forbundet\/wp-json\/wp\/v2\/pages"}],"about":[{"href":"https:\/\/scf.se\/forbundet\/wp-json\/wp\/v2\/types\/page"}],"author":[{"embeddable":true,"href":"https:\/\/scf.se\/forbundet\/wp-json\/wp\/v2\/users\/32"}],"replies":[{"embeddable":true,"href":"https:\/\/scf.se\/forbundet\/wp-json\/wp\/v2\/comments?post=2083"}],"version-history":[{"count":2,"href":"https:\/\/scf.se\/forbundet\/wp-json\/wp\/v2\/pages\/2083\/revisions"}],"predecessor-version":[{"id":10860,"href":"https:\/\/scf.se\/forbundet\/wp-json\/wp\/v2\/pages\/2083\/revisions\/10860"}],"up":[{"embeddable":true,"href":"https:\/\/scf.se\/forbundet\/wp-json\/wp\/v2\/pages\/4245"}],"wp:attachment":[{"href":"https:\/\/scf.se\/forbundet\/wp-json\/wp\/v2\/media?parent=2083"}],"curies":[{"name":"wp","href":"https:\/\/api.w.org\/{rel}","templated":true}]}}