
{"id":2082,"date":"2025-11-13T09:31:46","date_gmt":"2025-11-13T08:31:46","guid":{"rendered":"http:\/\/scf.se\/forbundet\/?page_id=2082"},"modified":"2025-11-13T09:37:23","modified_gmt":"2025-11-13T08:37:23","slug":"rig-niu","status":"publish","type":"page","link":"https:\/\/scf.se\/forbundet\/utbildning\/rig-niu\/","title":{"rendered":"Gymnasieutbildningar med inriktning cykel"},"content":{"rendered":"<p>\u00c4r du ung, cyklist och s\u00f6ker en utbildning d\u00e4r du kan forts\u00e4tta att utvecklas inom din idrott? D\u00e5 kanske n\u00e5gon av nedan utbildningar passar dig?<\/p>\n<h3>Utbildningar med elitidrottskarakt\u00e4r &#8211; RIG och NIU<\/h3>\n<p>Det finns tv\u00e5\u00a0varianter av idrottsutbildningar p\u00e5 gymnasial niv\u00e5 som har en tydlig elitidrottskarakt\u00e4r och ett etablerat samarbete med ett specialidrottsf\u00f6rbund relevant f\u00f6r utbildningen: Riksidrottsgymnasier (RIG) och nationellt godk\u00e4nda idrottsutbildningar (NIU). Dessa utbildningar har en tydlig elitidrottskarakt\u00e4r och riktar sig till elever som vill kombinera sin gymnasieutbildning med en elitidrottssatsning.\u00a0RIG \u00e4r riksrekryterande, det vill s\u00e4ga elever fr\u00e5n hela landet kan s\u00f6ka till dem. De nationellt godk\u00e4nda idrottsutbildningarna (NIU) \u00e4r tre\u00e5riga och lokala\/regionala, men de rekryterar ocks\u00e5 fr\u00e5n hela landet med hj\u00e4lp av ett samverkansavtal som tecknas mellan kommunerna.\u00a0<a href=\"https:\/\/www.rf.se\/RFarbetarmed\/Elitidrott\/elitidrottpagymnasiet\/\">Mer om RIG och NIU finns h\u00e4r<\/a>.<\/p>\n<p>Svenska Cykelf\u00f6rbundet samverkar idag med fem gymnasieskolor som har cykelinriktning:<\/p>\n<p><strong><a href=\"https:\/\/skara.se\/barn--utbildning\/gymnasium\/katedralskolan.html\">RIG &#8211; Cykelgymnasiet i Skara<\/a><br \/>\n<\/strong>Det riksrekryterande idrottsgymnasiet f\u00f6r cykel p\u00e5 Katedralskolan i Skara bedriver verksamhet f\u00f6r cirka 30 cyklister (landsv\u00e4g och mountainbike XC) varje \u00e5r och erbjuder f\u00f6r n\u00e4rvarande \u00e5tta olika studieprogram. M\u00f6jlighet att f\u00f6rl\u00e4gga utbildningen \u00f6ver fyra \u00e5r.<\/p>\n<p><a href=\"https:\/\/hagstromska.se\/falun\/idrotter\/cykel\/\"><strong>NIU &#8211; Hagstr\u00f6mska i Falun<\/strong><\/a><br \/>\nErbjuder m\u00f6jlighet att utvecklas inom cykelsportens alla grenar uppdelade p\u00e5: Landsv\u00e4g\/Bancykel, Mountainbike\/Cykelcross och &#8221;Teknikgruppen&#8221; som best\u00e5r av disciplinerna Dirt\/Slopestyle, Downhill, 4X, Enduro och BMX (race och street).<\/p>\n<p><a href=\"https:\/\/www.sandauc.se\/idrottscentrum.html\"><strong>NIU \u2013 Sandagymnasiet i J\u00f6nk\u00f6ping<\/strong><\/a><strong><br \/>\n<\/strong>P\u00e5 Sandagymnasiet ges m\u00f6jlighet att kombinera studier och flera idrotter. Sedan HT 2019 finns Nationell idrottsutbildning i Mountainbike (NIU). L\u00e4s mer p\u00e5 <a href=\"https:\/\/www.sandauc.se\/idrottscentrum.html\">sandauc.se<\/a>.<\/p>\n<p><a href=\"https:\/\/torsby.se\/stjerneskolan\/stjerneskolan\/idrottsgymnasium\/mountainbike.4.6e9a66a817ed2fef6c3509.html\"><strong>NIU &#8211; Stjerneskolan i Torsby<\/strong><\/a><br \/>\nMTB-utbildningen p\u00e5 Stjerneskolan \u00e4r en nationellt godk\u00e4nd idrottsutbildning, NIU och \u00e4r den senaste i raden av idrottsutbildningar p\u00e5 Stjerneskolan. Den finns sedan h\u00f6stterminen 2020. I n\u00e4ra anslutning till skolan och p\u00e5 flera st\u00e4llen runt om i omr\u00e5det finns optimala tr\u00e4ningsm\u00f6jligheter b\u00e5de med och utan mountainbike.<\/p>\n<hr \/>\n<p><strong>Elitidrott p\u00e5 gymnasiet\u00a0<\/strong><\/p>\n<p>Ut\u00f6ver RIG och NIU som har nationell intagning finns \u00e4ven lokala idrottsutbildningar (LIU). LIU ligger inom det individuella valet, d\u00e4r man s\u00f6ker n\u00e5got av gymnasieskolans program och v\u00e4ljer &#8221;Idrott och h\u00e4lsa \u2013 specialisering&#8221; som individuellt val och anger d\u00e4refter vilken idrott.<\/p>\n<p><strong>LIU \u2013 Sandagymnasiet i J\u00f6nk\u00f6ping<\/strong><br \/>\n<a href=\"http:\/\/www.sandauc.se\/166\/sanda-idrottscentrum\/idrotter\/mountainbike.html\">http:\/\/www.sandauc.se<\/a><\/p>\n<p>&nbsp;<\/p>\n<p><a href=\"https:\/\/www.rf.se\/RFarbetarmed\/Elitidrott\/elitidrottpagymnasiet\/\">Mer information om elitidrott p\u00e5 gymnasieniv\u00e5<\/a><\/p>\n<p>&nbsp;<\/p>\n","protected":false},"excerpt":{"rendered":"<p>\u00c4r du ung, cyklist och s\u00f6ker en utbildning d\u00e4r du kan forts\u00e4tta att utvecklas inom din idrott? D\u00e5 kanske n\u00e5gon av nedan utbildningar passar dig? Utbildningar med elitidrottskarakt\u00e4r &#8211; RIG och NIU Det finns tv\u00e5\u00a0varianter av idrottsutbildningar p\u00e5 gymnasial niv\u00e5 som har en tydlig elitidrottskarakt\u00e4r och ett etablerat samarbete med ett specialidrottsf\u00f6rbund relevant f\u00f6r<a href=\"https:\/\/scf.se\/forbundet\/utbildning\/rig-niu\/\" class=\"news-card__more\"> &#8230;<\/a><\/p>\n","protected":false},"author":32,"featured_media":0,"parent":4245,"menu_order":0,"comment_status":"closed","ping_status":"closed","template":"","meta":{"_acf_changed":false,"footnotes":""},"class_list":["post-2082","page","type-page","status-publish","hentry"],"acf":[],"_links":{"self":[{"href":"https:\/\/scf.se\/forbundet\/wp-json\/wp\/v2\/pages\/2082","targetHints":{"allow":["GET"]}}],"collection":[{"href":"https:\/\/scf.se\/forbundet\/wp-json\/wp\/v2\/pages"}],"about":[{"href":"https:\/\/scf.se\/forbundet\/wp-json\/wp\/v2\/types\/page"}],"author":[{"embeddable":true,"href":"https:\/\/scf.se\/forbundet\/wp-json\/wp\/v2\/users\/32"}],"replies":[{"embeddable":true,"href":"https:\/\/scf.se\/forbundet\/wp-json\/wp\/v2\/comments?post=2082"}],"version-history":[{"count":6,"href":"https:\/\/scf.se\/forbundet\/wp-json\/wp\/v2\/pages\/2082\/revisions"}],"predecessor-version":[{"id":11172,"href":"https:\/\/scf.se\/forbundet\/wp-json\/wp\/v2\/pages\/2082\/revisions\/11172"}],"up":[{"embeddable":true,"href":"https:\/\/scf.se\/forbundet\/wp-json\/wp\/v2\/pages\/4245"}],"wp:attachment":[{"href":"https:\/\/scf.se\/forbundet\/wp-json\/wp\/v2\/media?parent=2082"}],"curies":[{"name":"wp","href":"https:\/\/api.w.org\/{rel}","templated":true}]}}