
{"id":2051,"date":"2026-01-31T11:45:05","date_gmt":"2026-01-31T10:45:05","guid":{"rendered":"http:\/\/scf.se\/forbundet\/?page_id=2051"},"modified":"2026-02-02T21:21:27","modified_gmt":"2026-02-02T20:21:27","slug":"forbundsmote","status":"publish","type":"page","link":"https:\/\/scf.se\/forbundet\/forbundsmote\/","title":{"rendered":"F\u00f6rbundsm\u00f6te"},"content":{"rendered":"<p>F\u00f6rbundsm\u00f6tet \u00e4r Svenska Cykelf\u00f6rbundets beslutande organ och \u00e4ger rum den andra helgen i mars varje \u00e5r. P\u00e5 f\u00f6rbundsm\u00f6tet har alla SCF-anslutna f\u00f6reningar och distrikt m\u00f6jligheten att direkt p\u00e5verka f\u00f6rbundets verksamhet, bland annat v\u00e4ljer man h\u00e4r vilka som sitter i f\u00f6rbundsstyrelsen.<\/p>\r\n<p>Styrelsen leder SCF:s verksamhet enligt plan och budget n\u00e4r f\u00f6rbundsm\u00f6tet inte \u00e4r samlat.\u00a0<\/p>\r\n<p>Idrottsr\u00f6relsen \u00e4r uppbyggd p\u00e5 allas medverkan, det \u00e4r allts\u00e5 du som medlem och din f\u00f6rening som \u00e4r med och best\u00e4mmer \u00f6ver v\u00e5r gemensamma verksamhet. F\u00f6rbundets generalsekreterare (GS) \u00e4r v\u00e5r verksamhetsledare som beh\u00f6ver alla eras tankar, \u00e5sikter och visioner f\u00f6r att p\u00e5 b\u00e4sta s\u00e4tt bygga och utveckla den verksamhet som Cykelsverige \u00f6nskar.<\/p>\r\n<p>Mer information om f\u00f6rbundsm\u00f6tet nedan.<\/p>\r\n<ul>\r\n<li><a href=\"https:\/\/scf.se\/forbundet\/kalender\/scfs-forbundsmote-2026\/\"><strong>F\u00f6rbundsm\u00f6te 2026<\/strong><\/a><\/li>\r\n<li><a href=\"https:\/\/scf.se\/forbundet\/kalender\/scfs-forbundsmote-2025\/\"><strong>F\u00f6rbundsm\u00f6te 2025<\/strong><\/a><\/li>\r\n<li><strong><a href=\"https:\/\/scf.se\/forbundet\/kalender\/forbundsmote-2024\/\">F\u00f6rbundsm\u00f6te 2024<\/a><\/strong><\/li>\r\n<li><strong><a href=\"https:\/\/scf.se\/forbundet\/kalender\/forbundsmote-2023\/\">F\u00f6rbundsm\u00f6te 2023<\/a><\/strong><\/li>\r\n<li><strong><a href=\"https:\/\/scf.se\/forbundet\/kalender\/forbundsmote-2022\/\">F\u00f6rbundsm\u00f6te 2022<\/a><\/strong><\/li>\r\n<li><strong><a href=\"https:\/\/scf.se\/forbundet\/kalender\/forbundsmote-2021\/\">F\u00f6rbundsm\u00f6te 2021<\/a><\/strong><\/li>\r\n<li><strong><a href=\"https:\/\/scf.se\/forbundet\/?post_type=kalender&amp;p=3962&amp;preview=true\">F\u00f6rbundsm\u00f6te 2020<\/a><\/strong><\/li>\r\n<li><strong><a href=\"https:\/\/scf.se\/forbundet\/kalender\/forbundsmote-2018\/\">F\u00f6rbundsm\u00f6te 2019\u00a0<\/a><\/strong><\/li>\r\n<\/ul>\r\n<hr \/>\r\n<ul>\r\n<li><strong><a href=\"https:\/\/scf.se\/forbundet\/styrelserapporter-och-protokoll\/\">M\u00f6tesprotokoll och verksamhetsrapporter<\/a><\/strong><\/li>\r\n<\/ul>\r\n\r\n<p>&nbsp;<\/p>\r\n","protected":false},"excerpt":{"rendered":"<p>F\u00f6rbundsm\u00f6tet \u00e4r Svenska Cykelf\u00f6rbundets beslutande organ och \u00e4ger rum den andra helgen i mars varje \u00e5r. P\u00e5 f\u00f6rbundsm\u00f6tet har alla SCF-anslutna f\u00f6reningar och distrikt m\u00f6jligheten att direkt p\u00e5verka f\u00f6rbundets verksamhet, bland annat v\u00e4ljer man h\u00e4r vilka som sitter i f\u00f6rbundsstyrelsen. Styrelsen leder SCF:s verksamhet enligt plan och budget n\u00e4r f\u00f6rbundsm\u00f6tet inte \u00e4r samlat.\u00a0 Idrottsr\u00f6relsen<a href=\"https:\/\/scf.se\/forbundet\/forbundsmote\/\" class=\"news-card__more\"> &#8230;<\/a><\/p>\n","protected":false},"author":32,"featured_media":0,"parent":0,"menu_order":0,"comment_status":"closed","ping_status":"closed","template":"","meta":{"_acf_changed":false,"footnotes":""},"class_list":["post-2051","page","type-page","status-publish","hentry"],"acf":[],"_links":{"self":[{"href":"https:\/\/scf.se\/forbundet\/wp-json\/wp\/v2\/pages\/2051","targetHints":{"allow":["GET"]}}],"collection":[{"href":"https:\/\/scf.se\/forbundet\/wp-json\/wp\/v2\/pages"}],"about":[{"href":"https:\/\/scf.se\/forbundet\/wp-json\/wp\/v2\/types\/page"}],"author":[{"embeddable":true,"href":"https:\/\/scf.se\/forbundet\/wp-json\/wp\/v2\/users\/32"}],"replies":[{"embeddable":true,"href":"https:\/\/scf.se\/forbundet\/wp-json\/wp\/v2\/comments?post=2051"}],"version-history":[{"count":4,"href":"https:\/\/scf.se\/forbundet\/wp-json\/wp\/v2\/pages\/2051\/revisions"}],"predecessor-version":[{"id":11456,"href":"https:\/\/scf.se\/forbundet\/wp-json\/wp\/v2\/pages\/2051\/revisions\/11456"}],"wp:attachment":[{"href":"https:\/\/scf.se\/forbundet\/wp-json\/wp\/v2\/media?parent=2051"}],"curies":[{"name":"wp","href":"https:\/\/api.w.org\/{rel}","templated":true}]}}