
{"id":2041,"date":"2017-01-20T10:11:06","date_gmt":"2017-01-20T09:11:06","guid":{"rendered":"http:\/\/scf.se\/forbundet\/?page_id=2041"},"modified":"2017-01-20T10:16:07","modified_gmt":"2017-01-20T09:16:07","slug":"forbundskaptener","status":"publish","type":"page","link":"https:\/\/scf.se\/forbundet\/om-forbundet\/forbundskaptener\/","title":{"rendered":"Nu f\u00f6rst\u00e4rker SCF f\u00f6rbundskaptensrollerna"},"content":{"rendered":"<p>Rekryteringsprocessen av de utlysta tj\u00e4nsterna p\u00e5 SCF \u00e4r delvis klar. Efter en sp\u00e4nnande process d\u00e4r m\u00e5nga, v\u00e4l kvalificerade, har s\u00f6kt de olika tj\u00e4nsterna har vi nu n\u00f6jet\u00a0att presentera tre av de nya f\u00f6rbundskaptenerna som ska vara med och utveckla respektive landslag\u00a0men ocks\u00e5 de talanger som \u00e4r p\u00e5 v\u00e4g in i landslaget, allt i enighet med <a href=\"https:\/\/scf.se\/forbundet\/om-forbundet\/styrelsen\/strategi-2017-2024\/\">SCF:s l\u00e5ngsiktiga m\u00e5l<\/a>.\u00a0Information om vem som erh\u00e5ller tj\u00e4nsterna som F\u00f6rbundskapten BMX och Utbildnings- och\u00a0utvecklingsansvarig kommer att meddelas s\u00e5 snart respektive anst\u00e4llningsprocess n\u00e5r sitt slut.<\/p>\n<p>Under arbetet med att hitta r\u00e4tt f\u00f6rbundskapten har vi intervjuat flera, mycket kompetenta\u00a0kandidater. Samtalen har varit givande, sett ur flera perspektiv och det \u00e4r sp\u00e4nnande att h\u00f6ra att det\u00a0\u00e4r s\u00e5 m\u00e5nga som samst\u00e4mmigt uttrycker en \u00f6nskan om att f\u00e5 ge tillbaka till idrotten det som de\u00a0sj\u00e4lva upplever att de f\u00e5tt. \u00c4ven om SCF inte har m\u00f6jligheten att erbjuda alla en anst\u00e4llning s\u00e5\u00a0hoppas vi att alla, de som vi varit i kontakt med men \u00e4ven andra ute i organisationen, k\u00e4nner att det\u00a0alltid finns en plats f\u00f6r engagemang inom svensk cykel.<\/p>\n<p>Som kontraktsanst\u00e4llda f\u00f6rbundskaptener f\u00f6r landsv\u00e4g-, mountainbike- och paralandslagen\u00a0v\u00e4lkomnar vi idag <strong>Lucas Persson, Annie S\u00f6derberg<\/strong> och <strong>Michael Lindgren<\/strong>. Vi ser fram emot att ha er\u00a0med p\u00e5 t\u00e5get mot framtiden och \u00e4r \u00f6vertygade om att ni kommer ta er an era uppgifter p\u00e5 allra b\u00e4sta\u00a0s\u00e4tt. V\u00c4LKOMNA!<\/p>\n<h3>Lucas Persson, f\u00f6rbundskapten landsv\u00e4g<\/h3>\n<div id=\"attachment_2044\" class=\"wp-caption alignnone\" ><a href=\"https:\/\/scf.se\/forbundet\/wp-content\/uploads\/sites\/9\/2017\/01\/Lucas-Persson_170113_low.jpg\"><img loading=\"lazy\" decoding=\"async\" class=\"wp-image-2044 size-post-small\" src=\"https:\/\/scf.se\/forbundet\/wp-content\/uploads\/sites\/9\/2017\/01\/Lucas-Persson_170113_low-e1484863898434-740x462.jpg\" alt=\"Lucas Persson_170113_low\" width=\"740\" height=\"462\" \/><\/a><p class=\"wp-caption-text\">Lucas Persson, f\u00f6rbundskapten landsv\u00e4g<\/p><\/div>\n<p>Lucas Persson kontrakteras p\u00e5 heltid med ett \u00f6vergripande ansvar f\u00f6r landslagsverksamheten p\u00e5\u00a0landsv\u00e4g. Efter en s\u00e4song som f\u00f6rbundskapten f\u00f6r U23 och Herr juniorer f\u00e5r han nu ett\u00a0helhetsansvar f\u00f6r landsv\u00e4gscyklisterna, inklusive elitlagen d\u00e5 Martin Vestby, f\u00f6rbundskapten sedan\u00a0flera \u00e5r f\u00f6r dameliten och Jonas Ljungblad, sportchef och f\u00f6rbundskapten f\u00f6r herreliten b\u00e5da har\u00a0avslutat sina uppdrag f\u00f6r SCF. Delar av sportchefens uppgifter landar nu p\u00e5 respektive grens\u00a0f\u00f6rbundskaptener, som f\u00e5r ett ut\u00f6kat ansvarsomr\u00e5de. Lucas Persson kommer att bist\u00e5s i sitt arbete\u00a0av den nuvarande f\u00f6rbundskapten f\u00f6r damjuniorer, <a href=\"https:\/\/scf.se\/landsvag\/isabelle-soderberg\/\">Isabelle S\u00f6derberg<\/a>, som forts\u00e4tter sitt uppdrag\u00a0\u00e4ven detta \u00e5r.<\/p>\n<blockquote><p>\u201dJag \u00e4r glad att jag kan vara med och forts\u00e4tta att utveckla Svensk cykel i 2017. Det har varit v\u00e4ldigt\u00a0givande och kul att jobba med v\u00e5ra unga framtida cykelstj\u00e4rnor. Nu ser jag fram emot ett nytt \u00e5r med\u00a0nya utmaningar\u201d, s\u00e4ger Lucas Persson, f\u00f6rbundskapten landsv\u00e4g\u201d.<\/p><\/blockquote>\n<h3>Annie S\u00f6derberg, f\u00f6rbundskapten mountainbike<\/h3>\n<div id=\"attachment_2047\" class=\"wp-caption alignnone\" ><a href=\"https:\/\/scf.se\/forbundet\/wp-content\/uploads\/sites\/9\/2017\/01\/Annie-So\u0308derberg.jpg\"><img loading=\"lazy\" decoding=\"async\" class=\"wp-image-2047 size-post-small\" src=\"https:\/\/scf.se\/forbundet\/wp-content\/uploads\/sites\/9\/2017\/01\/Annie-So\u0308derberg-740x462.jpg\" alt=\"Annie So\u0308derberg\" width=\"740\" height=\"462\" \/><\/a><p class=\"wp-caption-text\">Annie S\u00f6derberg, f\u00f6rbundskapten mountainbike<\/p><\/div>\n<p><a href=\"https:\/\/scf.se\/forbundet\/wp-content\/uploads\/sites\/9\/2017\/01\/Annie-S\u00f6derberg_low.jpg\"><br \/>\n<\/a>Annie S\u00f6derberg fr\u00e5n \u00d6rebro blir f\u00f6rbundskapten f\u00f6r mountainbike. Hon har funnits inom sporten i\u00a0nitton \u00e5r &#8211; som aktiv, tr\u00e4nare och ledare. Annie S\u00f6derberg har t\u00e4vlat inom n\u00e4stan samtliga\u00a0discipliner, utbildat sig till tr\u00e4nare vid \u00d6rebro Universitet och studerat KBT-elitidrott genom RF, GIH\u00a0och SISU. Som idrottspsykologisk r\u00e5dgivare har hon ocks\u00e5 arbetat med landslagsaktiva inom andra\u00a0idrotter. S\u00f6derberg har redan varit landslagsledare vid stora m\u00e4sterskap och v\u00e4rldscuper och haft ett n\u00e4ra samarbete med tidigare f\u00f6rbundskapten, Anders Ljungberg. Nu tar Annie \u00f6ver hela ansvaret f\u00f6r\u00a0b\u00e5de ledartrupp och aktiva.<\/p>\n<blockquote><p>&#8221;Min erfarenhet av arbete inom elitidrotten har gjort mig beredd att m\u00f6ta det mesta. Jag kommer att arbeta f\u00f6r att skapa ett starkt team av kompetenta och kompletterande f\u00f6rm\u00e5gor kring\u00a0landslagsverksamheten. Det \u00e4r en sann gl\u00e4dje att nu leda de aktiva som f\u00f6rbundskapten&#8221;, s\u00e4ger Annie S\u00f6derberg, ny f\u00f6rbundskapten f\u00f6r mountainbike.<\/p><\/blockquote>\n<h3>Michael Lindgren, f\u00f6rbundskapten paracykel<\/h3>\n<div id=\"attachment_2045\" class=\"wp-caption alignnone\" ><a href=\"https:\/\/scf.se\/forbundet\/wp-content\/uploads\/sites\/9\/2017\/01\/Michael-Lindgren_DSC_4165_low.jpg\"><img loading=\"lazy\" decoding=\"async\" class=\"wp-image-2045 size-post-small\" src=\"https:\/\/scf.se\/forbundet\/wp-content\/uploads\/sites\/9\/2017\/01\/Michael-Lindgren_DSC_4165_low-740x462.jpg\" alt=\"Michael Lindgren, f\u00f6rbundskapten paracykel\" width=\"740\" height=\"462\" \/><\/a><p class=\"wp-caption-text\">Michael Lindgren,f\u00f6rbundskapten paracykel<\/p><\/div>\n<p>Michael Lindgren, ett redan k\u00e4nt namn inom f\u00f6rbundet, f\u00f6rblir p\u00e5 sin plats som f\u00f6rbundskapten f\u00f6r\u00a0Paracykel, nu som kontrakterad p\u00e5 50 procent. Michael har varit med och byggt upp\u00a0paracykelverksamheten i Sverige sedan \u00e5r 2000 som aktiv, ledare och projektledare. Han besitter\u00a0stor erfarenhet och kunskap f\u00f6r att forts\u00e4tta utvecklingen med paracykel inom SCF.<\/p>\n<blockquote><p>\u201dJag vill vara med i utvecklingen som vi st\u00e5r inf\u00f6r de kommande \u00e5ren inom Svensk cykel. Jag brinner f\u00f6r\u00a0cykel som idrott och i synnerhet para och \u00e4r oerh\u00f6rt stolt att jag f\u00e5r det h\u00e4r f\u00f6rtroendet\u201d, s\u00e4ger Michael\u00a0Lindgren, f\u00f6rbundskapten paracykel\u201d.<\/p><\/blockquote>\n","protected":false},"excerpt":{"rendered":"<p>Rekryteringsprocessen av de utlysta tj\u00e4nsterna p\u00e5 SCF \u00e4r delvis klar. Efter en sp\u00e4nnande process d\u00e4r m\u00e5nga, v\u00e4l kvalificerade, har s\u00f6kt de olika tj\u00e4nsterna har vi nu n\u00f6jet\u00a0att presentera tre av de nya f\u00f6rbundskaptenerna som ska vara med och utveckla respektive landslag\u00a0men ocks\u00e5 de talanger som \u00e4r p\u00e5 v\u00e4g in i landslaget, allt i enighet<a href=\"https:\/\/scf.se\/forbundet\/om-forbundet\/forbundskaptener\/\" class=\"news-card__more\"> &#8230;<\/a><\/p>\n","protected":false},"author":2,"featured_media":0,"parent":24,"menu_order":0,"comment_status":"closed","ping_status":"closed","template":"","meta":{"_acf_changed":false,"footnotes":""},"class_list":["post-2041","page","type-page","status-publish","hentry"],"acf":[],"_links":{"self":[{"href":"https:\/\/scf.se\/forbundet\/wp-json\/wp\/v2\/pages\/2041","targetHints":{"allow":["GET"]}}],"collection":[{"href":"https:\/\/scf.se\/forbundet\/wp-json\/wp\/v2\/pages"}],"about":[{"href":"https:\/\/scf.se\/forbundet\/wp-json\/wp\/v2\/types\/page"}],"author":[{"embeddable":true,"href":"https:\/\/scf.se\/forbundet\/wp-json\/wp\/v2\/users\/2"}],"replies":[{"embeddable":true,"href":"https:\/\/scf.se\/forbundet\/wp-json\/wp\/v2\/comments?post=2041"}],"version-history":[{"count":0,"href":"https:\/\/scf.se\/forbundet\/wp-json\/wp\/v2\/pages\/2041\/revisions"}],"up":[{"embeddable":true,"href":"https:\/\/scf.se\/forbundet\/wp-json\/wp\/v2\/pages\/24"}],"wp:attachment":[{"href":"https:\/\/scf.se\/forbundet\/wp-json\/wp\/v2\/media?parent=2041"}],"curies":[{"name":"wp","href":"https:\/\/api.w.org\/{rel}","templated":true}]}}