
{"id":2020,"date":"2017-01-10T09:55:37","date_gmt":"2017-01-10T08:55:37","guid":{"rendered":"http:\/\/scf.se\/forbundet\/?page_id=2020"},"modified":"2017-01-10T10:00:18","modified_gmt":"2017-01-10T09:00:18","slug":"debattartikel-infor-bilfria-mil-for-cykellopp","status":"publish","type":"page","link":"https:\/\/scf.se\/forbundet\/om-forbundet\/visionen\/debattartikel-infor-bilfria-mil-for-cykellopp\/","title":{"rendered":"Debattartikel &#8221;Inf\u00f6r bilfria mil f\u00f6r cykellopp&#8221;"},"content":{"rendered":"<p>SCF st\u00e4ller sig bakom den debattartikel som publicerades av SVT Opinion den 10 januari 2017.<\/p>\n<blockquote><p>F\u00f6rslaget p\u00e5 30 bilfria mil f\u00f6r V\u00e4tternrundan som diskuterats i m\u00e5nga \u00e5r \u00e4r viktigt b\u00e5de symboliskt och rent praktiskt. Ska loppen forts\u00e4tta att utvecklas, m\u00e5ste s\u00e4kerheten \u00f6ka f\u00f6r deltagarna och att man s\u00e5 mycket det g\u00e5r kan avlysa v\u00e4gen f\u00f6r motortrafik\u201d, skriver Lars Str\u00f6mgren och Klas Elm fr\u00e5n branschorganisationen Svensk Cykling tillsammans med Gunilla Brynell, V\u00e4tternrundan och Lena Alfv\u00e9n, SCF.<\/p>\n<p><a href=\"http:\/\/www.svt.se\/opinion\/cykelbanor-bilfria-mil\">L\u00e4s hela debattartikeln h\u00e4r <\/a>(SVT Opinion 2017-01-10)<\/p><\/blockquote>\n","protected":false},"excerpt":{"rendered":"<p>SCF st\u00e4ller sig bakom den debattartikel som publicerades av SVT Opinion den 10 januari 2017. F\u00f6rslaget p\u00e5 30 bilfria mil f\u00f6r V\u00e4tternrundan som diskuterats i m\u00e5nga \u00e5r \u00e4r viktigt b\u00e5de symboliskt och rent praktiskt. Ska loppen forts\u00e4tta att utvecklas, m\u00e5ste s\u00e4kerheten \u00f6ka f\u00f6r deltagarna och att man s\u00e5 mycket det g\u00e5r kan avlysa v\u00e4gen<a href=\"https:\/\/scf.se\/forbundet\/om-forbundet\/visionen\/debattartikel-infor-bilfria-mil-for-cykellopp\/\" class=\"news-card__more\"> &#8230;<\/a><\/p>\n","protected":false},"author":2,"featured_media":0,"parent":205,"menu_order":0,"comment_status":"closed","ping_status":"closed","template":"","meta":{"_acf_changed":false,"footnotes":""},"class_list":["post-2020","page","type-page","status-publish","hentry"],"acf":[],"_links":{"self":[{"href":"https:\/\/scf.se\/forbundet\/wp-json\/wp\/v2\/pages\/2020","targetHints":{"allow":["GET"]}}],"collection":[{"href":"https:\/\/scf.se\/forbundet\/wp-json\/wp\/v2\/pages"}],"about":[{"href":"https:\/\/scf.se\/forbundet\/wp-json\/wp\/v2\/types\/page"}],"author":[{"embeddable":true,"href":"https:\/\/scf.se\/forbundet\/wp-json\/wp\/v2\/users\/2"}],"replies":[{"embeddable":true,"href":"https:\/\/scf.se\/forbundet\/wp-json\/wp\/v2\/comments?post=2020"}],"version-history":[{"count":0,"href":"https:\/\/scf.se\/forbundet\/wp-json\/wp\/v2\/pages\/2020\/revisions"}],"up":[{"embeddable":true,"href":"https:\/\/scf.se\/forbundet\/wp-json\/wp\/v2\/pages\/205"}],"wp:attachment":[{"href":"https:\/\/scf.se\/forbundet\/wp-json\/wp\/v2\/media?parent=2020"}],"curies":[{"name":"wp","href":"https:\/\/api.w.org\/{rel}","templated":true}]}}