
{"id":1986,"date":"2016-12-19T13:56:05","date_gmt":"2016-12-19T12:56:05","guid":{"rendered":"http:\/\/scf.se\/forbundet\/?page_id=1986"},"modified":"2020-09-08T14:09:30","modified_gmt":"2020-09-08T12:09:30","slug":"strategi-2017-2024","status":"publish","type":"page","link":"https:\/\/scf.se\/forbundet\/om-forbundet\/styrelsen\/strategi-2017-2024\/","title":{"rendered":"SCF m\u00e5ls\u00e4ttning 2018-2024"},"content":{"rendered":"<p>Syftet med m\u00e5ls\u00e4ttningen\u00a0\u00e4r att genom tre fokusomr\u00e5den; <strong>Barn &amp; Ungdom, Bredd och Organisering<\/strong> str\u00e4va efter det \u00f6vergripande m\u00e5let \u2013 <strong>\u201dEn g\u00e5ng cyklist \u2013 ALLTID cyklist!\u201d<\/strong>. Med hj\u00e4lp av m\u00e5ls\u00e4ttningen ska vi bli <strong>fler, n\u00e5 st\u00f6rre framg\u00e5ngar och framf\u00f6r allt ha kul tillsammans!<\/strong> F\u00e5 kan \u00e5stadkomma underverk utan konkret riktning, men med ett l\u00e4ngre perspektiv och en tydlig m\u00e5lbild skapas det m\u00f6jligheter att p\u00e5 ett strukturerat och m\u00e5lmedvetet s\u00e4tt arbeta med utveckling av verksamhet. SCF m\u00e5ls\u00e4ttning 2018-2024 \u00e4r det som beh\u00f6vs f\u00f6r att hela v\u00e5r gemensamma verksamhet ska ta n\u00e4sta steg.<\/p>\n<p>Rent konkret inneb\u00e4r detta i stora drag att vi nu prioriterar utifr\u00e5n de tre fokusomr\u00e5dena och succesivt och m\u00e5lmedvetet \u00e5r f\u00f6r \u00e5r bygger upp verksamheten. H\u00e4r nedan f\u00f6ljer ett urval aktiviteter som prioriteras i ett f\u00f6rsta fyra\u00e5rsskede:<\/p>\n<ul>\n<li>Ungdomscamp\/Utvecklingscamp<\/li>\n<li>Utvecklings- och landslagsl\u00e4ger.<\/li>\n<li>Arenor (mark, v\u00e4g, velodrom och BMX-bana inomhus).<\/li>\n<li>Fler och enklare t\u00e4vlingar f\u00f6r alla.<\/li>\n<li>\u00c4ndam\u00e5lsenliga och aktiva f\u00f6reningar, distrikt, centralt kansli samt grengrupper.<\/li>\n<li>Se till att det finns en bra struktur f\u00f6r utbildning p\u00e5 olika niv\u00e5er.<\/li>\n<li>Fler medlemmar.<\/li>\n<li>Starkare landslag (i f\u00f6rsta skedet prioriteras grenarna BMX, Landsv\u00e4g, MTB och Para. D\u00e4refter byggs p\u00e5 med Bana, CX och Trial). F\u00f6r att generera fler medaljer p\u00e5 internationella m\u00e4sterskap.<\/li>\n<li>Fler internationella t\u00e4vlingar &amp; etapplopp i Sverige.<\/li>\n<li>Cykel som ett naturligt inslag i r\u00f6rlig media.<\/li>\n<li>Centralt cykelcentrum d\u00e4r all verksamhet finns samlad.<\/li>\n<\/ul>\n<p>Arbetet med att f\u00f6rfina och l\u00f6pande utveckla aktivitetsplan utifr\u00e5n huvudm\u00e5let skall ske l\u00f6pande med huvudansvar hos kansliet. Styrelsen ska \u00e5rligen utv\u00e4rdera och utveckla m\u00e5ls\u00e4ttningen med fokus att konstant ha en \u00e5tta\u00e5rsplan att leda verksamheten efter.<\/p>\n<p><a href=\"https:\/\/scf.se\/forbundet\/scf-utveckling-2019\/\">Utveckling 2019 &#8211;\u00a0<\/a><\/p>\n<p>Genom de tre fokusomr\u00e5dena <strong>Barn &amp; Ungdom, Bredd och Organisering<\/strong> ska vi tillsammans i SCF str\u00e4va efter det \u00f6vergripande m\u00e5let <strong>\u2013 \u201dEn g\u00e5ng cyklist \u2013 ALLTID cyklist!\u201d.<\/strong><\/p>\n<p>&nbsp;<\/p>\n<a href=\"https:\/\/scf.se\/forbundet\/wp-content\/uploads\/sites\/9\/2016\/12\/BMX-airy-POC_low.jpg\"><img loading=\"lazy\" decoding=\"async\" class=\"alignnone size-post-small wp-image-1992\" src=\"https:\/\/scf.se\/forbundet\/wp-content\/uploads\/sites\/9\/2016\/12\/BMX-airy-POC_low-740x462.jpg\" alt=\"BMX airy POC_low\" width=\"740\" height=\"462\" \/><\/a>\n","protected":false},"excerpt":{"rendered":"<p>Syftet med m\u00e5ls\u00e4ttningen\u00a0\u00e4r att genom tre fokusomr\u00e5den; Barn &amp; Ungdom, Bredd och Organisering str\u00e4va efter det \u00f6vergripande m\u00e5let \u2013 \u201dEn g\u00e5ng cyklist \u2013 ALLTID cyklist!\u201d. Med hj\u00e4lp av m\u00e5ls\u00e4ttningen ska vi bli fler, n\u00e5 st\u00f6rre framg\u00e5ngar och framf\u00f6r allt ha kul tillsammans! F\u00e5 kan \u00e5stadkomma underverk utan konkret riktning, men med ett l\u00e4ngre perspektiv<a href=\"https:\/\/scf.se\/forbundet\/om-forbundet\/styrelsen\/strategi-2017-2024\/\" class=\"news-card__more\"> &#8230;<\/a><\/p>\n","protected":false},"author":2,"featured_media":0,"parent":111,"menu_order":0,"comment_status":"closed","ping_status":"closed","template":"","meta":{"_acf_changed":false,"footnotes":""},"class_list":["post-1986","page","type-page","status-publish","hentry"],"acf":[],"_links":{"self":[{"href":"https:\/\/scf.se\/forbundet\/wp-json\/wp\/v2\/pages\/1986","targetHints":{"allow":["GET"]}}],"collection":[{"href":"https:\/\/scf.se\/forbundet\/wp-json\/wp\/v2\/pages"}],"about":[{"href":"https:\/\/scf.se\/forbundet\/wp-json\/wp\/v2\/types\/page"}],"author":[{"embeddable":true,"href":"https:\/\/scf.se\/forbundet\/wp-json\/wp\/v2\/users\/2"}],"replies":[{"embeddable":true,"href":"https:\/\/scf.se\/forbundet\/wp-json\/wp\/v2\/comments?post=1986"}],"version-history":[{"count":0,"href":"https:\/\/scf.se\/forbundet\/wp-json\/wp\/v2\/pages\/1986\/revisions"}],"up":[{"embeddable":true,"href":"https:\/\/scf.se\/forbundet\/wp-json\/wp\/v2\/pages\/111"}],"wp:attachment":[{"href":"https:\/\/scf.se\/forbundet\/wp-json\/wp\/v2\/media?parent=1986"}],"curies":[{"name":"wp","href":"https:\/\/api.w.org\/{rel}","templated":true}]}}