
{"id":1981,"date":"2025-12-01T11:59:36","date_gmt":"2025-12-01T10:59:36","guid":{"rendered":"http:\/\/scf.se\/forbundet\/?page_id=1981"},"modified":"2025-12-01T12:54:19","modified_gmt":"2025-12-01T11:54:19","slug":"nytt-fran-uci","status":"publish","type":"page","link":"https:\/\/scf.se\/forbundet\/tavlingsverksamhet\/arrangera-tavling\/nytt-fran-uci\/","title":{"rendered":"UCI-ID"},"content":{"rendered":"<h3><strong>Hur f\u00e5r jag ett UCI-ID<\/strong>?<\/h3>\n<p>Ett UCI-ID f\u00e5r man n\u00e4r man ska teckna t\u00e4vlingslicens f\u00f6r f\u00f6rsta g\u00e5ngen.<\/p>\n<h3><\/h3>\n<h3><strong>Vad \u00e4r ett UCI-ID?<\/strong><\/h3>\n<p>S\u00e4songen 2017 inf\u00f6rde UCI ett<strong>\u00a0 personligt ID-nummer<\/strong>,<strong>\u00a0<\/strong>en\u00a0unik elvasiffrig kod som knyts till den personliga t\u00e4vlingslicensen. UCI-ID ska alltid anv\u00e4ndas vid anm\u00e4lan till t\u00e4vling.<\/p>\n","protected":false},"excerpt":{"rendered":"<p>Hur f\u00e5r jag ett UCI-ID? Ett UCI-ID f\u00e5r man n\u00e4r man ska teckna t\u00e4vlingslicens f\u00f6r f\u00f6rsta g\u00e5ngen. Vad \u00e4r ett UCI-ID? S\u00e4songen 2017 inf\u00f6rde UCI ett\u00a0 personligt ID-nummer,\u00a0en\u00a0unik elvasiffrig kod som knyts till den personliga t\u00e4vlingslicensen. UCI-ID ska alltid anv\u00e4ndas vid anm\u00e4lan till t\u00e4vling.<\/p>\n","protected":false},"author":32,"featured_media":0,"parent":64,"menu_order":0,"comment_status":"closed","ping_status":"closed","template":"","meta":{"_acf_changed":false,"footnotes":""},"class_list":["post-1981","page","type-page","status-publish","hentry"],"acf":[],"_links":{"self":[{"href":"https:\/\/scf.se\/forbundet\/wp-json\/wp\/v2\/pages\/1981","targetHints":{"allow":["GET"]}}],"collection":[{"href":"https:\/\/scf.se\/forbundet\/wp-json\/wp\/v2\/pages"}],"about":[{"href":"https:\/\/scf.se\/forbundet\/wp-json\/wp\/v2\/types\/page"}],"author":[{"embeddable":true,"href":"https:\/\/scf.se\/forbundet\/wp-json\/wp\/v2\/users\/32"}],"replies":[{"embeddable":true,"href":"https:\/\/scf.se\/forbundet\/wp-json\/wp\/v2\/comments?post=1981"}],"version-history":[{"count":8,"href":"https:\/\/scf.se\/forbundet\/wp-json\/wp\/v2\/pages\/1981\/revisions"}],"predecessor-version":[{"id":11260,"href":"https:\/\/scf.se\/forbundet\/wp-json\/wp\/v2\/pages\/1981\/revisions\/11260"}],"up":[{"embeddable":true,"href":"https:\/\/scf.se\/forbundet\/wp-json\/wp\/v2\/pages\/64"}],"wp:attachment":[{"href":"https:\/\/scf.se\/forbundet\/wp-json\/wp\/v2\/media?parent=1981"}],"curies":[{"name":"wp","href":"https:\/\/api.w.org\/{rel}","templated":true}]}}