
{"id":1842,"date":"2016-10-12T14:27:50","date_gmt":"2016-10-12T12:27:50","guid":{"rendered":"http:\/\/scf.se\/forbundet\/?page_id=1842"},"modified":"2019-04-03T11:12:26","modified_gmt":"2019-04-03T09:12:26","slug":"il-rapporter","status":"publish","type":"page","link":"https:\/\/scf.se\/forbundet\/stod-service\/idrottslyftet\/il-rapporter\/","title":{"rendered":"S\u00e5 h\u00e4r kan Idrottslyftet anv\u00e4ndas!"},"content":{"rendered":"<p>Det \u00e4r oerh\u00f6rt inspirerande att f\u00e5 ta del av alla ans\u00f6kningar om Idrottslyftsmedel till projekt som r\u00f6r barn- och ungdomsverksamhet. F\u00f6r att sprida inspiration och motivation efterfr\u00e5gar vi rapporter fr\u00e5n de olika projekten som genomf\u00f6rts. Hj\u00e4lp oss att lyfta\u00a0fler projekt kopplade till IL-medel, mejla in era rapporter med bilder till <a href=\"mailto:kansli@scf.se\">kansli@scf.se<\/a>.<\/p>\n<p><a href=\"https:\/\/scf.se\/forbundet\/stod-service\/idrottslyftet\/\">L\u00e4s h\u00e4r<\/a> om hur ni ans\u00f6ker om medel fr\u00e5n Idrottslyftet.<\/p>\n<h3>S\u00e5 h\u00e4r har n\u00e5gra f\u00f6reningar anv\u00e4nt IL-medel<\/h3>\n<ul>\n<li><a href=\"https:\/\/scf.se\/forbundet\/stod-service\/idrottslyftet\/2571-2\/\">Mj\u00f6lby CK byggde pumptrack<\/a><\/li>\n<li><a href=\"http:\/\/www.unt.se\/sigtunabygden\/sport\/integrationsprojekt-lockar-till-cykling-4793783.aspx\">Knivsta CK k\u00f6pte cyklar och startade lyckat integrationsprojekt (artikel UNT)<\/a><\/li>\n<li><a href=\"https:\/\/scf.se\/landsvag\/emma-blir-mentor-for-ny-cykelsatsning-pa-unga-tjejer\/\">Tjejl\u00e4ger i V\u00e5rg\u00e5rda med Emma som mentor<\/a><\/li>\n<li><a href=\"https:\/\/scf.se\/forbundet\/landet-runt-i-foreningssverige\/1598-2\/\">Varbergs Mountainbike Club ordnade mek-kurs<\/a><\/li>\n<li><a href=\"https:\/\/scf.se\/forbundet\/stod-service\/idrottslyftet\/ck-bure\/\">CK Bure satsar p\u00e5\u00a0sociala aktiviteter f\u00f6r att beh\u00e5lla ungdomar<\/a><\/li>\n<\/ul>\n<div id=\"attachment_1837\" class=\"wp-caption alignnone\" ><a href=\"https:\/\/scf.se\/forbundet\/wp-content\/uploads\/sites\/9\/2016\/10\/13880326_1051267444968900_1578039109361372425_n.jpg\"><img loading=\"lazy\" decoding=\"async\" class=\"size-post-small wp-image-1837\" src=\"https:\/\/scf.se\/forbundet\/wp-content\/uploads\/sites\/9\/2016\/10\/13880326_1051267444968900_1578039109361372425_n-740x462.jpg\" alt=\"Sex cyklister fr\u00e5n fem f\u00f6reningar deltog p\u00e5 Radjugendtour i \u00d6sterrike 2016. Med hj\u00e4lp av Irottslyftsmedel blev resan av.\" width=\"740\" height=\"462\" \/><\/a><p class=\"wp-caption-text\">Sex cyklister fr\u00e5n fem f\u00f6reningar deltog p\u00e5 Radjugendtour i \u00d6sterrike 2016. Med hj\u00e4lp av Irottslyftsmedel blev resan av.<\/p><\/div>\n<h3>Vem kan s\u00f6ka Idrottslyftsmedel och hur g\u00f6r man?<\/h3>\n<p><a href=\"https:\/\/scf.se\/forbundet\/stod-service\/idrottslyftet\/\">L\u00e4s mer om Idrottslyftet h\u00e4r<\/a><\/p>\n<a href=\"https:\/\/scf.se\/forbundet\/wp-content\/uploads\/sites\/9\/2015\/11\/idrottslyftet_rgb_yellow-e1477638660503.jpg\"><img loading=\"lazy\" decoding=\"async\" class=\"alignnone size-full wp-image-1867\" src=\"https:\/\/scf.se\/forbundet\/wp-content\/uploads\/sites\/9\/2015\/11\/idrottslyftet_rgb_yellow-e1477638660503.jpg\" alt=\"idrottslyftet_rgb_yellow\" width=\"600\" height=\"628\" \/><\/a>\n","protected":false},"excerpt":{"rendered":"<p>Det \u00e4r oerh\u00f6rt inspirerande att f\u00e5 ta del av alla ans\u00f6kningar om Idrottslyftsmedel till projekt som r\u00f6r barn- och ungdomsverksamhet. F\u00f6r att sprida inspiration och motivation efterfr\u00e5gar vi rapporter fr\u00e5n de olika projekten som genomf\u00f6rts. Hj\u00e4lp oss att lyfta\u00a0fler projekt kopplade till IL-medel, mejla in era rapporter med bilder till kansli@scf.se. L\u00e4s h\u00e4r om<a href=\"https:\/\/scf.se\/forbundet\/stod-service\/idrottslyftet\/il-rapporter\/\" class=\"news-card__more\"> &#8230;<\/a><\/p>\n","protected":false},"author":2,"featured_media":0,"parent":74,"menu_order":0,"comment_status":"closed","ping_status":"closed","template":"","meta":{"_acf_changed":false,"footnotes":""},"class_list":["post-1842","page","type-page","status-publish","hentry"],"acf":[],"_links":{"self":[{"href":"https:\/\/scf.se\/forbundet\/wp-json\/wp\/v2\/pages\/1842","targetHints":{"allow":["GET"]}}],"collection":[{"href":"https:\/\/scf.se\/forbundet\/wp-json\/wp\/v2\/pages"}],"about":[{"href":"https:\/\/scf.se\/forbundet\/wp-json\/wp\/v2\/types\/page"}],"author":[{"embeddable":true,"href":"https:\/\/scf.se\/forbundet\/wp-json\/wp\/v2\/users\/2"}],"replies":[{"embeddable":true,"href":"https:\/\/scf.se\/forbundet\/wp-json\/wp\/v2\/comments?post=1842"}],"version-history":[{"count":0,"href":"https:\/\/scf.se\/forbundet\/wp-json\/wp\/v2\/pages\/1842\/revisions"}],"up":[{"embeddable":true,"href":"https:\/\/scf.se\/forbundet\/wp-json\/wp\/v2\/pages\/74"}],"wp:attachment":[{"href":"https:\/\/scf.se\/forbundet\/wp-json\/wp\/v2\/media?parent=1842"}],"curies":[{"name":"wp","href":"https:\/\/api.w.org\/{rel}","templated":true}]}}