
{"id":15,"date":"2025-03-11T07:54:46","date_gmt":"2025-03-11T06:54:46","guid":{"rendered":"http:\/\/svenskcykel.grandpublic.se\/forbundet\/?page_id=15"},"modified":"2026-03-15T16:09:02","modified_gmt":"2026-03-15T15:09:02","slug":"valberedningen","status":"publish","type":"page","link":"https:\/\/scf.se\/forbundet\/om-forbundet\/valberedningen\/","title":{"rendered":"Valberedningen"},"content":{"rendered":"<h3><strong>Vad g\u00f6r valberedningen och vem ing\u00e5r i den?<\/strong><\/h3>\r\nValberedningen har i uppdrag att f\u00f6resl\u00e5 kandidater till styrelse, disciplinn\u00e4mnd och revisorer, som sedan v\u00e4ljs p\u00e5 det \u00e5rliga F\u00f6rbundsm\u00f6tet, andra helgen i mars varje \u00e5r. Valberedningen har till uppgift att tillfr\u00e5ga de\u00a0f\u00f6rtroendevalda, vilkas mandattid utg\u00e5r vid f\u00f6rbundsm\u00f6tets slut, om de vill kandidera f\u00f6r n\u00e4stkommande mandatperiod. Valberedningen ska sedan meddela samtliga DCF och f\u00f6reningar vilka som st\u00e5r i tur att avg\u00e5 och namnen p\u00e5 dem som har avb\u00f6jt omval. Detta g\u00e4ller inte bara styrelse utan \u00e4ven revisorer och disciplinn\u00e4mnd.\r\n\r\nDu kan n\u00e5 oss alla p\u00e5 mail <em><strong><a href=\"mailto:valberedning@scf.se\">valberedning@scf.se<\/a><\/strong><\/em>\r\n\r\n<hr \/>\r\n\r\n<h3>Svenska Cykelf\u00f6rbundets valberedning 2026 best\u00e5r av:<\/h3>\r\n<ul>\r\n \t<li><strong>Daniel Nihl\u00e9n<\/strong>, ordf\u00f6rande<\/li>\r\n \t<li><strong>Madeleine Burgstr\u00f6m<\/strong>, ledamot<\/li>\r\n \t<li><strong>Magnus Hoff<\/strong>, ledamot<\/li>\r\n \t<li><strong>Maarit Nordmark<\/strong>, ledamot<\/li>\r\n \t<li><strong>Madeleine Riesel<\/strong>, ledamot<\/li>\r\n<\/ul>\r\n&nbsp;\r\n\r\n&nbsp;\r\n\r\n&nbsp;\r\n\r\n<!-- \/wp:post-content -->","protected":false},"excerpt":{"rendered":"<p>Vad g\u00f6r valberedningen och vem ing\u00e5r i den? Valberedningen har i uppdrag att f\u00f6resl\u00e5 kandidater till styrelse, disciplinn\u00e4mnd och revisorer, som sedan v\u00e4ljs p\u00e5 det \u00e5rliga F\u00f6rbundsm\u00f6tet, andra helgen i mars varje \u00e5r. Valberedningen har till uppgift att tillfr\u00e5ga de\u00a0f\u00f6rtroendevalda, vilkas mandattid utg\u00e5r vid f\u00f6rbundsm\u00f6tets slut, om de vill kandidera f\u00f6r n\u00e4stkommande mandatperiod. Valberedningen<a href=\"https:\/\/scf.se\/forbundet\/om-forbundet\/valberedningen\/\" class=\"news-card__more\"> &#8230;<\/a><\/p>\n","protected":false},"author":32,"featured_media":0,"parent":24,"menu_order":0,"comment_status":"closed","ping_status":"closed","template":"","meta":{"_acf_changed":false,"footnotes":""},"class_list":["post-15","page","type-page","status-publish","hentry"],"acf":[],"_links":{"self":[{"href":"https:\/\/scf.se\/forbundet\/wp-json\/wp\/v2\/pages\/15","targetHints":{"allow":["GET"]}}],"collection":[{"href":"https:\/\/scf.se\/forbundet\/wp-json\/wp\/v2\/pages"}],"about":[{"href":"https:\/\/scf.se\/forbundet\/wp-json\/wp\/v2\/types\/page"}],"author":[{"embeddable":true,"href":"https:\/\/scf.se\/forbundet\/wp-json\/wp\/v2\/users\/32"}],"replies":[{"embeddable":true,"href":"https:\/\/scf.se\/forbundet\/wp-json\/wp\/v2\/comments?post=15"}],"version-history":[{"count":9,"href":"https:\/\/scf.se\/forbundet\/wp-json\/wp\/v2\/pages\/15\/revisions"}],"predecessor-version":[{"id":11910,"href":"https:\/\/scf.se\/forbundet\/wp-json\/wp\/v2\/pages\/15\/revisions\/11910"}],"up":[{"embeddable":true,"href":"https:\/\/scf.se\/forbundet\/wp-json\/wp\/v2\/pages\/24"}],"wp:attachment":[{"href":"https:\/\/scf.se\/forbundet\/wp-json\/wp\/v2\/media?parent=15"}],"curies":[{"name":"wp","href":"https:\/\/api.w.org\/{rel}","templated":true}]}}