
{"id":145,"date":"2025-11-09T16:57:17","date_gmt":"2025-11-09T15:57:17","guid":{"rendered":"http:\/\/svenskcykel.grandpublic.se\/forbundet\/?page_id=145"},"modified":"2025-12-10T15:29:32","modified_gmt":"2025-12-10T14:29:32","slug":"swe-cycling-for-kids","status":"publish","type":"page","link":"https:\/\/scf.se\/forbundet\/ungdomsrekrytering\/swe-cycling-for-kids\/","title":{"rendered":"SWE Cycling for Kids"},"content":{"rendered":"<p>Barn och ungdomar \u00e4r nyckeln till framtida framg\u00e5ngar \u2013 inte minst efter pandemi\u00e5ren d\u00e5 ni f\u00f6reningar har gjort ett j\u00e4ttejobb med just den verksamheten. S\u00e5 var med redan nu och arbeta f\u00f6r en sprudlande ungdomsverksamhet med v\u00e5rt koncept <a href=\"https:\/\/kundshop.sporrong.se\/butiker\/cykelforbundet\/\">SWE Cycling for kids d\u00e4r du best\u00e4ller paketen H\u00c4R!<\/a><\/p>\n<p>SWE Cycling for kids \u00e4r ett gratis prova p\u00e5-paket f\u00f6r barn och ungdomar. P\u00e5 f\u00f6rst till kvarn-basis kan man skicka efter ett av v\u00e5ra SWE Cycling for kids-paket. Paketen inneh\u00e5ller material som g\u00f6r en vanlig tr\u00e4ning eller l\u00e4ttsam t\u00e4vling roligare \u2013 och kan sporra till att forts\u00e4tta cykla i en klubb.<\/p>\n<h3>Det inneh\u00e5ller paketen<\/h3>\n<ul>\n<li>Medaljer (guld, silver och brons)<\/li>\n<li>Diplom<\/li>\n<li>Folder<\/li>\n<li>Affisch<\/li>\n<li>Nummerlappar.<\/li>\n<li>Buntband<\/li>\n<li>Varje paket \u00e4r t\u00e4nkt f\u00f6r 50 deltagare<\/li>\n<\/ul>\n<p>Om man dessutom som klubb arrangerar och dokumenterar en aktivitet i samband med en tr\u00e4ning eller t\u00e4vling finns i vissa perioder m\u00f6jlighet att s\u00f6ka ett ekonomiskt st\u00f6d.<\/p>\n<p>F\u00f6r ans\u00f6kan till SWE Cycling for kids anges vilket sammanhang aktiviteten ska anordnas och vad den ska inneh\u00e5lla. \u00c5terrapportering kr\u00e4vs n\u00e4r aktiviteten har genomf\u00f6rts.<\/p>\n<p>Kontakta <a href=\"mailto:kansli@scf.se\">kansli@scf.se<\/a> f\u00f6r att f\u00e5 reda p\u00e5 om det f\u00f6r tillf\u00e4llet finns m\u00f6jlighet att s\u00f6ka ett ekonomiskt st\u00f6d i samband med SWE Cycling for kids aktivitet.<\/p>\n<a href=\"https:\/\/scf.se\/forbundet\/wp-content\/uploads\/sites\/9\/2022\/04\/Logga-SWE-Cycling-for-Kids-scaled.jpg\"><img loading=\"lazy\" decoding=\"async\" class=\"alignnone size-full wp-image-5087\" src=\"https:\/\/scf.se\/forbundet\/wp-content\/uploads\/sites\/9\/2022\/04\/Logga-SWE-Cycling-for-Kids-scaled.jpg\" alt=\"\" width=\"1600\" height=\"2560\" srcset=\"https:\/\/scf.se\/forbundet\/wp-content\/uploads\/sites\/9\/2022\/04\/Logga-SWE-Cycling-for-Kids-scaled.jpg 1600w, https:\/\/scf.se\/forbundet\/wp-content\/uploads\/sites\/9\/2022\/04\/Logga-SWE-Cycling-for-Kids-188x300.jpg 188w, https:\/\/scf.se\/forbundet\/wp-content\/uploads\/sites\/9\/2022\/04\/Logga-SWE-Cycling-for-Kids-640x1024.jpg 640w, https:\/\/scf.se\/forbundet\/wp-content\/uploads\/sites\/9\/2022\/04\/Logga-SWE-Cycling-for-Kids-768x1229.jpg 768w, https:\/\/scf.se\/forbundet\/wp-content\/uploads\/sites\/9\/2022\/04\/Logga-SWE-Cycling-for-Kids-960x1536.jpg 960w, https:\/\/scf.se\/forbundet\/wp-content\/uploads\/sites\/9\/2022\/04\/Logga-SWE-Cycling-for-Kids-1280x2048.jpg 1280w\" sizes=\"auto, (max-width: 1600px) 100vw, 1600px\" \/><\/a>\n","protected":false},"excerpt":{"rendered":"<p>Barn och ungdomar \u00e4r nyckeln till framtida framg\u00e5ngar \u2013 inte minst efter pandemi\u00e5ren d\u00e5 ni f\u00f6reningar har gjort ett j\u00e4ttejobb med just den verksamheten. S\u00e5 var med redan nu och arbeta f\u00f6r en sprudlande ungdomsverksamhet med v\u00e5rt koncept SWE Cycling for kids d\u00e4r du best\u00e4ller paketen H\u00c4R! SWE Cycling for kids \u00e4r ett gratis<a href=\"https:\/\/scf.se\/forbundet\/ungdomsrekrytering\/swe-cycling-for-kids\/\" class=\"news-card__more\"> &#8230;<\/a><\/p>\n","protected":false},"author":32,"featured_media":0,"parent":141,"menu_order":0,"comment_status":"closed","ping_status":"closed","template":"","meta":{"_acf_changed":false,"footnotes":""},"class_list":["post-145","page","type-page","status-publish","hentry"],"acf":[],"_links":{"self":[{"href":"https:\/\/scf.se\/forbundet\/wp-json\/wp\/v2\/pages\/145","targetHints":{"allow":["GET"]}}],"collection":[{"href":"https:\/\/scf.se\/forbundet\/wp-json\/wp\/v2\/pages"}],"about":[{"href":"https:\/\/scf.se\/forbundet\/wp-json\/wp\/v2\/types\/page"}],"author":[{"embeddable":true,"href":"https:\/\/scf.se\/forbundet\/wp-json\/wp\/v2\/users\/32"}],"replies":[{"embeddable":true,"href":"https:\/\/scf.se\/forbundet\/wp-json\/wp\/v2\/comments?post=145"}],"version-history":[{"count":2,"href":"https:\/\/scf.se\/forbundet\/wp-json\/wp\/v2\/pages\/145\/revisions"}],"predecessor-version":[{"id":11338,"href":"https:\/\/scf.se\/forbundet\/wp-json\/wp\/v2\/pages\/145\/revisions\/11338"}],"up":[{"embeddable":true,"href":"https:\/\/scf.se\/forbundet\/wp-json\/wp\/v2\/pages\/141"}],"wp:attachment":[{"href":"https:\/\/scf.se\/forbundet\/wp-json\/wp\/v2\/media?parent=145"}],"curies":[{"name":"wp","href":"https:\/\/api.w.org\/{rel}","templated":true}]}}