
{"id":12131,"date":"2026-05-12T09:44:06","date_gmt":"2026-05-12T07:44:06","guid":{"rendered":"https:\/\/scf.se\/forbundet\/?page_id=12131"},"modified":"2026-05-12T09:44:06","modified_gmt":"2026-05-12T07:44:06","slug":"scfs-policy-kring-atstorning","status":"publish","type":"page","link":"https:\/\/scf.se\/forbundet\/scfs-policy-kring-atstorning\/","title":{"rendered":"SCF:s policy kring \u00e4tst\u00f6rning"},"content":{"rendered":"<p>Svenska Cykelf\u00f6rbundet har tagit fram en policy kring \u00e4tst\u00f6rningar. Policyn \u00e4r t\u00e4nkt som ett st\u00f6d f\u00f6r cyklister, ledare, f\u00f6reningar, team och landslag och har godk\u00e4nts av RF.<\/p>\n<p><a href=\"https:\/\/scf.se\/forbundet\/wp-content\/uploads\/sites\/9\/2026\/05\/Atstorning-Svenska-Cykelforbundet_2025-06-30.pdf\">\u00c4tst\u00f6rning Svenska Cykelf\u00f6rbundet_2025-06-30<\/a><\/p>\n","protected":false},"excerpt":{"rendered":"<p>Svenska Cykelf\u00f6rbundet har tagit fram en policy kring \u00e4tst\u00f6rningar. Policyn \u00e4r t\u00e4nkt som ett st\u00f6d f\u00f6r cyklister, ledare, f\u00f6reningar, team och landslag och har godk\u00e4nts av RF. \u00c4tst\u00f6rning Svenska Cykelf\u00f6rbundet_2025-06-30<\/p>\n","protected":false},"author":30,"featured_media":0,"parent":0,"menu_order":0,"comment_status":"closed","ping_status":"closed","template":"","meta":{"_acf_changed":false,"footnotes":""},"class_list":["post-12131","page","type-page","status-publish","hentry"],"acf":[],"_links":{"self":[{"href":"https:\/\/scf.se\/forbundet\/wp-json\/wp\/v2\/pages\/12131","targetHints":{"allow":["GET"]}}],"collection":[{"href":"https:\/\/scf.se\/forbundet\/wp-json\/wp\/v2\/pages"}],"about":[{"href":"https:\/\/scf.se\/forbundet\/wp-json\/wp\/v2\/types\/page"}],"author":[{"embeddable":true,"href":"https:\/\/scf.se\/forbundet\/wp-json\/wp\/v2\/users\/30"}],"replies":[{"embeddable":true,"href":"https:\/\/scf.se\/forbundet\/wp-json\/wp\/v2\/comments?post=12131"}],"version-history":[{"count":1,"href":"https:\/\/scf.se\/forbundet\/wp-json\/wp\/v2\/pages\/12131\/revisions"}],"predecessor-version":[{"id":12132,"href":"https:\/\/scf.se\/forbundet\/wp-json\/wp\/v2\/pages\/12131\/revisions\/12132"}],"wp:attachment":[{"href":"https:\/\/scf.se\/forbundet\/wp-json\/wp\/v2\/media?parent=12131"}],"curies":[{"name":"wp","href":"https:\/\/api.w.org\/{rel}","templated":true}]}}