
{"id":11991,"date":"2026-04-02T09:05:09","date_gmt":"2026-04-02T07:05:09","guid":{"rendered":"https:\/\/scf.se\/forbundet\/?page_id=11991"},"modified":"2026-04-02T09:09:26","modified_gmt":"2026-04-02T07:09:26","slug":"ekonomiskt-stod","status":"publish","type":"page","link":"https:\/\/scf.se\/forbundet\/ekonomiskt-stod\/","title":{"rendered":"Ekonomiskt st\u00f6d"},"content":{"rendered":"<p>H\u00e4r hittar ni som f\u00f6rening svar p\u00e5 n\u00e5gra av de vanligaste fr\u00e5gorna g\u00e4llande de ekonomiska st\u00f6d som \u00e4r s\u00f6kbara genom RF och SCF. Ekonomiska st\u00f6d administreras huvudsakligen genom Idrottsarenan som ers\u00e4tter IdrottOnline. M\u00e5nga fr\u00e5gor och svar nedan \u00e4r kopplade till Idrottsarenan. Hittar ni inte svaret p\u00e5 denna sida, mejla g\u00e4rna oss p\u00e5 <a href=\"mailto:kansli@scf.se\">kansli@scf.se<\/a>.<\/p>\n<h3>SCF:s s\u00f6kbara st\u00f6d kommer kommuniceras och \u00f6ppnas under Q2 2026.<\/h3>\n<hr \/>\n<p><strong>Fr\u00e5gor &amp; Svar \u2013 Nya Idrottsarenan f\u00f6r f\u00f6reningar <\/strong><\/p>\n<p><strong>Kom ig\u00e5ng med Idrottsarenan f\u00f6rening film: <\/strong><a href=\"https:\/\/youtu.be\/YmoXmpxz-r0\"><strong>https:\/\/youtu.be\/YmoXmpxz-r0<\/strong><\/a><\/p>\n<p><strong>Idrottsarenan L\u00e4nk: <\/strong><a href=\"https:\/\/www.rf.se\/rf-arbetar-med\/digitalisering\/idrottsarenan\"><strong>https:\/\/www.rf.se\/rf-arbetar-med\/digitalisering\/idrottsarenan<\/strong><\/a><\/p>\n<p><strong>Idrottsarenan F\u00f6rening L\u00e4nk: <\/strong><a href=\"https:\/\/www.rf.se\/rf-arbetar-med\/digitalisering\/idrottsarenan\/idrottsarenan-forening\"><strong>https:\/\/www.rf.se\/rf-arbetar-med\/digitalisering\/idrottsarenan\/idrottsarenan-forening<\/strong><\/a><\/p>\n<p><strong>Idrottsarenan Support, <\/strong><\/p>\n<p>H\u00e4r hittar du anv\u00e4ndarmanualer och information om uppdateringar, buggar och driftst\u00f6rningar. K\u00f6rt fast? G\u00e5 direkt till manualerna eller anv\u00e4nd s\u00f6kf\u00e4ltet nedan. Du kan \u00e4ven chatta med RF AI-assistent via den bl\u00e5 rutan med vita pratbubblor.<\/p>\n<p><strong>\u00a0L\u00e4nk: <\/strong><a href=\"https:\/\/support.idrottsarenan.se\/support\/forening\"><strong>https:\/\/support.idrottsarenan.se\/support\/forening<\/strong><\/a><\/p>\n<p><strong>Ekonomiska st\u00f6d Guide L\u00e4nk: <\/strong><a href=\"https:\/\/idrottsarenan.se\/support\/forening\/manualer\/kom-igang\"><strong>https:\/\/idrottsarenan.se\/support\/forening\/manualer\/kom-igang<\/strong><\/a><\/p>\n<ol>\n<li><strong> Inloggning i Idrottsarenan f\u00f6r f\u00f6reningar<\/strong><\/li>\n<\/ol>\n<p><strong>Fr\u00e5ga: Hur loggar jag in i Idrottsarenan f\u00f6r f\u00f6reningar?<\/strong><\/p>\n<p><strong>Svar:<\/strong><br \/>\nDu loggar in via Idrottsarenans inloggningssida n\u00e4r den \u00e4r tillg\u00e4nglig f\u00f6r din f\u00f6rening. F\u00f6r f\u00f6reningar sker inloggning med <strong>Freja+<\/strong>. Alla som ska logga in i Idrottsarenan f\u00f6rening beh\u00f6ver ha Freja+.<\/p>\n<p><strong>L\u00e4nk:<\/strong><\/p>\n<ul>\n<li>Idrottsarenan f\u00f6r f\u00f6rening: <a href=\"https:\/\/www.rf.se\/rf-arbetar-med\/digitalisering\/idrottsarenan\/idrottsarenan-forening?utm_source=chatgpt.com\">Idrottsarenan f\u00f6r f\u00f6rening<\/a><\/li>\n<li>S\u00e4ker inloggning med Freja+: <a href=\"https:\/\/www.rf.se\/rf-arbetar-med\/digitalisering\/idrottsarenan\/idrottsarenan-forening\/saker-inloggning-med-freja-?utm_source=chatgpt.com\">S\u00e4ker inloggning med Freja+<\/a><\/li>\n<\/ul>\n<p><strong>Fr\u00e5ga: Vad beh\u00f6ver jag f\u00f6r att kunna logga in?<\/strong><\/p>\n<p><strong>Svar:<\/strong><br \/>\nDu beh\u00f6ver:<\/p>\n<ul>\n<li><strong>Freja+<\/strong> installerat och aktiverat<\/li>\n<li>Giltig identifiering f\u00f6r att skaffa Freja+ (t.ex. svenskt pass eller nationellt ID-kort, alternativt annan ID-handling via ombud)<\/li>\n<li>R\u00e4tt <strong>roll\/beh\u00f6righet<\/strong> i f\u00f6reningen, beroende p\u00e5 vad du ska g\u00f6ra i systemet.<\/li>\n<\/ul>\n<p><strong>L\u00e4nk:<\/strong><\/p>\n<ul>\n<li>S\u00e5 fungerar Freja+: <a href=\"https:\/\/www.rf.se\/rf-arbetar-med\/digitalisering\/idrottsarenan\/idrottsarenan-forening\/saker-inloggning-med-freja-?utm_source=chatgpt.com\">S\u00e4ker inloggning med Freja+<\/a><\/li>\n<\/ul>\n<p>&nbsp;<\/p>\n<p><strong>Fr\u00e5ga: Varf\u00f6r anv\u00e4nds Freja+ och inte BankID?<\/strong><\/p>\n<p><strong>Svar:<\/strong><br \/>\nRF har valt <strong>Freja+<\/strong> eftersom l\u00f6sningen \u00e4r:<\/p>\n<ul>\n<li>kostnadsfri f\u00f6r idrottsr\u00f6relsen via RF<\/li>\n<li>s\u00e4ker och statligt godk\u00e4nd<\/li>\n<li>m\u00f6jlig f\u00f6r fler m\u00e5lgrupper, inklusive yngre anv\u00e4ndare<br \/>\nFreja+ har samma tillitsniv\u00e5 som BankID (tillitsniv\u00e5 3).<\/li>\n<\/ul>\n<p><strong>L\u00e4nk:<\/strong><\/p>\n<ul>\n<li>Vanliga fr\u00e5gor om inloggning\/Freja+: <a href=\"https:\/\/www.rf.se\/rf-arbetar-med\/digitalisering\/idrottsarenan\/idrottsarenan-forening?utm_source=chatgpt.com\">Idrottsarenan f\u00f6r f\u00f6rening \u2013 fr\u00e5gor och svar<\/a><\/li>\n<\/ul>\n<p>&nbsp;<\/p>\n<p><strong>Fr\u00e5ga: Jag har redan Freja \u2013 m\u00e5ste jag g\u00f6ra n\u00e5got?<\/strong><\/p>\n<p><strong>Svar:<\/strong><br \/>\nOm du har <strong>Freja bas<\/strong> beh\u00f6ver du <strong>uppgradera till Freja+<\/strong> f\u00f6r att kunna logga in i Idrottsarenan. Detta g\u00f6rs via appen, med pass\/nationellt ID eller via ombud.<\/p>\n<p><strong>L\u00e4nk:<\/strong><\/p>\n<ul>\n<li>L\u00e4s mer om uppgradering: <a href=\"https:\/\/www.rf.se\/rf-arbetar-med\/digitalisering\/idrottsarenan\/idrottsarenan-forening\/saker-inloggning-med-freja-?utm_source=chatgpt.com\">S\u00e4ker inloggning med Freja+<\/a><\/li>\n<\/ul>\n<p><strong>Fr\u00e5ga: Kan jag logga in om jag har samordningsnummer?<\/strong><\/p>\n<p><strong>Svar:<\/strong><br \/>\nJa. <strong>Idrottsarenan kommer ha st\u00f6d f\u00f6r samordningsnummer<\/strong>, med samma inloggningsl\u00f6sning via Freja+.<\/p>\n<p><strong>Fr\u00e5ga: Vilka webbl\u00e4sare fungerar f\u00f6r inloggning?<\/strong><\/p>\n<p><strong>Svar:<\/strong><br \/>\nDu ska kunna logga in via vanliga webbl\u00e4sare som:<\/p>\n<ul>\n<li>Google Chrome<\/li>\n<li>Edge<\/li>\n<li>Safari<\/li>\n<li>Mozilla Firefox<\/li>\n<\/ul>\n<ol start=\"2\">\n<li><strong> Beh\u00f6righeter och \u00e5tkomst<\/strong><\/li>\n<\/ol>\n<p><strong>Fr\u00e5ga: Vem kan logga in i Idrottsarenan?<\/strong><\/p>\n<p><strong>Svar:<\/strong><br \/>\nAlla som har en funktion i f\u00f6reningen och f\u00e5tt r\u00e4tt <strong>roll\/beh\u00f6righet<\/strong> f\u00f6r att arbeta i systemet kan logga in, f\u00f6rutsatt att de ocks\u00e5 har Freja+. Idrottsarenan \u00e4r till f\u00f6r dem som exempelvis:<\/p>\n<ul>\n<li>arbetar med medlemsregister<\/li>\n<li>s\u00f6ker st\u00f6d<\/li>\n<li>hanterar LOK-st\u00f6d<\/li>\n<li>arbetar med folkbildning<\/li>\n<li>uppdaterar roller, beh\u00f6righeter och inst\u00e4llningar.<\/li>\n<\/ul>\n<p><strong>\u00a0<\/strong><strong>\u00a0<\/strong><\/p>\n<p><strong>Fr\u00e5ga: Vad kr\u00e4vs f\u00f6r att kunna s\u00f6ka Projektst\u00f6d IF direkt vid lansering?<\/strong><\/p>\n<p><strong>Svar:<\/strong><br \/>\nF\u00f6r att kunna logga in och skicka in ans\u00f6kan om <strong>Projektst\u00f6d IF<\/strong> vid lanseringen i mars\/april kr\u00e4vs beh\u00f6righeten <strong>Administrera Ekonomiska st\u00f6d<\/strong>.<br \/>\nDen som hade rollen <strong>Idrottsmedel firmatecknare<\/strong> i IdrottOnline skulle automatiskt f\u00e5 den beh\u00f6righeten i Idrottsarenan genom migrering. <strong>Notera<\/strong> att \u00e4ven ordf\u00f6rande och kass\u00f6r beh\u00f6ver ha den rollen i IdrottOnline f\u00f6r att f\u00e5 automatisk beh\u00f6righet.<\/p>\n<p>&nbsp;<\/p>\n<p><strong>Fr\u00e5ga: Var hanteras roller och beh\u00f6righeter i nya systemet?<\/strong><\/p>\n<p><strong>Svar:<\/strong><br \/>\nRoller och beh\u00f6righeter hanteras i tj\u00e4nsten <strong>Registret<\/strong> i Idrottsarenan. Beskrivning:<\/p>\n<ul>\n<li>en <strong>roll<\/strong> visar ansvar\/funktion i organisationen<\/li>\n<li>en <strong>beh\u00f6righet<\/strong> styr vilka funktioner anv\u00e4ndaren f\u00e5r anv\u00e4nda.<\/li>\n<\/ul>\n<p><strong>L\u00e4nk:<\/strong><\/p>\n<ul>\n<li>Registret: <a href=\"https:\/\/www.rf.se\/rf-arbetar-med\/digitalisering\/idrottsarenan\/idrottsarenan-forening\/registret?utm_source=chatgpt.com\">Registret i Idrottsarenan<\/a><\/li>\n<\/ul>\n<p>&nbsp;<\/p>\n<ol start=\"3\">\n<li><strong> Om \u00f6verg\u00e5ngen fr\u00e5n IdrottOnline<\/strong><\/li>\n<\/ol>\n<p><strong>Fr\u00e5ga: Vad \u00e4r Idrottsarenan f\u00f6r f\u00f6rening?<\/strong><\/p>\n<p><strong>Svar:<\/strong><br \/>\nIdrottsarenan f\u00f6r f\u00f6rening \u00e4r RF:s nya verksamhetssystem som successivt ers\u00e4tter IdrottOnline. Det ska samla centrala administrativa funktioner p\u00e5 ett st\u00e4lle, t.ex.:<\/p>\n<ul>\n<li>ekonomiska st\u00f6d<\/li>\n<li>LOK-st\u00f6d<\/li>\n<li>folkbildning<\/li>\n<li>register och medlemshantering.<\/li>\n<\/ul>\n<p>&nbsp;<\/p>\n<p><strong>Fr\u00e5ga: N\u00e4r b\u00f6rjar f\u00f6reningar anv\u00e4nda Idrottsarenan?<\/strong><\/p>\n<p><strong>Svar:<\/strong><br \/>\nRF:s publicerade tidsplan s\u00e4ger:<\/p>\n<ul>\n<li><strong>Mars 2026:<\/strong> Projektst\u00f6d IF b\u00f6rjar hanteras i Idrottsarenan<\/li>\n<li><strong>Juni 2026:<\/strong> Alla anv\u00e4ndare i f\u00f6rening och f\u00f6rbund b\u00f6rjar arbeta i Idrottsarenan, inklusive tj\u00e4nster som ekonomiska st\u00f6d, LOK-st\u00f6d, folkbildning och registret.<\/li>\n<\/ul>\n<p>&nbsp;<\/p>\n<p><strong>Fr\u00e5ga: M\u00e5ste vi g\u00f6ra n\u00e5got f\u00f6r att f\u00e5 tillg\u00e5ng till Idrottsarenan?<\/strong><\/p>\n<p><strong>Svar:<\/strong><br \/>\nF\u00f6reningar<strong> beh\u00f6ver inte g\u00f6ra n\u00e5got s\u00e4rskilt f\u00f6r att f\u00e5 access<\/strong> vid \u00f6verg\u00e5ngen, f\u00f6rutom att b\u00f6rja logga in i Idrottsarenan ist\u00e4llet f\u00f6r i IdrottOnline. D\u00e4remot rekommenderas att ni:<\/p>\n<ul>\n<li>tar del av informationen om Idrottsarenan<\/li>\n<li>ser \u00f6ver avtal\/villkor<\/li>\n<li>f\u00f6rbereder medlems- och personregister<\/li>\n<li>s\u00e4kerst\u00e4ller nyckelroller och beh\u00f6righeter.<\/li>\n<\/ul>\n<p>&nbsp;<\/p>\n<ol start=\"4\">\n<li><strong> Register och medlemsuppgifter<\/strong><\/li>\n<\/ol>\n<p><strong>Fr\u00e5ga: Vad beh\u00f6ver f\u00f6reningen g\u00f6ra med medlemsregistret innan \u00f6verg\u00e5ngen?<\/strong><\/p>\n<p><strong>Svar:<\/strong><br \/>\nRF rekommenderar att f\u00f6reningen:<\/p>\n<ul>\n<li>rensar och uppdaterar medlems- och personregistret<\/li>\n<li>s\u00e4kerst\u00e4ller att personer med svenskt personnummer har <strong>fullst\u00e4ndigt personnummer<\/strong><\/li>\n<li>ser \u00f6ver uppgifter som saknas eller \u00e4r felaktiga<\/li>\n<li>kontrollerar officiella kontaktuppgifter.<\/li>\n<\/ul>\n<p>&nbsp;<\/p>\n<p><strong>Fr\u00e5ga: Riskerar medlemmar att inte f\u00f6lja med till Idrottsarenan?<\/strong><\/p>\n<p><strong>Svar:<\/strong><br \/>\nJa, RF har informerat om att om personer i nuvarande register saknar n\u00f6dv\u00e4ndiga uppgifter (t.ex. fullst\u00e4ndigt svenskt personnummer eller samordningsnummer d\u00e4r det kr\u00e4vs), beh\u00f6ver f\u00f6reningen uppdatera dessa uppgifter inf\u00f6r \u00f6verg\u00e5ngen.<\/p>\n<p>&nbsp;<\/p>\n<p><strong>Fr\u00e5ga: Kan personer med skyddade personuppgifter finnas i registret?<\/strong><\/p>\n<p><strong>Svar:<\/strong><br \/>\nNej. RF skriver att <strong>inga personer med skyddade personuppgifter<\/strong> kommer finnas eller kunna l\u00e4ggas in i person- och medlemsregistret i Idrottsarenan.<\/p>\n<p>&nbsp;<\/p>\n<ol start=\"5\">\n<li><strong> LOK-st\u00f6d, Projektst\u00f6d IF och folkbildning<\/strong><\/li>\n<\/ol>\n<p><strong>Fr\u00e5ga: Var s\u00f6ker vi Projektst\u00f6d IF?<\/strong><\/p>\n<p><strong>Svar:<\/strong><br \/>\nFr\u00e5n lanseringen i mars 2026 ska <strong>Projektst\u00f6d IF<\/strong> s\u00f6kas i Idrottsarenan. Det ers\u00e4tter d\u00e5 IdrottOnline f\u00f6r just den ans\u00f6kan. Om st\u00f6d finns att s\u00f6ka finns dessa finnas synliga d\u00e4r.<\/p>\n<p>&nbsp;<\/p>\n<p><strong>Fr\u00e5ga: Var registrerar vi LOK-st\u00f6d?<\/strong><\/p>\n<p><strong>Svar:<\/strong><br \/>\nRF:s plan \u00e4r att <strong>LOK-st\u00f6d<\/strong> blir en del av Idrottsarenan i den bredare lanseringen under 2026.<\/p>\n<ul>\n<li>aktiviteter fr\u00e5n <strong>h\u00f6sten 2025<\/strong> skulle hanteras i IdrottOnline och ans\u00f6kas d\u00e4r fram till <strong>25 februari 2026<\/strong><\/li>\n<li>aktiviteter f\u00f6r <strong>v\u00e5ren 2026<\/strong> ska RF s\u00e4kerst\u00e4lla migreras \u00f6ver i samband med systembytet.<\/li>\n<\/ul>\n<p><strong>Fr\u00e5ga: Var ska slutrapportering f\u00f6r 2025 g\u00f6ras?<\/strong><\/p>\n<p><strong>Svar:<\/strong><br \/>\nA<strong>ll slutrapportering f\u00f6r 2025<\/strong> ska g\u00f6ras i <strong>IdrottOnline<\/strong>. Det g\u00e4ller bland annat:<\/p>\n<ul>\n<li>folkbildning<\/li>\n<li>utbildning<\/li>\n<li>ekonomiska st\u00f6d.<\/li>\n<\/ul>\n<p>&nbsp;<\/p>\n<ol start=\"6\">\n<li><strong> Avtal och villkor<\/strong><\/li>\n<\/ol>\n<p><strong>Fr\u00e5ga: M\u00e5ste f\u00f6reningen skriva under ett nytt avtal?<\/strong><\/p>\n<p><strong>Svar:<\/strong><br \/>\nNej, enligt RF beh\u00f6ver f\u00f6reningen <strong>ta del av avtalet och villkoren<\/strong>, men det ska <strong>inte signeras<\/strong>. RF h\u00e4nvisar till att styrelsen b\u00f6r l\u00e4sa informationen inf\u00f6r \u00f6verg\u00e5ngen.<\/p>\n<p><strong>L\u00e4nk:<\/strong><\/p>\n<ul>\n<li>Avtal \u2013 fr\u00e5gor och svar: <a href=\"https:\/\/www.rf.se\/rf-arbetar-med\/digitalisering\/idrottsarenan\/idrottsarenan-forening\/avtal---fragor-och-svar?utm_source=chatgpt.com\">Avtal \u2013 fr\u00e5gor och svar<\/a><\/li>\n<\/ul>\n<p>&nbsp;<\/p>\n<p><strong>Fr\u00e5ga: Vad h\u00e4nder om vi inte aktivt valt bort Idrottsarenan?<\/strong><\/p>\n<p><strong>Svar:<\/strong><br \/>\nRF skriver att f\u00f6reningar som <strong>inte meddelade f\u00f6re 6 mars 2026<\/strong> att de inte ville f\u00f6lja med, f\u00e5r sina uppgifter <strong>automatiskt \u00f6verf\u00f6rda<\/strong> till Idrottsarenan och fortsatt tillg\u00e5ng till tj\u00e4nsterna.<\/p>\n<ol start=\"7\">\n<li><strong> Support och hj\u00e4lp<\/strong><\/li>\n<\/ol>\n<p><strong>Fr\u00e5ga: Vart v\u00e4nder jag mig om jag har problem med Freja+?<\/strong><\/p>\n<p><strong>Svar:<\/strong><br \/>\nOm problemet g\u00e4ller registrering eller uppgradering till Freja+, h\u00e4nvisar RF till <strong>Frejas egen support<\/strong>. F\u00f6r fr\u00e5gor om inloggning i Idrottsarenan anger RF att st\u00f6d kommer finnas via <strong>Idrottsarenans supportportal<\/strong>.<\/p>\n<p><strong>L\u00e4nk:<\/strong><\/p>\n<ul>\n<li>Freja+ information via RF: <a href=\"https:\/\/www.rf.se\/rf-arbetar-med\/digitalisering\/idrottsarenan\/idrottsarenan-forening\/saker-inloggning-med-freja-?utm_source=chatgpt.com\">S\u00e4ker inloggning med Freja+<\/a><\/li>\n<\/ul>\n<p>&nbsp;<\/p>\n<p>&nbsp;<\/p>\n","protected":false},"excerpt":{"rendered":"<p>H\u00e4r hittar ni som f\u00f6rening svar p\u00e5 n\u00e5gra av de vanligaste fr\u00e5gorna g\u00e4llande de ekonomiska st\u00f6d som \u00e4r s\u00f6kbara genom RF och SCF. Ekonomiska st\u00f6d administreras huvudsakligen genom Idrottsarenan som ers\u00e4tter IdrottOnline. M\u00e5nga fr\u00e5gor och svar nedan \u00e4r kopplade till Idrottsarenan. Hittar ni inte svaret p\u00e5 denna sida, mejla g\u00e4rna oss p\u00e5 kansli@scf.se. SCF:s<a href=\"https:\/\/scf.se\/forbundet\/ekonomiskt-stod\/\" class=\"news-card__more\"> &#8230;<\/a><\/p>\n","protected":false},"author":30,"featured_media":0,"parent":0,"menu_order":0,"comment_status":"closed","ping_status":"closed","template":"","meta":{"_acf_changed":false,"footnotes":""},"class_list":["post-11991","page","type-page","status-publish","hentry"],"acf":[],"_links":{"self":[{"href":"https:\/\/scf.se\/forbundet\/wp-json\/wp\/v2\/pages\/11991","targetHints":{"allow":["GET"]}}],"collection":[{"href":"https:\/\/scf.se\/forbundet\/wp-json\/wp\/v2\/pages"}],"about":[{"href":"https:\/\/scf.se\/forbundet\/wp-json\/wp\/v2\/types\/page"}],"author":[{"embeddable":true,"href":"https:\/\/scf.se\/forbundet\/wp-json\/wp\/v2\/users\/30"}],"replies":[{"embeddable":true,"href":"https:\/\/scf.se\/forbundet\/wp-json\/wp\/v2\/comments?post=11991"}],"version-history":[{"count":4,"href":"https:\/\/scf.se\/forbundet\/wp-json\/wp\/v2\/pages\/11991\/revisions"}],"predecessor-version":[{"id":11997,"href":"https:\/\/scf.se\/forbundet\/wp-json\/wp\/v2\/pages\/11991\/revisions\/11997"}],"wp:attachment":[{"href":"https:\/\/scf.se\/forbundet\/wp-json\/wp\/v2\/media?parent=11991"}],"curies":[{"name":"wp","href":"https:\/\/api.w.org\/{rel}","templated":true}]}}