
{"id":119,"date":"2022-02-09T16:48:45","date_gmt":"2022-02-09T15:48:45","guid":{"rendered":"http:\/\/svenskcykel.grandpublic.se\/forbundet\/?page_id=119"},"modified":"2022-11-18T16:53:04","modified_gmt":"2022-11-18T15:53:04","slug":"erbjudanden","status":"publish","type":"page","link":"https:\/\/scf.se\/forbundet\/erbjudanden\/","title":{"rendered":"Erbjudanden"},"content":{"rendered":"<p>Erbjudanden till SCF-anslutna medlemsf\u00f6reningar.<\/p>\n<ul>\n<li>Scandic Idrottsavtal: Avtalskod:\u00a0D359098787<\/li>\n<li>Swe Cycling Community finns i appen Cardskipper som ing\u00e5r i en \u00e5rslicens med erbjudanden och rabatter fr\u00e5n SCF&#8217;s partners<\/li>\n<li>Arrangera ett nyb\u00f6rjarrace &#8211; <a href=\"https:\/\/kundshop.sporrong.se\/produkt\/cykelpaket-for-kids\/\"><strong><em>SWE Cycling for kids<\/em><\/strong><\/a> har materialet!<\/li>\n<li><a href=\"https:\/\/scf.se\/forbundet\/erbjudanden\/stada-sverige\/\"><strong><em>St\u00e4da Sverige<\/em><\/strong><\/a>\u00a0&#8211; och tj\u00e4na pengar till f\u00f6reningen!<\/li>\n<li><strong><em><a href=\"https:\/\/scf.se\/forbundet\/erbjudanden\/stod-till-landslagscyklister\/\">St\u00f6d till landslagscyklister<\/a>\u00a0<\/em><\/strong>&#8211; pensionsr\u00e5dgivning, avtalsgranskning och karri\u00e4rv\u00e4xling<\/li>\n<\/ul>\n","protected":false},"excerpt":{"rendered":"<p>Erbjudanden till SCF-anslutna medlemsf\u00f6reningar. Scandic Idrottsavtal: Avtalskod:\u00a0D359098787 Swe Cycling Community finns i appen Cardskipper som ing\u00e5r i en \u00e5rslicens med erbjudanden och rabatter fr\u00e5n SCF&#8217;s partners Arrangera ett nyb\u00f6rjarrace &#8211; SWE Cycling for kids har materialet! St\u00e4da Sverige\u00a0&#8211; och tj\u00e4na pengar till f\u00f6reningen! St\u00f6d till landslagscyklister\u00a0&#8211; pensionsr\u00e5dgivning, avtalsgranskning och karri\u00e4rv\u00e4xling<\/p>\n","protected":false},"author":1,"featured_media":0,"parent":0,"menu_order":0,"comment_status":"closed","ping_status":"closed","template":"","meta":{"_acf_changed":false,"footnotes":""},"class_list":["post-119","page","type-page","status-publish","hentry"],"acf":[],"_links":{"self":[{"href":"https:\/\/scf.se\/forbundet\/wp-json\/wp\/v2\/pages\/119","targetHints":{"allow":["GET"]}}],"collection":[{"href":"https:\/\/scf.se\/forbundet\/wp-json\/wp\/v2\/pages"}],"about":[{"href":"https:\/\/scf.se\/forbundet\/wp-json\/wp\/v2\/types\/page"}],"author":[{"embeddable":true,"href":"https:\/\/scf.se\/forbundet\/wp-json\/wp\/v2\/users\/1"}],"replies":[{"embeddable":true,"href":"https:\/\/scf.se\/forbundet\/wp-json\/wp\/v2\/comments?post=119"}],"version-history":[{"count":1,"href":"https:\/\/scf.se\/forbundet\/wp-json\/wp\/v2\/pages\/119\/revisions"}],"predecessor-version":[{"id":7921,"href":"https:\/\/scf.se\/forbundet\/wp-json\/wp\/v2\/pages\/119\/revisions\/7921"}],"wp:attachment":[{"href":"https:\/\/scf.se\/forbundet\/wp-json\/wp\/v2\/media?parent=119"}],"curies":[{"name":"wp","href":"https:\/\/api.w.org\/{rel}","templated":true}]}}