
{"id":11840,"date":"2026-04-14T06:50:58","date_gmt":"2026-04-14T04:50:58","guid":{"rendered":"https:\/\/scf.se\/forbundet\/?page_id=11840"},"modified":"2026-04-14T08:19:00","modified_gmt":"2026-04-14T06:19:00","slug":"swecyclingonline-fragor-och-svar","status":"publish","type":"page","link":"https:\/\/scf.se\/forbundet\/swecyclingonline-fragor-och-svar\/","title":{"rendered":"Swecyclingonline &#8211; Fr\u00e5gor och svar"},"content":{"rendered":"<p>H\u00e4r samlar vi de vanligaste fr\u00e5gorna fr\u00e5n er som administrerar era lopp i Swecyclingonline (Sportstiming). Finns det en fr\u00e5ga och svar som borde in nedan &#8211; melja din fr\u00e5ga till <a href=\"mailto:kansli@scf.se\">kansli@scf.se<\/a>.<\/p>\n<hr \/>\n<p><strong>Nytt:<\/strong> Lopp som f\u00f6re den 13\/4 har lagt in att anm\u00e4lan sker p\u00e5 annan sida rekommenderas att g\u00e5 in p\u00e5 sitt lopp i adminl\u00e4get, klicka p\u00e5 &#8221;Datum &amp; grundinst\u00e4llningar&#8221;, l\u00e4gga till l\u00e4nken till den externa sidan p\u00e5 nytt och sedan klicka p\u00e5 &#8221;Spara&#8221;. Nu kommer en gr\u00f6n knapp &#8221;Till anm\u00e4lan&#8221; finnas p\u00e5 loppets visningssida som l\u00e4nkar till den externa sidan. Detta sker automatiskt f\u00f6r de lopp som l\u00e4ggs upp efter den 13\/4.<\/p>\n<hr \/>\n<p><strong>Fr\u00e5ga:<\/strong> Hur vet jag att jag \u00e4r inne i sanktionskalendern och inte i &#8221;vanliga&#8221; sportstiming?<\/p>\n<p><strong>Svar:<\/strong> Sanktionskalendern har dom\u00e4nen www.swecyclingonline.se och \u00e4r i tydlig SCF-milj\u00f6. Dom\u00e4nen www.sportstiming.se \u00e4r en allm\u00e4n anm\u00e4lningssida f\u00f6r andra typer av sporter och arrangemang och har ingen koppling till Cykelf\u00f6rbundet.<\/p>\n<p>&nbsp;<\/p>\n<p><strong>Fr\u00e5ga:<\/strong> Vad kostar det att anv\u00e4nda Swecyclingonline?<\/p>\n<p><strong>Svar:<\/strong> Det \u00e4r gratis f\u00f6r arrang\u00f6rer att anv\u00e4nda Swecyclingonline. Om arrang\u00f6ren har valt att ha anm\u00e4lan i Swecyclingonline s\u00e5 l\u00e4ggs ett administrativt p\u00e5slag p\u00e5 deltagarens anm\u00e4lningsavgift p\u00e5 20 kr + 0,8% av anm\u00e4lningsavgiften. \u00c4r anm\u00e4lningsavgiften exempelvis 500 kr s\u00e5 blir avgiften f\u00f6r deltagaren 500 kr + 20 kr + 0,8% (4 kr) = 524 kr. Systemet \u00e4r f\u00f6rprogrammerat med denna avgift.<\/p>\n<p>&nbsp;<\/p>\n<p><strong>Fr\u00e5ga:<\/strong> Vi har r\u00e5kat skapa dubbletter av v\u00e5rt lopp, hur raderar vi ena loppet?<\/p>\n<p><strong>Svar:<\/strong> Ni f\u00e5r g\u00e4rna d\u00f6pa om er dubblett ni inte vill anv\u00e4nda till just &#8221;dubblett &#8211; namnet p\u00e5 loppet&#8221;. Ni kan \u00e4ven kontakta kansliet, <a href=\"mailto:kansli@scf.se\">kansli@scf.se<\/a> och uppge namnet p\u00e5 loppet och Event ID, exempelvis &#8221;17746&#8221;, s\u00e5 hj\u00e4lper vi er att ta bort det lopp ni inte l\u00e4ngre vill ha.<\/p>\n<p>&nbsp;<\/p>\n<p><strong>Fr\u00e5ga:<\/strong> Kan jag bjuda in en annan anv\u00e4ndare som f\u00e5r redigera mitt event?<\/p>\n<p><strong>Svar:<\/strong> Ja. Fr\u00e5n admin-vyn i eventet, i menyn till v\u00e4nster finns en rubrik l\u00e4ngst ner som heter &#8221;Administration&#8221;. Klicka p\u00e5 &#8221;Administration&#8221; och klicka sedan p\u00e5 &#8221;Access to the event&#8221;. Namnen p\u00e5 profilerna som har r\u00e4tt att redigera loppet visas. Uppe till h\u00f6ger finns en bl\u00e5 ruta med texten &#8221;+ L\u00e4gg till&#8221;. Klicka p\u00e5 &#8221;+ L\u00e4gg till&#8221; och skriv e-postadressen till personen som du vill bjuda in. Anv\u00e4nd den e-postadress som personen anv\u00e4nder i sin Sportstiming-profil. V\u00e4lj Role &#8221;L\u00f8bsarrang\u00f8r 5&#8221; om den finns. Klicka p\u00e5 spara. Den personen f\u00e5r nu upp och kan redigera loppet n\u00e4r hen klickar p\u00e5 &#8221;Home&#8221; i adminl\u00e4get.<\/p>\n<p>&nbsp;<\/p>\n<p><strong>Fr\u00e5ga:<\/strong> Det \u00e4r fel epost eller telefonnummer till mig som t\u00e4vlingsledare i Swecyclingonline, hur \u00e4ndrar jag detta?<\/p>\n<p><strong>Svar:<\/strong> Kontakta <a href=\"mailto:kansli@scf.se\">kansli@scf.se<\/a> med r\u00e4tt kontaktuppgifter s\u00e5 uppdaterar vi med dessa.<\/p>\n<p>&nbsp;<\/p>\n<p><strong>Fr\u00e5ga:<\/strong> Varf\u00f6r beh\u00f6ver en arrang\u00f6r l\u00e4gga in klasserna i Swecyclingonline f\u00f6r att f\u00e5 godk\u00e4nd sanktion?<\/p>\n<p><strong>Svar:<\/strong> Sk\u00e4let till att vi st\u00e4ller som krav att arrang\u00f6rer l\u00e4gger in sina klasser \u00e4r f\u00f6r att hj\u00e4lpa oss s\u00e4kerst\u00e4lla att inga olyckliga krockar sker. I samband med att vi g\u00e5r igenom ett lopp f\u00f6r att godk\u00e4nna sanktionen s\u00e5 \u00e4r klasserna en av de parametrar vi tittar p\u00e5, f\u00f6r att f\u00e5 f\u00f6rst\u00e5else f\u00f6r vem\/vilka loppet riktar sig mot och om det finns risk f\u00f6r en kalenderkrock.<\/p>\n<p>&nbsp;<\/p>\n<p><strong>Fr\u00e5ga:<\/strong> Vad finns det f\u00f6r support f\u00f6r mig som arrang\u00f6r?<\/p>\n<p><strong>Svar:<\/strong> Vi f\u00f6rs\u00f6ker f\u00e5 till en utbildning under v\u00e5ren f\u00f6r alla f\u00f6reningar som vill l\u00e4ra sig Sportstiming b\u00e4ttre. Man kan annars alltid h\u00f6ra av sig till kansliet s\u00e5 hj\u00e4lper vi till efter b\u00e4sta f\u00f6rm\u00e5ga. Vill man f\u00e5 hj\u00e4lp fr\u00e5n de som kan systemet b\u00e4st kan man mejla till resultatgruppen, <a href=\"mailto:resultatgrupp@scf.se\">resultatgrupp@scf.se<\/a> eller direkt till officiella supporten i Danmark, <a href=\"mailto:event@sportstiming.dk\">event@sportstiming.dk<\/a>. Den danska supporten kan man \u00e4ven n\u00e5 p\u00e5 telefon: +45 6340 0000.<\/p>\n","protected":false},"excerpt":{"rendered":"<p>H\u00e4r samlar vi de vanligaste fr\u00e5gorna fr\u00e5n er som administrerar era lopp i Swecyclingonline (Sportstiming). Finns det en fr\u00e5ga och svar som borde in nedan &#8211; melja din fr\u00e5ga till kansli@scf.se. Nytt: Lopp som f\u00f6re den 13\/4 har lagt in att anm\u00e4lan sker p\u00e5 annan sida rekommenderas att g\u00e5 in p\u00e5 sitt lopp i<a href=\"https:\/\/scf.se\/forbundet\/swecyclingonline-fragor-och-svar\/\" class=\"news-card__more\"> &#8230;<\/a><\/p>\n","protected":false},"author":30,"featured_media":0,"parent":0,"menu_order":0,"comment_status":"closed","ping_status":"closed","template":"","meta":{"_acf_changed":false,"footnotes":""},"class_list":["post-11840","page","type-page","status-publish","hentry"],"acf":[],"_links":{"self":[{"href":"https:\/\/scf.se\/forbundet\/wp-json\/wp\/v2\/pages\/11840","targetHints":{"allow":["GET"]}}],"collection":[{"href":"https:\/\/scf.se\/forbundet\/wp-json\/wp\/v2\/pages"}],"about":[{"href":"https:\/\/scf.se\/forbundet\/wp-json\/wp\/v2\/types\/page"}],"author":[{"embeddable":true,"href":"https:\/\/scf.se\/forbundet\/wp-json\/wp\/v2\/users\/30"}],"replies":[{"embeddable":true,"href":"https:\/\/scf.se\/forbundet\/wp-json\/wp\/v2\/comments?post=11840"}],"version-history":[{"count":17,"href":"https:\/\/scf.se\/forbundet\/wp-json\/wp\/v2\/pages\/11840\/revisions"}],"predecessor-version":[{"id":12052,"href":"https:\/\/scf.se\/forbundet\/wp-json\/wp\/v2\/pages\/11840\/revisions\/12052"}],"wp:attachment":[{"href":"https:\/\/scf.se\/forbundet\/wp-json\/wp\/v2\/media?parent=11840"}],"curies":[{"name":"wp","href":"https:\/\/api.w.org\/{rel}","templated":true}]}}