
{"id":11691,"date":"2026-03-06T14:07:57","date_gmt":"2026-03-06T13:07:57","guid":{"rendered":"https:\/\/scf.se\/forbundet\/?page_id=11691"},"modified":"2026-04-09T15:59:00","modified_gmt":"2026-04-09T13:59:00","slug":"swecyclingonline-forening","status":"publish","type":"page","link":"https:\/\/scf.se\/forbundet\/swecyclingonline-forening\/","title":{"rendered":"Swecyclingonline &#8211; f\u00f6rening"},"content":{"rendered":"<h3>Licensportal med kontaktperson och licenskontrollanter i f\u00f6reningen<\/h3>\n<p>Sportstiming (ST) har inte samma l\u00e5sning mot IdrottOnline som tidigare t\u00e4vlingsadministrativa systemet IndTA hade. Det inneb\u00e4r att f\u00f6reningen ist\u00e4llet m\u00e5ste granska alla som tecknar licens i klubben, med m\u00f6jlighet att agera om licenstecknaren saknar medlemskap i f\u00f6reningen. Dessa 1-2 licenskontrollanter hos f\u00f6reningen ska anges p\u00e5 f\u00f6reningens egna sida i licensportalen. Alla f\u00f6reningar som var medlemmar den 3:e december 2025 fick ett mejl fr\u00e5n Sportstiming\/Svenska Cykelf\u00f6rbundet (dcu-noreply@sportstiming.dk) med \u00e4mnet \u201dViktig information \u2013 uppdatering av f\u00f6reningsuppgifter f\u00f6r kontroll av licenser\u201d. I mejlet finns en l\u00e4nk till f\u00f6reningens sida d\u00e4r f\u00f6reningen anger sina grunduppgifter samt 1-2 licenskontrollanter. Har er f\u00f6rening inte f\u00e5tt mejlet, kontakta oss p\u00e5 <a href=\"https:\/\/scf.se\/forbundet\/sportstiming\/kansli@scf.se\">kansli@scf.se<\/a>.<\/p>\n<h3>L\u00e4gga till lopp i Sweyclingonline<\/h3>\n<p>F\u00f6r att en arrang\u00f6r\/f\u00f6rening ska kunna l\u00e4gga in sitt lopp i den nya sanktionskalendern beh\u00f6ver f\u00f6reningen g\u00e5 till sin f\u00f6reningssida i licensportalen, samma sida som f\u00f6reningen tidigare lagt in uppgifter samt licenskontrollant\/er i. Har ni inte tillg\u00e5ng till er sida i licensportalen, kontakta <a href=\"mailto:kansli@scf.se\">kansli@scf.se<\/a> s\u00e5 hj\u00e4lper vi er. P\u00e5 f\u00f6reningssidan till h\u00f6ger finns en knapp som heter &#8221;Skapa nytt lopp&#8221;. Med den knappen l\u00e4gger ni upp ett lopp f\u00f6r sanktionsans\u00f6kan i Swecyclingonline.<\/p>\n<p>N\u00e4r ett lopp lagts upp med f\u00f6reningen som arrang\u00f6r f\u00e5r licenskontrollanterna i f\u00f6reningen ett mejl om att ett lopp har skapats med f\u00f6reningen som arrang\u00f6r. H\u00e4r finns en instruktion p\u00e5 hur f\u00f6reningen l\u00e4gger upp ett lopp i nya Swecyclingonline: <a href=\"https:\/\/scf.se\/forbundet\/swecyclingonline-arrangor\/\">Swecyclingonline &#8211; arrang\u00f6r &#8211; F\u00f6rbundet &#8211; Svenska Cykelf\u00f6rbundet<\/a><\/p>\n","protected":false},"excerpt":{"rendered":"<p>Licensportal med kontaktperson och licenskontrollanter i f\u00f6reningen Sportstiming (ST) har inte samma l\u00e5sning mot IdrottOnline som tidigare t\u00e4vlingsadministrativa systemet IndTA hade. Det inneb\u00e4r att f\u00f6reningen ist\u00e4llet m\u00e5ste granska alla som tecknar licens i klubben, med m\u00f6jlighet att agera om licenstecknaren saknar medlemskap i f\u00f6reningen. Dessa 1-2 licenskontrollanter hos f\u00f6reningen ska anges p\u00e5 f\u00f6reningens egna<a href=\"https:\/\/scf.se\/forbundet\/swecyclingonline-forening\/\" class=\"news-card__more\"> &#8230;<\/a><\/p>\n","protected":false},"author":30,"featured_media":0,"parent":0,"menu_order":0,"comment_status":"closed","ping_status":"closed","template":"","meta":{"_acf_changed":false,"footnotes":""},"class_list":["post-11691","page","type-page","status-publish","hentry"],"acf":[],"_links":{"self":[{"href":"https:\/\/scf.se\/forbundet\/wp-json\/wp\/v2\/pages\/11691","targetHints":{"allow":["GET"]}}],"collection":[{"href":"https:\/\/scf.se\/forbundet\/wp-json\/wp\/v2\/pages"}],"about":[{"href":"https:\/\/scf.se\/forbundet\/wp-json\/wp\/v2\/types\/page"}],"author":[{"embeddable":true,"href":"https:\/\/scf.se\/forbundet\/wp-json\/wp\/v2\/users\/30"}],"replies":[{"embeddable":true,"href":"https:\/\/scf.se\/forbundet\/wp-json\/wp\/v2\/comments?post=11691"}],"version-history":[{"count":5,"href":"https:\/\/scf.se\/forbundet\/wp-json\/wp\/v2\/pages\/11691\/revisions"}],"predecessor-version":[{"id":12037,"href":"https:\/\/scf.se\/forbundet\/wp-json\/wp\/v2\/pages\/11691\/revisions\/12037"}],"wp:attachment":[{"href":"https:\/\/scf.se\/forbundet\/wp-json\/wp\/v2\/media?parent=11691"}],"curies":[{"name":"wp","href":"https:\/\/api.w.org\/{rel}","templated":true}]}}