
{"id":11688,"date":"2026-03-06T13:59:59","date_gmt":"2026-03-06T12:59:59","guid":{"rendered":"https:\/\/scf.se\/forbundet\/?page_id=11688"},"modified":"2026-04-13T09:04:34","modified_gmt":"2026-04-13T07:04:34","slug":"swecyclingonline-cyklist","status":"publish","type":"page","link":"https:\/\/scf.se\/forbundet\/swecyclingonline-cyklist\/","title":{"rendered":"Swecyclingonline &#8211; cyklist"},"content":{"rendered":"<p>Fr\u00e5n mars 2026 tar Sportstiming (ST) \u00f6ver som SCF:s officiella t\u00e4vlingsadministrativa (TA) leverant\u00f6r. Detta inneb\u00e4r att det tidigare TA-systemet IndTA kommer att fasas ut och att nya sanktions- och arrangemangskalendern tagit \u00f6ver dom\u00e4nen <a href=\"http:\/\/www.swecyclingonline.se\">www.swecyclingonline.se<\/a>. Den separata licensportalen hamnar ist\u00e4llet p\u00e5 en egen dom\u00e4n, <a href=\"http:\/\/licens.scf.se\/\">licens.scf.se<\/a>.<\/p>\n<h3>Licensportalen\u00a0<a href=\"http:\/\/licens.scf.se\/\">licens.scf.se<\/a>\u00a0samlar alla licenser p\u00e5 ett st\u00e4lle<\/h3>\n<p>Med den nya licensplattformen f\u00e5r vi nu m\u00f6jlighet att samla alla typer av licenser i samma system.<\/p>\n<ul>\n<li><em><strong>T\u00e4vlingslicenser<\/strong><\/em><\/li>\n<li><strong><em>Ledarlicenser<\/em><\/strong><\/li>\n<li><em><strong>Motionslicensen<\/strong><\/em><\/li>\n<li><em><strong>Eng\u00e5ngslicenser<\/strong><\/em><\/li>\n<li><em><strong>E-cyclinglicensen<\/strong><\/em><\/li>\n<\/ul>\n<p>Att samla alla licenser p\u00e5 en och samma plats f\u00f6renklar administrationen och skapar en tryggare och mer enhetlig hantering f\u00f6r cyklister, arrang\u00f6rer och f\u00f6reningar.<\/p>\n<h3>Nya Swecyclingonline \u00e4r SCF:s officiella sanktionskalender<\/h3>\n<p>Fr\u00e5n Q1 g\u00e4ller den nya sanktionskalendern. Detta inneb\u00e4r att det gamla TA-systemet inte l\u00e4ngre \u00e4r den g\u00e4llande kalendern f\u00f6r att s\u00e4kerst\u00e4lla att ett lopp har sanktion. Notera att sanktionskalendern fortsatt har dom\u00e4nen www.swecyclingonline.se och \u00e4r i tydlig SCF-milj\u00f6. Dom\u00e4nen www.sportstiming.se \u00e4r en allm\u00e4n anm\u00e4lningssida f\u00f6r andra typer av sporter och arrangemang och har ingen koppling till Cykelf\u00f6rbundet.<\/p>\n","protected":false},"excerpt":{"rendered":"<p>Fr\u00e5n mars 2026 tar Sportstiming (ST) \u00f6ver som SCF:s officiella t\u00e4vlingsadministrativa (TA) leverant\u00f6r. Detta inneb\u00e4r att det tidigare TA-systemet IndTA kommer att fasas ut och att nya sanktions- och arrangemangskalendern tagit \u00f6ver dom\u00e4nen www.swecyclingonline.se. Den separata licensportalen hamnar ist\u00e4llet p\u00e5 en egen dom\u00e4n, licens.scf.se. Licensportalen\u00a0licens.scf.se\u00a0samlar alla licenser p\u00e5 ett st\u00e4lle Med den nya licensplattformen<a href=\"https:\/\/scf.se\/forbundet\/swecyclingonline-cyklist\/\" class=\"news-card__more\"> &#8230;<\/a><\/p>\n","protected":false},"author":30,"featured_media":0,"parent":0,"menu_order":0,"comment_status":"closed","ping_status":"closed","template":"","meta":{"_acf_changed":false,"footnotes":""},"class_list":["post-11688","page","type-page","status-publish","hentry"],"acf":[],"_links":{"self":[{"href":"https:\/\/scf.se\/forbundet\/wp-json\/wp\/v2\/pages\/11688","targetHints":{"allow":["GET"]}}],"collection":[{"href":"https:\/\/scf.se\/forbundet\/wp-json\/wp\/v2\/pages"}],"about":[{"href":"https:\/\/scf.se\/forbundet\/wp-json\/wp\/v2\/types\/page"}],"author":[{"embeddable":true,"href":"https:\/\/scf.se\/forbundet\/wp-json\/wp\/v2\/users\/30"}],"replies":[{"embeddable":true,"href":"https:\/\/scf.se\/forbundet\/wp-json\/wp\/v2\/comments?post=11688"}],"version-history":[{"count":6,"href":"https:\/\/scf.se\/forbundet\/wp-json\/wp\/v2\/pages\/11688\/revisions"}],"predecessor-version":[{"id":12044,"href":"https:\/\/scf.se\/forbundet\/wp-json\/wp\/v2\/pages\/11688\/revisions\/12044"}],"wp:attachment":[{"href":"https:\/\/scf.se\/forbundet\/wp-json\/wp\/v2\/media?parent=11688"}],"curies":[{"name":"wp","href":"https:\/\/api.w.org\/{rel}","templated":true}]}}