
{"id":11679,"date":"2026-03-06T13:44:05","date_gmt":"2026-03-06T12:44:05","guid":{"rendered":"https:\/\/scf.se\/forbundet\/?page_id=11679"},"modified":"2026-04-14T08:20:21","modified_gmt":"2026-04-14T06:20:21","slug":"swecyclingonline-arrangor","status":"publish","type":"page","link":"https:\/\/scf.se\/forbundet\/swecyclingonline-arrangor\/","title":{"rendered":"Swecyclingonline &#8211; arrang\u00f6r"},"content":{"rendered":"<h3>S\u00e5 h\u00e4r l\u00e4gger en arrang\u00f6r in ett lopp f\u00f6r sanktion i nya swecyclingonline<\/h3>\n<p>Har du redan f\u00f6ljt stegen nedan och vill ha ytterligare support &#8211; kolla in v\u00e5r &#8221;<a href=\"https:\/\/scf.se\/forbundet\/swecyclingonline-fragor-och-svar\/\">Fr\u00e5gor och svar<\/a>&#8221;-sida.<\/p>\n<p><strong>1) G\u00e5 till f\u00f6reningens sida i nya licensportalen<\/strong><\/p>\n<ol>\n<li>G\u00e5 till <strong>arrangerande f\u00f6renings sida i licensportalen<\/strong>\u00a0(samma sida d\u00e4r ni tidigare lagt in f\u00f6reningsuppgifter samt licenskontrollant\/er).<\/li>\n<li>Saknar ni \u00e5tkomst? Mejla\u00a0<strong>kansli@scf.se<\/strong> s\u00e5 skickar vi ut er l\u00e4nk.<\/li>\n<li>N\u00e4r ni f\u00e5tt l\u00e4nken, passa p\u00e5 att s\u00e4kerst\u00e4lla att ni har uppdaterade uppgifter till era <a href=\"https:\/\/scf.se\/forbundet\/swecyclingonline-forening\/\">licenskontrollanter<\/a>.<\/li>\n<\/ol>\n<p><strong>2) Skapa nytt lopp<\/strong><\/p>\n<ol>\n<li>Till h\u00f6ger p\u00e5 f\u00f6reningens sida i licensportalen finns knappen <strong>\u201dSkapa nytt lopp\u201d<\/strong>.<\/li>\n<li>Klicka och du l\u00e4nkas till Sportstiming.<\/li>\n<li>Logga in eller skapa ett konto och fyll i uppgifterna nedan.<\/li>\n<\/ol>\n<p><strong>Grundl\u00e4ggande information (Skapa arrangemang)<\/strong><\/p>\n<p>Fyll i:<\/p>\n<ul>\n<li><strong>Arrangemang:<\/strong>\u00a0Loppets namn<\/li>\n<li><strong>Typ av lopp:<\/strong>\u00a0Gren<\/li>\n<li><strong>Disciplin:<\/strong>\u00a0V\u00e4lj disciplin (valen beror p\u00e5 vald gren)<\/li>\n<li><strong>Kategori:<\/strong> T.ex. Nationell t\u00e4vling, SWE Cup, distriktst\u00e4vling, motionslopp osv.<\/li>\n<li><strong>Datum:<\/strong>\u00a0Datum f\u00f6r loppet\n<ul>\n<li>P\u00e5g\u00e5r loppet \u00f6ver flera dagar, exempelvis etapplopp eller att olika klasser har t\u00e4vlingsdag olika dagar: kryssa i\u00a0<strong>\u201dP\u00e5g\u00e5r flera dagar\u201d<\/strong>\u00a0och ange slutdatum.<\/li>\n<\/ul>\n<\/li>\n<li><strong>Sanktion:<\/strong>\u00a0F\u00f6rifyllt \u201dAns\u00f6kt\u201d<\/li>\n<li><strong>F\u00f6rbund:<\/strong> F\u00f6rifyllt &#8221;Svenska Cykelf\u00f6rbundet&#8221;<\/li>\n<li><strong>Arrang\u00f6r (klubb):<\/strong>\u00a0Er f\u00f6rening \u00e4r f\u00f6rifylld (byt vid behov).\n<ul>\n<li>Den angivna f\u00f6reningen f\u00e5r mejl om att ett lopp lagts in i sanktionskalendern.<\/li>\n<\/ul>\n<\/li>\n<li><strong>T\u00e4vlingsledare:<\/strong> Obligatoriskt (utom vid motionslopp). T\u00e4vlingsledaren f\u00e5r ett mejl om att hen \u00e4r inlagd som t\u00e4vlingsledare f\u00f6r loppet.<\/li>\n<\/ul>\n<p><strong>Special Settings<\/strong><\/p>\n<ul>\n<li>Kryssa i de val ni vill anv\u00e4nda <em>om ni avser anv\u00e4nda anm\u00e4lan i ST.<\/em> Annars, l\u00e4mna tomma.\n<ul>\n<li><strong>Use UCI registration (icke-SCF ryttare)<\/strong>\u00a0\u2013 G\u00f6r anm\u00e4lan m\u00f6jligt f\u00f6r utl\u00e4ndska t\u00e4vlingscyklister.<\/li>\n<li><strong>Anv\u00e4nd SCF:s licensregister<\/strong>\u00a0\u2013 G\u00f6r anm\u00e4lan endast m\u00f6jlig till beh\u00f6rig klass utifr\u00e5n typ av lopp, \u00e5lder och licenstyp.<\/li>\n<li><strong>Tillad p\u00e5melding med \u201dingen licens\u201d (kraevet til motionslopp p\u00e5meldning)<\/strong>\u00a0\u2013 G\u00f6r anm\u00e4lan till motionslopp m\u00f6jlig utan licens.<\/li>\n<\/ul>\n<\/li>\n<\/ul>\n<p><strong>Detaljer \u2013 anm\u00e4lan<\/strong><\/p>\n<ul>\n<li><strong>Anm\u00e4lan:<\/strong>\u00a0V\u00e4lj om anm\u00e4lan ska ske i\u00a0<strong>Sportstiming<\/strong>\u00a0eller\u00a0<strong>annat system<\/strong>\n<ul>\n<li><strong>Sportstiming:<\/strong>\u00a0ange\u00a0<strong>BIC<\/strong>\u00a0och\u00a0<strong>IBAN<\/strong>\u00a0(f\u00f6r att kunna f\u00e5 utbetalt exempelvis anm\u00e4lningsavgifter)<\/li>\n<li><strong>Annat system:<\/strong>\u00a0ange\u00a0<strong>l\u00e4nk<\/strong>\u00a0till anm\u00e4lan<\/li>\n<\/ul>\n<\/li>\n<\/ul>\n<p>Klicka\u00a0<strong>\u201dSpara\u201d<\/strong>.<\/p>\n<p><strong>Konfigurera loppets klasser &#8211; obligatorisk uppgift<\/strong><\/p>\n<h3><strong>Om ni har anm\u00e4lan i annat system<\/strong><\/h3>\n<ol>\n<li>L\u00e4gg in de\u00a0<strong>klasser<\/strong>\u00a0ni avser ha.\n<ul>\n<li>Viktigt: Ange korrekta klasser \u00e4ven om anm\u00e4lan sker p\u00e5 annan plats \u2013 detta anv\u00e4nds som underlag vid beviljande av sanktion.<\/li>\n<\/ul>\n<\/li>\n<li>Skrolla l\u00e4ngst ner och klicka\u00a0<strong>\u201dSpara\u201d<\/strong>.<\/li>\n<\/ol>\n<p>N\u00e4r du sparat klasserna kommer du till\u00a0<strong>T\u00e4vling-\u00f6versikt<\/strong> . Nu har du lagt in de grundl\u00e4ggande uppgifterna som beh\u00f6vs om ni har anm\u00e4lan till loppet i annat system. Vi rekommenderar starkt att \u00e4ven *<strong>godk\u00e4nna GDPR-villkoren<\/strong> (se nedan), l\u00e4gga in **<strong>plats<\/strong> (se nedan) och information med <span style=\"text-decoration: underline;\">l\u00e4nk till anm\u00e4lan\/loppet<\/span> under ***<strong>Loppets sida<\/strong> (se nedan).<\/p>\n<p>&nbsp;<\/p>\n<h3><strong>Om ni har anm\u00e4lan i Sportstiming<\/strong><\/h3>\n<ol>\n<li>L\u00e4gg in de\u00a0<strong>klasser<\/strong>\u00a0ni avser ha.\n<ul>\n<li>Klasser \u00e4r f\u00f6rprogrammerade f\u00f6r automatiskt igenk\u00e4nnande av korrekt licenstyp och \u00e5lder (g\u00e4ller vid anv\u00e4ndande av \u201dAnv\u00e4nd SCF:s licensregister\u201d).<\/li>\n<li>Motionslopp\/motionsklasser\/nyb\u00f6rjarklasser kan i regel anm\u00e4las utan licens.<\/li>\n<\/ul>\n<\/li>\n<li>Ange\u00a0<strong>Pris per klass<\/strong>.<\/li>\n<li>Klicka\u00a0<strong>\u201dVisa detaljer\u201d<\/strong>\u00a0och fyll i (kan kompletteras senare genom att klicka p\u00e5 \u201dplus\u201d tecknet):\n<ul>\n<li><strong>Klass (KM):<\/strong>\u00a0varvl\u00e4ngd\/bana i km (t.ex. 3,5)<\/li>\n<li><strong>Varv:<\/strong>\u00a0antal varv<\/li>\n<li><strong>Datum:<\/strong>\u00a0f\u00f6rifyllt<\/li>\n<li><strong>Klockan:<\/strong>\u00a0starttid<\/li>\n<\/ul>\n<\/li>\n<li>Skrolla l\u00e4ngst ner och klicka\u00a0<strong>\u201dSpara\u201d<\/strong>.<\/li>\n<\/ol>\n<p><strong>T\u00e4vling-\u00f6versikt \u2013 rekommenderade grundinst\u00e4llningar<\/strong><\/p>\n<p>N\u00e4r du sparat klasserna kommer du till\u00a0<strong>T\u00e4vling-\u00f6versikt<\/strong>\u00a0. H\u00e4r kan i princip allt st\u00e4llas in. F\u00f6r att anm\u00e4lan ska fungera bra rekommenderar vi att ni l\u00e4gger in nedan grunduppgifter.<\/p>\n<h3>OBS: Vill ni anv\u00e4nda Sportstiming\/Black Box Timing under t\u00e4vlingen rekommenderas att tidigt kontakta en resultathanterare. Mer info: <a href=\"https:\/\/scf.se\/forbundet\/tavlingsverksamhet\/arrangera-tavling\/cykelresultat-och-chipsystemet\/\">Resultatgruppen och chipsystem &#8211; F\u00f6rbundet &#8211; Svenska Cykelf\u00f6rbundet<\/a><\/h3>\n<p><strong>*Godk\u00e4nn GDPR-villkoren (Rekommendationer)<\/strong><\/p>\n<ol>\n<li>I mitten av sk\u00e4rmen finns texten \u201d<strong>GDPR<\/strong>&#8221;. Klicka p\u00e5 den orangea rutan \u201d<strong>\u00c5tg\u00e4rda nu<\/strong>\u201d f\u00f6r att godk\u00e4nna och bli informerad om hanteringen av personuppgifter.<\/li>\n<li>N\u00e4r du klickat dig igenom alla sidor, kryssat i rutan f\u00f6r att godk\u00e4nna villkoren och klicka p\u00e5 &#8221;Spara&#8221;.<\/li>\n<li>Du kommer nu till \u00f6versikten av dina lopp.<\/li>\n<li>Klicka p\u00e5 loppet du precis skapat och du kommer tillbaka till loppets T\u00e4vling-\u00f6versikt.<\/li>\n<\/ol>\n<p><strong>**L\u00e4gg in plats (Rekommendationer)<\/strong><\/p>\n<ol>\n<li>I mitten av sk\u00e4rmen finns texten \u201dPlats f\u00f6r lopp \u2013 Du b\u00f6r ange platsen\u2026\u201d. Klicka p\u00e5 den orangea rutan \u201d<strong>\u00c5tg\u00e4rda nu<\/strong>\u201d f\u00f6r att l\u00e4gga in platsen d\u00e4r loppet \u00e4ger rum.<\/li>\n<li>Fyll i:\n<ul>\n<li><strong>Plats eller anl\u00e4ggning:<\/strong>\u00a0t.ex. Friluftsg\u00e5rden Borgen<\/li>\n<li><strong>Adress<\/strong><\/li>\n<li><strong>Position p\u00e5 kartan:<\/strong>\u00a0kryssa i\u00a0<strong>\u201dVisa p\u00e5 karta\u201d<\/strong>\u00a0och markera eventomr\u00e5det p\u00e5 kartan\n<ul>\n<li>Latitud\/longitud fylls i automatiskt.<\/li>\n<\/ul>\n<\/li>\n<\/ul>\n<\/li>\n<li>Klicka\u00a0<strong>\u201dSpara\u201d<\/strong>\u00a0och du kommer tillbaka till T\u00e4vling-\u00f6versikt.<\/li>\n<\/ol>\n<p><strong>Pris\u00f6kningar (t.ex. efteranm\u00e4lningsavgift)<\/strong><\/p>\n<ol>\n<li>I T\u00e4vling-\u00f6versikt, i mitten av sk\u00e4rmen brevid\u00a0<strong>\u201dKlasser\u201d,<\/strong>\u00a0klicka p\u00e5\u00a0<strong>pennan<\/strong>.<\/li>\n<li>Klicka p\u00e5 pennan bredvid\u00a0<strong>priset<\/strong>\u00a0p\u00e5 \u00f6versta klassen.<\/li>\n<li>Under\u00a0<strong>\u201dPris\u00f6kning\u201d<\/strong>:\n<ul>\n<li>klicka\u00a0<strong>\u201dInga pris\u00f6kningar\u201d<\/strong><\/li>\n<li>v\u00e4lj\u00a0<strong>\u201d\u00d6ka pris f\u00f6r datum eller r\u00e4kna med priskategori\u201d<\/strong><\/li>\n<li>klicka\u00a0<strong>\u201dL\u00e4gg till prisjustering\u201d<\/strong><\/li>\n<li>fyll i\u00a0<strong>Nytt totalt pris<\/strong><\/li>\n<li>ange\u00a0<strong>datum och tid<\/strong>\u00a0n\u00e4r priset ska stiga<\/li>\n<li>klicka\u00a0<strong>\u201dUppr\u00e4tta\u201d<\/strong><\/li>\n<\/ul>\n<\/li>\n<li>Skrolla ner och klicka\u00a0<strong>\u201dSpara\u201d<\/strong>.<\/li>\n<li>Upprepa f\u00f6r \u00f6vriga klasser som ska ha prish\u00f6jning.<\/li>\n<\/ol>\n<p><strong>***Loppets sida: information och spr\u00e5k<\/strong><\/p>\n<p>Fr\u00e5n T\u00e4vling-\u00f6versikt, klicka p\u00e5 bl\u00e5a rutan\u00a0<strong>Loppets sida<\/strong><\/p>\n<ol>\n<li>L\u00e4s igenom och godk\u00e4nn GDPR villkoren vid behov.<\/li>\n<li>Klicka sedan p\u00e5 &#8221;Loppets sida&#8221; igen.<\/li>\n<li>Best\u00e4m f\u00f6rst om loppet riktar sig till <strong>endast svenska<\/strong>\u00a0deltagare eller \u00e4ven\u00a0<strong>utl\u00e4ndska<\/strong>.<\/li>\n<li>L\u00e4gg in information:\n<ul>\n<li>Endast svenska: skriv i\u00a0<strong>\u201dStandard text\u201d<\/strong><\/li>\n<li>Svenska + exempelvis engelska: v\u00e4lj <strong>\u201dSvenska\u201d<\/strong>\u00a0respektive\u00a0<strong>\u201dEngelska\u201d<\/strong>\u00a0och fyll i b\u00e5da versionerna<\/li>\n<\/ul>\n<\/li>\n<li>L\u00e4gg all information om loppet (inbjudan) under\u00a0<strong>Beskrivning<\/strong>.<\/li>\n<li>L\u00e4ngre ner p\u00e5 sidan kan man l\u00e4gga till funktioner s\u00e5 som loppets sociala medier, sponsorer, mm.<\/li>\n<li>Klicka p\u00e5 \u201d<strong>Spara<\/strong>\u201d.<\/li>\n<li>Det g\u00e5r alltid att komplettera\/justera informationen senare.<\/li>\n<\/ol>\n<p><strong>Onlineanm\u00e4lan: \u00f6ppning och st\u00e4ngning<\/strong><\/p>\n<p>Fr\u00e5n\u00a0<strong>Loppets sida<\/strong>, klicka\u00a0<strong>\u201dOnline anm\u00e4lning\u201d<\/strong>:<\/p>\n<ol>\n<li>Ange\u00a0<strong>datum och tid<\/strong>\u00a0n\u00e4r anm\u00e4lan ska \u00f6ppna\n<ul>\n<li>Obs: anm\u00e4lan \u00f6ppnas f\u00f6rst n\u00e4r loppet f\u00e5tt sanktion, \u00e4ven om datumet passerats.<\/li>\n<\/ul>\n<\/li>\n<li>Ange\u00a0<strong>datum och tid<\/strong>\u00a0n\u00e4r anm\u00e4lan st\u00e4nger\n<ul>\n<li>Obs: st\u00e4ngningen beh\u00f6ver ligga i rimlig tid efter att efteranm\u00e4lan\/prish\u00f6jning tr\u00e4tt i kraft.<\/li>\n<\/ul>\n<\/li>\n<li>Klicka\u00a0<strong>\u201dSpara\u201d<\/strong>.<\/li>\n<\/ol>\n<p><strong>V\u00e4xla mellan adminl\u00e4ge och visningsl\u00e4ge<\/strong><\/p>\n<ul>\n<li>F\u00f6r att se hur loppet ser ut f\u00f6r deltagare:\n<ol>\n<li>Klicka p\u00e5\u00a0<strong>\u201dT\u00e4vling-\u00f6versikt\u201d<\/strong>\u00a0till v\u00e4nster i sk\u00e4rmen.<\/li>\n<li>Klicka uppe till h\u00f6ger:\u00a0<strong>\u201dVisa h\u00e4ndelsesida\u201d<\/strong>\u00a0(visningsl\u00e4ge)<\/li>\n<\/ol>\n<\/li>\n<li>F\u00f6r att g\u00e5 tillbaka till admin:<\/li>\n<\/ul>\n<ul>\n<li style=\"list-style-type: none;\">\n<ul>\n<li>Klicka p\u00e5 den bl\u00e5 rutan till h\u00f6ger:\u00a0<strong>\u201dAdmin lopp\u201d<\/strong><\/li>\n<\/ul>\n<\/li>\n<\/ul>\n<hr \/>\n<p>L\u00e4nkar med information kopplat till anv\u00e4ndning av Sportstiming:<\/p>\n<ul>\n<li><strong>Bokning av material med prislista.<\/strong>\u00a0<a href=\"https:\/\/scf.se\/forbundet\/tavlingsverksamhet\/arrangera-tavling\/materielbokning\/\">Materielbokning samt bokning av resultathanterare \u2013 F\u00f6rbundet \u2013 Svenska Cykelf\u00f6rbundet (scf.se)<\/a><\/li>\n<li><strong>Resultatgruppen.<\/strong>\u00a0<a href=\"https:\/\/scf.se\/forbundet\/tavlingsverksamhet\/arrangera-tavling\/cykelresultat-och-chipsystemet\/\">Om nya Resultatgruppen och chipsystemet \u2013 F\u00f6rbundet \u2013 Svenska Cykelf\u00f6rbundet (scf.se)<\/a><\/li>\n<li><strong>IndTA2.0.<\/strong> Den tidigare plattformen IndTA2.0 kommer tills vidare att finnas kvar p\u00e5 en annan dom\u00e4n: <a href=\"http:\/\/indta.sportstiming.se\/\">indta.sportstiming.se<\/a><\/li>\n<\/ul>\n","protected":false},"excerpt":{"rendered":"<p>S\u00e5 h\u00e4r l\u00e4gger en arrang\u00f6r in ett lopp f\u00f6r sanktion i nya swecyclingonline Har du redan f\u00f6ljt stegen nedan och vill ha ytterligare support &#8211; kolla in v\u00e5r &#8221;Fr\u00e5gor och svar&#8221;-sida. 1) G\u00e5 till f\u00f6reningens sida i nya licensportalen G\u00e5 till arrangerande f\u00f6renings sida i licensportalen\u00a0(samma sida d\u00e4r ni tidigare lagt in f\u00f6reningsuppgifter samt<a href=\"https:\/\/scf.se\/forbundet\/swecyclingonline-arrangor\/\" class=\"news-card__more\"> &#8230;<\/a><\/p>\n","protected":false},"author":30,"featured_media":0,"parent":0,"menu_order":0,"comment_status":"closed","ping_status":"closed","template":"","meta":{"_acf_changed":false,"footnotes":""},"class_list":["post-11679","page","type-page","status-publish","hentry"],"acf":[],"_links":{"self":[{"href":"https:\/\/scf.se\/forbundet\/wp-json\/wp\/v2\/pages\/11679","targetHints":{"allow":["GET"]}}],"collection":[{"href":"https:\/\/scf.se\/forbundet\/wp-json\/wp\/v2\/pages"}],"about":[{"href":"https:\/\/scf.se\/forbundet\/wp-json\/wp\/v2\/types\/page"}],"author":[{"embeddable":true,"href":"https:\/\/scf.se\/forbundet\/wp-json\/wp\/v2\/users\/30"}],"replies":[{"embeddable":true,"href":"https:\/\/scf.se\/forbundet\/wp-json\/wp\/v2\/comments?post=11679"}],"version-history":[{"count":25,"href":"https:\/\/scf.se\/forbundet\/wp-json\/wp\/v2\/pages\/11679\/revisions"}],"predecessor-version":[{"id":12053,"href":"https:\/\/scf.se\/forbundet\/wp-json\/wp\/v2\/pages\/11679\/revisions\/12053"}],"wp:attachment":[{"href":"https:\/\/scf.se\/forbundet\/wp-json\/wp\/v2\/media?parent=11679"}],"curies":[{"name":"wp","href":"https:\/\/api.w.org\/{rel}","templated":true}]}}