
{"id":111,"date":"2026-03-31T13:25:21","date_gmt":"2026-03-31T11:25:21","guid":{"rendered":"http:\/\/svenskcykel.grandpublic.se\/forbundet\/?page_id=111"},"modified":"2026-03-31T13:25:37","modified_gmt":"2026-03-31T11:25:37","slug":"styrelsen","status":"publish","type":"page","link":"https:\/\/scf.se\/forbundet\/om-forbundet\/styrelsen\/","title":{"rendered":"Styrelsen"},"content":{"rendered":"<h3>Styrelsemedlemmar<\/h3>\n<ul>\n<li><strong>Thomas Backteman<\/strong>, ordf\u00f6rande, <em><strong><a href=\"mailto:stefhan.klang@scf.se\">Thomas.Backteman@scf.se<\/a><\/strong><\/em><\/li>\n<li><strong>Johanna Palmqvist<\/strong>, vice ordf\u00f6rande, <em><strong><a href=\"mailto:Johanna.Palmqvist@scf.se\">Johanna.Palmqvist@scf.se<\/a><\/strong><\/em><\/li>\n<li><strong>Teodor Aastrup<\/strong>, ledamot, <a href=\"mailto:Teodor.Aasterup@scf.se\"><em><strong>Teodor.Aastrup@scf<\/strong><strong>.<\/strong><strong>se<\/strong><\/em><\/a><\/li>\n<li><strong>Ulrika Ahlb\u00e4ck<\/strong>, ledamot, inom kort <a href=\"mailto:Ulrika.Ahlback@scf.se\"><em><strong>Ulrika.Ahlback@scf.se<\/strong><\/em><\/a><\/li>\n<li><strong>Jerker Moodysson<\/strong>, ledamot, <em><strong><a href=\"mailto:jerker.moodysson@scf.se\">Jerker.Moodysson@scf.se<\/a><\/strong><\/em><\/li>\n<li><strong>Tomas Ringsby Petersson<\/strong>, ledamot, \u00a0<a href=\"mailto:Tomas.Ringsby@scf.se\"><em><strong>Tomas.Ringsby@scf.se<\/strong><\/em><\/a><\/li>\n<li><strong>Anna Simonsen<\/strong>, ledamot, <em><strong><a href=\"mailto:Anna.Simonsen@scf.se\">Anna.Simonsen@scf.se<\/a><\/strong><\/em><\/li>\n<\/ul>\n<p>Styrelsen ska se till s\u00e5 att Svemailto:Tomas.Ringsby@scf.senska Cykelf\u00f6rbundets verksamhetsplan (som beslutas det \u00e5rliga f\u00f6rbundsm\u00f6tet) genomf\u00f6rs och f\u00f6ljer satt budgetram. M\u00f6tesprotokoll fr\u00e5n styrelsem\u00f6ten finns, liksom f\u00f6rbundsm\u00f6tesprotokoll, att <em><strong><a href=\"\/forbundet\/styrelserapporter-och-protokoll\/\"><u>l\u00e4sa h\u00e4r<\/u><\/a><\/strong><\/em>. H\u00e4r f\u00f6ljer en personlig presentation av styrelsemedlemmarna:<\/p>\n<hr \/>\n<h3>Ordf\u00f6rande Thomas Backteman<\/h3>\n<p><strong>Klubbtillh\u00f6righet<\/strong>: Stockholm CK<br \/>\n<strong>Tid i SCF:s styrelse:<\/strong> Tillbaka i SCF-styrelsen efter ett \u00e5rs uppeh\u00e5ll, invald i mars 2026. Tidigare \u00e5tta \u00e5r.<br \/>\n<em>Mycket mera info inom kort!<\/em><\/p>\n<hr \/>\n<a href=\"https:\/\/scf.se\/forbundet\/wp-content\/uploads\/sites\/9\/2024\/04\/MJ_POC_D1_2021_212-1.jpg\"><img loading=\"lazy\" decoding=\"async\" class=\"alignnone size-full wp-image-7323\" src=\"https:\/\/scf.se\/forbundet\/wp-content\/uploads\/sites\/9\/2024\/04\/MJ_POC_D1_2021_212-1.jpg\" alt=\"\" width=\"2200\" height=\"1468\" srcset=\"https:\/\/scf.se\/forbundet\/wp-content\/uploads\/sites\/9\/2024\/04\/MJ_POC_D1_2021_212-1.jpg 2200w, https:\/\/scf.se\/forbundet\/wp-content\/uploads\/sites\/9\/2024\/04\/MJ_POC_D1_2021_212-1-300x200.jpg 300w, https:\/\/scf.se\/forbundet\/wp-content\/uploads\/sites\/9\/2024\/04\/MJ_POC_D1_2021_212-1-1024x683.jpg 1024w, https:\/\/scf.se\/forbundet\/wp-content\/uploads\/sites\/9\/2024\/04\/MJ_POC_D1_2021_212-1-768x512.jpg 768w, https:\/\/scf.se\/forbundet\/wp-content\/uploads\/sites\/9\/2024\/04\/MJ_POC_D1_2021_212-1-1536x1025.jpg 1536w, https:\/\/scf.se\/forbundet\/wp-content\/uploads\/sites\/9\/2024\/04\/MJ_POC_D1_2021_212-1-2048x1367.jpg 2048w\" sizes=\"auto, (max-width: 2200px) 100vw, 2200px\" \/><\/a>\n<h3>Syrelseledamot Johanna Palmqvist (vice ordf\u00f6rande)<\/h3>\n<p><strong>\u00c5lder:<\/strong> 37 \u00e5r.<br \/>\n<strong>Bor:<\/strong> Berg, Link\u00f6ping.<br \/>\n<strong>Yrke\/utbildning:<\/strong> Creative Director.<br \/>\n<strong>Antal \u00e5r i SCF:s styrelse:<\/strong> Valdes in p\u00e5 senaste f\u00f6rbundsm\u00f6tet i mars 2024.<br \/>\n<strong>Ansvarsomr\u00e5de\/roll i styrelsen:<\/strong> TBD.<br \/>\n<strong>Cykelbakgrund\/Klubbtillh\u00f6righet:<\/strong> Trefaldig svensk m\u00e4starinna p\u00e5 kortbana, t\u00e4vlat f\u00f6r och tillh\u00f6r fortfarande CK Hymer.<br \/>\n<strong>Cykelfr\u00e5ga du brinner f\u00f6r extra mycket\/Vad vill du driva f\u00f6r fr\u00e5ga:<\/strong> J\u00e4mst\u00e4lld idrott! .<br \/>\n<strong>Var st\u00e5r SCF om fem \u00e5r?<\/strong> F\u00f6rhoppningsvis har vi kommit en bra bit p\u00e5 v\u00e4gen i att skapa enkla och lika f\u00f6ruts\u00e4ttningar f\u00f6r att s\u00e5 m\u00e5nga som m\u00f6jligt ska kunna och vilja t\u00e4vla i cykel.<br \/>\n<strong>B\u00e4sta cykelminne:<\/strong> M\u00e5nga men kanske att jag minns kortbane-SM p\u00e5 hemmaplan i LInk\u00f6ping med lite extra v\u00e4rme.<br \/>\n<strong>B\u00e4sta cykelfiket i Sverige:<\/strong> V\u00e4derstad Centralkonditori. Har man v\u00e4l varit d\u00e4r finns inget annat svar p\u00e5 den fr\u00e5gan.<br \/>\n<strong>Det man inte vet om mig:<\/strong> \u00c4lskar djur \u2013 sl\u00e4pper hammaren i slaget f\u00f6r att assistera n\u00e5gon liten groda eller humla som har det sv\u00e5rt. Har tv\u00e5 vinthundar, Sillen och Stickan.<\/p>\n<hr \/>\n<h3>Styrelseledamot Teodor Aastrup<\/h3>\n<p><strong>Klubbtillh\u00f6righet<\/strong>: Bauhaus Sportklubb och MTB T\u00e4by<br \/>\n<strong>Tid i SCF:s styrelse:<\/strong> Ny, invald i mars 2026.<br \/>\n<em>Mycket mera info inom kort!<\/em><\/p>\n<hr \/>\n<h3>Styrelseledamot Ulrika Ahlb\u00e4ck<\/h3>\n<p><strong>Klubbtillh\u00f6righet<\/strong>: Ordf\u00f6rande i V\u00e4ster\u00e5s Cykelklubb<br \/>\n<strong>Tid i SCF:s styrelse:<\/strong> Ny, invald i mars 2026.<br \/>\n<em>Mycket mera info inom kort!<\/em><\/p>\n<hr \/>\n<h3>Styrelseledamot Jerker Moodysson<\/h3>\n<a href=\"https:\/\/scf.se\/forbundet\/wp-content\/uploads\/sites\/9\/2024\/04\/JerkerM.jpg\"><img loading=\"lazy\" decoding=\"async\" class=\"alignnone size-full wp-image-7332\" src=\"https:\/\/scf.se\/forbundet\/wp-content\/uploads\/sites\/9\/2024\/04\/JerkerM.jpg\" alt=\"\" width=\"590\" height=\"463\" srcset=\"https:\/\/scf.se\/forbundet\/wp-content\/uploads\/sites\/9\/2024\/04\/JerkerM.jpg 590w, https:\/\/scf.se\/forbundet\/wp-content\/uploads\/sites\/9\/2024\/04\/JerkerM-300x235.jpg 300w\" sizes=\"auto, (max-width: 590px) 100vw, 590px\" \/><\/a>\n<p><strong>\u00c5lder:<\/strong> 49 \u00e5r.<br \/>\n<strong>Bor:<\/strong> J\u00f6nk\u00f6ping<br \/>\n<strong>Yrke\/utbildning:<\/strong> Professor, rektor p\u00e5 Karlstads universitet.<br \/>\n<strong>Antal \u00e5r i SCF:s styrelse:<\/strong> Invald 2023.<br \/>\n<strong>Ansvarsomr\u00e5de\/roll i styrelsen:<\/strong> Ledamot och kontaktperson f\u00f6r grengrupp landsv\u00e4g.<br \/>\n<strong>Cykelbakgrund\/Klubbtillh\u00f6righet:<\/strong> Ungdomsledare i J\u00f6nk\u00f6pings Cykelklubb.<br \/>\n<strong>Cykelfr\u00e5ga du brinner f\u00f6r extra mycket\/Vad vill du driva f\u00f6r fr\u00e5ga:<\/strong> Jag vill f\u00f6rst och fr\u00e4mst bidra till \u00f6kat intresse f\u00f6r cykel som idrott bland barn och ungdomar. En annan fr\u00e5ga jag brinner f\u00f6r \u00e4r dubbla karri\u00e4rer f\u00f6r elitcyklister, dvs g\u00f6ra det m\u00f6jligt att kombinera idrottssatsningen med studier.<br \/>\n<strong>Var st\u00e5r SCF om fem \u00e5r?<\/strong> Ett v\u00e4lsk\u00f6tt och synligt f\u00f6rbund med stor legitimitet hos f\u00f6reningarna och alla landets cyklister. Betydligt fler t\u00e4vlande ungdomar, b\u00e5de killar och tjejer. F\u00f6rhoppningsvis \u00e4ven n\u00e5gra fler som t\u00e4vlar internationellt.<br \/>\n<strong>Dold talang:<\/strong> Jag har jobbat hela mitt liv i en bransch d\u00e4r man f\u00e5tt l\u00e4ra sig att aldrig d\u00f6lja n\u00e5gra talanger.<br \/>\n<strong>B\u00e4sta cykelminne<\/strong>: Alla t\u00e4vlingar tillsammans med sonen.<br \/>\n<strong>B\u00e4sta cykelfiket i Sverige: <\/strong>Kaffe och hembakat hos morsan.<\/p>\n<hr \/>\n<h3>Tomas Ringsby Petersson<\/h3>\n<p><strong>Klubbtillh\u00f6righet:<\/strong> Evolite Cycling Club.<br \/>\n<strong>Tid i SCF:s styrelse:<\/strong> Ny, invald i mars 2026..<br \/>\n<em>Mycket mera info inom kort!<\/em><\/p>\n<hr \/>\n<a href=\"https:\/\/scf.se\/forbundet\/wp-content\/uploads\/sites\/9\/2024\/12\/IMG_20220901_153727_585_Original-scaled.jpeg\"><img loading=\"lazy\" decoding=\"async\" class=\"alignnone size-full wp-image-9358\" src=\"https:\/\/scf.se\/forbundet\/wp-content\/uploads\/sites\/9\/2024\/12\/IMG_20220901_153727_585_Original-scaled.jpeg\" alt=\"\" width=\"2560\" height=\"2560\" srcset=\"https:\/\/scf.se\/forbundet\/wp-content\/uploads\/sites\/9\/2024\/12\/IMG_20220901_153727_585_Original-scaled.jpeg 2560w, https:\/\/scf.se\/forbundet\/wp-content\/uploads\/sites\/9\/2024\/12\/IMG_20220901_153727_585_Original-300x300.jpeg 300w, https:\/\/scf.se\/forbundet\/wp-content\/uploads\/sites\/9\/2024\/12\/IMG_20220901_153727_585_Original-1024x1024.jpeg 1024w, https:\/\/scf.se\/forbundet\/wp-content\/uploads\/sites\/9\/2024\/12\/IMG_20220901_153727_585_Original-150x150.jpeg 150w, https:\/\/scf.se\/forbundet\/wp-content\/uploads\/sites\/9\/2024\/12\/IMG_20220901_153727_585_Original-768x768.jpeg 768w, https:\/\/scf.se\/forbundet\/wp-content\/uploads\/sites\/9\/2024\/12\/IMG_20220901_153727_585_Original-1536x1536.jpeg 1536w, https:\/\/scf.se\/forbundet\/wp-content\/uploads\/sites\/9\/2024\/12\/IMG_20220901_153727_585_Original-2048x2048.jpeg 2048w\" sizes=\"auto, (max-width: 2560px) 100vw, 2560px\" \/><\/a>\n<h3>Styrelseledamot Anna Simonsen<\/h3>\n<p><strong>Bor:<\/strong> \u00c4ngelholm.<br \/>\n<strong>Yrke\/utbildning: <\/strong>Tillsynsinspekt\u00f6r, -konsult, cykeltekniker.<br \/>\n<strong>Antal \u00e5r i SCF:s styrelse:<\/strong>\u00a0Invald 2024 p\u00e5 extra styrelsem\u00f6te i november.<br \/>\n<strong>Ansvarsomr\u00e5de\/roll i styrelsen:<\/strong> Ledamot.<br \/>\n<strong>Klubbtillh\u00f6righet:<\/strong>\u00a0 Engelholms BMX och Buktens MTB.<br \/>\n<strong>\u00c5lder<\/strong> 49 \u00e5r.<br \/>\n<strong>Cykelfr\u00e5gor du brinner f\u00f6r extra mycket f\u00f6r: <\/strong>Jag str\u00e4var efter att bidra med mitt kreativa t\u00e4nkande inom olika omr\u00e5den, med s\u00e4rskild fokus p\u00e5 utvecklingen av ekonomisk h\u00e5llbarhet inom event och t\u00e4vlingar. Mitt m\u00e5l \u00e4r att fr\u00e4mja s\u00e4ker cykling och h\u00e5llbar sjukv\u00e5rd f\u00f6r evenemang, Samtidigt som jag engagerar mig i politiska dialoger f\u00f6r att fr\u00e4mja utvecklingen av f\u00f6reningslivet f\u00f6r unga. \u00a0Jag ser fram emot att kunna bidra till svensk cykling med mycket initiativ och arbeta tillsammans f\u00f6r en positiv f\u00f6r\u00e4ndring inom dessa omr\u00e5den.<br \/>\n<strong>Cykelbakgrund: <\/strong>N\u00e4r ridsporten blev ett minne blott, sadlade jag om till cykel och b\u00f6rjade t\u00e4vla i BMX racing \u2013 precis som kidsen, fast p\u00e5 seniorniv\u00e5 24&#8243;. Det har lett till pallplaceringar b\u00e5de p\u00e5 nordiska och svenska m\u00e4sterskapen i BMX racing.<br \/>\nJag \u00e4r utbildad t\u00e4vlingsledare och har en bakgrund inom BMX och pumptrack. Jag deltar ocks\u00e5 i t\u00e4vlingar tillsammans med min son, som k\u00f6r BMX, pumptrack och downhill. Dessutom driver jag v\u00e5rt eget cykelteam med unga, talangfulla cyklister.<br \/>\nSedan 2016 har jag varit medlem i BMX-grengruppen och som projektledare arrangerat svenska m\u00e4sterskap i BMX och pumptrack tillsammans med Ebmx. Jag \u00e4r \u00e4ven en av projektledarna f\u00f6r Europacupen 2025 i BMX racing samt aktiv styrelsemedlem i Engelholms BMX.<br \/>\n<strong>Dold talang: <\/strong>Sv\u00e5rt att ha en dold talang n\u00e4r man \u00e4r en \u00f6ppen bok och social till max. Men jag har en talang f\u00f6r att skapa bakverk och f\u00f6r min kunskap om skogens mat.<br \/>\n<strong>B\u00e4sta cykelminne:<\/strong> Alla upplevelser, m\u00f6ten och t\u00e4vlingar som vi skapar tillsammans i familjen tack vare cyklingen. Det \u00e4r magiskt att vara tre aktiva generationer som \u00e4lskar samma fart och fl\u00e4kt.<br \/>\n<strong>B\u00e4sta cykelfiket i Sverige:<\/strong> Att fika ute i klubbstugorna, d\u00e4r doften av hembakad k\u00e4rlek och gemenskap smakar allra b\u00e4st.<br \/>\n<strong>Var st\u00e5r SCF om fem \u00e5r? <\/strong>Ett f\u00f6rbund med en gedigen och v\u00e4xande gemenskap inom olika grenar, d\u00e4r ungdomsverksamheten blomstrar starkt bland b\u00e5de tjejer och killar. Sverige tar ledningen som arrang\u00f6r f\u00f6r fler betydande internationella och nationella t\u00e4vlingar, vilket lockar m\u00e5nga ambiti\u00f6sa unga deltagare.<\/p>\n<hr \/>\n<p>&nbsp;<\/p>\n<p>&nbsp;<\/p>\n","protected":false},"excerpt":{"rendered":"<p>Styrelsemedlemmar Thomas Backteman, ordf\u00f6rande, Thomas.Backteman@scf.se Johanna Palmqvist, vice ordf\u00f6rande, Johanna.Palmqvist@scf.se Teodor Aastrup, ledamot, Teodor.Aastrup@scf.se Ulrika Ahlb\u00e4ck, ledamot, inom kort Ulrika.Ahlback@scf.se Jerker Moodysson, ledamot, Jerker.Moodysson@scf.se Tomas Ringsby Petersson, ledamot, \u00a0Tomas.Ringsby@scf.se Anna Simonsen, ledamot, Anna.Simonsen@scf.se Styrelsen ska se till s\u00e5 att Svemailto:Tomas.Ringsby@scf.senska Cykelf\u00f6rbundets verksamhetsplan (som beslutas det \u00e5rliga f\u00f6rbundsm\u00f6tet) genomf\u00f6rs och f\u00f6ljer satt budgetram. M\u00f6tesprotokoll fr\u00e5n<a href=\"https:\/\/scf.se\/forbundet\/om-forbundet\/styrelsen\/\" class=\"news-card__more\"> &#8230;<\/a><\/p>\n","protected":false},"author":32,"featured_media":0,"parent":24,"menu_order":0,"comment_status":"closed","ping_status":"closed","template":"","meta":{"_acf_changed":false,"footnotes":""},"class_list":["post-111","page","type-page","status-publish","hentry"],"acf":[],"_links":{"self":[{"href":"https:\/\/scf.se\/forbundet\/wp-json\/wp\/v2\/pages\/111","targetHints":{"allow":["GET"]}}],"collection":[{"href":"https:\/\/scf.se\/forbundet\/wp-json\/wp\/v2\/pages"}],"about":[{"href":"https:\/\/scf.se\/forbundet\/wp-json\/wp\/v2\/types\/page"}],"author":[{"embeddable":true,"href":"https:\/\/scf.se\/forbundet\/wp-json\/wp\/v2\/users\/32"}],"replies":[{"embeddable":true,"href":"https:\/\/scf.se\/forbundet\/wp-json\/wp\/v2\/comments?post=111"}],"version-history":[{"count":24,"href":"https:\/\/scf.se\/forbundet\/wp-json\/wp\/v2\/pages\/111\/revisions"}],"predecessor-version":[{"id":11978,"href":"https:\/\/scf.se\/forbundet\/wp-json\/wp\/v2\/pages\/111\/revisions\/11978"}],"up":[{"embeddable":true,"href":"https:\/\/scf.se\/forbundet\/wp-json\/wp\/v2\/pages\/24"}],"wp:attachment":[{"href":"https:\/\/scf.se\/forbundet\/wp-json\/wp\/v2\/media?parent=111"}],"curies":[{"name":"wp","href":"https:\/\/api.w.org\/{rel}","templated":true}]}}