
{"id":10982,"date":"2025-09-30T09:56:18","date_gmt":"2025-09-30T07:56:18","guid":{"rendered":"https:\/\/scf.se\/forbundet\/?page_id=10982"},"modified":"2025-09-30T12:17:52","modified_gmt":"2025-09-30T10:17:52","slug":"apollo-sports","status":"publish","type":"page","link":"https:\/\/scf.se\/forbundet\/sponsorer\/apollo-sports\/","title":{"rendered":"Apollo Sports"},"content":{"rendered":"<p><strong>Svenska Cykelf\u00f6rbundet och Apollo Sports f\u00f6rl\u00e4nger partnerskapet \u2013 nu \u00e4ven med landsv\u00e4gscykling.<\/strong><\/p>\n<p>Svenska Cykelf\u00f6rbundet (SCF) och <a href=\"https:\/\/www.apollo.se\/resor\/traningsresor\">Apollo Sports<\/a> har f\u00f6rl\u00e4ngt sitt samarbete med ytterligare tre \u00e5r. Partnerskapet, som tidigare omfattat satsningen p\u00e5 landslagscyklisterna inom MTB cross-country (XC), ut\u00f6kas nu till att \u00e4ven inkludera landsv\u00e4gscyklisterna.<\/p>\n<p>Sedan 2024 har samarbetet gjort det m\u00f6jligt f\u00f6r v\u00e5ra MTB XC-cyklister att under vinterhalv\u00e5ret f\u00f6rl\u00e4gga sina tr\u00e4ningsperioder p\u00e5 <a href=\"https:\/\/www.apollo.se\/resor\/traningsresor\">Apollo Sports<\/a> sporthotell <a href=\"https:\/\/www.apollo.se\/spanien\/kanarieoarna\/gran-canaria\/bahia-feliz\/hotell\/monte-feliz\">Monte Feliz<\/a> p\u00e5 Gran Canaria, en plats som erbjuder f\u00f6rstklassiga m\u00f6jligheter f\u00f6r b\u00e5de cykeltr\u00e4ning, styrka, \u00e5terh\u00e4mtning och laggemenskap.<\/p>\n<p>Med den nya avtalsf\u00f6rl\u00e4ngningen f\u00e5r nu \u00e4ven v\u00e5ra landsv\u00e4gscyklister ta del av dessa f\u00f6ruts\u00e4ttningar, vilket st\u00e4rker b\u00e5de sammanh\u00e5llning och kunskapsutbyte mellan landslagen.<strong><a href=\"https:\/\/scf.se\/forbundet\/wp-content\/uploads\/sites\/9\/2025\/09\/P1236437-1.jpg\"><img loading=\"lazy\" decoding=\"async\" class=\"alignnone size-full wp-image-10919\" src=\"https:\/\/scf.se\/forbundet\/wp-content\/uploads\/sites\/9\/2025\/09\/P1236437-1.jpg\" alt=\"\" width=\"2048\" height=\"1485\" srcset=\"https:\/\/scf.se\/forbundet\/wp-content\/uploads\/sites\/9\/2025\/09\/P1236437-1.jpg 2048w, https:\/\/scf.se\/forbundet\/wp-content\/uploads\/sites\/9\/2025\/09\/P1236437-1-300x218.jpg 300w, https:\/\/scf.se\/forbundet\/wp-content\/uploads\/sites\/9\/2025\/09\/P1236437-1-1024x743.jpg 1024w, https:\/\/scf.se\/forbundet\/wp-content\/uploads\/sites\/9\/2025\/09\/P1236437-1-768x557.jpg 768w, https:\/\/scf.se\/forbundet\/wp-content\/uploads\/sites\/9\/2025\/09\/P1236437-1-1536x1114.jpg 1536w\" sizes=\"auto, (max-width: 2048px) 100vw, 2048px\" \/><\/a><br \/>\nEn viktig m\u00f6tesplats f\u00f6r landslagen<\/strong><\/p>\n<p>F\u00f6r SCF inneb\u00e4r samarbetet en naturlig samlingspunkt f\u00f6r v\u00e5ra cyklister under vinterm\u00e5naderna. H\u00e4r f\u00e5r de chansen att utvecklas tillsammans; b\u00e5de som individer och som lag.<\/p>\n<p>F\u00f6rbundskapten Johan Nielsen (MTB XC) betonar betydelsen av partnerskapet:<\/p>\n<blockquote><p>\u201dAtt samla cyklisterna p\u00e5 Monte Feliz skapar de b\u00e4sta f\u00f6ruts\u00e4ttningarna f\u00f6r laganda och f\u00f6rberedelser inf\u00f6r t\u00e4vlingss\u00e4songen. Det \u00e4r ett stort steg fram\u00e5t f\u00f6r v\u00e5rt landslag.\u201d<\/p><\/blockquote>\n<p>Fredrik Kessiakoff, Key Account Manager p\u00e5 SCF, fyller i:<\/p>\n<blockquote><p>\u201dGran Canaria erbjuder optimala tr\u00e4ningsm\u00f6jligheter, men det \u00e4r framf\u00f6r allt styrkan i att tr\u00e4na tillsammans som g\u00f6r upplevelsen s\u00e5 v\u00e4rdefull. Genom <a href=\"https:\/\/www.apollo.se\/resor\/traningsresor\">Apollo Sports<\/a> engagemang kan vi kombinera tr\u00e4ningsf\u00f6ruts\u00e4ttningar i v\u00e4rldsklass med en milj\u00f6 som driver utvecklingen fram\u00e5t.\u201d<\/p><\/blockquote>\n<p>\u00c4ven Apollo Sports ser fram emot den f\u00f6rl\u00e4ngda satsningen. Daniel Giray, sportchef p\u00e5 Apollo Sports, s\u00e4ger:<\/p>\n<blockquote><p>\u201dVi \u00e4r stolta \u00f6ver att forts\u00e4tta st\u00f6tta svenska cyklister i deras f\u00f6rberedelser. <a href=\"https:\/\/www.apollo.se\/spanien\/kanarieoarna\/gran-canaria\/bahia-feliz\/hotell\/monte-feliz\">Monte Feliz<\/a> erbjuder fantastiska m\u00f6jligheter f\u00f6r b\u00e5de tr\u00e4ning och \u00e5terh\u00e4mtning, och vi \u00e4r glada \u00f6ver att nu \u00e4ven v\u00e4lkomna landsv\u00e4gscyklisterna.\u201d<\/p><\/blockquote>\n<h3><strong>Om Apollo Sports<\/strong><\/h3>\n<p><a href=\"https:\/\/www.apollo.se\/resor\/traningsresor\">Apollo Sports<\/a> \u00e4r Nordens st\u00f6rsta arrang\u00f6r av tr\u00e4ningsresor och erbjuder ett brett utbud av sporthotell, tr\u00e4ningsl\u00e4ger och aktiva semestrar v\u00e4rlden \u00f6ver. Genom varum\u00e4rkena <strong><a href=\"https:\/\/www.apollo.se\/spanien\/kanarieoarna\/fuerteventura\/playitas-resort\">Playitas Resort<\/a><\/strong> och <strong><a href=\"https:\/\/www.apollo.se\/hotell\/apollo-sports\/powered-by-playitas-hotell\">Powered by Playitas<\/a><\/strong> driver Apollo sporthotell som h\u00e5ller h\u00f6gsta internationella niv\u00e5, b\u00e5de f\u00f6r motion\u00e4rer och elitidrottare.<\/p>\n<h3><strong>Detta kan du f\u00f6rv\u00e4nta dig<\/strong><\/h3>\n<p>F\u00f6rstklassiga coacher och instrukt\u00f6rer<br \/>\nTr\u00e4ning f\u00f6r alla fr\u00e5n nyb\u00f6rjare till elit<br \/>\nOlympisk tr\u00e4ningsstandard kvalitetss\u00e4krad av <a href=\"https:\/\/www.apollo.se\/resor\/traningsresor\/apollo-stodjer-svenska-os-truppen\">Sverige Olympiska Kommitt\u00e9<\/a><br \/>\nOlympisk tr\u00e4ningsstandard p\u00e5 Powered by Playitas-hotellen<\/p>\n<p>L\u00e4s mer om Apollo Sports och boka deras hotell: <a href=\"https:\/\/www.apollo.se\/resor\/traningsresor\">Apollo Sports<\/a><\/p>\n<hr \/>\n<a href=\"https:\/\/scf.se\/forbundet\/wp-content\/uploads\/sites\/9\/2025\/09\/Apollo-erbjudande.png\"><img loading=\"lazy\" decoding=\"async\" class=\"alignnone size-full wp-image-10902\" src=\"https:\/\/scf.se\/forbundet\/wp-content\/uploads\/sites\/9\/2025\/09\/Apollo-erbjudande.png\" alt=\"\" width=\"1528\" height=\"1281\" srcset=\"https:\/\/scf.se\/forbundet\/wp-content\/uploads\/sites\/9\/2025\/09\/Apollo-erbjudande.png 1528w, https:\/\/scf.se\/forbundet\/wp-content\/uploads\/sites\/9\/2025\/09\/Apollo-erbjudande-300x252.png 300w, https:\/\/scf.se\/forbundet\/wp-content\/uploads\/sites\/9\/2025\/09\/Apollo-erbjudande-1024x858.png 1024w, https:\/\/scf.se\/forbundet\/wp-content\/uploads\/sites\/9\/2025\/09\/Apollo-erbjudande-768x644.png 768w\" sizes=\"auto, (max-width: 1528px) 100vw, 1528px\" \/><\/a>\n","protected":false},"excerpt":{"rendered":"<p>Svenska Cykelf\u00f6rbundet och Apollo Sports f\u00f6rl\u00e4nger partnerskapet \u2013 nu \u00e4ven med landsv\u00e4gscykling. Svenska Cykelf\u00f6rbundet (SCF) och Apollo Sports har f\u00f6rl\u00e4ngt sitt samarbete med ytterligare tre \u00e5r. Partnerskapet, som tidigare omfattat satsningen p\u00e5 landslagscyklisterna inom MTB cross-country (XC), ut\u00f6kas nu till att \u00e4ven inkludera landsv\u00e4gscyklisterna. Sedan 2024 har samarbetet gjort det m\u00f6jligt f\u00f6r v\u00e5ra MTB<a href=\"https:\/\/scf.se\/forbundet\/sponsorer\/apollo-sports\/\" class=\"news-card__more\"> &#8230;<\/a><\/p>\n","protected":false},"author":30,"featured_media":10916,"parent":287,"menu_order":0,"comment_status":"closed","ping_status":"closed","template":"","meta":{"_acf_changed":false,"footnotes":""},"class_list":["post-10982","page","type-page","status-publish","hentry"],"acf":[],"_links":{"self":[{"href":"https:\/\/scf.se\/forbundet\/wp-json\/wp\/v2\/pages\/10982","targetHints":{"allow":["GET"]}}],"collection":[{"href":"https:\/\/scf.se\/forbundet\/wp-json\/wp\/v2\/pages"}],"about":[{"href":"https:\/\/scf.se\/forbundet\/wp-json\/wp\/v2\/types\/page"}],"author":[{"embeddable":true,"href":"https:\/\/scf.se\/forbundet\/wp-json\/wp\/v2\/users\/30"}],"replies":[{"embeddable":true,"href":"https:\/\/scf.se\/forbundet\/wp-json\/wp\/v2\/comments?post=10982"}],"version-history":[{"count":8,"href":"https:\/\/scf.se\/forbundet\/wp-json\/wp\/v2\/pages\/10982\/revisions"}],"predecessor-version":[{"id":10994,"href":"https:\/\/scf.se\/forbundet\/wp-json\/wp\/v2\/pages\/10982\/revisions\/10994"}],"up":[{"embeddable":true,"href":"https:\/\/scf.se\/forbundet\/wp-json\/wp\/v2\/pages\/287"}],"wp:featuredmedia":[{"embeddable":true,"href":"https:\/\/scf.se\/forbundet\/wp-json\/wp\/v2\/media\/10916"}],"wp:attachment":[{"href":"https:\/\/scf.se\/forbundet\/wp-json\/wp\/v2\/media?parent=10982"}],"curies":[{"name":"wp","href":"https:\/\/api.w.org\/{rel}","templated":true}]}}