
{"id":1038,"date":"2022-02-26T10:03:13","date_gmt":"2022-02-26T09:03:13","guid":{"rendered":"http:\/\/scf.se\/forbundet\/?page_id=1038"},"modified":"2022-03-29T15:24:03","modified_gmt":"2022-03-29T13:24:03","slug":"enervit","status":"publish","type":"page","link":"https:\/\/scf.se\/forbundet\/sponsorer\/enervit\/","title":{"rendered":"Enervit"},"content":{"rendered":"<blockquote><a href=\"https:\/\/scf.se\/forbundet\/wp-content\/uploads\/sites\/9\/2022\/03\/Logo_Enervit_PositiveNutrition.jpg\"><img loading=\"lazy\" decoding=\"async\" class=\"alignnone size-full wp-image-5069\" src=\"https:\/\/scf.se\/forbundet\/wp-content\/uploads\/sites\/9\/2022\/03\/Logo_Enervit_PositiveNutrition.jpg\" alt=\"\" width=\"2425\" height=\"689\" srcset=\"https:\/\/scf.se\/forbundet\/wp-content\/uploads\/sites\/9\/2022\/03\/Logo_Enervit_PositiveNutrition.jpg 2425w, https:\/\/scf.se\/forbundet\/wp-content\/uploads\/sites\/9\/2022\/03\/Logo_Enervit_PositiveNutrition-300x85.jpg 300w, https:\/\/scf.se\/forbundet\/wp-content\/uploads\/sites\/9\/2022\/03\/Logo_Enervit_PositiveNutrition-1024x291.jpg 1024w, https:\/\/scf.se\/forbundet\/wp-content\/uploads\/sites\/9\/2022\/03\/Logo_Enervit_PositiveNutrition-768x218.jpg 768w, https:\/\/scf.se\/forbundet\/wp-content\/uploads\/sites\/9\/2022\/03\/Logo_Enervit_PositiveNutrition-1536x436.jpg 1536w, https:\/\/scf.se\/forbundet\/wp-content\/uploads\/sites\/9\/2022\/03\/Logo_Enervit_PositiveNutrition-2048x582.jpg 2048w\" sizes=\"auto, (max-width: 2425px) 100vw, 2425px\" \/><\/a>\n<p>&nbsp;<\/p>\n<p>Enervit Sport \u00e4r ett komplett sortiment av produkter f\u00f6r varje behov av integration , som hj\u00e4lper dig att planera din strategi i varje \u00f6gonblick av dina sportaktiviteter : F\u00f6re &#8211; f\u00f6r att \u00f6ka tillg\u00e5ngen p\u00e5 energi, Under &#8211; f\u00f6r att bek\u00e4mpa tr\u00f6tthet, Efter &#8211; f\u00f6r en snabb och optimal \u00e5terh\u00e4mtning. Enervit har alla lopp inom en Svensk Klassiker och \u00e4r numer \u00e4ven stolt leverant\u00f6r av energi till Svenska cykelf\u00f6rbundet!\u201d<\/p><\/blockquote>\n","protected":false},"excerpt":{"rendered":"<p>&nbsp; Enervit Sport \u00e4r ett komplett sortiment av produkter f\u00f6r varje behov av integration , som hj\u00e4lper dig att planera din strategi i varje \u00f6gonblick av dina sportaktiviteter : F\u00f6re &#8211; f\u00f6r att \u00f6ka tillg\u00e5ngen p\u00e5 energi, Under &#8211; f\u00f6r att bek\u00e4mpa tr\u00f6tthet, Efter &#8211; f\u00f6r en snabb och optimal \u00e5terh\u00e4mtning. Enervit har alla<a href=\"https:\/\/scf.se\/forbundet\/sponsorer\/enervit\/\" class=\"news-card__more\"> &#8230;<\/a><\/p>\n","protected":false},"author":2,"featured_media":0,"parent":287,"menu_order":0,"comment_status":"closed","ping_status":"closed","template":"","meta":{"_acf_changed":false,"footnotes":""},"class_list":["post-1038","page","type-page","status-publish","hentry"],"acf":[],"_links":{"self":[{"href":"https:\/\/scf.se\/forbundet\/wp-json\/wp\/v2\/pages\/1038","targetHints":{"allow":["GET"]}}],"collection":[{"href":"https:\/\/scf.se\/forbundet\/wp-json\/wp\/v2\/pages"}],"about":[{"href":"https:\/\/scf.se\/forbundet\/wp-json\/wp\/v2\/types\/page"}],"author":[{"embeddable":true,"href":"https:\/\/scf.se\/forbundet\/wp-json\/wp\/v2\/users\/2"}],"replies":[{"embeddable":true,"href":"https:\/\/scf.se\/forbundet\/wp-json\/wp\/v2\/comments?post=1038"}],"version-history":[{"count":0,"href":"https:\/\/scf.se\/forbundet\/wp-json\/wp\/v2\/pages\/1038\/revisions"}],"up":[{"embeddable":true,"href":"https:\/\/scf.se\/forbundet\/wp-json\/wp\/v2\/pages\/287"}],"wp:attachment":[{"href":"https:\/\/scf.se\/forbundet\/wp-json\/wp\/v2\/media?parent=1038"}],"curies":[{"name":"wp","href":"https:\/\/api.w.org\/{rel}","templated":true}]}}