
{"id":10360,"date":"2026-02-25T12:50:56","date_gmt":"2026-02-25T11:50:56","guid":{"rendered":"https:\/\/scf.se\/forbundet\/?page_id=10360"},"modified":"2026-02-25T13:36:39","modified_gmt":"2026-02-25T12:36:39","slug":"masterskapskalender","status":"publish","type":"page","link":"https:\/\/scf.se\/forbundet\/masterskapskalender\/","title":{"rendered":"M\u00e4sterskapskalender"},"content":{"rendered":"<h3 class=\"\" data-start=\"532\" data-end=\"603\"><strong data-start=\"536\" data-end=\"603\">Kommande \u00e5rens nationella m\u00e4sterskap<\/strong><\/h3>\n<p>Klicka p\u00e5 bilden f\u00f6r att f\u00e5 den skarpare. Senast redigerad 2026-02-25.<\/p>\n<a href=\"https:\/\/scf.se\/forbundet\/wp-content\/uploads\/sites\/9\/2026\/02\/SM-Kalender_25-feb.pdf\"><img loading=\"lazy\" decoding=\"async\" class=\"alignnone wp-image-11574 size-full\" src=\"https:\/\/scf.se\/forbundet\/wp-content\/uploads\/sites\/9\/2026\/02\/SM-Kalender_25-feb-pdf.jpg\" alt=\"\" width=\"1497\" height=\"1058\" \/><\/a>\n<h3 class=\"\" data-start=\"532\" data-end=\"603\"><strong data-start=\"536\" data-end=\"603\">Bli arrang\u00f6r av ett nationellt m\u00e4sterskap<\/strong><\/h3>\n<p class=\"\" data-start=\"605\" data-end=\"868\">Svenska Cykelf\u00f6rbundet \u00e4r \u00e5rligen medarrang\u00f6r till cirka 16 nationella m\u00e4sterskap inom olika discipliner. F\u00f6r att s\u00e4kerst\u00e4lla att varje m\u00e4sterskap f\u00e5r en engagerad och f\u00f6rberedd arrang\u00f6r arbetar vi med l\u00e5ng framf\u00f6rh\u00e5llning \u2013 n\u00e5got som \u00e4ven gynnar er som arrang\u00f6r.<\/p>\n<p class=\"\" data-start=\"870\" data-end=\"1001\">\u00c4r er f\u00f6rening intresserad av att st\u00e5 v\u00e4rd f\u00f6r ett nationellt m\u00e4sterskap? Tveka inte att kontakta v\u00e5r t\u00e4vlingsansvarige redan idag!<\/p>\n<p>&nbsp;<\/p>\n","protected":false},"excerpt":{"rendered":"<p>Kommande \u00e5rens nationella m\u00e4sterskap Klicka p\u00e5 bilden f\u00f6r att f\u00e5 den skarpare. Senast redigerad 2026-02-25. Bli arrang\u00f6r av ett nationellt m\u00e4sterskap Svenska Cykelf\u00f6rbundet \u00e4r \u00e5rligen medarrang\u00f6r till cirka 16 nationella m\u00e4sterskap inom olika discipliner. F\u00f6r att s\u00e4kerst\u00e4lla att varje m\u00e4sterskap f\u00e5r en engagerad och f\u00f6rberedd arrang\u00f6r arbetar vi med l\u00e5ng framf\u00f6rh\u00e5llning \u2013 n\u00e5got som<a href=\"https:\/\/scf.se\/forbundet\/masterskapskalender\/\" class=\"news-card__more\"> &#8230;<\/a><\/p>\n","protected":false},"author":30,"featured_media":0,"parent":0,"menu_order":0,"comment_status":"closed","ping_status":"closed","template":"","meta":{"_acf_changed":false,"footnotes":""},"class_list":["post-10360","page","type-page","status-publish","hentry"],"acf":[],"_links":{"self":[{"href":"https:\/\/scf.se\/forbundet\/wp-json\/wp\/v2\/pages\/10360","targetHints":{"allow":["GET"]}}],"collection":[{"href":"https:\/\/scf.se\/forbundet\/wp-json\/wp\/v2\/pages"}],"about":[{"href":"https:\/\/scf.se\/forbundet\/wp-json\/wp\/v2\/types\/page"}],"author":[{"embeddable":true,"href":"https:\/\/scf.se\/forbundet\/wp-json\/wp\/v2\/users\/30"}],"replies":[{"embeddable":true,"href":"https:\/\/scf.se\/forbundet\/wp-json\/wp\/v2\/comments?post=10360"}],"version-history":[{"count":19,"href":"https:\/\/scf.se\/forbundet\/wp-json\/wp\/v2\/pages\/10360\/revisions"}],"predecessor-version":[{"id":11575,"href":"https:\/\/scf.se\/forbundet\/wp-json\/wp\/v2\/pages\/10360\/revisions\/11575"}],"wp:attachment":[{"href":"https:\/\/scf.se\/forbundet\/wp-json\/wp\/v2\/media?parent=10360"}],"curies":[{"name":"wp","href":"https:\/\/api.w.org\/{rel}","templated":true}]}}