
{"id":100,"date":"2026-04-10T08:00:14","date_gmt":"2026-04-10T06:00:14","guid":{"rendered":"http:\/\/svenskcykel.grandpublic.se\/forbundet\/?page_id=100"},"modified":"2026-04-27T17:43:09","modified_gmt":"2026-04-27T15:43:09","slug":"tavlingsregler","status":"publish","type":"page","link":"https:\/\/scf.se\/forbundet\/tavlingsverksamhet\/tavlingsregler\/","title":{"rendered":"T\u00e4vlingsregler"},"content":{"rendered":"<p class=\"p1\">Syftet med v\u00e5ra regler \u00e4r att man ska kunna t\u00e4vla s\u00e4kert\u00a0och\u00a0p\u00e5 lika\u00a0villkor. SCF har ett\u00a0<span class=\"s1\">regelverk som\u00a0f\u00f6ljer det<span class=\"s2\"><a href=\"https:\/\/www.uci.org\/regulations\/3MyLDDrwJCJJ0BGGOFzOat\"> internationella cykelf\u00f6rbundets (UCI) regelverk<\/a>,\u00a0<\/span>dock med n\u00e5gra nationella anpassningar. De svenska t\u00e4vlingsreglerna uppdateras en g\u00e5ng per \u00e5r under mars m\u00e5nad.\u00a0 \u00a0<\/span><\/p>\n<p class=\"p1\"><a href=\"https:\/\/scf.se\/forbundet\/wp-content\/uploads\/sites\/9\/2023\/06\/SCF-TR-del-01-2023.pdf\">Del 1 &#8211; Allm\u00e4nt (2023:1)<\/a><a href=\"https:\/\/scf.se\/forbundet\/wp-content\/uploads\/sites\/9\/2023\/05\/1-GEN-20230220-E.pdf\"> Del 1 UCI 2023<\/a><\/p>\n<p class=\"p1\"><a href=\"https:\/\/scf.se\/forbundet\/wp-content\/uploads\/sites\/9\/2023\/04\/SCF-TR-del-02-2023-Landsvag.pdf\">Del 2 &#8211; Landsv\u00e4g (2023:1)<\/a><\/p>\n<p class=\"p1\"><span class=\"s1\">Del 3 \u00a0Bancykel (2023:1)<\/span><\/p>\n<p class=\"p1\"><a href=\"https:\/\/www.dropbox.com\/scl\/fi\/3pt5c1563y8vlsi9ucokj\/SCF-TR-del-04-2026.pdf?rlkey=cpjzgiquqixjtbea0yj2hku28&amp;dl=0\" target=\"_blank\" rel=\"noopener\">Del 4 &#8211; MTB (2026:2)<\/a><\/p>\n<p class=\"p1\"><a href=\"https:\/\/scf.se\/forbundet\/wp-content\/uploads\/sites\/9\/2023\/11\/SCF-TR-del-05-2022.pdf\">Del 5 &#8211; Cykelcross (2022:1)<\/a><\/p>\n<p><a href=\"https:\/\/www.uci.org\/regulations\/3MyLDDrwJCJJ0BGGOFzOat#part-vibmx-racing\" target=\"_blank\" rel=\"noopener\">Del 6 &#8211; BMX Racing (UCI)<\/a><\/p>\n<p>&#8211; <a href=\"https:\/\/www.dropbox.com\/scl\/fi\/ofje94dhw47opyh3po35c\/SCF-TR-del-06-2026-Avvikelser-SVE-BMX-reglemente.pdf?rlkey=0c9oe7a040ykt7c3glzcij86d&amp;dl=0\">Del 6 &#8211; BMX Racing &#8211; Svenska Avvikelser 2026:1<\/a><\/p>\n<p><a href=\"https:\/\/scf.se\/forbundet\/wp-content\/uploads\/sites\/9\/2023\/04\/Del-06-bis-BMX-Freestyle-2023-01-01.pdf\">Del 6 bis &#8211; BMX Freestyle (UCI) 2023-01-01<\/a><\/p>\n<p class=\"p1\"><a href=\"https:\/\/scf.se\/forbundet\/wp-content\/uploads\/sites\/9\/2023\/06\/SCF-TR-del-07-2023.pdf\">Del 7 &#8211; Trial (2023:1)<\/a><\/p>\n<p class=\"p1\"><a href=\"https:\/\/scf.se\/forbundet\/wp-content\/uploads\/sites\/9\/2023\/06\/SCF-TR-del-12-2023.pdf\">Del 12 &#8211; Disciplin\u00e4ra \u00e5tg\u00e4rder (2023:1)<\/a><\/p>\n<p>Del 15 &#8211; Gravel (Cycling For All) (2026:2)<\/p>\n<p><a href=\"https:\/\/scf.se\/paracykel\/wp-content\/uploads\/sites\/7\/2026\/03\/16-PAR-20260101-E.pdf\">Del 16 &#8211; Paracykel (2026:1)<\/a>\u00a0 \u00a0<a href=\"https:\/\/scf.se\/paracykel\/wp-content\/uploads\/sites\/7\/2026\/03\/Svensk-tillampning-TR-del-16-5.docx\">Svensk till\u00e4mpning TR del 16<\/a><\/p>\n<ul>\n<li>F\u00f6r mer information om t\u00e4vlingsregler och nationell klassificeringsrutin: <a href=\"https:\/\/scf.se\/paracykel\/tavlingsregler\/\">https:\/\/scf.se\/paracykel\/tavlingsregler\/<\/a><\/li>\n<\/ul>\n<p class=\"p1\"><a href=\"https:\/\/scf.se\/forbundet\/wp-content\/uploads\/sites\/9\/2025\/12\/SCF-TR-del-17-2025.pdf\">Del 17 Svenska M\u00e4sterskap (2025:1)<\/a><\/p>\n<ul>\n<li class=\"p1\"><span class=\"s1\">SM Trial inomhus &#8211; specialreglemente\u00a0<\/span>(2022)<\/li>\n<li class=\"p1\">SM Trial utomhus (2021)<\/li>\n<li><a href=\"https:\/\/scf.se\/forbundet\/wp-content\/uploads\/sites\/9\/2023\/06\/SCF-TR-del-17-2023-BMX.pdf\">Del 17 BMX (2023:1)<\/a><\/li>\n<\/ul>\n<p class=\"p1\"><span class=\"s1\"><a href=\"https:\/\/scf.se\/forbundet\/wp-content\/uploads\/sites\/9\/2023\/06\/Regler-servicebil-tempo.pdf\">Regler servicebil tempo<\/a><a href=\"http:\/\/iof1.idrottonline.se\/ImageVaultFiles\/id_22794\/cf_74\/Regler%20servicebil%20tempo.pdf\"><br \/>\n<\/a><\/span><a href=\"https:\/\/scf.se\/forbundet\/wp-content\/uploads\/sites\/9\/2023\/06\/Regler-servicebil-linje.pdf\">Regler servicebil linje<\/a><\/p>\n<hr \/>\n<h3 class=\"p1\">Distriktsregler<\/h3>\n<p><a href=\"https:\/\/scf.se\/forbundet\/wp-content\/uploads\/sites\/9\/2026\/04\/SCF-Distriktstavling-MTB-XCO-XCC_2026.pdf\">SCF-Distriktst\u00e4vling-MTB-XCO\/XCC_(2026:1)<\/a><\/p>\n<p><a href=\"https:\/\/scf.se\/forbundet\/wp-content\/uploads\/sites\/9\/2026\/01\/SCF-Distriktstavling-LVG.pdf\">SCF-Distriktst\u00e4vling-LVG (2026:1)<\/a><\/p>\n<hr \/>\n<h3>Instegsregler MTB Gravity<\/h3>\n<p><a href=\"https:\/\/scf.se\/forbundet\/wp-content\/uploads\/sites\/9\/2026\/02\/SCF-Instegsregler-MTB-EDR-DH-2026_final.pdf\">SCF-Instegsregler-MTB-EDR-DH (2026:1)<\/a><\/p>\n<hr \/>\n<h3 class=\"p1\">Motionsregler<\/h3>\n<p><a href=\"https:\/\/scf.se\/forbundet\/motionsregler\/\">Motionsloppsriktlinjer<\/a> passande landsv\u00e4g, gravel och MTB maraton<\/p>\n<hr \/>\n<h3 class=\"p1\">Nordiska Cykelf\u00f6rbundets t\u00e4vlingsregler<\/h3>\n<p class=\"p1\">Nordisk reglemente BMX<br \/>\n<a href=\"\/forbundet\/wp-content\/uploads\/sites\/9\/2015\/11\/TR_NMMTB.pdf\" rel=\"\">Nordiska m\u00e4sterskap Mountainbike<br \/>\n<\/a><a href=\"\/forbundet\/wp-content\/uploads\/sites\/9\/2015\/11\/TR_NM.pdf\" rel=\"\">Nordiska m\u00e4sterskap Landsv\u00e4g<br \/>\n<\/a><a href=\"https:\/\/scf.se\/forbundet\/wp-content\/uploads\/sites\/9\/2019\/04\/T\u00e4vlingsregler-NMM-Godk\u00e4nda-2019-01-13.pdf\">Nordiska m\u00e4sterskap Masters landsv\u00e4g<\/a> (2019)<\/p>\n","protected":false},"excerpt":{"rendered":"<p>Syftet med v\u00e5ra regler \u00e4r att man ska kunna t\u00e4vla s\u00e4kert\u00a0och\u00a0p\u00e5 lika\u00a0villkor. SCF har ett\u00a0regelverk som\u00a0f\u00f6ljer det internationella cykelf\u00f6rbundets (UCI) regelverk,\u00a0dock med n\u00e5gra nationella anpassningar. De svenska t\u00e4vlingsreglerna uppdateras en g\u00e5ng per \u00e5r under mars m\u00e5nad.\u00a0 \u00a0 Del 1 &#8211; Allm\u00e4nt (2023:1) Del 1 UCI 2023 Del 2 &#8211; Landsv\u00e4g (2023:1) Del 3 \u00a0Bancykel<a href=\"https:\/\/scf.se\/forbundet\/tavlingsverksamhet\/tavlingsregler\/\" class=\"news-card__more\"> &#8230;<\/a><\/p>\n","protected":false},"author":32,"featured_media":0,"parent":96,"menu_order":0,"comment_status":"closed","ping_status":"closed","template":"","meta":{"_acf_changed":false,"footnotes":""},"class_list":["post-100","page","type-page","status-publish","hentry"],"acf":[],"_links":{"self":[{"href":"https:\/\/scf.se\/forbundet\/wp-json\/wp\/v2\/pages\/100","targetHints":{"allow":["GET"]}}],"collection":[{"href":"https:\/\/scf.se\/forbundet\/wp-json\/wp\/v2\/pages"}],"about":[{"href":"https:\/\/scf.se\/forbundet\/wp-json\/wp\/v2\/types\/page"}],"author":[{"embeddable":true,"href":"https:\/\/scf.se\/forbundet\/wp-json\/wp\/v2\/users\/32"}],"replies":[{"embeddable":true,"href":"https:\/\/scf.se\/forbundet\/wp-json\/wp\/v2\/comments?post=100"}],"version-history":[{"count":33,"href":"https:\/\/scf.se\/forbundet\/wp-json\/wp\/v2\/pages\/100\/revisions"}],"predecessor-version":[{"id":12097,"href":"https:\/\/scf.se\/forbundet\/wp-json\/wp\/v2\/pages\/100\/revisions\/12097"}],"up":[{"embeddable":true,"href":"https:\/\/scf.se\/forbundet\/wp-json\/wp\/v2\/pages\/96"}],"wp:attachment":[{"href":"https:\/\/scf.se\/forbundet\/wp-json\/wp\/v2\/media?parent=100"}],"curies":[{"name":"wp","href":"https:\/\/api.w.org\/{rel}","templated":true}]}}