
{"id":96,"date":"2025-12-19T12:04:26","date_gmt":"2025-12-19T11:04:26","guid":{"rendered":"http:\/\/scf.se\/e-cycling\/?page_id=96"},"modified":"2025-12-20T10:14:44","modified_gmt":"2025-12-20T09:14:44","slug":"faq","status":"publish","type":"page","link":"https:\/\/scf.se\/e-cycling\/faq\/","title":{"rendered":"FAQ"},"content":{"rendered":"<p>Har du en fr\u00e5ga som du inte hittar svaret p\u00e5 nedan \u00e4r du v\u00e4lkommen att st\u00e4lla den i v\u00e5r Facebook grupp SWE Cycling E-cycling: <a href=\"https:\/\/www.facebook.com\/groups\/448641101597589\/\">https:\/\/www.facebook.com\/groups\/448641101597589\/<\/a> eller genom att kontakta kansliet, <a href=\"mailto:kansli@scf.se\">kansli@scf.se<\/a> eller grengruppen, <a href=\"mailto:ecycling@scf.se\">ecycling@scf.se<\/a> s\u00e5 g\u00f6r vi v\u00e5rt b\u00e4sta f\u00f6r att besvara den och kanske l\u00e4gger till den h\u00e4r.<\/p>\n<p><strong>Hur tecknar jag en E-cyclinglicens?<\/strong><\/p>\n<p><strong>Svar:<\/strong> E-cyclinglicens tecknas p\u00e5 <a href=\"http:\/\/licens.scf.se\">licens.scf.se<\/a>.<\/p>\n<p>&nbsp;<\/p>\n<p><strong>Hur hittar jag en f\u00f6rening eller kontaktuppgifter till min f\u00f6rening?<\/strong><\/p>\n<p><strong>Svar:<\/strong> Du hittar f\u00f6reningar anslutna till Cykelf\u00f6rbundet med kontaktuppgifter <a href=\"https:\/\/www.rf.se\/om-riksidrottsforbundet\/hitta-inom-idrottsrorelsen\">h\u00e4r<\/a>.<\/p>\n<p>&nbsp;<\/p>\n<p><strong>Beh\u00f6ver jag som redan har en \u00e5rslicens teckna en E-cyclinglicens f\u00f6r att delta i vinterns E-cyclingarrangemang (exempelvis SWE Cup)?<\/strong><\/p>\n<p><strong>Svar:<\/strong> Nej. Du som redan har en \u00e5rslicens beh\u00f6ver inte teckna en E-cyclinglicens f\u00f6r att delta i SCF\u2019s E-cyclingarrangemang. Alla \u00e5rslicenser, inklusive motionslicensen, inneh\u00e5ller redan E-cyclinglicensen.<\/p>\n<p>&nbsp;<\/p>\n<p><strong>Varf\u00f6r rekommenderar ni en Motionslicens ist\u00e4llet f\u00f6r en E-cyclinglicens?<\/strong><\/p>\n<p><strong>Svar:<\/strong> Med en Motionslicens ist\u00e4llet f\u00f6r en E-cyclinglicens kan du som licensinnehavare \u00e4ven st\u00e4lla till start i klassen \u201dSportmotion\u201d, som anv\u00e4nds av vissa t\u00e4vlingsarrang\u00f6rer inom gravel, landsv\u00e4g och mountainbike (XCM och Gravity).<\/p>\n<p>&nbsp;<\/p>\n<p><strong>Hur anm\u00e4ler jag mig till de E-cyclingarrangemang som SCF arrangerar, exempelvis SWE Cup?<\/strong><\/p>\n<p>Information om anm\u00e4lan finns under fliken &#8221;SWE Cup&#8221; p\u00e5 <a href=\"http:\/\/www.scf.se\/e-cycling\">www.scf.se\/e-cycling<\/a>.<\/p>\n<p>&nbsp;<\/p>\n<p><strong>Hur fungerar en Eng\u00e5ngslicens?<\/strong><\/p>\n<p><strong>Svar:<\/strong> Vill du bara k\u00f6ra en delt\u00e4vling i SWE Cup kan du v\u00e4lja att teckna en eng\u00e5ngslicens f\u00f6r det aktuella loppet. Det \u00e4r endast p\u00e5 E-cycling SM som en eng\u00e5ngslicens inte \u00e4r giltig. Alla licenser, inklusive eng\u00e5ngslicens tecknas p\u00e5 <a href=\"http:\/\/licens.scf.se\">licens.scf.se<\/a>.<\/p>\n<p>&nbsp;<\/p>\n<p><strong>Vilka regler g\u00e4ller f\u00f6r \u00e5rets SWE Cup?<\/strong><\/p>\n<p><strong>Svar:<\/strong> Alla regler och datum, mm f\u00f6r \u00e5rets SWE Cup E-cycling finns under fliken &#8221;SWE Cup&#8221; p\u00e5 <a href=\"http:\/\/www.scf.se\/e-cycling\">www.scf.se\/e-cycling<\/a>.<\/p>\n<p>&nbsp;<\/p>\n<p><a href=\"https:\/\/scf.se\/licenser\">L\u00e4s mer om licenser och avgifter h\u00e4r<\/a><\/p>\n","protected":false},"excerpt":{"rendered":"<p>Har du en fr\u00e5ga som du inte hittar svaret p\u00e5 nedan \u00e4r du v\u00e4lkommen att st\u00e4lla den i v\u00e5r Facebook grupp SWE Cycling E-cycling: https:\/\/www.facebook.com\/groups\/448641101597589\/ eller genom att kontakta kansliet, kansli@scf.se eller grengruppen, ecycling@scf.se s\u00e5 g\u00f6r vi v\u00e5rt b\u00e4sta f\u00f6r att besvara den och kanske l\u00e4gger till den h\u00e4r. Hur tecknar jag en E-cyclinglicens?<a href=\"https:\/\/scf.se\/e-cycling\/faq\/\" class=\"news-card__more\"> &#8230;<\/a><\/p>\n","protected":false},"author":41,"featured_media":0,"parent":0,"menu_order":0,"comment_status":"closed","ping_status":"closed","template":"","meta":{"_acf_changed":false,"footnotes":""},"class_list":["post-96","page","type-page","status-publish","hentry"],"acf":[],"_links":{"self":[{"href":"https:\/\/scf.se\/e-cycling\/wp-json\/wp\/v2\/pages\/96","targetHints":{"allow":["GET"]}}],"collection":[{"href":"https:\/\/scf.se\/e-cycling\/wp-json\/wp\/v2\/pages"}],"about":[{"href":"https:\/\/scf.se\/e-cycling\/wp-json\/wp\/v2\/types\/page"}],"author":[{"embeddable":true,"href":"https:\/\/scf.se\/e-cycling\/wp-json\/wp\/v2\/users\/41"}],"replies":[{"embeddable":true,"href":"https:\/\/scf.se\/e-cycling\/wp-json\/wp\/v2\/comments?post=96"}],"version-history":[{"count":6,"href":"https:\/\/scf.se\/e-cycling\/wp-json\/wp\/v2\/pages\/96\/revisions"}],"predecessor-version":[{"id":1880,"href":"https:\/\/scf.se\/e-cycling\/wp-json\/wp\/v2\/pages\/96\/revisions\/1880"}],"wp:attachment":[{"href":"https:\/\/scf.se\/e-cycling\/wp-json\/wp\/v2\/media?parent=96"}],"curies":[{"name":"wp","href":"https:\/\/api.w.org\/{rel}","templated":true}]}}