
{"id":91,"date":"2020-09-30T12:00:24","date_gmt":"2020-09-30T10:00:24","guid":{"rendered":"http:\/\/scf.se\/e-cycling\/?page_id=91"},"modified":"2020-09-30T15:37:28","modified_gmt":"2020-09-30T13:37:28","slug":"vad-behovs-for-att-zwifta","status":"publish","type":"page","link":"https:\/\/scf.se\/e-cycling\/borja-har\/vad-behovs-for-att-zwifta\/","title":{"rendered":"Vad beh\u00f6vs f\u00f6r att Zwifta?"},"content":{"rendered":"<h3>Checklista f\u00f6r zwiftare<\/h3>\n<ul>\n<li>Cykeltrainer, Smart Bike eller rullar<\/li>\n<li>Kadensm\u00e4tare eller hastighetsm\u00e4tare med ANT+ eller Bluetooth<\/li>\n<li>Windows PC, Mac, Apple TV, iPad\/iPhone eller Android tablet\/telefon<\/li>\n<li>ANT+ och\/eller Bluetooth-mottagare f\u00f6r att ta emot m\u00e4tdata<\/li>\n<li>Pulsband<\/li>\n<li>Effektm\u00e4tare (ej n\u00f6dv\u00e4ndigt)<\/li>\n<li>Smartphone* (f\u00f6r Zwift Companion-appen)<\/li>\n<li>Fl\u00e4kt (f\u00f6r en trevligare upplevelse)<\/li>\n<li>Handduk (kan beh\u00f6vas)<\/li>\n<li>Trainermatta (minskar ljudet och t\u00e5l svett)<\/li>\n<\/ul>\n","protected":false},"excerpt":{"rendered":"<p>Checklista f\u00f6r zwiftare Cykeltrainer, Smart Bike eller rullar Kadensm\u00e4tare eller hastighetsm\u00e4tare med ANT+ eller Bluetooth Windows PC, Mac, Apple TV, iPad\/iPhone eller Android tablet\/telefon ANT+ och\/eller Bluetooth-mottagare f\u00f6r att ta emot m\u00e4tdata Pulsband Effektm\u00e4tare (ej n\u00f6dv\u00e4ndigt) Smartphone* (f\u00f6r Zwift Companion-appen) Fl\u00e4kt (f\u00f6r en trevligare upplevelse) Handduk (kan beh\u00f6vas) Trainermatta (minskar ljudet och t\u00e5l svett)<\/p>\n","protected":false},"author":41,"featured_media":0,"parent":9,"menu_order":0,"comment_status":"closed","ping_status":"closed","template":"","meta":{"_acf_changed":false,"footnotes":""},"class_list":["post-91","page","type-page","status-publish","hentry"],"acf":[],"_links":{"self":[{"href":"https:\/\/scf.se\/e-cycling\/wp-json\/wp\/v2\/pages\/91","targetHints":{"allow":["GET"]}}],"collection":[{"href":"https:\/\/scf.se\/e-cycling\/wp-json\/wp\/v2\/pages"}],"about":[{"href":"https:\/\/scf.se\/e-cycling\/wp-json\/wp\/v2\/types\/page"}],"author":[{"embeddable":true,"href":"https:\/\/scf.se\/e-cycling\/wp-json\/wp\/v2\/users\/41"}],"replies":[{"embeddable":true,"href":"https:\/\/scf.se\/e-cycling\/wp-json\/wp\/v2\/comments?post=91"}],"version-history":[{"count":0,"href":"https:\/\/scf.se\/e-cycling\/wp-json\/wp\/v2\/pages\/91\/revisions"}],"up":[{"embeddable":true,"href":"https:\/\/scf.se\/e-cycling\/wp-json\/wp\/v2\/pages\/9"}],"wp:attachment":[{"href":"https:\/\/scf.se\/e-cycling\/wp-json\/wp\/v2\/media?parent=91"}],"curies":[{"name":"wp","href":"https:\/\/api.w.org\/{rel}","templated":true}]}}