
{"id":58,"date":"2025-12-19T14:20:32","date_gmt":"2025-12-19T13:20:32","guid":{"rendered":"http:\/\/scf.se\/e-cycling\/?page_id=58"},"modified":"2026-02-12T18:18:02","modified_gmt":"2026-02-12T17:18:02","slug":"regler","status":"publish","type":"page","link":"https:\/\/scf.se\/e-cycling\/borja-har\/regler\/","title":{"rendered":"Regler"},"content":{"rendered":"<hr \/>\n<h3>Regelverk fr\u00e5n UCI<\/h3>\n<p>Det finns idag ett regelverk fr\u00e5n UCI som omfattar E-cycling. Ni kan l\u00e4sa och ladda ned det regelverket h\u00e4r: <a href=\"https:\/\/assets.ctfassets.net\/761l7gh5x5an\/3yzOk640gEd8yy8jeN0cYR\/5d57f3579d61e0f71f79b4241d0bf045\/17-CES-20260101-E.pdf\">17-CES-20260101-E.pdf<\/a>\u00a0(kontrollera att ingen nyare version finns fr\u00e5n UCI <a href=\"https:\/\/www.uci.org\/regulations\/3MyLDDrwJCJJ0BGGOFzOat#cycling-esports\">h\u00e4r<\/a>).<\/p>\n<p>N\u00e5got som ocks\u00e5 \u00e4r viktigt f\u00f6r att f\u00f6ruts\u00e4ttningarna skall bli s\u00e5 r\u00e4ttvisa som m\u00f6jligt \u00e4r att man anger r\u00e4tt l\u00e4ngd, vikt och FTP i den plattform som man anv\u00e4nder. Man skall ocks\u00e5 anv\u00e4nda en uppdaterad mjukvara\/h\u00e5rdvara samt en korrekt kalibrerad trainer\/utrustning.<\/p>\n<p>N\u00e4r det g\u00e4ller t\u00e4vlingar p\u00e5 Zwift skall man koppla sitt Zwiftkonto till Zwiftpower som \u00e4r den plattform som g\u00e4ller vid t\u00e4vlingar p\u00e5 Zwift.<\/p>\n<p>H\u00e4r finns detaljerad information om dom regler som g\u00e4ller p\u00e5 Zwift: <a href=\"https:\/\/zwift.com\/p\/zwift-cycling-esports-rules\">https:\/\/zwift.com\/p\/zwift-cycling-esports-rules<\/a><\/p>\n<h3><strong>Regler f\u00f6r SWE Cup och SM<\/strong><\/h3>\n<p>Regler f\u00f6r respektive klass och t\u00e4vling kommuniceras inf\u00f6r t\u00e4vlingarna p\u00e5 respektive informationssida.<\/p>\n<ul>\n<li>Vi uppmuntrar alla att f\u00f6lja eRacing-reglerna definierade av Zwift: <a href=\"https:\/\/zwift.com\/p\/eracing-rules\">https:\/\/zwift.com\/p\/eracing-rules<\/a><\/li>\n<li>Bra sportmanship: \u201dF\u00f6lj inte en cyklist som fuskar eller t\u00e4vlar p\u00e5 en felaktig eller uppenbart felkalibrerad trainer. Om du g\u00f6r det, kommer eller kan du diskvalificeras.\u201d<\/li>\n<li>Vid SM st\u00e4lls krav p\u00e5 f\u00f6reningstillh\u00f6righet och UCI ID vilket g\u00f6r att det \u00e4r obligatoriskt med en t\u00e4vlingslicens.<\/li>\n<\/ul>\n<p>Text och foto: SCF<\/p>\n","protected":false},"excerpt":{"rendered":"<p>Regelverk fr\u00e5n UCI Det finns idag ett regelverk fr\u00e5n UCI som omfattar E-cycling. Ni kan l\u00e4sa och ladda ned det regelverket h\u00e4r: 17-CES-20260101-E.pdf\u00a0(kontrollera att ingen nyare version finns fr\u00e5n UCI h\u00e4r). N\u00e5got som ocks\u00e5 \u00e4r viktigt f\u00f6r att f\u00f6ruts\u00e4ttningarna skall bli s\u00e5 r\u00e4ttvisa som m\u00f6jligt \u00e4r att man anger r\u00e4tt l\u00e4ngd, vikt och FTP<a href=\"https:\/\/scf.se\/e-cycling\/borja-har\/regler\/\" class=\"news-card__more\"> &#8230;<\/a><\/p>\n","protected":false},"author":41,"featured_media":129,"parent":9,"menu_order":0,"comment_status":"closed","ping_status":"closed","template":"","meta":{"_acf_changed":false,"footnotes":""},"class_list":["post-58","page","type-page","status-publish","hentry"],"acf":[],"_links":{"self":[{"href":"https:\/\/scf.se\/e-cycling\/wp-json\/wp\/v2\/pages\/58","targetHints":{"allow":["GET"]}}],"collection":[{"href":"https:\/\/scf.se\/e-cycling\/wp-json\/wp\/v2\/pages"}],"about":[{"href":"https:\/\/scf.se\/e-cycling\/wp-json\/wp\/v2\/types\/page"}],"author":[{"embeddable":true,"href":"https:\/\/scf.se\/e-cycling\/wp-json\/wp\/v2\/users\/41"}],"replies":[{"embeddable":true,"href":"https:\/\/scf.se\/e-cycling\/wp-json\/wp\/v2\/comments?post=58"}],"version-history":[{"count":7,"href":"https:\/\/scf.se\/e-cycling\/wp-json\/wp\/v2\/pages\/58\/revisions"}],"predecessor-version":[{"id":2032,"href":"https:\/\/scf.se\/e-cycling\/wp-json\/wp\/v2\/pages\/58\/revisions\/2032"}],"up":[{"embeddable":true,"href":"https:\/\/scf.se\/e-cycling\/wp-json\/wp\/v2\/pages\/9"}],"wp:featuredmedia":[{"embeddable":true,"href":"https:\/\/scf.se\/e-cycling\/wp-json\/wp\/v2\/media\/129"}],"wp:attachment":[{"href":"https:\/\/scf.se\/e-cycling\/wp-json\/wp\/v2\/media?parent=58"}],"curies":[{"name":"wp","href":"https:\/\/api.w.org\/{rel}","templated":true}]}}