
{"id":57,"date":"2024-09-29T13:19:28","date_gmt":"2024-09-29T11:19:28","guid":{"rendered":"http:\/\/scf.se\/e-cycling\/?page_id=57"},"modified":"2024-11-20T12:47:15","modified_gmt":"2024-11-20T11:47:15","slug":"vad-ar-e-cykling","status":"publish","type":"page","link":"https:\/\/scf.se\/e-cycling\/borja-har\/vad-ar-e-cykling\/","title":{"rendered":"Vad \u00e4r E-cycling?"},"content":{"rendered":"<p>E-cycling eller virtuell cykling \u00e4r n\u00e5got som blivit v\u00e4ldigt popul\u00e4rt dom senaste \u00e5ren. Man kan helt enkelt cykla mot och med andra cyklister som \u00e4r uppkopplade p\u00e5 en gemensam plattform. St\u00f6rst framg\u00e5ng och mest popul\u00e4r just nu \u00e4r Zwift, d\u00e4r man anordnar flera event om dagen, dygnet runt, \u00e5ret runt.<\/p>\n<p>En av f\u00f6rdelarna med E-cycling \u00e4r att din tr\u00e4ning blir mer realistisk. Du kan f\u00f6lja en bana p\u00e5 sk\u00e4rmen och d\u00e5 anpassas ocks\u00e5 motst\u00e5ndet p\u00e5 din smarta uppkopplade utrustning. Det \u00e4r ocks\u00e5 en social plattform d\u00e4r det finns m\u00f6jlighet att tr\u00e4ffa och chatta med andra cykelintresserade personer, kompisar, team, klubbmedlemmar och k\u00e4nda profiler inom sporten.<\/p>\n<p>E-cycling som sport har vuxit v\u00e4ldigt snabbt senaste \u00e5ret och marknaden har det fullkomligt exploderat. Tour de France har till och med k\u00f6rts virtuellt med direkts\u00e4ndning p\u00e5 Eurosport och under 2020 h\u00f6lls det f\u00f6rsta officiella VM:et av UCI och Zwift.<\/p>\n<p>Sverige ligger l\u00e5ngt fram inom E-cycling och har n\u00e5gra av v\u00e4rldens b\u00e4sta cyklister, b\u00e5de p\u00e5 dam och herrsidan. F\u00f6rbundet har redan anordnat flera Svenska M\u00e4sterskap, SWE Cup och flera utmaningar inom Landsv\u00e4g och MTB p\u00e5 Zwift. Vi kommer s\u00e5klart att forts\u00e4tta med detta och alla event kommer att publiceras i v\u00e5r eventkalender.<\/p>\n<p>Det finns s\u00e5klart fler plattformar \u00e4n just Zwift. N\u00e5gra av dom st\u00f6rsta alternativen \u00e4r MyWhoosh, Rouvy, The Sufferfest, BKool, Veloton, och FulGaz. Vi unders\u00f6ker kontinuerligt alternativen och f\u00f6ruts\u00e4ttningarna f\u00f6r att skapa dom b\u00e4sta f\u00f6ruts\u00e4ttningarna f\u00f6r er.<\/p>\n","protected":false},"excerpt":{"rendered":"<p>E-cycling eller virtuell cykling \u00e4r n\u00e5got som blivit v\u00e4ldigt popul\u00e4rt dom senaste \u00e5ren. Man kan helt enkelt cykla mot och med andra cyklister som \u00e4r uppkopplade p\u00e5 en gemensam plattform. St\u00f6rst framg\u00e5ng och mest popul\u00e4r just nu \u00e4r Zwift, d\u00e4r man anordnar flera event om dagen, dygnet runt, \u00e5ret runt. En av f\u00f6rdelarna med<a href=\"https:\/\/scf.se\/e-cycling\/borja-har\/vad-ar-e-cykling\/\" class=\"news-card__more\"> &#8230;<\/a><\/p>\n","protected":false},"author":41,"featured_media":114,"parent":9,"menu_order":0,"comment_status":"closed","ping_status":"closed","template":"","meta":{"_acf_changed":false,"footnotes":""},"class_list":["post-57","page","type-page","status-publish","hentry"],"acf":[],"_links":{"self":[{"href":"https:\/\/scf.se\/e-cycling\/wp-json\/wp\/v2\/pages\/57","targetHints":{"allow":["GET"]}}],"collection":[{"href":"https:\/\/scf.se\/e-cycling\/wp-json\/wp\/v2\/pages"}],"about":[{"href":"https:\/\/scf.se\/e-cycling\/wp-json\/wp\/v2\/types\/page"}],"author":[{"embeddable":true,"href":"https:\/\/scf.se\/e-cycling\/wp-json\/wp\/v2\/users\/41"}],"replies":[{"embeddable":true,"href":"https:\/\/scf.se\/e-cycling\/wp-json\/wp\/v2\/comments?post=57"}],"version-history":[{"count":2,"href":"https:\/\/scf.se\/e-cycling\/wp-json\/wp\/v2\/pages\/57\/revisions"}],"predecessor-version":[{"id":1419,"href":"https:\/\/scf.se\/e-cycling\/wp-json\/wp\/v2\/pages\/57\/revisions\/1419"}],"up":[{"embeddable":true,"href":"https:\/\/scf.se\/e-cycling\/wp-json\/wp\/v2\/pages\/9"}],"wp:featuredmedia":[{"embeddable":true,"href":"https:\/\/scf.se\/e-cycling\/wp-json\/wp\/v2\/media\/114"}],"wp:attachment":[{"href":"https:\/\/scf.se\/e-cycling\/wp-json\/wp\/v2\/media?parent=57"}],"curies":[{"name":"wp","href":"https:\/\/api.w.org\/{rel}","templated":true}]}}