
{"id":495,"date":"2023-01-11T13:50:05","date_gmt":"2023-01-11T12:50:05","guid":{"rendered":"http:\/\/scf.se\/e-cycling\/?page_id=495"},"modified":"2023-02-06T16:56:27","modified_gmt":"2023-02-06T15:56:27","slug":"vm-2023","status":"publish","type":"page","link":"https:\/\/scf.se\/e-cycling\/vm-2023\/","title":{"rendered":"VM 2023"},"content":{"rendered":"<p>VM i E-cycling k\u00f6rs den 18 februari 2023. S\u00e5 l\u00e4nge kan du l\u00e4sa mer om VM och de svenska deltagarna <a href=\"https:\/\/scf.se\/e-cycling\/2022\/12\/20\/de-har-sju-starka-cyklisterna-adderas-till-stor-svensk-vm-trupp-i-e-cycling\/\">h\u00e4r<\/a>.<\/p>\n","protected":false},"excerpt":{"rendered":"<p>VM i E-cycling k\u00f6rs den 18 februari 2023. S\u00e5 l\u00e4nge kan du l\u00e4sa mer om VM och de svenska deltagarna h\u00e4r.<\/p>\n","protected":false},"author":30,"featured_media":0,"parent":0,"menu_order":0,"comment_status":"closed","ping_status":"closed","template":"","meta":{"_acf_changed":false,"footnotes":""},"class_list":["post-495","page","type-page","status-publish","hentry"],"acf":[],"_links":{"self":[{"href":"https:\/\/scf.se\/e-cycling\/wp-json\/wp\/v2\/pages\/495","targetHints":{"allow":["GET"]}}],"collection":[{"href":"https:\/\/scf.se\/e-cycling\/wp-json\/wp\/v2\/pages"}],"about":[{"href":"https:\/\/scf.se\/e-cycling\/wp-json\/wp\/v2\/types\/page"}],"author":[{"embeddable":true,"href":"https:\/\/scf.se\/e-cycling\/wp-json\/wp\/v2\/users\/30"}],"replies":[{"embeddable":true,"href":"https:\/\/scf.se\/e-cycling\/wp-json\/wp\/v2\/comments?post=495"}],"version-history":[{"count":0,"href":"https:\/\/scf.se\/e-cycling\/wp-json\/wp\/v2\/pages\/495\/revisions"}],"wp:attachment":[{"href":"https:\/\/scf.se\/e-cycling\/wp-json\/wp\/v2\/media?parent=495"}],"curies":[{"name":"wp","href":"https:\/\/api.w.org\/{rel}","templated":true}]}}