
{"id":493,"date":"2023-01-11T13:49:29","date_gmt":"2023-01-11T12:49:29","guid":{"rendered":"http:\/\/scf.se\/e-cycling\/?page_id=493"},"modified":"2023-02-15T11:21:24","modified_gmt":"2023-02-15T10:21:24","slug":"sm-2023","status":"publish","type":"page","link":"https:\/\/scf.se\/e-cycling\/sm-2023\/","title":{"rendered":"SM i E-cycling 2023"},"content":{"rendered":"<h2><a href=\"https:\/\/scf.se\/e-cycling\/wp-content\/uploads\/sites\/11\/2023\/02\/Embring.jpg\"><img loading=\"lazy\" decoding=\"async\" class=\"alignnone size-full wp-image-624\" src=\"https:\/\/scf.se\/e-cycling\/wp-content\/uploads\/sites\/11\/2023\/02\/Embring.jpg\" alt=\"\" width=\"1815\" height=\"1372\" srcset=\"https:\/\/scf.se\/e-cycling\/wp-content\/uploads\/sites\/11\/2023\/02\/Embring.jpg 1815w, https:\/\/scf.se\/e-cycling\/wp-content\/uploads\/sites\/11\/2023\/02\/Embring-300x227.jpg 300w, https:\/\/scf.se\/e-cycling\/wp-content\/uploads\/sites\/11\/2023\/02\/Embring-1024x774.jpg 1024w, https:\/\/scf.se\/e-cycling\/wp-content\/uploads\/sites\/11\/2023\/02\/Embring-768x581.jpg 768w, https:\/\/scf.se\/e-cycling\/wp-content\/uploads\/sites\/11\/2023\/02\/Embring-1536x1161.jpg 1536w\" sizes=\"auto, (max-width: 1815px) 100vw, 1815px\" \/><\/a><\/h2>\n<h2>SM E-cycling, damer totalt<\/h2>\n<ul>\n<li><strong>1 Anna Embring<\/strong>, Fredrikshofs IF CK<\/li>\n<li><strong>2 Agnes Gustafsson,<\/strong> K\u00f6pings CK (vann sista omg\u00e5ngen)<\/li>\n<li><strong>3 Johanna Tidholm<\/strong>, Skoghalls CK<\/li>\n<\/ul>\n<h3>Damer omg\u00e5ng 1<\/h3>\n<ul>\n<li><strong>1 Anna Embring<\/strong>, Fredrikshofs IF CK<\/li>\n<li><strong>2 Johanna Tidholm<\/strong>, Skoghalls CK<\/li>\n<li><strong>3<\/strong>\u00a0<strong>Anna Sv\u00e4rdstr\u00f6m<\/strong>, Echelon Cycling &amp; Triathlon Club<\/li>\n<li><strong>4 Agnes Gustafsson,<\/strong>\u00a0K\u00f6pings CK<\/li>\n<\/ul>\n<h2><a href=\"https:\/\/scf.se\/e-cycling\/wp-content\/uploads\/sites\/11\/2023\/02\/Harberg.jpg\"><img loading=\"lazy\" decoding=\"async\" class=\"alignnone size-full wp-image-623\" src=\"https:\/\/scf.se\/e-cycling\/wp-content\/uploads\/sites\/11\/2023\/02\/Harberg.jpg\" alt=\"\" width=\"1918\" height=\"1397\" srcset=\"https:\/\/scf.se\/e-cycling\/wp-content\/uploads\/sites\/11\/2023\/02\/Harberg.jpg 1918w, https:\/\/scf.se\/e-cycling\/wp-content\/uploads\/sites\/11\/2023\/02\/Harberg-300x219.jpg 300w, https:\/\/scf.se\/e-cycling\/wp-content\/uploads\/sites\/11\/2023\/02\/Harberg-1024x746.jpg 1024w, https:\/\/scf.se\/e-cycling\/wp-content\/uploads\/sites\/11\/2023\/02\/Harberg-768x559.jpg 768w, https:\/\/scf.se\/e-cycling\/wp-content\/uploads\/sites\/11\/2023\/02\/Harberg-1536x1119.jpg 1536w\" sizes=\"auto, (max-width: 1918px) 100vw, 1918px\" \/><\/a><\/h2>\n<h2>SM E-cycling, herrar final<\/h2>\n<ul>\n<li><strong>1 <\/strong><strong>Martin H\u00e4rberg<\/strong>, SUMO Cycling Club<\/li>\n<li><strong>2 Johan Nor\u00e9n, <\/strong>Serneke Allebike<\/li>\n<li><strong>3 Matthias Wengelin<\/strong>, L\u00e4nna Sport CK<\/li>\n<\/ul>\n<h3>Herrar, vidare fr\u00e5n omg\u00e5ng 2<\/h3>\n<ul>\n<li><strong>1 Johan Nor\u00e9n, <\/strong>Serneke Allebike<\/li>\n<li><strong>2 Martin H\u00e4rberg<\/strong>, SUMO Cycling Club<\/li>\n<li><strong>3 Daniel Pinto<\/strong>, IF Mantra Sport<\/li>\n<li><strong>4 Matthias Wengelin<\/strong>, L\u00e4nna Sport CK<\/li>\n<li><strong>5 Isak Magnusson<\/strong>, Sk\u00f6vde CK 23.00<\/li>\n<li><strong>6 Jimmy Carlsson<\/strong>, B\u00e5lsta CK 23.19<\/li>\n<\/ul>\n<h3>Herrar, vidare fr\u00e5n omg\u00e5ng 1<\/h3>\n<ul>\n<li><strong>1 Johan Nor\u00e9n, <\/strong>Serneke Allebike CK 22.42<\/li>\n<li><strong>2 Martin H\u00e4rberg<\/strong>, SUMO Cycling Club 22.59<\/li>\n<li><strong>3 Isak Magnusson<\/strong>, Sk\u00f6vde CK 23.00<\/li>\n<li><strong>4 Jimmy Carlsson<\/strong>, B\u00e5lsta CK 23.19<\/li>\n<li><strong>5 Matthias Wengelin<\/strong>, L\u00e4nna Sport CK 23.20<\/li>\n<li><strong>6 Daniel Pinto<\/strong>, IF Mantra Sport 23.20<\/li>\n<li><strong>7<\/strong> <strong>Jakob Bj\u00f6rklund<\/strong>, Team Skogl\u00f6fs Bil IF\u00a0 23.20<\/li>\n<li><strong>8 Johan Grahn<\/strong>, CK Master 23.46<\/li>\n<\/ul>\n<p>&nbsp;<\/p>\n<hr \/>\n<h2><\/h2>\n<h2>Startlista SM E-cycling 2023<\/h2>\n<h3>Herrar<\/h3>\n<ul>\n<li><strong>1 Jimmy Carlsson<\/strong>, B\u00e5lsta CK<\/li>\n<li><strong>2 Henrik M\u00e5rd<\/strong>, Djurg\u00e5rdens IF CK<\/li>\n<li><strong>3 Johan Grahn<\/strong>, CK Master<\/li>\n<li><strong>4 Mattias Svensson<\/strong>, CK Bure<\/li>\n<li><strong>5 Henric Almqvist<\/strong>, CK Master<\/li>\n<li><strong>6 Johan Nor\u00e9n<\/strong>, Serneke Allebike CK<\/li>\n<li><strong>7 Martin H\u00e4rberg<\/strong>, SUMO Cycling Club<\/li>\n<li><strong>8 Matthias Wengelin<\/strong>, L\u00e4nna Sport CK<\/li>\n<li><strong>9 Isak Magnusson<\/strong>, Sk\u00f6vde CK<\/li>\n<li><strong>10 Gabriel Filipov<\/strong>, Team Kalmarsund<\/li>\n<li><strong>11 Jonas Wiren<\/strong>, Team Kalmarsund<\/li>\n<li><strong>12 Jesper Svensson<\/strong>, Tr\u00e4ningskonsulten Sports Club<\/li>\n<li><strong>13 Daniel Pinto<\/strong>, IF Mantra Sport<\/li>\n<li><strong>14 Jakob Bj\u00f6rklund<\/strong>, Team Skogl\u00f6fs Bil IF<\/li>\n<\/ul>\n<h3>Damer<\/h3>\n<ul>\n<li><strong>1 Anna Embring<\/strong>, Fredrikshofs IF CK<\/li>\n<li><strong>2 Johanna Tidholm<\/strong>, Skoghalls CK<\/li>\n<li><strong>3<\/strong> <strong>Anna Sv\u00e4rdstr\u00f6m<\/strong>, Echelon Cycling &amp; Triathlon Club<\/li>\n<li><strong>4 Agnes Gustafsson,<\/strong> K\u00f6pings CK<\/li>\n<\/ul>\n<h2>S\u00e5 k\u00f6rs historiens f\u00f6rst SM i E-cycling<\/h2>\n<ul>\n<li><strong>Premi\u00e4r p\u00e5 SM:<\/strong> E-cycling \u00e4r en ny sport p\u00e5 SM-veckan vinter.<\/li>\n<li><strong>S\u00e5 m\u00e5nga startar:<\/strong> I dagsl\u00e4get \u00e4r det 14 herrar och efter en del sjuk\u00e5terbud tyv\u00e4rr bara 4 damer som g\u00f6r upp om SM-titeln p\u00e5 plats i Sk\u00f6vde.<\/li>\n<li><strong>Tid<\/strong>: Torsdag 2 februari 2023. Herrarnas grundomg\u00e5ng startar 12.00. Sedan k\u00f6rs en andra omg\u00e5ng som startar startar 15.50 och SM avslutas runt 17.20 f\u00f6r b\u00e5de herrar och damer. F\u00f6r herrarna blir det enligt elimineringsmodell och damerna har det p\u00e5 grund av antalet startande \u00e4ndrats till po\u00e4nglopp i tv\u00e5 omg\u00e5ngar.<\/li>\n<li><strong>Utrustning:<\/strong> T\u00e4vlingen kommer att g\u00e5 p\u00e5 RGT-plattformen och Wahoo kickr bike. Plattformen skiljer sig lite fr\u00e5n den klart vanligaste t\u00e4vlingsformen\u00a0 (Zwift) och man kan sammantaget s\u00e4ga att det handlar n\u00e5got mera om vilken cyklist som levererar mest watt.<\/li>\n<li><strong>Evenemangsadress:<\/strong> Arena Sk\u00f6vde<\/li>\n<\/ul>\n<h2>S\u00e5 tv-s\u00e4nds SM-t\u00e4vlingarna i Sk\u00f6vde<\/h2>\n<ul>\n<li>S\u00e4ndningen i <strong>SVT Play<\/strong> p\u00e5g\u00e5r mellan<strong> 15.40\u201317.30<\/strong>\u00a0torsdag 2 februari.<\/li>\n<li>Runt <strong>16.5o<\/strong>, lagom n\u00e4r det \u00e4r dags f\u00f6r finalrundan, g\u00e5r E-cyclingen in i SM-veckans huvuds\u00e4ndning p\u00e5 <strong>SVT 1<\/strong>.<\/li>\n<\/ul>\n<h2>L\u00e4s mera om E-cycling<\/h2>\n<ul>\n<li><a href=\"https:\/\/scf.se\/e-cycling\/2023\/02\/02\/speciellt-sm-for-johan-noren-som-jagar-medalj-pa-hemmaplan-i-skovde\/\"><em><strong>Speciellt SM f\u00f6r Johan Nor\u00e9n som jagar medalj p\u00e5 hemmaplan i Sk\u00f6vde.<\/strong><\/em><\/a><\/li>\n<li><a href=\"https:\/\/scf.se\/e-cycling\/2023\/02\/01\/riggat-och-klart-for-sm-kolla-in-snacket-hos-stark-damtrio\/\"><em><strong>Riggat och klart inf\u00f6r historiskt SM \u2013 kolla in snacket hos stark damtrio.<\/strong><\/em><\/a><\/li>\n<li><a href=\"https:\/\/scf.se\/e-cycling\/2023\/01\/31\/wengelin-gillar-att-testa-manga-grenar-kor-sm-aven-i-e-cycling\/\"><em><strong>Wengelin gillar att testa m\u00e5nga olika grenar, k\u00f6r SM \u00e4ven i E-cycling!<\/strong><\/em><\/a><\/li>\n<li><a href=\"https:\/\/scf.se\/e-cycling\/2023\/01\/31\/fin-final-i-swe-cup-dar-bjarehed-glanste-i-avslutningen\/\"><em><strong>Fin s\u00e4songsfinal av SWE Cup d\u00e4r Bj\u00e4rehed gl\u00e4nste i avslutningen.<\/strong><\/em><\/a><\/li>\n<li><a href=\"https:\/\/scf.se\/e-cycling\/2022\/12\/20\/de-har-sju-starka-cyklisterna-adderas-till-stor-svensk-vm-trupp-i-e-cycling\/\"><em><strong>De h\u00e4r sju starka cyklisterna adderas till stor svensk VM-trupp i E-cycling.<\/strong><\/em><\/a><\/li>\n<li><a href=\"https:\/\/scf.se\/e-cycling\/2022\/11\/29\/cyklande-samarbetspartner-klarade-av-tuff-tavling-pa-rgt-plattformen\/\"><em><strong>Sista RGT Challenger-delt\u00e4vlingen \u00e4r avklarad \u2013 nu v\u00e4ntar SWE Cup.<\/strong><\/em><\/a><\/li>\n<li><a href=\"https:\/\/scf.se\/e-cycling\/2022\/09\/16\/klart-tio-svenska-e-cyklister-ska-tavla-for-movistar-eteam\/\"><em><strong>Tio svenska E-cyklister ska t\u00e4vla f\u00f6r Movistar eTeam.<\/strong><\/em><\/a><\/li>\n<li><a href=\"https:\/\/scf.se\/e-cycling\/2022\/11\/14\/jattetrupp-pa-vm-i-e-cycling-da-fyra-damer-kvalade-in-i-helgen\/\"><em><strong>J\u00e4ttetrupp till VM i E-cycling d\u00e5 fyra svenska damer kvalade in i helgen.<\/strong><\/em><\/a><\/li>\n<\/ul>\n","protected":false},"excerpt":{"rendered":"<p>SM E-cycling, damer totalt 1 Anna Embring, Fredrikshofs IF CK 2 Agnes Gustafsson, K\u00f6pings CK (vann sista omg\u00e5ngen) 3 Johanna Tidholm, Skoghalls CK Damer omg\u00e5ng 1 1 Anna Embring, Fredrikshofs IF CK 2 Johanna Tidholm, Skoghalls CK 3\u00a0Anna Sv\u00e4rdstr\u00f6m, Echelon Cycling &amp; Triathlon Club 4 Agnes Gustafsson,\u00a0K\u00f6pings CK SM E-cycling, herrar final 1 Martin<a href=\"https:\/\/scf.se\/e-cycling\/sm-2023\/\" class=\"news-card__more\"> &#8230;<\/a><\/p>\n","protected":false},"author":30,"featured_media":0,"parent":0,"menu_order":0,"comment_status":"closed","ping_status":"closed","template":"","meta":{"_acf_changed":false,"footnotes":""},"class_list":["post-493","page","type-page","status-publish","hentry"],"acf":[],"_links":{"self":[{"href":"https:\/\/scf.se\/e-cycling\/wp-json\/wp\/v2\/pages\/493","targetHints":{"allow":["GET"]}}],"collection":[{"href":"https:\/\/scf.se\/e-cycling\/wp-json\/wp\/v2\/pages"}],"about":[{"href":"https:\/\/scf.se\/e-cycling\/wp-json\/wp\/v2\/types\/page"}],"author":[{"embeddable":true,"href":"https:\/\/scf.se\/e-cycling\/wp-json\/wp\/v2\/users\/30"}],"replies":[{"embeddable":true,"href":"https:\/\/scf.se\/e-cycling\/wp-json\/wp\/v2\/comments?post=493"}],"version-history":[{"count":0,"href":"https:\/\/scf.se\/e-cycling\/wp-json\/wp\/v2\/pages\/493\/revisions"}],"wp:attachment":[{"href":"https:\/\/scf.se\/e-cycling\/wp-json\/wp\/v2\/media?parent=493"}],"curies":[{"name":"wp","href":"https:\/\/api.w.org\/{rel}","templated":true}]}}