
{"id":490,"date":"2022-12-13T13:40:05","date_gmt":"2022-12-13T12:40:05","guid":{"rendered":"http:\/\/scf.se\/e-cycling\/?page_id=490"},"modified":"2022-12-13T15:44:29","modified_gmt":"2022-12-13T14:44:29","slug":"swe-cup-2023","status":"publish","type":"page","link":"https:\/\/scf.se\/e-cycling\/swe-cup-2023\/","title":{"rendered":"SWE Cup e-cycling 2023"},"content":{"rendered":"<p><strong>V\u00e4lkommen till Svenska Cykelf\u00f6rbundets SWE Cup presenterat av Dstny SE, Wahoo, Lactigo, Enervit och Swedish Zwift Riders. Vi har en h\u00e4rlig och varierad SWE Cup-anr\u00e4ttning med sju delt\u00e4vlingar 2022\/23. <\/strong><\/p>\n<p>F\u00f6r att t\u00e4vla i SWE Cup beh\u00f6ver du en licens fr\u00e5n Svenska Cykelf\u00f6rbundet.<\/p>\n<p>Om du inte redan har en \u00e5rslicens kommer det finnas en specifik E-cyclinglicens m\u00f6jlig f\u00f6r k\u00f6p fr\u00e5n 1 december.<\/p>\n<p>E-cyclinglicensen kommer kunna tecknas direkt p\u00e5 hemsidan (<a href=\"https:\/\/scf.se\/licenser\">scf.se\/licenser<\/a>), fast d\u00e5 utan f\u00f6reningstillh\u00f6righet. Vill man ha f\u00f6reningskoppling till sin E-cycling licens, n\u00e5got som \u00e4r ett krav f\u00f6r att k\u00f6ra SM, s\u00e5 ska E-cyling licensen tecknas i SWE Cycling Online. Mer info om skillnaden mellan att ha licens med eller utan f\u00f6reningstillh\u00f6righet finns h\u00e4r: <a href=\"https:\/\/scf.se\/e-cycling\/faq\/\">FAQ<\/a><\/p>\n<p>F\u00f6r att f\u00f6rtydliga lite grann s\u00e5 kommer SWE Cup att k\u00f6ras p\u00e5 plattformen Zwift och SM kommer att k\u00f6ras p\u00e5 plattformen RGT.<\/p>\n<p>Intresset \u00e4r stort och det \u00e4r n\u00e5gra nyheter som vi vill upplysa er om. F\u00f6rsta m\u00e5ndagen startar damerna 18:30 och herrarna 20:00. Sedan byter man varannan vecka.<\/p>\n<p>L\u00e4nkarna \u00e4r \u201dhemliga\u201d (kommer finnas i Cardskipper-appen d\u00e4r du \u00e4ven har din digitala licens) och allts\u00e5 inte synliga f\u00f6r andra i Zwifts kalender. Detta f\u00f6r att endast f\u00e5 med svenska cyklister. Nytt f\u00f6r detta \u00e5r \u00e4r att dom 5 f\u00f6rsta loppen i SWE Cup \u00e4r ett av dom kriterier som finns f\u00f6r att kunna s\u00e4kra en av 15 platser till SM. Det kommer \u00e4ven att vara ett av kriterierna till kommande VM truppen.<\/p>\n<p>Nytt f\u00f6r detta \u00e5r och n\u00e5got som vi f\u00e5tt in m\u00e5nga \u00f6nskem\u00e5l om \u00e4r att vi nu ocks\u00e5 kommer att ha en lagt\u00e4vling. S\u00e5 skapa era egna team, fila p\u00e5 taktiken och k\u00e4mpa tillsammans.<\/p>\n<p>Ytterligare en nyhet \u00e4r att damerna kommer att starta tillsammans i grupp A-B och i grupp C-D. Vi inf\u00f6r ocks\u00e5 Category enforcement f\u00f6r samtliga cyklister, damer och herrar.<\/p>\n<p>Det kommer \u00e4ven detta \u00e5r att vara b\u00e5de vanliga scratchrace och sprintrace med po\u00e4ng. Exakt vart sprintarna \u00e4r och hur m\u00e5nga kommer vi att l\u00e4gga ut i v\u00e5ra kanaler innan de loppen.<\/p>\n<p>Missa inte heller s\u00e4ndningen som startar kl 18.00 med genomg\u00e5ng av banan, intervjuer med cyklister, livebes\u00f6k p\u00e5 cykelbutiker, intressanta f\u00f6rel\u00e4sningar, utlottning av priser, sp\u00e4nnande erbjudanden och mycket mer! Sj\u00e4lvklart s\u00e5 s\u00e4nder vi b\u00e5da loppen.<\/p>\n<h2><strong>S\u00e5 fungerar po\u00e4ngrace i SWE Cup<\/strong><\/h2>\n<p class=\"xmsonormal\">Vid po\u00e4ngrace s\u00e5 samlar man ihop po\u00e4ng under loppet och vid m\u00e5lg\u00e5ng. Dessa summeras sedan ihop och den med h\u00f6gst totala po\u00e4ng vinner. Det \u00e4r allts\u00e5 inte s\u00e4kert att personen som \u00e4r f\u00f6rst i m\u00e5l vinner loppet.<\/p>\n<p class=\"xmsonormal\">Vid sprintportaler och KOM delas det ut 20 po\u00e4ng till den som \u00e4r f\u00f6rst och sedan en fallande skal ned till 1.<\/p>\n<p class=\"xmsonormal\">N\u00e4r man g\u00e5r i m\u00e5l s\u00e5 \u00e4r det samma po\u00e4ng som vid ett scratchlopp, allts\u00e5 70 po\u00e4ng f\u00f6rst i m\u00e5l och sedan fallande skala ned till 1.<\/p>\n<p>Serien kommer att best\u00e5 av sju (7) lopp och h\u00f6gsta po\u00e4ng i fem (5) av dessa vinner SWE Cup totalt.<\/p>\n<h2><strong>D\u00e5 avg\u00f6rs SWE Cup 2022\/23<\/strong><\/h2>\n<ul>\n<li><strong>5 december:<\/strong> Watopia &#8211; Climber&#8217;s Gambit 1 varv (28km) &#8211; Scratch<\/li>\n<li><strong>12 december<\/strong>: Makuri &#8211; Chasing the Sun 1 varv (35km) &#8211; Po\u00e4ng<\/li>\n<li><strong>19 december:<\/strong> Crit City &#8211; Downtown Dolphin 15 varv (30km) &#8211; Po\u00e4ng<\/li>\n<\/ul>\n<p><em>Jullov <\/em><\/p>\n<ul>\n<li><strong>9 januari:<\/strong> Innsbruck &#8211; Lutcher, 1 varv (25km) &#8211; Scratch<\/li>\n<li><strong>16 januari:<\/strong> Watopia &#8211; Out and back again, 1 varv (40km) &#8211; Po\u00e4ng<\/li>\n<li><strong>23 januari<\/strong>: New York &#8211; NYC KOM After Party, 1 varv (37km) &#8211; Scratch<\/li>\n<li><strong>30 januari:<\/strong> Royal Pump Room 8, 1 varv (28km) &#8211; Po\u00e4ng<\/li>\n<\/ul>\n<h2>Po\u00e4ngserie<\/h2>\n<ul>\n<li>Po\u00e4ng delas ut i varje kategori, se nedan.<\/li>\n<li>F\u00f6r varje kategori kommer f\u00f6ljande po\u00e4ng att delas ut: 1:a: 70 po\u00e4ng 2:a: 60 po\u00e4ng 3:a: 50 po\u00e4ng 4:e-50:e 48-2 po\u00e4ng.<\/li>\n<li>Alla utanf\u00f6r position 50 kommer att f\u00e5 1 po\u00e4ng f\u00f6r att delta i loppet.<\/li>\n<li>Resultaten kommer att presenteras p\u00e5 www.Zwiftpower.com cyklister fr\u00e5n andra l\u00e4nder kommer att exkluderas fr\u00e5n resultatet.<\/li>\n<\/ul>\n<h2><strong>T\u00e4vlingsregler SWE Cup E-cycling\u00a0<\/strong><\/h2>\n<p>F\u00f6r att delta i SCF SWE Cup E-cycling beh\u00f6ver deltagaren ha en giltig\u00a0<em><strong><a href=\"https:\/\/scf.se\/forbundet\/ansokan-for-licens-2020-ar-oppen\/\">t\u00e4vlingslicens<\/a>, den <\/strong><\/em>nya motionslicensen eller E-cyclinglicensen som b\u00e5da g\u00e5r att l\u00f6sa fr\u00e5n 1 december, <a href=\"https:\/\/scf.se\/e-cycling\/e-cyclinglicens\/\"><strong><em>l\u00e4s mer om detta H\u00c4R!<\/em><\/strong><\/a><\/p>\n<ul>\n<li>Inga powerups<\/li>\n<li>Inga TT-cyklar till\u00e5tna<\/li>\n<li>Endast Smart trainer och Power Meter \u00e4r godk\u00e4nda<\/li>\n<li>Pulsm\u00e4tare obligatorisk f\u00f6r alla kategorier<\/li>\n<li>Registrerad anv\u00e4ndare hos Zwiftpower<\/li>\n<li>Ingen Zpower till\u00e5ten (dumbtrainers utan powermeter)<\/li>\n<li>Category enforcement \u00e4r p\u00e5.<\/li>\n<li>F\u00f6r A-klass g\u00e4ller att Smart trainer anv\u00e4nds som prim\u00e4r k\u00e4lla mot Zwift<\/li>\n<li>F\u00f6r A-klass topp 10 ska loppet spelas in via &#8221;dual recording&#8221;. Detta g\u00f6rs med sekund\u00e4r wattm\u00e4tare, typ pedaler\/vevarm och denna fil ska laddas upp senast tv\u00e5 timmar efter avslutat race till Zwiftpower.com<\/li>\n<\/ul>\n<p>Anm\u00e4lan kommer att ske genom l\u00e4nkar som publiceras i v\u00e5ra kanaler vartefter.<\/p>\n<h2>Regler f\u00f6r Dual recording<\/h2>\n<p>Topp 10 i A-klassen, skall ladda upp Dual Recording till zwiftpower inom tv\u00e5 timmar. Att inte ladda upp den leder till diskvalificering.<\/p>\n<p>Dual Recording skall ha Smart trainer\/bike som prim\u00e4r str\u00f6mk\u00e4lla som endast visar h\u00f6gre v\u00e4rden (wattal) i ett av f\u00f6ljande intervall:<\/p>\n<ul>\n<li>20 minuter: Max +5 %<\/li>\n<li>5 minuter: Max +5,5 %<\/li>\n<li>1 minuter: Max +6 %<\/li>\n<li>15 sekunder: Max +6,5 %<\/li>\n<\/ul>\n<p>Om Dual Recording \u00f6verskrider dessa gr\u00e4nsv\u00e4rden, kan SCF ingripa med en varning och\/eller diskvalificering fr\u00e5n det loppet.<\/p>\n<p>Vid granskning av dubbla inspelningar och wattfiler kan SCF v\u00e4lja att tilldela en varning eller diskvalificering, \u00e4ven om ovanst\u00e5ende gr\u00e4nsv\u00e4rden inte har \u00f6vertr\u00e4tts.<\/p>\n<p>Om en cyklist f\u00e5r en varning inneb\u00e4r det att samma f\u00f6rseelse f\u00f6rv\u00e4ntas r\u00e4ttas till f\u00f6r framtida race och att liknande f\u00f6rseelse i framtiden kan leda till diskvalificering.<\/p>\n<p>Om en cyklist f\u00e5r diskvalificering f\u00f6r samma f\u00f6rseelse upprepade g\u00e5nger, kan SCF v\u00e4lja att utesluta cyklisten fr\u00e5n att delta i framtida race.<\/p>\n<p>Det \u00e4r viktigt att betona att en varning och\/eller diskvalificering inte betyder att SCF misst\u00e4nker cyklister f\u00f6r att fuska eller manipulera data \u2013 medvetet eller omedvetet.<\/p>\n<p>Om SCF misst\u00e4nker cyklister f\u00f6r att fuska eller manipulera data kommer detta att rapporteras till UCI och Zwift och hanteras i SCF.<\/p>\n<p><em>Text: SCF\/grengrupp E-cycling<\/em><\/p>\n<hr \/>\n<p><em><strong>Svenska Cykelf\u00f6rbundet \u00e4r stolta \u00f6ver att presentera v\u00e5ra samarbetspartners, inklusive de tre \u00f6versta tre grenspecifika f\u00f6r E-cycling. Kolla g\u00e4rna in v\u00e5raa sponsorer nedan!<\/strong><\/em><\/p>\n<p><em><strong> <a href=\"https:\/\/scf.se\/forbundet\/sponsorer\/\"><img loading=\"lazy\" decoding=\"async\" class=\"alignnone size-full wp-image-468\" src=\"https:\/\/scf.se\/e-cycling\/wp-content\/uploads\/sites\/11\/2022\/11\/Liggande-banner-E-Cycling6.jpg\" alt=\"\" width=\"1200\" height=\"300\" srcset=\"https:\/\/scf.se\/e-cycling\/wp-content\/uploads\/sites\/11\/2022\/11\/Liggande-banner-E-Cycling6.jpg 1200w, https:\/\/scf.se\/e-cycling\/wp-content\/uploads\/sites\/11\/2022\/11\/Liggande-banner-E-Cycling6-300x75.jpg 300w, https:\/\/scf.se\/e-cycling\/wp-content\/uploads\/sites\/11\/2022\/11\/Liggande-banner-E-Cycling6-1024x256.jpg 1024w, https:\/\/scf.se\/e-cycling\/wp-content\/uploads\/sites\/11\/2022\/11\/Liggande-banner-E-Cycling6-768x192.jpg 768w\" sizes=\"auto, (max-width: 1200px) 100vw, 1200px\" \/><\/a><\/strong><\/em><\/p>\n","protected":false},"excerpt":{"rendered":"<p>V\u00e4lkommen till Svenska Cykelf\u00f6rbundets SWE Cup presenterat av Dstny SE, Wahoo, Lactigo, Enervit och Swedish Zwift Riders. Vi har en h\u00e4rlig och varierad SWE Cup-anr\u00e4ttning med sju delt\u00e4vlingar 2022\/23. F\u00f6r att t\u00e4vla i SWE Cup beh\u00f6ver du en licens fr\u00e5n Svenska Cykelf\u00f6rbundet. Om du inte redan har en \u00e5rslicens kommer det finnas en specifik<a href=\"https:\/\/scf.se\/e-cycling\/swe-cup-2023\/\" class=\"news-card__more\"> &#8230;<\/a><\/p>\n","protected":false},"author":30,"featured_media":0,"parent":0,"menu_order":0,"comment_status":"closed","ping_status":"closed","template":"","meta":{"_acf_changed":false,"footnotes":""},"class_list":["post-490","page","type-page","status-publish","hentry"],"acf":[],"_links":{"self":[{"href":"https:\/\/scf.se\/e-cycling\/wp-json\/wp\/v2\/pages\/490","targetHints":{"allow":["GET"]}}],"collection":[{"href":"https:\/\/scf.se\/e-cycling\/wp-json\/wp\/v2\/pages"}],"about":[{"href":"https:\/\/scf.se\/e-cycling\/wp-json\/wp\/v2\/types\/page"}],"author":[{"embeddable":true,"href":"https:\/\/scf.se\/e-cycling\/wp-json\/wp\/v2\/users\/30"}],"replies":[{"embeddable":true,"href":"https:\/\/scf.se\/e-cycling\/wp-json\/wp\/v2\/comments?post=490"}],"version-history":[{"count":0,"href":"https:\/\/scf.se\/e-cycling\/wp-json\/wp\/v2\/pages\/490\/revisions"}],"wp:attachment":[{"href":"https:\/\/scf.se\/e-cycling\/wp-json\/wp\/v2\/media?parent=490"}],"curies":[{"name":"wp","href":"https:\/\/api.w.org\/{rel}","templated":true}]}}