
{"id":440,"date":"2025-12-14T08:30:16","date_gmt":"2025-12-14T07:30:16","guid":{"rendered":"http:\/\/scf.se\/e-cycling\/?page_id=440"},"modified":"2025-12-20T10:03:08","modified_gmt":"2025-12-20T09:03:08","slug":"e-cyclinglicens","status":"publish","type":"page","link":"https:\/\/scf.se\/e-cycling\/e-cyclinglicens\/","title":{"rendered":"E-cyclinglicens"},"content":{"rendered":"<p>E-cyclinglicensen \u00e4r f\u00f6r dig som endast vill k\u00f6ra SCF:s E-cyclinglopp. Den inneh\u00e5ller en olycksfallsf\u00f6rs\u00e4kring som \u00e4ven g\u00e4ller vid tr\u00e4ning, g\u00e5r i regel att teckna redan fr\u00e5n december och \u00e4r giltig fr\u00e5n teckningsdagen t.o.m. sista december av licens\u00e5ret. Du som redan har en \u00e5rslicens beh\u00f6ver inte teckna en ny licens eftersom E-cyclinglicensen \u00e4r inkluderad i samtliga \u00f6vriga \u00e5rslicenser.<\/p>\n<p>Vill du bara k\u00f6ra en delt\u00e4vling kan du v\u00e4lja att teckna en Eng\u00e5ngslicens. L\u00e4s mer och teckna din licens <a href=\"http:\/\/www.scf.se\/licenser\">h\u00e4r<\/a>.<\/p>\n<p>Varf\u00f6r licenskrav? Precis som vid alla andra t\u00e4vlingsdiscipliner inom SCF s\u00e5 \u00e4r det licenskrav. Licensen skapar f\u00f6ruts\u00e4ttningar f\u00f6r SCF att jobba med planering, uppl\u00e4gg, resultat, r\u00e4ttvisa t\u00e4vlingar och administration inom den aktuella grenen. Dessutom inneh\u00e5ller \u00e5rslicenserna en olycksfallsf\u00f6rs\u00e4kring som g\u00e4ller vid virtuell t\u00e4vling och tr\u00e4ning samt tj\u00e4nsten &#8221;Aktiv v\u00e5rd&#8221;.<\/p>\n<p>Mer om E-cyclinglicensen:<\/p>\n<ul>\n<li>Ger r\u00e4tt att delta i SWE Cup, SM kval, samt alla andra SCF E-cyclingarrangemang.<\/li>\n<li>Ingen f\u00f6reningstillh\u00f6righet kr\u00e4vs (vid deltagande i SM kr\u00e4vs t\u00e4vlingslicens som tecknas p\u00e5 <a href=\"http:\/\/licens.scf.se\">licens.scf.se<\/a>).<\/li>\n<li>Olycksfallsf\u00f6rs\u00e4kring vid ordinerad tr\u00e4ning och sanktionerad virtuell t\u00e4vling t.o.m. 31 december p\u00e5 licens\u00e5ret samt &#8221;Aktiv v\u00e5rd&#8221;.<\/li>\n<li>Tillg\u00e5ng till Swe Cycling Community i Cardskipper som bland annat inneh\u00e5ller rabatter och erbjudanden fr\u00e5n SCF\u2019s partners.<\/li>\n<li>Inkluderad i samtliga \u00f6vriga \u00e5rslicenser.<\/li>\n<li>Pris: 260 kr + administrativ kostnad Sportstiming<\/li>\n<\/ul>\n<p>&nbsp;<\/p>\n<p>&#8211; FAQ finns <a href=\"https:\/\/scf.se\/e-cycling\/faq\/\">h\u00e4r<\/a>.<\/p>\n<p><a href=\"https:\/\/scf.se\/licenser\">&#8211; L\u00e4s mer om licenser och avgifter h\u00e4r<\/a><\/p>\n","protected":false},"excerpt":{"rendered":"<p>E-cyclinglicensen \u00e4r f\u00f6r dig som endast vill k\u00f6ra SCF:s E-cyclinglopp. Den inneh\u00e5ller en olycksfallsf\u00f6rs\u00e4kring som \u00e4ven g\u00e4ller vid tr\u00e4ning, g\u00e5r i regel att teckna redan fr\u00e5n december och \u00e4r giltig fr\u00e5n teckningsdagen t.o.m. sista december av licens\u00e5ret. Du som redan har en \u00e5rslicens beh\u00f6ver inte teckna en ny licens eftersom E-cyclinglicensen \u00e4r inkluderad i<a href=\"https:\/\/scf.se\/e-cycling\/e-cyclinglicens\/\" class=\"news-card__more\"> &#8230;<\/a><\/p>\n","protected":false},"author":30,"featured_media":304,"parent":0,"menu_order":0,"comment_status":"closed","ping_status":"closed","template":"","meta":{"_acf_changed":false,"footnotes":""},"class_list":["post-440","page","type-page","status-publish","hentry"],"acf":[],"_links":{"self":[{"href":"https:\/\/scf.se\/e-cycling\/wp-json\/wp\/v2\/pages\/440","targetHints":{"allow":["GET"]}}],"collection":[{"href":"https:\/\/scf.se\/e-cycling\/wp-json\/wp\/v2\/pages"}],"about":[{"href":"https:\/\/scf.se\/e-cycling\/wp-json\/wp\/v2\/types\/page"}],"author":[{"embeddable":true,"href":"https:\/\/scf.se\/e-cycling\/wp-json\/wp\/v2\/users\/30"}],"replies":[{"embeddable":true,"href":"https:\/\/scf.se\/e-cycling\/wp-json\/wp\/v2\/comments?post=440"}],"version-history":[{"count":5,"href":"https:\/\/scf.se\/e-cycling\/wp-json\/wp\/v2\/pages\/440\/revisions"}],"predecessor-version":[{"id":1877,"href":"https:\/\/scf.se\/e-cycling\/wp-json\/wp\/v2\/pages\/440\/revisions\/1877"}],"wp:featuredmedia":[{"embeddable":true,"href":"https:\/\/scf.se\/e-cycling\/wp-json\/wp\/v2\/media\/304"}],"wp:attachment":[{"href":"https:\/\/scf.se\/e-cycling\/wp-json\/wp\/v2\/media?parent=440"}],"curies":[{"name":"wp","href":"https:\/\/api.w.org\/{rel}","templated":true}]}}