
{"id":389,"date":"2022-02-15T14:14:31","date_gmt":"2022-02-15T13:14:31","guid":{"rendered":"http:\/\/scf.se\/e-cycling\/?page_id=389"},"modified":"2022-03-10T17:37:11","modified_gmt":"2022-03-10T16:37:11","slug":"vm-2022","status":"publish","type":"page","link":"https:\/\/scf.se\/e-cycling\/vm-2022\/","title":{"rendered":"VM 2022"},"content":{"rendered":"<h2><strong>UCI Cycling E-sports World Championships 26 februari 2022<\/strong><\/h2>\n<h3><strong>F\u00f6ljande damer var uttagna till VM i E-cycling:<\/strong><\/h3>\n<ul>\n<li>Cecilia Hansen \u2013 f\u00f6rkvalade via internationell kvalificeringst\u00e4vling hos Zwift<\/li>\n<li>Marlene Bj\u00e4rehed<\/li>\n<li>Emma Belforth<\/li>\n<li>Anna Sv\u00e4rdstr\u00f6m<\/li>\n<\/ul>\n<h3><strong>F\u00f6ljande herrar var uttagna till VM:<br \/>\n<\/strong><\/h3>\n<ul>\n<li>Samuel Br\u00e4nnlund<\/li>\n<li>Jon Werme<\/li>\n<\/ul>\n<p>&nbsp;<\/p>\n<h3>S\u00e5 slutade damernas VM-lopp i E-cycling 2022:<\/h3>\n<ul>\n<li>1) Loes Adergeest, Nederl\u00e4nderna<\/li>\n<li>2) Cecilia Hansen, Sverige +0.01<\/li>\n<li>3) Zoe Langham, Storbritannien +0.01<\/li>\n<li>7) Emma Belforth, Sverige +0.16<\/li>\n<li>12) Anna Sv\u00e4rdstr\u00f6m, Sverige +0.25<\/li>\n<li>29) Marlene Bj\u00e4rehed +1.13<\/li>\n<\/ul>\n<p><a href=\"https:\/\/scf.se\/e-cycling\/wp-content\/uploads\/sites\/11\/2022\/02\/2022UCIEsportsWorldChampionships-Result-Women-Provisional.pdf\">Komplett resultatlista UCI 2022 Cycling esports World Championships damer H\u00c4R!<\/a><\/p>\n<p>&nbsp;<\/p>\n<h3>S\u00e5 slutade herrarnas VM-lopp i E-cycling 2022:<\/h3>\n<ul>\n<li>1) Jay Vine, Australien<\/li>\n<li>2) Freddy Ovett, Australien +0.00<\/li>\n<li>3) Jason Osborne, Tyskland +0.01<\/li>\n<li>16) Samuel Br\u00e4nnlund, Sverige +0.10<\/li>\n<li>50) Jon Werme, Sverige +0.55<\/li>\n<\/ul>\n<p><a href=\"https:\/\/scf.se\/e-cycling\/wp-content\/uploads\/sites\/11\/2022\/02\/2022UCIEsportsWorldChampionships-Result-Men-Provisional.pdf\">Komplett resultatlista UCI 2022 Cycling esports World Championships herrar H\u00c4R!<\/a><\/p>\n","protected":false},"excerpt":{"rendered":"<p>UCI Cycling E-sports World Championships 26 februari 2022 F\u00f6ljande damer var uttagna till VM i E-cycling: Cecilia Hansen \u2013 f\u00f6rkvalade via internationell kvalificeringst\u00e4vling hos Zwift Marlene Bj\u00e4rehed Emma Belforth Anna Sv\u00e4rdstr\u00f6m F\u00f6ljande herrar var uttagna till VM: Samuel Br\u00e4nnlund Jon Werme &nbsp; S\u00e5 slutade damernas VM-lopp i E-cycling 2022: 1) Loes Adergeest, Nederl\u00e4nderna 2)<a href=\"https:\/\/scf.se\/e-cycling\/vm-2022\/\" class=\"news-card__more\"> &#8230;<\/a><\/p>\n","protected":false},"author":41,"featured_media":0,"parent":0,"menu_order":0,"comment_status":"closed","ping_status":"closed","template":"","meta":{"_acf_changed":false,"footnotes":""},"class_list":["post-389","page","type-page","status-publish","hentry"],"acf":[],"_links":{"self":[{"href":"https:\/\/scf.se\/e-cycling\/wp-json\/wp\/v2\/pages\/389","targetHints":{"allow":["GET"]}}],"collection":[{"href":"https:\/\/scf.se\/e-cycling\/wp-json\/wp\/v2\/pages"}],"about":[{"href":"https:\/\/scf.se\/e-cycling\/wp-json\/wp\/v2\/types\/page"}],"author":[{"embeddable":true,"href":"https:\/\/scf.se\/e-cycling\/wp-json\/wp\/v2\/users\/41"}],"replies":[{"embeddable":true,"href":"https:\/\/scf.se\/e-cycling\/wp-json\/wp\/v2\/comments?post=389"}],"version-history":[{"count":0,"href":"https:\/\/scf.se\/e-cycling\/wp-json\/wp\/v2\/pages\/389\/revisions"}],"wp:attachment":[{"href":"https:\/\/scf.se\/e-cycling\/wp-json\/wp\/v2\/media?parent=389"}],"curies":[{"name":"wp","href":"https:\/\/api.w.org\/{rel}","templated":true}]}}