
{"id":305,"date":"2021-11-30T13:27:41","date_gmt":"2021-11-30T12:27:41","guid":{"rendered":"http:\/\/scf.se\/e-cycling\/?page_id=305"},"modified":"2022-02-15T21:45:59","modified_gmt":"2022-02-15T20:45:59","slug":"swe-cup-resultat-2022","status":"publish","type":"page","link":"https:\/\/scf.se\/e-cycling\/swe-cup-resultat-2022\/","title":{"rendered":"SWE Cup resultat 2022"},"content":{"rendered":"<h2>Schema f\u00f6r SWE Cup 2022<\/h2>\n<p>SWE Cup inneh\u00e5ller \u00e5tta race och de sex b\u00e4sta resultaten kommer att r\u00e4knas. Datumen f\u00f6r loppen \u00e4r:<\/p>\n<p><em><strong>29 november:<\/strong> Park Perimeter Loop 4 varv (sprint)<br \/>\n<\/em><em><strong>6 december:<\/strong> Legends and Lava 1 varv<\/em><br \/>\n<em><strong>13 december:<\/strong> Beach Island Loop 3 varv (sprint)<\/em><br \/>\n<em><strong>20 december<\/strong>: Innsbruck ring 4 varv<\/em><\/p>\n<p><em>Vinterledigt<\/em><\/p>\n<p><em><strong>17 januari:<\/strong> 1 Royal Pump Room 8 1 varv (sprint)<\/em><br \/>\n<em><strong>24 januari<\/strong>: Flatland Loop 3 varv<\/em><br \/>\n<em><strong>31 januari:<\/strong> Richmond Rollercoaster 5 varv (sprint)<\/em><br \/>\n<em><strong>7 februari:<\/strong> Sand and Sequoias 2 varv<\/em><\/p>\n<p>&nbsp;<\/p>\n<h2>Resultat totalt SWE Cup 2022<\/h2>\n<h4>Damer A:<\/h4>\n<ol>\n<li>Sonia Cieciel 204<\/li>\n<li>Marlene Bj\u00e4rehed 172<\/li>\n<li>Petra Kjellberg 169<\/li>\n<li>Sara Lundin 165<\/li>\n<li>Malin R K\u00e5gstr\u00f6m 162<\/li>\n<li>Elin Delin 140<\/li>\n<li>Cornelia Engstr\u00f6m 135<\/li>\n<li>\u00c5sa Fast-Berglund 131<\/li>\n<li>Lisa Hermansson 128<\/li>\n<li>Cecilia Hansen 115*<\/li>\n<\/ol>\n<p><em>*K\u00f6rde bara tre delt\u00e4vlingar, alla har f\u00e5tt r\u00e4kna maximalt sex av de \u00e5tta delt\u00e4vlingarna.<\/em><\/p>\n<h4><strong>Herrar A:<\/strong><\/h4>\n<ol>\n<li>Henrik \u00d6ijer 350<\/li>\n<li>Daniel Pinto 325<\/li>\n<li>Mattias Svensson 322<\/li>\n<li>Johan Rydne 301<\/li>\n<li>Samuel Br\u00e4nnlund 288<\/li>\n<li>Joel Warren 276<\/li>\n<li>Oliver Berntzon 255<\/li>\n<li>Richard Br\u00e4ckwall 231<\/li>\n<li>Mikael Gustafsson 227<\/li>\n<li>Johan Lindbom 223<\/li>\n<\/ol>\n<h4>Damer B:<\/h4>\n<ol>\n<li>Emelie Sj\u00f6gren 215<\/li>\n<li>Malin Bengtsson 202<\/li>\n<li>Carin Winell 180<\/li>\n<\/ol>\n<h4><strong>Herrar <\/strong><strong>B:<\/strong><\/h4>\n<ol>\n<li>Eric Egelstig 378<\/li>\n<li>Magnus Wiklund 301<\/li>\n<li>Robin Andersson 296<\/li>\n<\/ol>\n<h4><strong>Damer C:<\/strong><\/h4>\n<ol>\n<li>Ann-Louise Ingvarsson 215<\/li>\n<li>Emma Pettersson 194<\/li>\n<li>Elin Bogren 170<\/li>\n<\/ol>\n<h4><strong>Herrar <\/strong><strong>C:<\/strong><\/h4>\n<ol>\n<li>Daniel Lundberg 370<\/li>\n<li>Johan Westerlund 319<\/li>\n<li>Mats Nilsson 208<\/li>\n<\/ol>\n<h4><strong>Damer D:<\/strong><\/h4>\n<ol>\n<li>Sofia Westberg 235<\/li>\n<li>Cecilia Lindell 157<\/li>\n<li>Cecilia Lindkvist 105<\/li>\n<\/ol>\n<h4><strong>Herrar D:<\/strong><\/h4>\n<ol>\n<li>Daniel DS 390<\/li>\n<li>Erik Lindkvist 379<\/li>\n<li>Stephan Aspfors 208<\/li>\n<\/ol>\n","protected":false},"excerpt":{"rendered":"<p>Schema f\u00f6r SWE Cup 2022 SWE Cup inneh\u00e5ller \u00e5tta race och de sex b\u00e4sta resultaten kommer att r\u00e4knas. Datumen f\u00f6r loppen \u00e4r: 29 november: Park Perimeter Loop 4 varv (sprint) 6 december: Legends and Lava 1 varv 13 december: Beach Island Loop 3 varv (sprint) 20 december: Innsbruck ring 4 varv Vinterledigt 17 januari:<a href=\"https:\/\/scf.se\/e-cycling\/swe-cup-resultat-2022\/\" class=\"news-card__more\"> &#8230;<\/a><\/p>\n","protected":false},"author":41,"featured_media":0,"parent":0,"menu_order":0,"comment_status":"closed","ping_status":"closed","template":"","meta":{"_acf_changed":false,"footnotes":""},"class_list":["post-305","page","type-page","status-publish","hentry"],"acf":[],"_links":{"self":[{"href":"https:\/\/scf.se\/e-cycling\/wp-json\/wp\/v2\/pages\/305","targetHints":{"allow":["GET"]}}],"collection":[{"href":"https:\/\/scf.se\/e-cycling\/wp-json\/wp\/v2\/pages"}],"about":[{"href":"https:\/\/scf.se\/e-cycling\/wp-json\/wp\/v2\/types\/page"}],"author":[{"embeddable":true,"href":"https:\/\/scf.se\/e-cycling\/wp-json\/wp\/v2\/users\/41"}],"replies":[{"embeddable":true,"href":"https:\/\/scf.se\/e-cycling\/wp-json\/wp\/v2\/comments?post=305"}],"version-history":[{"count":0,"href":"https:\/\/scf.se\/e-cycling\/wp-json\/wp\/v2\/pages\/305\/revisions"}],"wp:attachment":[{"href":"https:\/\/scf.se\/e-cycling\/wp-json\/wp\/v2\/media?parent=305"}],"curies":[{"name":"wp","href":"https:\/\/api.w.org\/{rel}","templated":true}]}}