
{"id":299,"date":"2021-11-23T11:23:06","date_gmt":"2021-11-23T10:23:06","guid":{"rendered":"http:\/\/scf.se\/e-cycling\/?page_id=299"},"modified":"2022-02-14T12:12:05","modified_gmt":"2022-02-14T11:12:05","slug":"swe-cup-2022","status":"publish","type":"page","link":"https:\/\/scf.se\/e-cycling\/swe-cup-2022\/","title":{"rendered":"SWE Cup e-cycling 2022"},"content":{"rendered":"<h2>Schema<\/h2>\n<p>SWE Cup kommer att best\u00e5 av 8 lopp och dom b\u00e4sta 6 loppen r\u00e4knades i <a href=\"https:\/\/scf.se\/e-cycling\/2022\/02\/11\/andra-swe-cup-sasongen-har-varit-en-fantastisk-resa\/\">totalen som slutade S\u00c5 H\u00c4R!<\/a><\/p>\n<h2>Regler kring Dual Recording f\u00f6r kategori A<\/h2>\n<p>&#8211; Smart Trainer m\u00e5ste anv\u00e4ndas som prim\u00e4r Power Source. Visa detta genom att ladda upp dualrecording. Du kan bli ombedd att tillhandah\u00e5lla original power-filer (.fit) eller loggfiler (.log) f\u00f6r direkt verifiering.<\/p>\n<p>&#8211; Topp 10 m\u00e5ste ladda upp dualrecording till ZP inom 18 timmar efter varje lopp. Alla cyklister uppmanas starkt att ladda upp dubbla inspelningar till ZP. <a href=\"https:\/\/zwiftinsider.com\/zwiftpower-dual-recording\/\">https:\/\/zwiftinsider.com\/zwiftpower-dual-recording\/<\/a><\/p>\n<p>&#8211; Dubbla inspelningsv\u00e4rden som \u00f6verstiger 2 av 4 av f\u00f6ljande intervall kommer att resultera i DQ:<\/p>\n<ul>\n<li>20 min: Max 4,5 %<\/li>\n<li>5 min: Max 5 %<\/li>\n<li>1 min: Max 5,5 %<\/li>\n<li>5-15 sekunder: Max 6 %<\/li>\n<\/ul>\n<p>&#8211; Cyklister utan dual inom 18 timmar efter loppet kommer INTE att \u00e5terins\u00e4ttas i loppet.<\/p>\n<p>&#8211; Vi uppmuntrar alla att f\u00f6lja eRacing-reglerna definierade av Zwift: <a href=\"https:\/\/zwift.com\/p\/eracing-rules\">https:\/\/zwift.com\/p\/eracing-rules<\/a><\/p>\n<p>&#8211; Bra sportmanship: &#8221;F\u00f6lj inte en cyklist som fuskar eller t\u00e4vlar p\u00e5 en felaktig eller uppenbart felkalibrerad trainer. Om du g\u00f6r det, kommer eller kan du diskvalificeras.&#8221;<\/p>\n<p>Datum f\u00f6r loppen \u00e4r:<\/p>\n<p><strong>29\/11 Park Perimeter Loop 4 Laps (sprint)\u00a0\u00a0Damer 18:30, Herrar 20:00 Sedan byter man starttid varje vecka<\/strong><\/p>\n<p>Herrar &#8211; <a href=\"https:\/\/www.zwift.com\/events\/view\/2449192?eventSecret=886e1f4f47754d48cad8\">https:\/\/www.zwift.com\/events\/view\/2449192?eventSecret=886e1f4f47754d48cad8<\/a><\/p>\n<p>Damer &#8211; <a href=\"https:\/\/www.zwift.com\/events\/view\/2449199?eventSecret=886e1f4f47754d48cad8\">https:\/\/www.zwift.com\/events\/view\/2449199?eventSecret=886e1f4f47754d48cad8<\/a><\/p>\n<p><strong>6\/12 Legends and Lava 1 Varv<\/strong><\/p>\n<p>Herrar &#8211; <a href=\"https:\/\/www.zwift.com\/events\/view\/2488891?eventSecret=886e1f4f47754d48cad8\">https:\/\/www.zwift.com\/events\/view\/2488891?eventSecret=886e1f4f47754d48cad8<\/a><\/p>\n<p>Damer &#8211; <a href=\"https:\/\/www.zwift.com\/events\/view\/2488894?eventSecret=886e1f4f47754d48cad8\">https:\/\/www.zwift.com\/events\/view\/2488894?eventSecret=886e1f4f47754d48cad8<\/a><\/p>\n<p><strong>13\/12 Beach Island Loop 3 Varv (sprint)<\/strong><\/p>\n<p>Herrar &#8211; <a href=\"https:\/\/www.zwift.com\/events\/view\/2490468?eventSecret=886e1f4f47754d48cad8\">https:\/\/www.zwift.com\/events\/view\/2490468?eventSecret=886e1f4f47754d48cad8<\/a><\/p>\n<p>Damer &#8211; <a href=\"https:\/\/www.zwift.com\/events\/view\/2490502?eventSecret=886e1f4f47754d48cad8\">https:\/\/www.zwift.com\/events\/view\/2490502?eventSecret=886e1f4f47754d48cad8<\/a><\/p>\n<p><strong>20\/12 Innsbruck ring 4 Varv<\/strong><\/p>\n<p>Herrar &#8211; <a href=\"https:\/\/www.zwift.com\/events\/view\/2490475?eventSecret=886e1f4f47754d48cad8\">https:\/\/www.zwift.com\/events\/view\/2490475?eventSecret=886e1f4f47754d48cad8<\/a><\/p>\n<p>Damer &#8211; <a href=\"https:\/\/www.zwift.com\/events\/view\/2490505?eventSecret=886e1f4f47754d48cad8\">https:\/\/www.zwift.com\/events\/view\/2490505?eventSecret=886e1f4f47754d48cad8<\/a><\/p>\n<p>&nbsp;<\/p>\n<h3>Vinterledigt<\/h3>\n<p>&nbsp;<\/p>\n<p><strong>17\/1 Royal Pump Room 8 1 Varv (sprint)<\/strong><\/p>\n<p>Herrar\u00a0&#8211; <a href=\"https:\/\/www.zwift.com\/events\/view\/2490481?eventSecret=886e1f4f47754d48cad8\">https:\/\/www.zwift.com\/events\/view\/2490481?eventSecret=886e1f4f47754d48cad8<\/a><\/p>\n<p>Damer\u00a0&#8211; <a href=\"https:\/\/www.zwift.com\/events\/view\/2490511?eventSecret=886e1f4f47754d48cad8\">https:\/\/www.zwift.com\/events\/view\/2490511?eventSecret=886e1f4f47754d48cad8<\/a><\/p>\n<p><strong>24\/1 Flatland Loop 3 Varv<\/strong><\/p>\n<p>Herrar\u00a0&#8211; <a href=\"https:\/\/www.zwift.com\/events\/view\/2490484?eventSecret=886e1f4f47754d48cad8\">https:\/\/www.zwift.com\/events\/view\/2490484?eventSecret=886e1f4f47754d48cad8<\/a><\/p>\n<p>Damer\u00a0&#8211; <a href=\"https:\/\/www.zwift.com\/events\/view\/2490514?eventSecret=886e1f4f47754d48cad8\">https:\/\/www.zwift.com\/events\/view\/2490514?eventSecret=886e1f4f47754d48cad8<\/a><\/p>\n<p><strong>31\/1 Richmond Rollercoaster 5 Varv (sprint)<\/strong><\/p>\n<p>Herrar\u00a0&#8211; <a href=\"https:\/\/www.zwift.com\/events\/view\/2490492?eventSecret=886e1f4f47754d48cad8\">https:\/\/www.zwift.com\/events\/view\/2490492?eventSecret=886e1f4f47754d48cad8<\/a><\/p>\n<p>Damer\u00a0&#8211; <a href=\"https:\/\/www.zwift.com\/events\/view\/2490515?eventSecret=886e1f4f47754d48cad8\">https:\/\/www.zwift.com\/events\/view\/2490515?eventSecret=886e1f4f47754d48cad8<\/a><\/p>\n<p><strong>7\/2 Sand and Sequoias 2 Varv<\/strong><\/p>\n<p>Herrar\u00a0&#8211; <a href=\"https:\/\/www.zwift.com\/events\/view\/2490495?eventSecret=886e1f4f47754d48cad8\">https:\/\/www.zwift.com\/events\/view\/2490495?eventSecret=886e1f4f47754d48cad8<\/a><\/p>\n<p>Damer\u00a0&#8211; <a href=\"https:\/\/www.zwift.com\/events\/view\/2490517?eventSecret=886e1f4f47754d48cad8\">https:\/\/www.zwift.com\/events\/view\/2490517?eventSecret=886e1f4f47754d48cad8<\/a><\/p>\n<p>&nbsp;<\/p>\n<p>&nbsp;<\/p>\n<p>&nbsp;<\/p>\n<h3><strong>T\u00e4vlingsregler SCF SWE Cup e-cycling 2021<\/strong><\/h3>\n<ul>\n<li>F\u00f6r att delta i SCF SWE Cup e-cycling beh\u00f6ver deltagaren ha en giltig\u00a0<a href=\"https:\/\/scf.se\/forbundet\/ansokan-for-licens-2020-ar-oppen\/\">t\u00e4vlingslicens<\/a>\u00a0utf\u00e4rdad av Svenska Cykelf\u00f6rbundet.<\/li>\n<li>Vi godk\u00e4nner \u00e4ven att deltagaren har ett bronsmedlemskap i SCF:s virtuella community\u00a0<a href=\"https:\/\/scf.se\/swe-cycling-club\/\">Swecycling Club<\/a>. Det medlemskapet \u00e4r kostnadsfritt.<\/li>\n<li>Deltagare utan licens eller medlemskap kan delta i loppen men kommer inte registreras f\u00f6r po\u00e4ng.<\/li>\n<li>Samtliga deltagare kommer i efterhand kontrolleras att de har en giltig t\u00e4vlingslicens eller bronsmedlemskap i SweCycling Club.<\/li>\n<li>Om du inte har en smart trainer eller wattm\u00e4tare kan du inte vinna i respektive klass, men kan medverka utan att f\u00e5 ett godk\u00e4nt resultat.<\/li>\n<li>Inga TT cyklar eller power-ups kommer att anv\u00e4ndas i cupen.<\/li>\n<li>Pulsm\u00e4tare \u00e4r obligatorisk f\u00f6r alla.<\/li>\n<li>Dual recording f\u00f6r topp 10 i resp A klass<\/li>\n<li>Trainer\/Smartbike skall vara prim\u00e4r kraftk\u00e4lla<\/li>\n<li>Deltagarens data m\u00e5ste vara korrekt registrerad p\u00e5 Zwiftpower.<\/li>\n<li>Ange g\u00e4rna klubbtillh\u00f6righet<\/li>\n<li>Zwift kommer dela in deltagarna i SWE Cup e-cycling i fyra olika klasser. Klassificeringen bygger p\u00e5 deltagarens FTP (Functional Threshold Power) allts\u00e5 hur m\u00e5nga watt som cyklisten kan trycka per kilo kroppsvikt.<\/li>\n<li>Watt\/kg fastst\u00e4lls genom ett FTP-test som deltagarna sj\u00e4lv m\u00e5ste g\u00f6ra innan man registrerar sig. Zwift har r\u00e4tt att plocka bort deltagare som angett fel FTP.<\/li>\n<li>Anm\u00e4lan kommer att ske genom l\u00e4nkar som publiceras i v\u00e5ra kanaler.<\/li>\n<\/ul>\n<p><strong>T\u00e4vlingsklasser i Zwift<\/strong><\/p>\n<p><strong><em>Herrar<\/em><\/strong><\/p>\n<ul>\n<li>A: 4+ w\/kg<\/li>\n<li>B: 3.2 \u2013 3.9 w\/kg<\/li>\n<li>C: 2.5 \u2013 3,1 w\/kg<\/li>\n<li>D: 1 \u2013 2.4 w\/kg<\/li>\n<li>E: \u00d6ppen klass<\/li>\n<\/ul>\n<p><strong><em>Damer<\/em><\/strong><\/p>\n<ul>\n<li>&gt;3.7 W\/kg<\/li>\n<li>2W\/kg \u2013 3.69 W\/kg FTP<\/li>\n<li>5W\/kg \u2013 3.19 W\/kg FTP<\/li>\n<li>Under 2.49 W\/kg FTP<\/li>\n<\/ul>\n","protected":false},"excerpt":{"rendered":"<p>Schema SWE Cup kommer att best\u00e5 av 8 lopp och dom b\u00e4sta 6 loppen r\u00e4knades i totalen som slutade S\u00c5 H\u00c4R! Regler kring Dual Recording f\u00f6r kategori A &#8211; Smart Trainer m\u00e5ste anv\u00e4ndas som prim\u00e4r Power Source. Visa detta genom att ladda upp dualrecording. Du kan bli ombedd att tillhandah\u00e5lla original power-filer (.fit) eller<a href=\"https:\/\/scf.se\/e-cycling\/swe-cup-2022\/\" class=\"news-card__more\"> &#8230;<\/a><\/p>\n","protected":false},"author":41,"featured_media":0,"parent":0,"menu_order":0,"comment_status":"closed","ping_status":"closed","template":"","meta":{"_acf_changed":false,"footnotes":""},"class_list":["post-299","page","type-page","status-publish","hentry"],"acf":[],"_links":{"self":[{"href":"https:\/\/scf.se\/e-cycling\/wp-json\/wp\/v2\/pages\/299","targetHints":{"allow":["GET"]}}],"collection":[{"href":"https:\/\/scf.se\/e-cycling\/wp-json\/wp\/v2\/pages"}],"about":[{"href":"https:\/\/scf.se\/e-cycling\/wp-json\/wp\/v2\/types\/page"}],"author":[{"embeddable":true,"href":"https:\/\/scf.se\/e-cycling\/wp-json\/wp\/v2\/users\/41"}],"replies":[{"embeddable":true,"href":"https:\/\/scf.se\/e-cycling\/wp-json\/wp\/v2\/comments?post=299"}],"version-history":[{"count":0,"href":"https:\/\/scf.se\/e-cycling\/wp-json\/wp\/v2\/pages\/299\/revisions"}],"wp:attachment":[{"href":"https:\/\/scf.se\/e-cycling\/wp-json\/wp\/v2\/media?parent=299"}],"curies":[{"name":"wp","href":"https:\/\/api.w.org\/{rel}","templated":true}]}}