
{"id":269,"date":"2021-03-11T09:30:09","date_gmt":"2021-03-11T08:30:09","guid":{"rendered":"http:\/\/scf.se\/e-cycling\/?page_id=269"},"modified":"2021-03-16T11:20:07","modified_gmt":"2021-03-16T10:20:07","slug":"swe-cup-resultat-2021","status":"publish","type":"page","link":"https:\/\/scf.se\/e-cycling\/swe-cup-resultat-2021\/","title":{"rendered":"SWE CUP resultat 2021"},"content":{"rendered":"<p><strong>RESULTAT SWE CUP E-CYCLING 2021<\/strong><\/p>\n<p><strong>Grupp A Herrar<\/strong><\/p>\n<p>1:a Samuel Br\u00e4nnlund, SZ, 520 po\u00e4ng<\/p>\n<p>2:a Hugo Forssell, Maif, 438 po\u00e4ng<\/p>\n<p>3:a Carl Kagevi, 402 po\u00e4ng<\/p>\n<p><strong>Grupp B Herrar<\/strong><\/p>\n<p>1:a Eric Egelstig, CK Hymer, 530 po\u00e4ng<\/p>\n<p>2:a Oscar \u00c5gren, Sumo, 389 po\u00e4ng<\/p>\n<p>3:a Jonas Nelson, Bure VR, 376 po\u00e4ng<\/p>\n<p><strong>Grupp C Herrar<\/strong><\/p>\n<p>1:a Andreas Wikman, \u00d6CK, 485 po\u00e4ng<\/p>\n<p>2:a Daniel Lundberg, SZ, 472 po\u00e4ng<\/p>\n<p>3:a Johan Westerlund SZ, 413 po\u00e4ng<\/p>\n<p><strong>Grupp D Herrar<\/strong><\/p>\n<p>1:a Auris Pelanis, SZ, 488 po\u00e4ng<\/p>\n<p>2:a Johan Falk, 439 po\u00e4ng<\/p>\n<p>3:a Dennis Bystr\u00f6m, Godeg\u00e5rds SK, 400 po\u00e4ng<\/p>\n<p><strong>Grupp A Damer<\/strong><\/p>\n<p>1:a Marlene Bj\u00e4rehed, SZ, 305 po\u00e4ng<\/p>\n<p>2:a Karin Forsberg, SZ, 221 po\u00e4ng<\/p>\n<p>3:a Nellie Larsson, 213 po\u00e4ng<\/p>\n<p><strong>Grupp B Damer<\/strong><\/p>\n<p>1:a Sanna Lindkvist, SZ, 310 po\u00e4ng<\/p>\n<p>2:a Therese Jonsson, GCA,\u00a0 272 po\u00e4ng<\/p>\n<p>3:a Sofia Lyckberg, SZ, 249 po\u00e4ng<\/p>\n<p><strong>Grupp C Damer<\/strong><\/p>\n<p>1:a Emma Juslin, TTU, 287 po\u00e4ng<\/p>\n<p>2:a Therese Kaldeg\u00e5rd, SZ, 228 po\u00e4ng<\/p>\n<p>3:a Sara Corrigox, SZ, 227 po\u00e4ng<\/p>\n<p><strong>Grupp D Damer<\/strong><\/p>\n<p>1:a Puck Linda Engstr\u00f6m, SZ, 285 po\u00e4ng<\/p>\n<p>2:a Johanna Wikman, SZ, 274 po\u00e4ng<\/p>\n<p>3:a Gabriella Lindholm, Borl\u00e4nge CK, 215 po\u00e4ng<\/p>\n<p>&nbsp;<\/p>\n<p><strong>PRISER\/UTLOTTNING<\/strong><\/p>\n<p>Vad roligt att du varit med och k\u00f6rt SWE Cup 2021. Vi \u00e4r s\u00e5 glada att \u00f6ver att s\u00e5 m\u00e5nga passat p\u00e5 att t\u00e4vla i E-cycling och nu skall ni f\u00e5 chansen att vinna fina priser.<\/p>\n<p>Wahoo och RLVNT har sett till att det finns ett fantastiskt prisbord som v\u00e4ntar. Klicka p\u00e5 l\u00e4nken nedan s\u00e5 deltar du i utlottningen av fina priser.<\/p>\n<p>G\u00e5 in och registrera er h\u00e4r f\u00f6r att delta i utlottningen av prisbordet: <a href=\"https:\/\/www.rlvnt.se\/swe-cup\">https:\/\/www.rlvnt.se\/swe-cup<\/a><\/p>\n<p>&nbsp;<\/p>\n<p><strong>S\u00c4RSKILDA INSTRUKTIONER VINNARE HERR\/DAM I A-D-KLASSERNA<\/strong><\/p>\n<p><strong>Alla vinnare (A-D dam och herr) f\u00e5r:<\/strong><\/p>\n<p>1 st Paingone<\/p>\n<p>1 st Re:claim original<\/p>\n<p>1 st Vattenflaska<\/p>\n<p><strong>Vinnarna i A (herr och dam) f\u00e5r varsin T-Shirt:<\/strong><\/p>\n<p>Vinnarna i B (herr och dam) Keps:<\/p>\n<p>Vinnarna i C (herr och dam) f\u00e5r varsin Keps:<\/p>\n<p>Vinnarna i D (herr och dam) f\u00e5r varsin keps Tot:6 st:<\/p>\n<p>G\u00e5 in h\u00e4r och registrera er s\u00e5 skickas priserna hem till er:\u00a0 <a href=\"https:\/\/www.rlvnt.se\/swe-cup\">https:\/\/www.rlvnt.se\/swe-cup<\/a><\/p>\n<p>&nbsp;<\/p>\n<p>&nbsp;<\/p>\n","protected":false},"excerpt":{"rendered":"<p>RESULTAT SWE CUP E-CYCLING 2021 Grupp A Herrar 1:a Samuel Br\u00e4nnlund, SZ, 520 po\u00e4ng 2:a Hugo Forssell, Maif, 438 po\u00e4ng 3:a Carl Kagevi, 402 po\u00e4ng Grupp B Herrar 1:a Eric Egelstig, CK Hymer, 530 po\u00e4ng 2:a Oscar \u00c5gren, Sumo, 389 po\u00e4ng 3:a Jonas Nelson, Bure VR, 376 po\u00e4ng Grupp C Herrar 1:a Andreas Wikman,<a href=\"https:\/\/scf.se\/e-cycling\/swe-cup-resultat-2021\/\" class=\"news-card__more\"> &#8230;<\/a><\/p>\n","protected":false},"author":34,"featured_media":0,"parent":0,"menu_order":0,"comment_status":"closed","ping_status":"closed","template":"","meta":{"_acf_changed":false,"footnotes":""},"class_list":["post-269","page","type-page","status-publish","hentry"],"acf":[],"_links":{"self":[{"href":"https:\/\/scf.se\/e-cycling\/wp-json\/wp\/v2\/pages\/269","targetHints":{"allow":["GET"]}}],"collection":[{"href":"https:\/\/scf.se\/e-cycling\/wp-json\/wp\/v2\/pages"}],"about":[{"href":"https:\/\/scf.se\/e-cycling\/wp-json\/wp\/v2\/types\/page"}],"author":[{"embeddable":true,"href":"https:\/\/scf.se\/e-cycling\/wp-json\/wp\/v2\/users\/34"}],"replies":[{"embeddable":true,"href":"https:\/\/scf.se\/e-cycling\/wp-json\/wp\/v2\/comments?post=269"}],"version-history":[{"count":0,"href":"https:\/\/scf.se\/e-cycling\/wp-json\/wp\/v2\/pages\/269\/revisions"}],"wp:attachment":[{"href":"https:\/\/scf.se\/e-cycling\/wp-json\/wp\/v2\/media?parent=269"}],"curies":[{"name":"wp","href":"https:\/\/api.w.org\/{rel}","templated":true}]}}