
{"id":19,"date":"2020-12-09T08:36:09","date_gmt":"2020-12-09T07:36:09","guid":{"rendered":"http:\/\/scf.se\/e-cycling\/?page_id=19"},"modified":"2020-12-10T10:18:04","modified_gmt":"2020-12-10T09:18:04","slug":"vm","status":"publish","type":"page","link":"https:\/\/scf.se\/e-cycling\/event\/vm\/","title":{"rendered":"VM 2020"},"content":{"rendered":"<p><strong>UCI Cycling Esports World\u00a0 9 december 2020<\/strong><\/p>\n<p><strong>F\u00f6ljande herrar \u00e4r uttagna till VM<\/strong><\/p>\n<p>Samuel Br\u00e4nnlund \u2013 Wildcard Zwift<br \/>\nOlof \u00c5str\u00f6m<br \/>\nJohan Nor\u00e9n<br \/>\nReserv: Anders Frisk<\/p>\n<p><strong>F\u00f6ljande damer \u00e4r uttagna till VM<\/strong><\/p>\n<p>Cecilia Hansen \u2013 Wildcard Zwift<br \/>\nMarlene Bj\u00e4rehed<br \/>\nEmma Belforth<br \/>\nReserv: Jessica Edqvist<\/p>\n<hr \/>\n<p><strong>Resultat UCI Cycling Esports World 2020<\/strong><\/p>\n<p>DAMER:<\/p>\n<ol>\n<li>Ashleigh Moolman Pasio, Sydafrika<\/li>\n<li>Sara Gigante, Australien<\/li>\n<li>Cecilia Hansen, Sverige<\/li>\n<li>Lauren Stephens, USA<\/li>\n<li>Jacquie Godbe, USA<\/li>\n<\/ol>\n<p>(8)Emma Belforth, Sverige<br \/>\n(36)Malene Bj\u00e4rehed, Sverige<\/p>\n<p>&nbsp;<\/p>\n<p>HERRAR:<\/p>\n<ol>\n<li>Jason Osborne, Tyskland<\/li>\n<li>Anders Foldager, Danmark<\/li>\n<li>\u00a0Nickas Pedersen, Danmark<\/li>\n<li>Ollie Jones, Nya Zeeland<\/li>\n<li>Ben Hill, Nya Zeeland<\/li>\n<\/ol>\n<p>(17) Johan Nor\u00e9n, Sverige<br \/>\n(26) Olof \u00c5str\u00f6m, Sverige<br \/>\n(51) Samuel Br\u00e4nnlund, Sverige<\/p>\n<p><a href=\"https:\/\/www.zwiftpower.com\/events.php?zid=1316048\">Alla resultat damer<\/a><\/p>\n<p><a href=\"https:\/\/www.zwiftpower.com\/events.php?zid=1316047\">Alla resultat herrar<\/a><\/p>\n","protected":false},"excerpt":{"rendered":"<p>UCI Cycling Esports World\u00a0 9 december 2020 F\u00f6ljande herrar \u00e4r uttagna till VM Samuel Br\u00e4nnlund \u2013 Wildcard Zwift Olof \u00c5str\u00f6m Johan Nor\u00e9n Reserv: Anders Frisk F\u00f6ljande damer \u00e4r uttagna till VM Cecilia Hansen \u2013 Wildcard Zwift Marlene Bj\u00e4rehed Emma Belforth Reserv: Jessica Edqvist Resultat UCI Cycling Esports World 2020 DAMER: Ashleigh Moolman Pasio, Sydafrika<a href=\"https:\/\/scf.se\/e-cycling\/event\/vm\/\" class=\"news-card__more\"> &#8230;<\/a><\/p>\n","protected":false},"author":41,"featured_media":0,"parent":7,"menu_order":0,"comment_status":"closed","ping_status":"closed","template":"","meta":{"_acf_changed":false,"footnotes":""},"class_list":["post-19","page","type-page","status-publish","hentry"],"acf":[],"_links":{"self":[{"href":"https:\/\/scf.se\/e-cycling\/wp-json\/wp\/v2\/pages\/19","targetHints":{"allow":["GET"]}}],"collection":[{"href":"https:\/\/scf.se\/e-cycling\/wp-json\/wp\/v2\/pages"}],"about":[{"href":"https:\/\/scf.se\/e-cycling\/wp-json\/wp\/v2\/types\/page"}],"author":[{"embeddable":true,"href":"https:\/\/scf.se\/e-cycling\/wp-json\/wp\/v2\/users\/41"}],"replies":[{"embeddable":true,"href":"https:\/\/scf.se\/e-cycling\/wp-json\/wp\/v2\/comments?post=19"}],"version-history":[{"count":0,"href":"https:\/\/scf.se\/e-cycling\/wp-json\/wp\/v2\/pages\/19\/revisions"}],"up":[{"embeddable":true,"href":"https:\/\/scf.se\/e-cycling\/wp-json\/wp\/v2\/pages\/7"}],"wp:attachment":[{"href":"https:\/\/scf.se\/e-cycling\/wp-json\/wp\/v2\/media?parent=19"}],"curies":[{"name":"wp","href":"https:\/\/api.w.org\/{rel}","templated":true}]}}